{"id":4458,"date":"2022-04-22T14:06:55","date_gmt":"2022-04-22T14:06:55","guid":{"rendered":"https:\/\/uenf.br\/posgraduacao\/ciencias-naturais\/?page_id=4458"},"modified":"2022-07-13T18:40:21","modified_gmt":"2022-07-13T18:40:21","slug":"etapas-do-processo-seletivo-ppgcn-2022-2","status":"publish","type":"page","link":"https:\/\/uenf.br\/posgraduacao\/ciencias-naturais\/mestrado-e-doutorado\/processo-seletivo-2022-2\/etapas-do-processo-seletivo-ppgcn-2022-2\/","title":{"rendered":"Etapas do Processo Seletivo PPGCN 2022-2"},"content":{"rendered":"<p><strong><span style=\"color: #0000ff\">ETAPA:\u00a0 DIVULGA\u00c7\u00c3O PRELIMINAR DAS INSCRI\u00c7\u00d5ES HOMOLOGADAS &#8211; 02\/06\/2022 previs\u00e3o at\u00e9 as\u00a0 18:00 h<\/span><br \/>\n<\/strong><\/p>\n<p><a href=\"https:\/\/uenf.br\/posgraduacao\/ciencias-naturais\/wp-content\/uploads\/sites\/4\/2022\/06\/PPGCN-2022-2-Resultado-homologacao-das-inscricoes-mestrado-e-doutorado.pdf\"><strong><span style=\"color: #008000\">PPGCN-2022-2 &#8211; Resultado homologa\u00e7\u00e3o das inscri\u00e7\u00f5es &#8211; mestrado e doutorado<\/span><\/strong><\/a><\/p>\n<p><span style=\"color: #008000\"><a style=\"color: #008000\" href=\"https:\/\/uenf.br\/posgraduacao\/ciencias-naturais\/wp-content\/uploads\/sites\/4\/2022\/06\/PPGCN-2022.2-Anexo-3-vagas-e-candidatos-por-linha-de-pesquisa-orientacao-tema.pdf\"><strong>Edital de Sele\u00e7\u00e3o PPGCN-2022-2- Anexo 3 &#8211; vagas e candidatos<\/strong><\/a><\/span><\/p>\n<p><span style=\"color: #0000ff\"><strong>ETAPA:\u00a0 COMISS\u00d5ES DE AVALIA\u00c7\u00c3O E COMISS\u00c3O DE RECURSOS<\/strong><\/span><\/p>\n<p><a href=\"https:\/\/uenf.br\/posgraduacao\/ciencias-naturais\/wp-content\/uploads\/sites\/4\/2022\/06\/PPGCN-2022-2-Comissoes-de-Avaliacao.pdf\"><strong><span style=\"color: #008000\">Edital de Sele\u00e7\u00e3o PPGCN-2022-2-Comisss\u00f5es de avalia\u00e7\u00e3o<\/span><\/strong><\/a><\/p>\n<p><a href=\"https:\/\/uenf.br\/posgraduacao\/ciencias-naturais\/wp-content\/uploads\/sites\/4\/2022\/06\/PPGCN-2022-2-Comissao-de-Recursos.pdf\"><strong><span style=\"color: #008000\">Edital de Sele\u00e7\u00e3o PPGCN-2022-2-Comisss\u00f5es de recursos<\/span><\/strong><\/a><\/p>\n<p><strong><a href=\"https:\/\/uenf.br\/posgraduacao\/ciencias-naturais\/wp-content\/uploads\/sites\/4\/2022\/04\/Formulario-geral-para-solicitacao-de-recursos-em-pdf-eletronico.pdf\"><span style=\"color: #ff0000\">FORMUL\u00c1RIO GERAL DE RECURSOS<\/span><\/a> &#8211; SE NECESS\u00c1RIO, UTILIZE RESPEITANDO O EDITAL E O CRONOGRAMA ESTABELECIDO:<\/strong><\/p>\n<p><strong>Para qualquer recurso \u00e9 obrigat\u00f3rio a utiliza\u00e7\u00e3o do formul\u00e1rio eletr\u00f4nico (preencher, inserir imagem da assinatura e enviar para o e-mail do programa.\u00a0 N\u00e3o ser\u00e3o aceitos recursos em formul\u00e1rios digitalizados ou alterados pelo candidato.\u00a0 Caso tenha dificuldades baixe a vers\u00e3o gratuita mais recente do Adobe Acrobat Reader!<\/strong><\/p>\n<p><span style=\"color: #0000ff\"><strong>ETAPA: DIVULGA\u00c7\u00c3O DEFINITIVA DAS INSCRI\u00c7\u00d5ES HOMOLOGADAS\u00a0 &#8211; 07\/06\/2022 previsto para at\u00e9 as 18:00 h<\/strong><\/span><\/p>\n<p><span style=\"color: #008000\"><a style=\"color: #008000\" href=\"https:\/\/uenf.br\/posgraduacao\/ciencias-naturais\/wp-content\/uploads\/sites\/4\/2022\/06\/PPGCN-2022.2-Anexo-3-vagas-e-candidatos-por-linha-de-pesquisa-orientacao-tema.pdf\"><strong>Edital de Sele\u00e7\u00e3o PPGCN-2022-1- Anexo 3 &#8211; vagas e candidatos &#8211; homologa\u00e7\u00e3o final<\/strong><\/a><\/span><\/p>\n<p><a href=\"https:\/\/uenf.br\/posgraduacao\/ciencias-naturais\/wp-content\/uploads\/sites\/4\/2022\/06\/PPGCN-2022-2-Resultado-homologacao-das-inscricoes-mestrado-e-doutorado.pdf\"><strong><span style=\"color: #008000\">PPGCN-2022-1 &#8211; Resultado homologa\u00e7\u00e3o das inscri\u00e7\u00f5es &#8211; final &#8211; mestrado e doutorado<\/span><\/strong><\/a><\/p>\n<p><span style=\"color: #0000ff\"><strong>ETAPA: DIVULGA\u00c7\u00c3O PRELIMINAR DOS RESULTADOS DE AVALIA\u00c7\u00c3O DE CURR\u00cdCULO VITAE E HIST\u00d3RICO ESCOLAR &#8211; 13\/06\/2022 previsto para at\u00e9 as\u00a0 09:00 h<\/strong><\/span><\/p>\n<p><a href=\"https:\/\/uenf.br\/posgraduacao\/ciencias-naturais\/wp-content\/uploads\/sites\/4\/2022\/06\/PPGCN-2022-2-Resultado-Preliminar-Etapa-curricuilo-Lattes-e-Historico.pdf\"><strong><span style=\"color: #008000\">Resultado preliminar &#8211; Etapa avalia\u00e7\u00e3o curr\u00edculo e hist\u00f3rico escolar<\/span><\/strong><\/a><\/p>\n<p><span style=\"color: #0000ff\"><strong>ETAPA: DIVULGA\u00c7\u00c3O DEFINITIVA DOS RESULTADOS DE AVALIA\u00c7\u00c3O DE CURR\u00cdCULO VITAE E HIST\u00d3RICO ESCOLAR &#8211; 16\/06\/2022 previsto para at\u00e9 as\u00a0 09:00 h<\/strong><\/span><\/p>\n<p><span style=\"color: #008000\"><a style=\"color: #008000\" href=\"https:\/\/uenf.br\/posgraduacao\/ciencias-naturais\/wp-content\/uploads\/sites\/4\/2022\/06\/PPGCN-2022-2-Resultado-Definitivo-Etapa-curricuilo-Lattes-e-Historico-revisado.docx\"><strong>Resultado definitivo &#8211; Etapa avalia\u00e7\u00e3o curr\u00edculo e hist\u00f3rico escolar<\/strong><\/a><\/span><\/p>\n<p><strong><span style=\"color: #0000ff\">ETAPA: APLICA\u00c7\u00c3O DAS PROVAS DE CONHECIMENTOS<\/span>\u00a0 &#8211; Local: UENF\/CCT\/Pr\u00e9dio P3 &#8211; Segundo andar &#8211; Sala 208<br \/>\n<span style=\"color: #0000ff\">Prova de Conhecimentos Gerais<\/span> <span style=\"color: #0000ff\">&#8211; Dia 20\/06\/2022 <\/span><\/strong><strong><span style=\"color: #0000ff\">de 9:00 \u00e0s 12:00 h<\/span>.<\/strong><strong>\u00a0 Os candidatos dever\u00e3o de apresentar com no m\u00ednimo 20 minutos de anteced\u00eancia antes do in\u00edcio\u00a0 da prova.<br \/>\n<span style=\"color: #0000ff\">Prova de L\u00edngua Estrangeira (Ingl\u00eas)\/Interpreta\u00e7\u00e3o de artigo cient\u00edfico<\/span> <span style=\"color: #0000ff\">&#8211; Dia 20\/06\/2022 de 14:00 \u00e0s 17:00 h<\/span>. Os candidatos dever\u00e3o de apresentar com no m\u00ednimo 20 minutos de anteced\u00eancia antes do in\u00edcio\u00a0 da prova.<span style=\"color: #ff0000\"> Poder\u00e1 ser utilizado dicion\u00e1rio ingl\u00eas-ingl\u00eas.\u00a0 N\u00e3o ser\u00e1 permitida consulta a dicion\u00e1rios ingl\u00eas-portugu\u00eas ou a utiliza\u00e7\u00e3o de meios digitais.<\/span><br \/>\n<\/strong><\/p>\n<p><span style=\"color: #0000ff\"><strong>ETAPA: DIVULGA\u00c7\u00c3O PRELIMINAR DOS RESULTADOS\u00a0 DAS PROVAS DE CONHECIMENTOS &#8211; Dia 22\/06\/2022 &#8211; previsto para at\u00e9 as 18:00 h<\/strong><\/span><\/p>\n<p><span style=\"color: #008000\"><a style=\"color: #008000\" href=\"https:\/\/uenf.br\/posgraduacao\/ciencias-naturais\/wp-content\/uploads\/sites\/4\/2022\/06\/Resultado-Preliminar-Etapa-Provas-de-Conhecimento-Mestrado.pdf\" target=\"_blank\" rel=\"noopener\"><strong>Resultado Preliminar Provas de conhecimento &#8211; MESTRADO<\/strong><\/a><\/span><\/p>\n<p><span style=\"color: #008000\"><a style=\"color: #008000\" href=\"https:\/\/uenf.br\/posgraduacao\/ciencias-naturais\/wp-content\/uploads\/sites\/4\/2022\/06\/Resultado-Preliminar-Etapa-Provas-de-Conhecimento-Doutorado.pdf\" target=\"_blank\" rel=\"noopener\"><strong>Resultado Preliminar Provas de conhecimento &#8211; DOUTORADO<\/strong><\/a><\/span><\/p>\n<p><span style=\"color: #ff0000\"><strong>Obs.\u00a0 Os recursos a qualquer quest\u00e3o devem ser baseados na bibliografia recomendada.\u00a0 No recurso devem ser indicadas as quest\u00f5es e as respectivas\u00a0 justificativas contendo os argumentos com base na bibliografia correspondente a quest\u00e3o.<\/strong><\/span><\/p>\n<p><span style=\"color: #0000ff\"><strong>ETAPA: DIVULGA\u00c7\u00c3O DEFINITIVA DOS RESULTADOS\u00a0 DA PROVA DE CONHECIMENTOS GERAIS &#8211; Dia 27\/06\/2022 &#8211; previsto para at\u00e9 as 18:00 h<\/strong><\/span><\/p>\n<p><span style=\"color: #008000\"><strong>Resultado Definitivo Etapa Provas de Conhecimento &#8211; <a style=\"color: #008000\" href=\"https:\/\/uenf.br\/posgraduacao\/ciencias-naturais\/wp-content\/uploads\/sites\/4\/2022\/06\/Resultado-Definitivo-Etapa-Provas-de-Conhecimento-Mestrado.pdf\">MESTRADO<\/a><\/strong><\/span><\/p>\n<p><span style=\"color: #008000\"><a style=\"color: #008000\" href=\"https:\/\/uenf.br\/posgraduacao\/ciencias-naturais\/wp-content\/uploads\/sites\/4\/2022\/06\/Resultado-Definitivo-Etapa-Provas-de-Conhecimento-Doutorado.pdf\"><strong>Resultado Definitivo Etapa Provas de Conhecimento &#8211; DOUTORADO<\/strong><\/a><\/span><\/p>\n<p><span style=\"color: #0000ff\"><strong>ETAPA: ENTREVISTA &#8211; MESTRADO<\/strong><\/span><strong><span style=\"color: #0000ff\"> &#8211; <span style=\"color: #ff0000\">01\/07\/2022 &#8211; a partir das 14 h<\/span><\/span> &#8211; Os candidatos ser\u00e3o informados por meio do e-mail fornecido no ato de inscri\u00e7\u00e3o sobre o respectivo hor\u00e1rio e link do ambiente virtual das suas entrevistas at\u00e9 27\/06\/2022 &#8211; estas informa\u00e7\u00f5es tamb\u00e9m ser\u00e3o disponibilizadas nesta p\u00e1gina (exceto o link individual).\u00a0 Todas as entrevistas ser\u00e3o gravadas.\u00a0 Caso algum candidato n\u00e3o receba o link entrar em contato com a coordena\u00e7\u00e3o do PPGCN pelo e-mail pgcn@uenf.br\u00a0 at\u00e9 28\/06\/2022 as 12h. <\/strong><\/p>\n<p><a href=\"https:\/\/uenf.br\/posgraduacao\/ciencias-naturais\/wp-content\/uploads\/sites\/4\/2022\/06\/ENTREVISTAS-DE-MESTRADO-CRONOGRAMA-DIVULGAR.pdf\"><strong><span style=\"color: #008000\">Cronograma de entrevistas &#8211; PPGCN-2022-2 &#8211; mestrado<\/span><\/strong><\/a><\/p>\n<p><span style=\"color: #0000ff\"><strong>ETAPA: DIVULGA\u00c7\u00c3O PRELIMINAR DOS RESULTADOS\u00a0 DAS ENTREVISTAS DE MESTRADO &#8211; Dia 01\/07\/2022 &#8211; previsto para at\u00e9 as 18:00 h)<\/strong><\/span><\/p>\n<p><a href=\"https:\/\/uenf.br\/posgraduacao\/ciencias-naturais\/wp-content\/uploads\/sites\/4\/2022\/07\/Resultado-Preliminar-Etapa-Entrevistas-Mestrado-1.pdf\"><span style=\"color: #008000\"><strong>Resultado preliminar Entrevista Mestrado<\/strong><\/span><\/a><\/p>\n<p><strong><span style=\"color: #0000ff\">ETAPA: ENTREVISTA\/ PROJETO DE PESQUISA (CANDIDATOS AO DOUTORADO) &#8211; 04 e 05\/07\/2022<\/span> &#8211; Os candidatos ser\u00e3o informados por meio do e-mail fornecido no ato de inscri\u00e7\u00e3o sobre a data, hor\u00e1rio e link do ambiente virtual das entrevistas at\u00e9 27\/06\/2022 &#8211; estas informa\u00e7\u00f5es tamb\u00e9m ser\u00e3o disponibilizadas nesta p\u00e1gina (exceto o link individual).\u00a0 Todas as entrevistas ser\u00e3o gravadas.\u00a0 Caso algum candidato n\u00e3o receba o link entrar em contato com a coordena\u00e7\u00e3o do PPGCN pelo e-mail pgcn@uenf.br\u00a0 at\u00e9 28\/06\/2022 as 12 h. <\/strong><\/p>\n<p><strong><span style=\"color: #008000\">Cronograma de entrevistas\/projeto de pesquisa &#8211; PPGCN-2022-2 &#8211; doutorado &#8211;<span style=\"color: #ff0000\"> sem candidatos<\/span><\/span><br \/>\n<\/strong><\/p>\n<p><span style=\"color: #0000ff\"><strong>ETAPA: DIVULGA\u00c7\u00c3O DEFINITIVA DOS RESULTADOS\u00a0 DAS ENTREVISTAS DE MESTRADO\u00a0 &#8211; Dia 05\/07\/2022 &#8211; previsto para at\u00e9 as 18:00 h)<\/strong><\/span><\/p>\n<p><span style=\"color: #339966\"><a style=\"color: #339966\" href=\"https:\/\/uenf.br\/posgraduacao\/ciencias-naturais\/wp-content\/uploads\/sites\/4\/2022\/07\/Resultado-Final-Etapa-Entrevistas-Mestrado.pdf\" target=\"_blank\" rel=\"noopener\"><strong><span style=\"color: #008000\">Resultado definitivo Entrevista Mestrado<\/span><\/strong><\/a><\/span><\/p>\n<p><span style=\"color: #0000ff\"><strong>ETAPA: DIVULGA\u00c7\u00c3O PRELIMINAR DOS RESULTADOS\u00a0 DAS ENTREVISTAS\/PROJETO DE PESQUISA (CANDIDATOS AO DOUTORADO) &#8211; Dia 06\/07\/2022 &#8211; previsto para at\u00e9 as 12:00 h)<\/strong><\/span><\/p>\n<p><strong><span style=\"color: #008000\">Resultado preliminar Entrevista\/projeto de pesquisa &#8211; candidatos ao doutorado &#8211; <span style=\"color: #ff0000\">sem candidatos<\/span><\/span><br \/>\n<\/strong><\/p>\n<p><span style=\"color: #0000ff\"><strong>ETAPA: DIVULGA\u00c7\u00c3O DEFINITIVA DOS RESULTADOS\u00a0 DAS ENTREVISTAS\/PROJETO DE PESQUISA (CANDIDATOS AO DOUTORADO)\u00a0 &#8211; Dia 11\/07\/2022 &#8211; previsto para at\u00e9 as 12:00 h)<\/strong><\/span><\/p>\n<p><strong><span style=\"color: #008000\">Resultado definitivo Entrevista\/projeto de pesquisa &#8211; candidatos ao doutorado &#8211; <span style=\"color: #ff0000\">sem candidatos<\/span><\/span><br \/>\n<\/strong><\/p>\n<p><span style=\"color: #0000ff\"><strong>ETAPA: DIVULGA\u00c7\u00c3O DO RESULTADO PRELIMINAR DO PROCESSO SELETIVO PPGCN-2022-2 &#8211; Dia 11\/07\/2022 &#8211; previsto para at\u00e9 as 12:00 h<\/strong><\/span><\/p>\n<p><span style=\"color: #339966\"><a style=\"color: #339966\" href=\"https:\/\/uenf.br\/posgraduacao\/ciencias-naturais\/wp-content\/uploads\/sites\/4\/2022\/07\/Resultado-Geral-Preliminar-Mestrado.pdf\" target=\"_blank\" rel=\"noopener\"><strong><span style=\"color: #008000\">Resultado geral preliminar &#8211; mestrado<\/span><\/strong><\/a><\/span><\/p>\n<p><span style=\"color: #008000\"><a style=\"color: #008000\" href=\"https:\/\/uenf.br\/posgraduacao\/ciencias-naturais\/wp-content\/uploads\/sites\/4\/2022\/07\/Resultado-Geral-Preliminar-Doutorado.pdf\"><strong>Resultado geral preliminar &#8211; doutorado<\/strong><\/a><\/span><\/p>\n<p><a href=\"https:\/\/uenf.br\/posgraduacao\/ciencias-naturais\/wp-content\/uploads\/sites\/4\/2022\/07\/PPGCN-2022.2-Anexo-3-Resultado-Geral-preliminar-por-linha-de-pesquisa-orientacao-tema.pdf\"><strong><span style=\"color: #008000\">Resultado Preliminar Mestrado e doutorado &#8211; por linha de pesquisa, orientador e tema<\/span><\/strong><\/a><\/p>\n<p><span style=\"color: #0000ff\"><strong>ETAPA: DIVULGA\u00c7\u00c3O DO\u00a0 RESULTADO FINAL DO PROCESSO SELETIVO PPGCN-2022-2 &#8211; Dia 13\/07\/2022 &#8211; previsto para at\u00e9 as 18:00 h<\/strong><\/span><\/p>\n<p><span style=\"color: #008000\"><a style=\"color: #008000\" href=\"https:\/\/uenf.br\/posgraduacao\/ciencias-naturais\/wp-content\/uploads\/sites\/4\/2022\/07\/Resultado-Geral-Final-Mestrado.pdf\" target=\"_blank\" rel=\"noopener\"><strong>Resultado geral final &#8211; mestrado<\/strong><\/a><\/span><\/p>\n<p><span style=\"color: #008000\"><a style=\"color: #008000\" href=\"https:\/\/uenf.br\/posgraduacao\/ciencias-naturais\/wp-content\/uploads\/sites\/4\/2022\/07\/Resultado-Geral-Final-Doutorado.pdf\" target=\"_blank\" rel=\"noopener\"><strong>Resultado geral final &#8211; doutorado<\/strong><\/a><\/span><\/p>\n<p><span style=\"color: #339966\"><a style=\"color: #339966\" href=\"https:\/\/uenf.br\/posgraduacao\/ciencias-naturais\/wp-content\/uploads\/sites\/4\/2022\/07\/PPGCN-2022.2-Anexo-3-Resultado-Geral-final-por-linha-de-pesquisa-orientacao-tema.pdf\" target=\"_blank\" rel=\"noopener\"><strong><span style=\"color: #339966\"><span style=\"color: #008000\">Edital de Sele\u00e7\u00e3o PPGCN-2022-1- Resultado Geral Final &#8211; linha de pesquisa, orienta\u00e7\u00e3o e tema<\/span><\/span><\/strong><\/a><\/span><\/p>\n","protected":false},"excerpt":{"rendered":"<p>ETAPA:\u00a0 DIVULGA\u00c7\u00c3O PRELIMINAR DAS INSCRI\u00c7\u00d5ES HOMOLOGADAS &#8211; 02\/06\/2022 previs\u00e3o at\u00e9 as\u00a0 18:00 h PPGCN-2022-2 &#8211; Resultado homologa\u00e7\u00e3o das inscri\u00e7\u00f5es &#8211;&#8230;<\/p>\n","protected":false},"author":10,"featured_media":0,"parent":4440,"menu_order":64,"comment_status":"closed","ping_status":"closed","template":"","meta":{"footnotes":""},"class_list":["post-4458","page","type-page","status-publish","hentry"],"_links":{"self":[{"href":"https:\/\/uenf.br\/posgraduacao\/ciencias-naturais\/wp-json\/wp\/v2\/pages\/4458","targetHints":{"allow":["GET"]}}],"collection":[{"href":"https:\/\/uenf.br\/posgraduacao\/ciencias-naturais\/wp-json\/wp\/v2\/pages"}],"about":[{"href":"https:\/\/uenf.br\/posgraduacao\/ciencias-naturais\/wp-json\/wp\/v2\/types\/page"}],"author":[{"embeddable":true,"href":"https:\/\/uenf.br\/posgraduacao\/ciencias-naturais\/wp-json\/wp\/v2\/users\/10"}],"replies":[{"embeddable":true,"href":"https:\/\/uenf.br\/posgraduacao\/ciencias-naturais\/wp-json\/wp\/v2\/comments?post=4458"}],"version-history":[{"count":0,"href":"https:\/\/uenf.br\/posgraduacao\/ciencias-naturais\/wp-json\/wp\/v2\/pages\/4458\/revisions"}],"up":[{"embeddable":true,"href":"https:\/\/uenf.br\/posgraduacao\/ciencias-naturais\/wp-json\/wp\/v2\/pages\/4440"}],"wp:attachment":[{"href":"https:\/\/uenf.br\/posgraduacao\/ciencias-naturais\/wp-json\/wp\/v2\/media?parent=4458"}],"curies":[{"name":"wp","href":"https:\/\/api.w.org\/{rel}","templated":true}]}}