{"id":4503,"date":"2022-05-15T19:22:49","date_gmt":"2022-05-15T19:22:49","guid":{"rendered":"https:\/\/uenf.br\/posgraduacao\/ciencias-naturais\/?page_id=4503"},"modified":"2022-05-15T23:13:30","modified_gmt":"2022-05-15T23:13:30","slug":"materiais-e-artigos-para-prova-de-conhecimentos-gerais","status":"publish","type":"page","link":"https:\/\/uenf.br\/posgraduacao\/ciencias-naturais\/mestrado-e-doutorado\/processo-seletivo-2022-2\/materiais-e-artigos-para-prova-de-conhecimentos-gerais\/","title":{"rendered":"Materiais e artigos para prova de conhecimentos gerais"},"content":{"rendered":"<h5><span style=\"color: #000000\"><a style=\"color: #000000\" href=\"https:\/\/uenf.br\/posgraduacao\/ciencias-naturais\/wp-content\/uploads\/sites\/4\/2022\/05\/1-2022-Millions-of-Trees-Were-Removed-in-2021-Hurting-Climate-Goals.pdf\"><span style=\"color: #000000\">1 &#8211; Millions of Trees Were Removed in 2021, Hurting Climate Goals. E&amp;E News on April 28, 2022<\/span><\/a><\/span><\/h5>\n<h5><span style=\"color: #000000\"><a style=\"color: #000000\" href=\"https:\/\/uenf.br\/posgraduacao\/ciencias-naturais\/wp-content\/uploads\/sites\/4\/2022\/05\/2-2022-Long-COVID-and-kids-more-research.-is-urgently-needed.pdf\">2 &#8211; Long COVID and kids: more research is urgently needed. Nature.\u00a0 V. 602,\u00a0 February 2022\u00a0<\/a><\/span><\/h5>\n<h5><span style=\"color: #000000\"><a style=\"color: #000000\" href=\"https:\/\/uenf.br\/posgraduacao\/ciencias-naturais\/wp-content\/uploads\/sites\/4\/2022\/05\/3-2022-How-recycling-urine-could-help-save-the-world.pdf\">3 &#8211; How recycling urine could help save the world.\u00a0 Nature.\u00a0 V. 602,\u00a0 February\u00a0 2022<\/a><\/span><\/h5>\n<h5><span style=\"color: #000000\"><a style=\"color: #000000\" href=\"https:\/\/uenf.br\/posgraduacao\/ciencias-naturais\/wp-content\/uploads\/sites\/4\/2022\/05\/4-2022-Climate-change-will-boost-animal-meet-ups-and-viral-outbreaks.pdf\">4 &#8211; Climate change will boost animal meet-ups and viral outbreaks. Nature.\u00a0 V. 605,\u00a0 May\u00a0 2022<\/a><\/span><\/h5>\n<h5><span style=\"color: #000000\"><a style=\"color: #000000\" href=\"https:\/\/uenf.br\/posgraduacao\/ciencias-naturais\/wp-content\/uploads\/sites\/4\/2022\/05\/5-2022-A-golden-era-of-cancer-clinic-trials.pdf\">5 &#8211; A golden era of cancer clinical trials. Nature Medicine. V. 28, April, 2022<\/a><\/span><\/h5>\n<h5><span style=\"color: #000000\"><a style=\"color: #000000\" href=\"https:\/\/uenf.br\/posgraduacao\/ciencias-naturais\/wp-content\/uploads\/sites\/4\/2022\/05\/6-2021-Aplicacoes-e-implicacoes-do-ozonio-na-industria-ambiente-e-saude.pdf\">6 &#8211; Aplica\u00e7\u00f5es e implica\u00e7\u00f5es do oz\u00f4nio na ind\u00fastria, ambiente e sa\u00fade.\u00a0 Quim. Nova. v.44, 2021<\/a><\/span><\/h5>\n<h5><span style=\"color: #000000\"><a style=\"color: #000000\" href=\"https:\/\/uenf.br\/posgraduacao\/ciencias-naturais\/wp-content\/uploads\/sites\/4\/2022\/05\/7-2021-Microplasticos-ocorrencia-ambiental-e-desafios-analiticos.pdf\">7 &#8211; Micropl\u00e1sticos: ocorr\u00eancia ambiental e desafios anal\u00edticos.\u00a0 Quim. N<\/a><a style=\"color: #000000\" href=\"https:\/\/uenf.br\/posgraduacao\/ciencias-naturais\/wp-content\/uploads\/sites\/4\/2022\/05\/7-2021-Microplasticos-ocorrencia-ambiental-e-desafios-analiticos.pdf\">ova. V. 44, 2021<\/a><\/span><\/h5>\n<h5><span style=\"color: #000000\"><a style=\"color: #000000\" href=\"https:\/\/uenf.br\/posgraduacao\/ciencias-naturais\/wp-content\/uploads\/sites\/4\/2022\/05\/8-2021-Want-research-integrity-stop-the-blame-game.pdf\">8 &#8211; Want research integrity stop the blame game. Nature. V. 599, 2021<\/a><\/span><\/h5>\n<h5><span style=\"color: #000000\"><a style=\"color: #000000\" href=\"https:\/\/uenf.br\/posgraduacao\/ciencias-naturais\/wp-content\/uploads\/sites\/4\/2022\/05\/9-2020-COVID-19-A-time-for-renewed-recognition-of-science.pdf\">9 &#8211; COVID-19 &#8211; A time for renewed recognition of science &#8211; EBioMedicine &#8211; V.56, 2020<\/a><\/span><\/h5>\n<h5><span style=\"color: #000000\">10 &#8211; <strong><a style=\"color: #000000\" href=\"https:\/\/uenf.br\/posgraduacao\/ciencias-naturais\/wp-content\/uploads\/sites\/4\/2022\/05\/10-2019-Evolution-of-nitrogen-cycling-in-regrowing-Amazonian-rainforest.pdf\">Evolution of nitrogen cycling in regrowing Amazonian rainforest. Scientific Reports, 2019<\/a><br \/>\n<\/strong><\/span><\/h5>\n<h5><span style=\"color: #000000\"><a style=\"color: #000000\" href=\"https:\/\/uenf.br\/posgraduacao\/ciencias-naturais\/wp-content\/uploads\/sites\/4\/2022\/05\/11-2019-Plant-chemophenetics-\u2212-A-new-term-for-plant-chemosystematics.pdf\">11 &#8211; Plant chemophenetics \u2212 A new term for plant chemosystematics- plant chemotaxonomy in the macro-molecular era. Phytochemistry.\u00a0 V. 163, 2019<\/a><br \/>\n<\/span><\/h5>\n<h5><span style=\"color: #000000\"><a style=\"color: #000000\" href=\"https:\/\/uenf.br\/posgraduacao\/ciencias-naturais\/wp-content\/uploads\/sites\/4\/2022\/05\/12-2018-12-A-review-of-global-environmental-mercury-processes.pdf\">12 &#8211; A review of global environmental mercury processes. Ambio. V. 47, 2018<\/a><br \/>\n<\/span><\/h5>\n<h5><span style=\"color: #000000\"><a style=\"color: #000000\" href=\"https:\/\/uenf.br\/posgraduacao\/ciencias-naturais\/wp-content\/uploads\/sites\/4\/2022\/05\/13-2015-Nanodiamonds-the-intersection-of-nanotechnology.pdf\">13 &#8211; Nanodiamonds: The intersection of nanotechnology, drug development, and personalized medicine. Sci Adv.\u00a0 v. 1, August 2015<\/a><\/span><\/h5>\n<h5><span style=\"color: #000000\"><a style=\"color: #000000\" href=\"https:\/\/uenf.br\/posgraduacao\/ciencias-naturais\/wp-content\/uploads\/sites\/4\/2022\/05\/14-2013-escassez-ao-estresse-do-planeta-um-seculo-de-mudancas-no-ciclo-do-nitrogenio.pdf\">14 &#8211; Da escassez ao estresse do planeta um s\u00e9culo de mudan\u00e7as no ciclo do nitrog\u00eanio. Quim. Nova, V.36, 2013<\/a><br \/>\n<\/span><\/h5>\n<h5><span style=\"color: #000000\"><a style=\"color: #000000\" href=\"https:\/\/uenf.br\/posgraduacao\/ciencias-naturais\/wp-content\/uploads\/sites\/4\/2022\/05\/15-2012-Quimico-Biologia-quantitativa-um-novo-paradigma.pdf\">15 &#8211; Qu\u00edmico-Biologia quantitativa um novo paradigma. Quim. Nova. v. 35, 2012<\/a><br \/>\n<\/span><\/h5>\n<h5><span style=\"color: #000000\"><a style=\"color: #000000\" href=\"https:\/\/uenf.br\/posgraduacao\/ciencias-naturais\/wp-content\/uploads\/sites\/4\/2022\/05\/16-2009-A-quantidade-de-materia-nas-ciencias-classicas.pdf\">16\u00a0 &#8211; A quantidade de mat\u00e9ria nas ci\u00eancias cl\u00e1ssicas. Quim. Nova. V.32, 2009<\/a><br \/>\n<\/span><\/h5>\n<h5><span style=\"color: #000000\"><a style=\"color: #000000\" href=\"https:\/\/uenf.br\/posgraduacao\/ciencias-naturais\/wp-content\/uploads\/sites\/4\/2022\/05\/17-2009-Defining-the-Scientific-method.pdf\">17\u00a0 &#8211; Defining-the-Scientific-method.\u00a0 Nature Methods. v. 6, 2009<\/a><br \/>\n<\/span><\/h5>\n<h5><span style=\"color: #000000\"><a style=\"color: #000000\" href=\"https:\/\/uenf.br\/posgraduacao\/ciencias-naturais\/wp-content\/uploads\/sites\/4\/2022\/05\/18-2009-Energia-meio-ambiente-e-economia-o-Brasil-no-contexto-mundial.pdf\">18 -Energia meio ambiente e economia o Brasil no contexto mundial. Quim. Nova. V. 32, 2009<\/a><br \/>\n<\/span><\/h5>\n<h5><span style=\"color: #000000\"><a style=\"color: #000000\" href=\"https:\/\/uenf.br\/posgraduacao\/ciencias-naturais\/wp-content\/uploads\/sites\/4\/2022\/05\/19-2006-Environmental-risks-of-nanotechnology.pdf\">19 &#8211; Environmental risks of nanotechnology. Environ. Sci. Technol. V. 40, 2006<\/a><br \/>\n<\/span><\/h5>\n<h5><a href=\"https:\/\/uenf.br\/posgraduacao\/ciencias-naturais\/wp-content\/uploads\/sites\/4\/2022\/05\/20-Dez-ideias-mal-feitas-sobre-a-Educacao-Inclusiva-capitulo-do-livro-2006.pdf\"><span style=\"color: #000000\">20-Dez ideias (mal) feitas sobre a Educa\u00e7\u00e3o Inclusiva &#8211; cap\u00edtulo do livro &#8211; 2006<\/span><\/a><\/h5>\n<h5><span style=\"color: #000000\"><a style=\"color: #000000\" href=\"https:\/\/uenf.br\/posgraduacao\/ciencias-naturais\/wp-content\/uploads\/sites\/4\/2022\/05\/21-2005-Mecanica-quantica-uma-nova-imagem-do-mundo.pdf\">21 &#8211; Mec\u00e2nica qu\u00e2ntica &#8211; uma nova imagem do mundo.\u00a0 Ci\u00eancia Hoje. V.36, 2005<\/a><br \/>\n<\/span><\/h5>\n<h5><a href=\"https:\/\/uenf.br\/posgraduacao\/ciencias-naturais\/wp-content\/uploads\/sites\/4\/2022\/05\/22-1995-Fruits-Salads-and-Smoothies-A-working-definition-of-interdisciplinarity.pdf\"><span style=\"color: #000000\">22 &#8211; Fruits, Salads, and Smoothies &#8211; A working definition of interdisciplinarity &#8211; Journal Education Thought -V.29 &#8211; 1995<\/span><\/a><\/h5>\n","protected":false},"excerpt":{"rendered":"<p>1 &#8211; Millions of Trees Were Removed in 2021, Hurting Climate Goals. E&amp;E News on April 28, 2022 2 &#8211;&#8230;<\/p>\n","protected":false},"author":10,"featured_media":0,"parent":4440,"menu_order":63,"comment_status":"closed","ping_status":"closed","template":"","meta":{"footnotes":""},"class_list":["post-4503","page","type-page","status-publish","hentry"],"_links":{"self":[{"href":"https:\/\/uenf.br\/posgraduacao\/ciencias-naturais\/wp-json\/wp\/v2\/pages\/4503","targetHints":{"allow":["GET"]}}],"collection":[{"href":"https:\/\/uenf.br\/posgraduacao\/ciencias-naturais\/wp-json\/wp\/v2\/pages"}],"about":[{"href":"https:\/\/uenf.br\/posgraduacao\/ciencias-naturais\/wp-json\/wp\/v2\/types\/page"}],"author":[{"embeddable":true,"href":"https:\/\/uenf.br\/posgraduacao\/ciencias-naturais\/wp-json\/wp\/v2\/users\/10"}],"replies":[{"embeddable":true,"href":"https:\/\/uenf.br\/posgraduacao\/ciencias-naturais\/wp-json\/wp\/v2\/comments?post=4503"}],"version-history":[{"count":0,"href":"https:\/\/uenf.br\/posgraduacao\/ciencias-naturais\/wp-json\/wp\/v2\/pages\/4503\/revisions"}],"up":[{"embeddable":true,"href":"https:\/\/uenf.br\/posgraduacao\/ciencias-naturais\/wp-json\/wp\/v2\/pages\/4440"}],"wp:attachment":[{"href":"https:\/\/uenf.br\/posgraduacao\/ciencias-naturais\/wp-json\/wp\/v2\/media?parent=4503"}],"curies":[{"name":"wp","href":"https:\/\/api.w.org\/{rel}","templated":true}]}}