{"id":4986,"date":"2022-11-03T13:04:49","date_gmt":"2022-11-03T13:04:49","guid":{"rendered":"https:\/\/uenf.br\/posgraduacao\/ciencias-naturais\/?page_id=4986"},"modified":"2022-11-13T17:46:45","modified_gmt":"2022-11-13T17:46:45","slug":"processo-seletivo-2023-1","status":"publish","type":"page","link":"https:\/\/uenf.br\/posgraduacao\/ciencias-naturais\/mestrado-e-doutorado\/processo-seletivo-2023-1\/","title":{"rendered":"Processo Seletivo &#8211; 2023-1"},"content":{"rendered":"<h2 align=\"center\"><span style=\"color: #000000\"><strong>PER\u00cdODO DE INSCRI\u00c7\u00d5ES:<\/strong><\/span><\/h2>\n<h2 align=\"center\"><strong><span style=\"color: #000000\">\u00a0 de 07 de novembro de 2022\u00a0 a 27 de novembro de 2022<\/span><br \/>\n<\/strong><\/h2>\n<p style=\"text-align: center\"><span style=\"color: #ff0000\"><strong>(improrrog\u00e1vel)<\/strong><\/span><\/p>\n<p><a href=\"https:\/\/uenf.br\/posgraduacao\/ciencias-naturais\/editais-e-processos-seletivos\/mestrado-e-doutorado\/processo-seletivo-2023-1\/etapas-do-processo-seletivo-ppgcn-2023-1\/\" target=\"_blank\" rel=\"noopener\"><img loading=\"lazy\" decoding=\"async\" class=\"aligncenter wp-image-4267 size-full\" src=\"https:\/\/uenf.br\/posgraduacao\/ciencias-naturais\/wp-content\/uploads\/sites\/4\/2021\/12\/Imagem-acompanhamento-processo-seletivo.jpg\" alt=\"Etapas do Processo seletivo 202201\" width=\"495\" height=\"158\" srcset=\"https:\/\/uenf.br\/posgraduacao\/ciencias-naturais\/wp-content\/uploads\/sites\/4\/2021\/12\/Imagem-acompanhamento-processo-seletivo.jpg 495w, https:\/\/uenf.br\/posgraduacao\/ciencias-naturais\/wp-content\/uploads\/sites\/4\/2021\/12\/Imagem-acompanhamento-processo-seletivo-300x96.jpg 300w\" sizes=\"auto, (max-width: 495px) 100vw, 495px\" \/><\/a><\/p>\n<h3 align=\"center\"><span style=\"color: #000000\"><a style=\"color: #000000\" href=\"https:\/\/uenf.br\/posgraduacao\/ciencias-naturais\/wp-content\/uploads\/sites\/4\/2022\/11\/Edital-de-Selecao-PPGCN-2023-1-versao-portugues-04-11-2022-3.pdf\" target=\"_blank\" rel=\"noopener\">Edital de Sele\u00e7\u00e3o PPGCN-2023-1<\/a><\/span><\/h3>\n<h3 align=\"center\"><strong><a href=\"https:\/\/uenf.br\/posgraduacao\/ciencias-naturais\/wp-content\/uploads\/sites\/4\/2022\/11\/Anexos-1-a-6-Edital-de-Selecao-PPGCN-2023-1-2.pdf\" target=\"_blank\" rel=\"noopener\"><span style=\"color: #000000\">Anexos 1 a 6 Edital de Sele\u00e7\u00e3o PPGCN-2023-1<\/span><\/a><\/strong><\/h3>\n<p><span style=\"color: #000000\"><strong>INSCRI\u00c7\u00d5ES EXCLUSIVAMENTE POR MEIO ELETR\u00d4NICO:\u00a0<\/strong> Os candidatos dever\u00e3o utilizar um e-mail GMAIL para envio dos documentos via formul\u00e1rio eletr\u00f4nico. \u00a0 Os candidatos que n\u00e3o possuam um e-mail do gmail\u00a0 devem criar uma conta.<\/span><\/p>\n<ul>\n<li><span style=\"color: #000000\"><a style=\"color: #000000\" href=\"https:\/\/forms.gle\/WK7Q44NjwtiiFTKN6\" target=\"_blank\" rel=\"noopener\"><strong>ACESSE AQ<\/strong><strong>UI O FORMUL\u00c1RIO ELETR\u00d4NICO PARA ENVIO <\/strong><strong>DE INSCRI\u00c7\u00c3O<\/strong><\/a><\/span><\/li>\n<\/ul>\n<p><span style=\"color: #000000\"><strong>FORMUL\u00c1RIOS E MODELOS &#8211; N\u00c3O SER\u00c3O ACEITOS FORMUL\u00c1RIOS COM\u00a0 ALTERA\u00c7\u00d5ES DE FORMATA\u00c7\u00c3O DEVIDO A CONVERS\u00d5ES DE\u00a0 TEXTO EM PDF, DIGITALIZA\u00c7\u00d5ES QUE N\u00c3O ESTEJAM N\u00cdTIDAS E ALINHADAS OU ARQUIVOS EM OUTROS FORMATOS QUE N\u00c3O SEJAM PDF<\/strong><\/span><\/p>\n<p><span style=\"color: #000000\"><strong>ATEN\u00c7\u00c3O:\u00a0 para utiliza\u00e7\u00e3o dos formul\u00e1rios pdf eletr\u00f4nicos recomenda-se a instala\u00e7\u00e3o da vers\u00e3o mais recente do <a style=\"color: #000000\" href=\"https:\/\/get.adobe.com\/br\/reader\/\" target=\"_blank\" rel=\"noopener\">ADOBE ACROBAT READER DC<\/a>\u00a0 para o seu sistema operacional .\u00a0 Se voc\u00ea est\u00e1 tendo problemas com a utiliza\u00e7\u00e3o da op\u00e7\u00e3o\u00a0 de formul\u00e1rio eletr\u00f4nico, favor utilizar a op\u00e7\u00e3o de formul\u00e1rio manual e proceder a digitaliza\u00e7\u00e3o, convers\u00e3o para pdf e envio<br \/>\n<\/strong><\/span><\/p>\n<p><strong><span style=\"color: #ff0000\">ATEN\u00c7\u00c3O:\u00a0 N\u00c3O UTILIZE OS FORMUL\u00c1RIOS ABERTOS EM SEUS NAVEGADORES &#8211; BAIXE O ARQUIVO, PREENCHA E SALVE UTILIZANDO O ADOBE PDF READER (N\u00c3O UTILIZE APLICATIVOS DE CONVERS\u00c3O).\u00a0 CASO TENHA PROBLEMAS COM OS FORMUL\u00c1RIOS ELETR\u00d4NICOS UTILIZE OS FORMUL\u00c1RIOS PARA PREENCHIMENTO MANUAL.<\/span><\/strong><\/p>\n<p><span style=\"color: #000000\"><strong>FORMUL\u00c1RIO 1 &#8211; INSCRI\u00c7\u00c3O<br \/>\n<\/strong><strong><a style=\"color: #000000\" href=\"https:\/\/uenf.br\/posgraduacao\/ciencias-naturais\/wp-content\/uploads\/sites\/4\/2022\/11\/Formulario-1-inscricao-pdf-eletronico.pdf\" target=\"_blank\" rel=\"noopener\">&#8211; Op\u00e7\u00e3o 1:<\/a> <\/strong> preencher eletronicamente, assinar (este formul\u00e1rio aceita a inser\u00e7\u00e3o de arquivo de imagem &#8211; png or jpg &#8211; com assinatura) e salvar em pdf nomeando o arquivo conforme instru\u00e7\u00f5es do edital de sele\u00e7\u00e3o.<\/span><br \/>\n<span style=\"color: #000000\"><strong><a style=\"color: #000000\" href=\"https:\/\/uenf.br\/posgraduacao\/ciencias-naturais\/wp-content\/uploads\/sites\/4\/2022\/11\/Formulario-1-inscricao-pdf-para-impressao.pdf\" target=\"_blank\" rel=\"noopener\">&#8211; Op\u00e7\u00e3o 2:<\/a> <\/strong>imprimir, preencher com letra leg\u00edvel, assinar, digitalizar e salvar em pdf nomeando o arquivo conforme instru\u00e7\u00f5es do edital de sele\u00e7\u00e3o.<\/span><\/p>\n<p><span style=\"color: #000000\"><strong>FORMUL\u00c1RIO &#8211; CARTA DE REFER\u00caNCIA<br \/>\n<\/strong>Os candidatos dever\u00e3o providenciar o encaminhamento de tr\u00eas cartas de refer\u00eancia subscritas por pessoas ligadas \u00e0 forma\u00e7\u00e3o universit\u00e1ria do candidato ou \u00e0s suas atividades profissionais. Escolher uma das op\u00e7\u00f5es de formul\u00e1rio abaixo, preencher as informa\u00e7\u00f5es preliminares referentes a sua inscri\u00e7\u00e3o, salvar o arquivo\u00a0 em pdf nomeando o arquivo como: <strong>Carta de Refer\u00eancia \u2013 Nome completo do (a) candidato(a)).\u00a0<\/strong> Encaminhar ao declarante solicitando o preenchimento e envio para o <strong>e-mail: pgcn@uenf.br. \u00a0<\/strong> Cartas\u00a0 recebidas no e-mail do PPGCN ap\u00f3s a\u00a0 data e hor\u00e1rio limite para inscri\u00e7\u00e3o n\u00e3o ser\u00e3o consideradas.<\/span><br \/>\n<span style=\"color: #000000\"><a style=\"color: #000000\" href=\"https:\/\/uenf.br\/posgraduacao\/ciencias-naturais\/wp-content\/uploads\/sites\/4\/2022\/11\/Formulario-Carta-de-referencia-em-pdf-eletronico.pdf\" target=\"_blank\" rel=\"noopener\"><strong>&#8211; Op\u00e7\u00e3o 1:<\/strong><\/a><strong>\u00a0<\/strong> Preencher eletronicamente e salvar em pdf nomeando o arquivo e procedendo conforme instru\u00e7\u00f5es acima. (este formul\u00e1rio aceita a inser\u00e7\u00e3o de arquivo de imagem &#8211; png or jpg &#8211; com assinatura).<\/span><br \/>\n<span style=\"color: #000000\"><strong><a style=\"color: #000000\" href=\"https:\/\/uenf.br\/posgraduacao\/ciencias-naturais\/wp-content\/uploads\/sites\/4\/2022\/11\/Formulario-Carta-de-referencia-em-pdf-para-impressao.pdf\" target=\"_blank\" rel=\"noopener\">&#8211; Op\u00e7\u00e3o 2:<\/a>\u00a0 <\/strong>Imprimir, preencher as informa\u00e7\u00f5es preliminares com letra leg\u00edvel, digitalizar e salvar em pdf nomeando o arquivo e procedendo conforme instru\u00e7\u00f5es acima.<\/span><\/p>\n<p><span style=\"color: #000000\"><strong>ANEXO 3 (CANDIDATOS AO MESTRADO) E ANEXO 4 (CANDIDATOS AO DOUTORADO) &#8211; Na avalia\u00e7\u00e3o ser\u00e1 observado o preenchimento da autoavalia\u00e7\u00e3o do candidato e a ordena\u00e7\u00e3o correta dos comprovantes de acordo com os itens 8.1.2.1 e 8.1.2.2.(mestrado) e 8.2.2.1 e 8.2.2.2 (doutorado).<br \/>\n<\/strong><\/span><\/p>\n<p><span style=\"color: #000000\"><strong>ANEXO 3 (MESTRADO)<\/strong><\/span><br \/>\n<span style=\"color: #000000\"><strong><a style=\"color: #000000\" href=\"https:\/\/uenf.br\/posgraduacao\/ciencias-naturais\/wp-content\/uploads\/sites\/4\/2022\/11\/Anexo-3-Tabela-de-Pontuacao-Curriculo-e-historico-mestrado-pdf-eletronico.pdf\" target=\"_blank\" rel=\"noopener\">&#8211; Op\u00e7\u00e3o 1:<\/a>\u00a0<\/strong>preencher eletronicamente e salvar em pdf nomeando o arquivo como: ANEXO-4-nome completo do candidato. Proceder de acordo com as instru\u00e7\u00f5es dos itens 2.2.2.1.3 (documenta\u00e7\u00e3o 2) e 6.3.1 do edital.<\/span><br \/>\n<span style=\"color: #000000\"><strong><a style=\"color: #000000\" href=\"https:\/\/uenf.br\/posgraduacao\/ciencias-naturais\/wp-content\/uploads\/sites\/4\/2022\/11\/Anexo-3-Tabela-de-Pontuacao-Curriculo-e-historico-mestrado-pdf-para-impressao.pdf\" target=\"_blank\" rel=\"noopener\">&#8211; Op\u00e7\u00e3o 2:<\/a> <\/strong>imprimir, preencher com letra leg\u00edvel e salvar em pdf nomeando o arquivo como: ANEXO-4-nome completo do candidato. Proceder de acordo com as instru\u00e7\u00f5es dos itens 2.2.2.1.3 (documenta\u00e7\u00e3o 2) e 6.3.1 do edital<\/span><\/p>\n<p><span style=\"color: #000000\"><strong>ANEXO 4 (DOUTORADO)<\/strong><\/span><br \/>\n<span style=\"color: #000000\"><strong><a style=\"color: #000000\" href=\"https:\/\/uenf.br\/posgraduacao\/ciencias-naturais\/wp-content\/uploads\/sites\/4\/2022\/11\/Anexo-4-Tabela-de-Pontuacao-Curriculo-e-historico-doutorado-pdf-eletronico.pdf\" target=\"_blank\" rel=\"noopener\">&#8211; Op\u00e7\u00e3o 1:<\/a><\/strong> preencher eletronicamente e salvar em pdf nomeando o arquivo como: ANEXO-4-nome completo do candidato. Proceder de acordo com as instru\u00e7\u00f5es dos itens 2.2.2.1.3 (documenta\u00e7\u00e3o 2) e 6.3.1 do edital+<\/span><br \/>\n<span style=\"color: #000000\"><strong><a style=\"color: #000000\" href=\"https:\/\/uenf.br\/posgraduacao\/ciencias-naturais\/wp-content\/uploads\/sites\/4\/2022\/11\/Anexo-4-Tabela-de-Pontuacao-Curriculo-e-historico-doutorado-pdf-para-impressao.pdf\" target=\"_blank\" rel=\"noopener\">&#8211; Op\u00e7\u00e3o 2:<\/a> <\/strong>imprimir, preencher com letra leg\u00edvel e salvar em pdf nomeando o arquivo como: ANEXO-4-nome completo do candidato. Proceder de acordo com as instru\u00e7\u00f5es dos itens 2.2.2.1.3 (documenta\u00e7\u00e3o 2) e 6.3.1 do edital<\/span><\/p>\n<p><span style=\"color: #000000\"><a style=\"color: #000000\" href=\"https:\/\/uenf.br\/posgraduacao\/ciencias-naturais\/editais-e-processos-seletivos\/mestrado-e-doutorado\/processo-seletivo-2023-1\/materiais-e-artigos-para-prova-de-conhecimentos-gerais\/\" target=\"_blank\" rel=\"noopener\"><strong>MATERIAIS E ARTIGOS PARA A PROVA DE CONHECIMENTOS GERAIS<\/strong><\/a><\/span><\/p>\n","protected":false},"excerpt":{"rendered":"<p>PER\u00cdODO DE INSCRI\u00c7\u00d5ES: \u00a0 de 07 de novembro de 2022\u00a0 a 27 de novembro de 2022 (improrrog\u00e1vel) Edital de Sele\u00e7\u00e3o&#8230;<\/p>\n","protected":false},"author":10,"featured_media":0,"parent":3379,"menu_order":65,"comment_status":"closed","ping_status":"closed","template":"","meta":{"footnotes":""},"class_list":["post-4986","page","type-page","status-publish","hentry"],"_links":{"self":[{"href":"https:\/\/uenf.br\/posgraduacao\/ciencias-naturais\/wp-json\/wp\/v2\/pages\/4986","targetHints":{"allow":["GET"]}}],"collection":[{"href":"https:\/\/uenf.br\/posgraduacao\/ciencias-naturais\/wp-json\/wp\/v2\/pages"}],"about":[{"href":"https:\/\/uenf.br\/posgraduacao\/ciencias-naturais\/wp-json\/wp\/v2\/types\/page"}],"author":[{"embeddable":true,"href":"https:\/\/uenf.br\/posgraduacao\/ciencias-naturais\/wp-json\/wp\/v2\/users\/10"}],"replies":[{"embeddable":true,"href":"https:\/\/uenf.br\/posgraduacao\/ciencias-naturais\/wp-json\/wp\/v2\/comments?post=4986"}],"version-history":[{"count":0,"href":"https:\/\/uenf.br\/posgraduacao\/ciencias-naturais\/wp-json\/wp\/v2\/pages\/4986\/revisions"}],"up":[{"embeddable":true,"href":"https:\/\/uenf.br\/posgraduacao\/ciencias-naturais\/wp-json\/wp\/v2\/pages\/3379"}],"wp:attachment":[{"href":"https:\/\/uenf.br\/posgraduacao\/ciencias-naturais\/wp-json\/wp\/v2\/media?parent=4986"}],"curies":[{"name":"wp","href":"https:\/\/api.w.org\/{rel}","templated":true}]}}