{"id":4992,"date":"2022-11-03T13:14:48","date_gmt":"2022-11-03T13:14:48","guid":{"rendered":"https:\/\/uenf.br\/posgraduacao\/ciencias-naturais\/?page_id=4992"},"modified":"2023-01-23T13:58:02","modified_gmt":"2023-01-23T13:58:02","slug":"etapas-do-processo-seletivo-ppgcn-2023-1","status":"publish","type":"page","link":"https:\/\/uenf.br\/posgraduacao\/ciencias-naturais\/mestrado-e-doutorado\/processo-seletivo-2023-1\/etapas-do-processo-seletivo-ppgcn-2023-1\/","title":{"rendered":"Etapas do Processo Seletivo PPGCN 2023-1"},"content":{"rendered":"<p><span style=\"color: #000000\"><strong>ETAPA:\u00a0 DIVULGA\u00c7\u00c3O PRELIMINAR DAS INSCRI\u00c7\u00d5ES HOMOLOGADAS &#8211; 28\/11\/2022 previs\u00e3o at\u00e9 as\u00a0 18:00 h<br \/>\n<\/strong><\/span><\/p>\n<p><a href=\"https:\/\/uenf.br\/posgraduacao\/ciencias-naturais\/wp-content\/uploads\/sites\/4\/2022\/11\/PPGCN-2023-1-Resultado-homologacao-das-inscricoes-mestrado-e-doutorado.pdf\" target=\"_blank\" rel=\"noopener\"><span style=\"color: #008000\"><strong>PPGCN-2023-1 &#8211; Resultado homologa\u00e7\u00e3o das inscri\u00e7\u00f5es &#8211; mestrado e doutorado<\/strong><\/span><\/a><\/p>\n<p><a href=\"https:\/\/uenf.br\/posgraduacao\/ciencias-naturais\/wp-content\/uploads\/sites\/4\/2022\/11\/Candidatos-por-vaga-e-homologacao-das-inscricoes-PPGCN-2023-1.pdf\" target=\"_blank\" rel=\"noopener\"><span style=\"color: #008000\"><strong>Edital de Sele\u00e7\u00e3o PPGCN-2023-1- Anexo 3 &#8211; vagas e candidatos<\/strong><\/span><\/a><\/p>\n<p><span style=\"color: #000000\"><strong>ETAPA:\u00a0 COMISS\u00d5ES DE AVALIA\u00c7\u00c3O E COMISS\u00c3O DE RECURSOS<\/strong><\/span><\/p>\n<p><a href=\"https:\/\/uenf.br\/posgraduacao\/ciencias-naturais\/wp-content\/uploads\/sites\/4\/2022\/11\/Edital-de-Selecao-PPGCN-2023-1-Comisssoes-de-avaliacao-e-recursos.pdf\" target=\"_blank\" rel=\"noopener\"><span style=\"color: #008000\"><strong>Edital de Sele\u00e7\u00e3o PPGCN-2023-1-Comiss\u00e3o de Recursos e Comiss\u00f5es de avalia\u00e7\u00e3o<\/strong><\/span><\/a><\/p>\n<p><span style=\"color: #000000\"><strong><span style=\"color: #ff0000\"><a style=\"color: #ff0000\" href=\"https:\/\/uenf.br\/posgraduacao\/ciencias-naturais\/wp-content\/uploads\/sites\/4\/2022\/04\/Formulario-geral-para-solicitacao-de-recursos-em-pdf-eletronico.pdf\">FORMUL\u00c1RIO GERAL DE RECURSOS<\/a><\/span> &#8211; SE NECESS\u00c1RIO, UTILIZE RESPEITANDO O EDITAL E O CRONOGRAMA ESTABELECIDO:<\/strong><\/span><\/p>\n<p><span style=\"color: #000000\"><strong>Para qualquer recurso \u00e9 obrigat\u00f3rio a utiliza\u00e7\u00e3o do formul\u00e1rio eletr\u00f4nico (preencher, inserir imagem da assinatura e enviar para o e-mail do programa.\u00a0 N\u00e3o ser\u00e3o aceitos recursos em formul\u00e1rios digitalizados ou alterados pelo candidato.\u00a0 Caso tenha dificuldades baixe a vers\u00e3o gratuita mais recente do Adobe Acrobat Reader!<\/strong><\/span><\/p>\n<p><span style=\"color: #000000\"><strong>ETAPA: DIVULGA\u00c7\u00c3O DEFINITIVA DAS INSCRI\u00c7\u00d5ES HOMOLOGADAS\u00a0 &#8211; 01\/12\/2022 previsto para at\u00e9 as 18:00 h<\/strong><\/span><\/p>\n<p><a href=\"https:\/\/uenf.br\/posgraduacao\/ciencias-naturais\/wp-content\/uploads\/sites\/4\/2022\/12\/Candidatos-por-vaga-e-homologacao-das-inscricoes-PPGCN-2023-1-definitivo.pdf\" target=\"_blank\" rel=\"noopener\"><span style=\"color: #008000\"><strong>Edital de Sele\u00e7\u00e3o PPGCN-2022-1- Anexo 3 &#8211; vagas e candidatos &#8211; homologa\u00e7\u00e3o final<\/strong><\/span><\/a><\/p>\n<p><a href=\"https:\/\/uenf.br\/posgraduacao\/ciencias-naturais\/wp-content\/uploads\/sites\/4\/2022\/12\/PPGCN-2023-1-Resultado-homologacao-das-inscricoes-mestrado-e-doutorado.pdf\" target=\"_blank\" rel=\"noopener\"><span style=\"color: #008000\"><strong>PPGCN-2022-1 &#8211; Resultado homologa\u00e7\u00e3o das inscri\u00e7\u00f5es &#8211; final &#8211; mestrado e doutorado<\/strong><\/span><\/a><\/p>\n<p><span style=\"color: #000000\"><strong>ETAPA: DIVULGA\u00c7\u00c3O PRELIMINAR DOS RESULTADOS DE AVALIA\u00c7\u00c3O DE CURR\u00cdCULO VITAE E HIST\u00d3RICO ESCOLAR &#8211; 02\/12\/2022 previsto para at\u00e9 as\u00a0 18:00 h<\/strong><\/span><\/p>\n<p><a href=\"https:\/\/uenf.br\/posgraduacao\/ciencias-naturais\/wp-content\/uploads\/sites\/4\/2022\/12\/Resultado-preliminar-Etapa-avaliacao-curriculo-e-historico-escolar-1.pdf\" target=\"_blank\" rel=\"noopener\"><span style=\"color: #008000\"><strong>Resultado preliminar &#8211; Etapa avalia\u00e7\u00e3o <span style=\"color: #008000\">curr\u00edculo <\/span>e hist\u00f3ri<\/strong><\/span><span style=\"color: #008000\"><strong>co escolar<\/strong><\/span><\/a><\/p>\n<p><span style=\"color: #000000\"><strong>ETAPA: DIVULGA\u00c7\u00c3O DEFINITIVA DOS RESULTADOS DE AVALIA\u00c7\u00c3O DE CURR\u00cdCULO VITAE E HIST\u00d3RICO ESCOLAR &#8211; 05\/12\/2022 previsto para at\u00e9 as\u00a0 9:00 h<\/strong><\/span><\/p>\n<p><a href=\"https:\/\/uenf.br\/posgraduacao\/ciencias-naturais\/wp-content\/uploads\/sites\/4\/2022\/12\/Resultado-Definitivo-Etapa-avaliacao-curriculo-e-historico-escolar.pdf\" target=\"_blank\" rel=\"noopener\"><span style=\"color: #008000\"><strong>Resultado definitivo &#8211; Etapa avalia\u00e7\u00e3o curr\u00edculo e hist\u00f3rico escolar<\/strong><\/span><\/a><\/p>\n<p><span style=\"color: #008000\"><a style=\"color: #008000\" href=\"https:\/\/uenf.br\/posgraduacao\/ciencias-naturais\/wp-content\/uploads\/sites\/4\/2022\/12\/Resultado-Definitivo-Etapa-avaliacao-curriculo-e-historico-escolar-rev.pdf\" target=\"_blank\" rel=\"noopener\"><strong>Resultado definitivo -Etapa avalia\u00e7\u00e3o de curr\u00edculo e hist\u00f3rico escolar &#8211; revisada<\/strong><\/a><\/span><\/p>\n<p><span style=\"color: #000000\"><strong>ETAPA: APLICA\u00c7\u00c3O DAS PROVAS DE CONHECIMENTOS\u00a0 &#8211; Local: UENF\/CCT\/Pr\u00e9dio P3 &#8211; Sala 105<br \/>\n<\/strong><\/span><\/p>\n<p><span style=\"color: #000000\"><strong>Prova de Conhecimentos Gerais &#8211; Dia 07\/12\/2022 <\/strong><strong>de 9:00 \u00e0s 12:00 h.<\/strong><strong>\u00a0 Os candidatos dever\u00e3o de apresentar com no m\u00ednimo 20 minutos de anteced\u00eancia antes do in\u00edcio\u00a0 da prova.<br \/>\nProva de L\u00edngua Estrangeira (Ingl\u00eas)\/Interpreta\u00e7\u00e3o de artigo cient\u00edfico &#8211; Dia 07\/12\/2022 de 14:00 \u00e0s 17:00 h. Os candidatos dever\u00e3o de apresentar com no m\u00ednimo 20 minutos de anteced\u00eancia antes do in\u00edcio\u00a0 da prova. Poder\u00e1 ser utilizado dicion\u00e1rio ingl\u00eas-ingl\u00eas.\u00a0 N\u00e3o ser\u00e1 permitida consulta a dicion\u00e1rios ingl\u00eas-portugu\u00eas ou a utiliza\u00e7\u00e3o de meios digitais.<br \/>\n<\/strong><\/span><\/p>\n<p><span style=\"color: #000000\"><strong>ETAPA: DIVULGA\u00c7\u00c3O PRELIMINAR DOS RESULTADOS\u00a0 DAS PROVAS DE CONHECIMENTOS &#8211; Dia 09\/12\/2022 &#8211; previsto para at\u00e9 as 12:00 h<\/strong><\/span><\/p>\n<p><a href=\"https:\/\/uenf.br\/posgraduacao\/ciencias-naturais\/wp-content\/uploads\/sites\/4\/2022\/12\/Resultado-preliminar-Etapa-de-conhecimentos-Mestrado-correcao-1.pdf\" target=\"_blank\" rel=\"noopener\"><span style=\"color: #008000\"><strong>Resultado Preliminar Provas de conhecimento &#8211; MESTRADO<\/strong><\/span><\/a><\/p>\n<p><a href=\"https:\/\/uenf.br\/posgraduacao\/ciencias-naturais\/wp-content\/uploads\/sites\/4\/2022\/12\/Resultado-preliminar-Etapa-de-conhecimentos-Doutorado-corrigido-1.pdf\" target=\"_blank\" rel=\"noopener\"><span style=\"color: #008000\"><strong>Resultado Preliminar Provas de conhecimento &#8211; DOUTORADO<\/strong><\/span><\/a><\/p>\n<p><span style=\"color: #000000\"><strong>Obs.\u00a0 Os recursos a qualquer quest\u00e3o devem ser baseados na bibliografia recomendada.\u00a0 No recurso devem ser indicadas as quest\u00f5es e as respectivas\u00a0 justificativas contendo os argumentos com base na bibliografia correspondente a quest\u00e3o.<\/strong><\/span><\/p>\n<p><span style=\"color: #000000\"><strong>ETAPA: DIVULGA\u00c7\u00c3O DEFINITIVA DOS RESULTADOS\u00a0 DA PROVA DE CONHECIMENTOS GERAIS &#8211; Dia 12\/12\/2022 &#8211; previsto para at\u00e9 as 12:00 h<\/strong><\/span><\/p>\n<p><a href=\"https:\/\/uenf.br\/posgraduacao\/ciencias-naturais\/wp-content\/uploads\/sites\/4\/2022\/12\/Resultado-definitivo-Etapa-de-conhecimentos-Mestrado.pdf\" target=\"_blank\" rel=\"noopener\"><span style=\"color: #008000\"><strong>Resultado Definitivo Etapa Provas de Conhecimento &#8211; MESTRADO<\/strong><\/span><\/a><\/p>\n<p><a href=\"https:\/\/uenf.br\/posgraduacao\/ciencias-naturais\/wp-content\/uploads\/sites\/4\/2022\/12\/Resultado-definitivo-Etapa-de-conhecimentos-Doutorado.pdf\" target=\"_blank\" rel=\"noopener\"><span style=\"color: #008000\"><strong>Resultado Definitivo Etapa Provas de Conhecimento &#8211; DOUTORADO<\/strong><\/span><\/a><\/p>\n<p><span style=\"color: #000000\"><strong>ETAPA: ENTREVISTA MESTRADO\/ ENTREVISTA-PROJETO DE PESQUISA (CANDIDATOS AO DOUTORADO) &#8211; 13 a 16\/12\/2022 &#8211; Os candidatos ser\u00e3o informados por meio do e-mail fornecido no ato de inscri\u00e7\u00e3o sobre a data, hor\u00e1rio e link do ambiente virtual das entrevistas at\u00e9 12\/12\/2022 at\u00e9 as 18 h- estas informa\u00e7\u00f5es tamb\u00e9m ser\u00e3o disponibilizadas nesta p\u00e1gina (exceto o link individual).\u00a0 Todas as entrevistas ser\u00e3o gravadas.\u00a0 Caso algum candidato n\u00e3o receba o link entrar em contato com a coordena\u00e7\u00e3o do PPGCN pelo e-mail pgcn@uenf.br at\u00e9 as 8:00 h do dia 13\/12\/2022. <\/strong><\/span><\/p>\n<p><a href=\"https:\/\/uenf.br\/posgraduacao\/ciencias-naturais\/wp-content\/uploads\/sites\/4\/2022\/12\/ENTREVISTAS-DE-MESTRADO-CRONOGRAMA-.pdf\" target=\"_blank\" rel=\"noopener\"><span style=\"color: #008000\"><strong>Cronograma de entrevistas &#8211; PPGCN-2023-1 &#8211; mestrado<\/strong><\/span><\/a><\/p>\n<p><span style=\"color: #000000\"><strong><a href=\"https:\/\/uenf.br\/posgraduacao\/ciencias-naturais\/wp-content\/uploads\/sites\/4\/2022\/12\/ENTREVISTAS-DE-DOUTORADO-CRONOGRAMA-.pdf\" target=\"_blank\" rel=\"noopener\"><span style=\"color: #008000\">Cronograma de entrevistas\/projeto de pesquisa &#8211; PPGCN-2023-1 &#8211; doutorado<\/span><\/a><br \/>\n<\/strong><\/span><\/p>\n<p><span style=\"color: #000000\"><strong>ETAPA: DIVULGA\u00c7\u00c3O PRELIMINAR DOS RESULTADOS\u00a0 DAS ENTREVISTAS MESTRADO E <\/strong><\/span><span style=\"color: #000000\"><strong>ENTREVISTAS-PROJETO DE PESQUISA (CANDIDATOS AO DOUTORADO) &#8211; Dia 16\/12\/2022 &#8211; previsto para at\u00e9 as 18:00 h)<\/strong><\/span><\/p>\n<p><a href=\"https:\/\/uenf.br\/posgraduacao\/ciencias-naturais\/wp-content\/uploads\/sites\/4\/2022\/12\/Resultado-preliminar-Etapa-de-entrevistas-Mestrado.pdf\" target=\"_blank\" rel=\"noopener\"><span style=\"color: #008000\"><strong>Resultado preliminar Entrevista Mestrado<\/strong><\/span><\/a><\/p>\n<p><span style=\"color: #000000\"><strong><a href=\"https:\/\/uenf.br\/posgraduacao\/ciencias-naturais\/wp-content\/uploads\/sites\/4\/2022\/12\/Resultado-preliminar-Etapa-de-entrevistas-e-projetos-Doutorado.pdf\" target=\"_blank\" rel=\"noopener\"><span style=\"color: #008000\">Resultado preliminar Entrevista\/projeto de pesquisa &#8211; candidatos ao doutorado<\/span><\/a><br \/>\n<\/strong><\/span><\/p>\n<p><span style=\"color: #000000\"><strong>ETAPA: DIVULGA\u00c7\u00c3O DEFINITIVA DOS RESULTADOS\u00a0 DAS ENTREVISTAS\/PROJETO DE PESQUISA (CANDIDATOS AO DOUTORADO)\u00a0 &#8211; Dia 19\/12\/2022 &#8211; previsto para at\u00e9 as 12:00 h)<\/strong><\/span><\/p>\n<p><span style=\"color: #ff0000\"><strong>Divulga\u00e7\u00e3o prevista para at\u00e9 as 18 h do dia 19\/12\/2022 em virtude da avalia\u00e7\u00e3o dos recursos recebidos que ainda est\u00e1 em andamento.<br \/>\n<\/strong><\/span><\/p>\n<p><a href=\"https:\/\/uenf.br\/posgraduacao\/ciencias-naturais\/wp-content\/uploads\/sites\/4\/2022\/12\/Resultado-final-Etapa-de-entrevistas-Mestrado.pdf\" target=\"_blank\" rel=\"noopener\"><span style=\"color: #008000\"><strong>Resultado definitivo Entrevista Mestrado<\/strong><\/span><\/a><\/p>\n<p><a href=\"https:\/\/uenf.br\/posgraduacao\/ciencias-naturais\/wp-content\/uploads\/sites\/4\/2022\/12\/Resultado-final-Etapa-de-entrevistas-e-projetos-Doutorado.pdf\" target=\"_blank\" rel=\"noopener\"><span style=\"color: #000000\"><strong><span style=\"color: #008000\">Resultado definitivo Entrevista\/projeto de pesquisa &#8211; candidatos ao doutorado<\/span> <\/strong><\/span><\/a><\/p>\n<p><span style=\"color: #000000\"><strong>ETAPA: DIVULGA\u00c7\u00c3O DO RESULTADO PRELIMINAR DO PROCESSO SELETIVO PPGCN-2022-2 &#8211; Dia 21\/12\/2022 &#8211; previsto para at\u00e9 as 12:00 h<\/strong><\/span><\/p>\n<p><a href=\"https:\/\/uenf.br\/posgraduacao\/ciencias-naturais\/wp-content\/uploads\/sites\/4\/2022\/12\/Resultado-Geral-Preliminar-Mestrado-ordem-de-classificacao-19-12-2022.pdf\" target=\"_blank\" rel=\"noopener\"><span style=\"color: #008000\"><strong>Resultado geral preliminar &#8211; mestrado &#8211; ordem de classifica\u00e7\u00e3o<\/strong><\/span><\/a><\/p>\n<p><a href=\"https:\/\/uenf.br\/posgraduacao\/ciencias-naturais\/wp-content\/uploads\/sites\/4\/2022\/12\/Resultado-Final-preliminar-ordem-de-classificacao-Doutorado-PPGCN-2023-1-1.pdf\" target=\"_blank\" rel=\"noopener\"><span style=\"color: #008000\"><strong>Resultado geral preliminar &#8211; doutorad<\/strong><strong>o &#8211; ordem de classifica\u00e7\u00e3o<\/strong><\/span><\/a><\/p>\n<p><a href=\"https:\/\/uenf.br\/posgraduacao\/ciencias-naturais\/wp-content\/uploads\/sites\/4\/2022\/12\/Resultado-Geral-Preliminar-Candidatos-por-vaga-PPGCN-2023-1-19-12-2022.pdf\" target=\"_blank\" rel=\"noopener\"><span style=\"color: #008000\"><strong>Resultado Preliminar Mestrado e doutorado &#8211; por linha de pesquisa, orientador e tema<\/strong><\/span><\/a><\/p>\n<p><span style=\"color: #000000\"><strong>ETAPA: DIVULGA\u00c7\u00c3O DO\u00a0 RESULTADO FINAL DO PROCESSO SELETIVO PPGCN-2022-2 &#8211; Dia 23\/12\/2022 &#8211; previsto para at\u00e9 as 18:00 h<\/strong><\/span><\/p>\n<p><span style=\"color: #008000\"><strong><span style=\"color: #008000\"><a style=\"color: #008000\" href=\"https:\/\/uenf.br\/posgraduacao\/ciencias-naturais\/wp-content\/uploads\/sites\/4\/2022\/12\/Resultado-Geral-Final-Mestrado-ordem-de-classificacao-23-12-2022.pdf\" target=\"_blank\" rel=\"noopener\">Resultado geral final &#8211; mestrado &#8211; ordem de classifica\u00e7\u00e3o<\/a><\/span><br \/>\n<\/strong><\/span><\/p>\n<p><span style=\"color: #008000\"><strong><span style=\"color: #008000\"><a style=\"color: #008000\" href=\"https:\/\/uenf.br\/posgraduacao\/ciencias-naturais\/wp-content\/uploads\/sites\/4\/2022\/12\/Resultado-geral-final-Doutorado-ordem-de-classificacao-23-12-2022.pdf\" target=\"_blank\" rel=\"noopener\">Resultado geral final &#8211; doutorado &#8211; ordem de classifica\u00e7\u00e3o<\/a><\/span><br \/>\n<\/strong><\/span><\/p>\n<p><span style=\"color: #008000\"><a style=\"color: #008000\" href=\"https:\/\/uenf.br\/posgraduacao\/ciencias-naturais\/wp-content\/uploads\/sites\/4\/2022\/12\/Resultado-Geral-Final-Candidatos-por-vaga-PPGCN-2023-1-23-12-2022.pdf\" target=\"_blank\" rel=\"noopener\"><strong>Edital de Sele\u00e7\u00e3o PPGCN-2023-1- Resultado Geral Final &#8211; linha de pesquisa, orienta\u00e7\u00e3o e tema<\/strong><\/a><\/span><\/p>\n<p><strong>5.4 \u00a0\u00a0\u00a0\u00a0\u00a0 <\/strong>Haver\u00e1 lista de espera dentro de uma mesma linha de pesquisa, orientador e tema de pesquisa escolhidos pelo candidato no ato da inscri\u00e7\u00e3o de acordo com o <strong>ANEXO 1.<\/strong>\u00a0 A Comiss\u00e3o Coordenadora do Programa dever\u00e1 identificar e aprovar a\u00a0 disponibilidades de novas vagas at\u00e9 o prazo m\u00e1ximo de 10 dias ap\u00f3s a divulga\u00e7\u00e3o do resultado final deste edital. Os (as) candidatos(as) aprovados(as) e n\u00e3o classificados compor\u00e3o a lista de espera e poder\u00e3o ser convocados a preencher estas vagas de acordo com o prazo estabelecido pelo cronograma do processo seletivo <strong>(ANEXO 2).<\/strong><\/p>\n<p><strong>8.1.10 e 8.2.10 \u00a0\u00a0\u00a0 <\/strong>As vagas ser\u00e3o preenchidas de acordo com a ordem de classifica\u00e7\u00e3o dos candidatos, depois de aplicados os crit\u00e9rios de desempate, at\u00e9 o preenchimento total do n\u00famero de vagas oferecidas, havendo cria\u00e7\u00e3o de lista de espera;<\/p>\n<p><strong>8.1.11 e 8.2.11 \u00a0\u00a0\u00a0 <\/strong>Caso existam bolsas de estudo dispon\u00edveis para o programa, a classifica\u00e7\u00e3o de prioridade para concess\u00e3o de bolsas ser\u00e1 feita com base nas notas de classifica\u00e7\u00e3o geral para cada um dos n\u00edveis (mestrado e doutorado), observados os crit\u00e9rios,\u00a0 normas e resolu\u00e7\u00f5es referentes a concess\u00e3o de bolsas de estudo do PPGCN, da UENF e das respectivas Ag\u00eancias de Fomento.<\/p>\n<p>10\u00a0 \u00a0\u00a0\u00a0\u00a0\u00a0\u00a0\u00a0 Convoca\u00e7\u00e3o dos candidatos aprovados e classificados<\/p>\n<p><strong>10.1\u00a0\u00a0\u00a0\u00a0\u00a0\u00a0 <\/strong>Encerrado o processo seletivo e divulgado o resultado final definitivo ser\u00e3o convocados os candidatos selecionados para apresentar-se para a matr\u00edcula no prazo estipulado pelo Calend\u00e1rio Acad\u00eamico de P\u00f3s-gradua\u00e7\u00e3o da UENF.<\/p>\n<p><strong>10.2\u00a0\u00a0\u00a0\u00a0\u00a0\u00a0 <\/strong>\u00a0A convoca\u00e7\u00e3o dos candidatos ser\u00e1 realizada por meio de publica\u00e7\u00e3o do ato de convoca\u00e7\u00e3o no s\u00edtio eletr\u00f4nico do Processo Seletivo e mensagem eletr\u00f4nica ser\u00e1 enviada ao endere\u00e7o de e-mail informado pelos candidatos no formul\u00e1rio de inscri\u00e7\u00e3o.<\/p>\n<p><strong>10.3\u00a0\u00a0\u00a0\u00a0\u00a0\u00a0 <\/strong>O Programa de P\u00f3s-Gradua\u00e7\u00e3o em Ci\u00eancias Naturais funciona em regime de dedica\u00e7\u00e3o exclusiva (40 horas\/semana). A crit\u00e9rio da Comiss\u00e3o Coordenadora poder\u00e3o ser aceitos alunos em regime de dedica\u00e7\u00e3o parcial (com no m\u00ednimo 30 horas\/semana dedicadas ao Programa).\u00a0 No ato de convoca\u00e7\u00e3o dos candidatos aprovados para matr\u00edcula ser\u00e3o disponibilizados os formul\u00e1rios para declara\u00e7\u00e3o de exist\u00eancia ou n\u00e3o de v\u00ednculo empregat\u00edcio e de solicita\u00e7\u00e3o de dedica\u00e7\u00e3o parcial ao programa.\u00a0 Alunos aprovados no processo seletivo que solicitarem autoriza\u00e7\u00e3o para dedica\u00e7\u00e3o parcial somente poder\u00e3o realizar a matr\u00edcula ap\u00f3s o deferimento da solicita\u00e7\u00e3o.\u00a0 Nos casos de solicita\u00e7\u00e3o indeferida o candidato ser\u00e1 eliminado do processo seletivo sendo convocado o pr\u00f3ximo candidato a vaga da lista de espera.<\/p>\n<p>11 \u00a0\u00a0\u00a0\u00a0\u00a0\u00a0\u00a0 Disposi\u00e7\u00f5es finais.<\/p>\n<p><strong>11.1\u00a0\u00a0\u00a0\u00a0\u00a0\u00a0 <\/strong>Ser\u00e1 desclassificado e automaticamente exclu\u00eddo do processo seletivo, o candidato que:<\/p>\n<ol>\n<li>Prestar declara\u00e7\u00f5es ou apresentar documentos falsos em quaisquer das etapas da sele\u00e7\u00e3o.<\/li>\n<li>N\u00e3o apresentar toda a documenta\u00e7\u00e3o requerida nos prazos e condi\u00e7\u00f5es estipuladas neste Edital.<\/li>\n<li>N\u00e3o realizar a sua matr\u00edcula no Programa, na data especificada pelo calend\u00e1rio acad\u00eamico de P\u00f3s-gradua\u00e7\u00e3o da UENF.<\/li>\n<\/ol>\n<p><strong><span style=\"color: #339966\"><a style=\"color: #339966\" href=\"https:\/\/uenf.br\/posgraduacao\/ciencias-naturais\/wp-content\/uploads\/sites\/4\/2023\/01\/Resultado-Geral-Final-apos-lista-espera-Mestrado-ordem-de-classificacao-20-01-2023.pdf\" target=\"_blank\" rel=\"noopener\">Resultado geral final ap\u00f3s lista de espera &#8211; mestrado &#8211; ordem de classifica\u00e7\u00e3o<\/a><\/span><br \/>\n<\/strong><\/p>\n<p><strong><span style=\"color: #339966\"><a style=\"color: #339966\" href=\"https:\/\/uenf.br\/posgraduacao\/ciencias-naturais\/wp-content\/uploads\/sites\/4\/2022\/12\/Resultado-geral-final-Doutorado-ordem-de-classificacao-23-12-2022.pdf\" target=\"_blank\" rel=\"noopener\">Resultado geral final ap\u00f3s lista de espera &#8211; doutorado &#8211; ordem de classifica\u00e7\u00e3o<\/a><\/span><br \/>\n<\/strong><\/p>\n<p><a href=\"https:\/\/uenf.br\/posgraduacao\/ciencias-naturais\/wp-content\/uploads\/sites\/4\/2023\/01\/Resultado-Geral-Final-apos-lista-espera-Candidatos-por-vaga-PPGCN-2023-1-20-01-2023.pdf\" target=\"_blank\" rel=\"noopener\"><strong><span style=\"color: #339966\">Edital de Sele\u00e7\u00e3o PPGCN-2023-1- Resultado Geral Final ap\u00f3s lista de espera &#8211; linha de pesquisa, orienta\u00e7\u00e3o e tema<\/span><\/strong><\/a><\/p>\n<p>&nbsp;<\/p>\n","protected":false},"excerpt":{"rendered":"<p>ETAPA:\u00a0 DIVULGA\u00c7\u00c3O PRELIMINAR DAS INSCRI\u00c7\u00d5ES HOMOLOGADAS &#8211; 28\/11\/2022 previs\u00e3o at\u00e9 as\u00a0 18:00 h PPGCN-2023-1 &#8211; Resultado homologa\u00e7\u00e3o das inscri\u00e7\u00f5es &#8211;&#8230;<\/p>\n","protected":false},"author":10,"featured_media":0,"parent":4986,"menu_order":67,"comment_status":"closed","ping_status":"closed","template":"","meta":{"footnotes":""},"class_list":["post-4992","page","type-page","status-publish","hentry"],"_links":{"self":[{"href":"https:\/\/uenf.br\/posgraduacao\/ciencias-naturais\/wp-json\/wp\/v2\/pages\/4992","targetHints":{"allow":["GET"]}}],"collection":[{"href":"https:\/\/uenf.br\/posgraduacao\/ciencias-naturais\/wp-json\/wp\/v2\/pages"}],"about":[{"href":"https:\/\/uenf.br\/posgraduacao\/ciencias-naturais\/wp-json\/wp\/v2\/types\/page"}],"author":[{"embeddable":true,"href":"https:\/\/uenf.br\/posgraduacao\/ciencias-naturais\/wp-json\/wp\/v2\/users\/10"}],"replies":[{"embeddable":true,"href":"https:\/\/uenf.br\/posgraduacao\/ciencias-naturais\/wp-json\/wp\/v2\/comments?post=4992"}],"version-history":[{"count":0,"href":"https:\/\/uenf.br\/posgraduacao\/ciencias-naturais\/wp-json\/wp\/v2\/pages\/4992\/revisions"}],"up":[{"embeddable":true,"href":"https:\/\/uenf.br\/posgraduacao\/ciencias-naturais\/wp-json\/wp\/v2\/pages\/4986"}],"wp:attachment":[{"href":"https:\/\/uenf.br\/posgraduacao\/ciencias-naturais\/wp-json\/wp\/v2\/media?parent=4992"}],"curies":[{"name":"wp","href":"https:\/\/api.w.org\/{rel}","templated":true}]}}