{"id":51,"date":"2014-07-31T15:27:32","date_gmt":"2014-07-31T15:27:32","guid":{"rendered":"http:\/\/uenf.br\/pos-graduacao\/ciencias-naturais\/?page_id=51"},"modified":"2023-09-09T18:36:08","modified_gmt":"2023-09-09T18:36:08","slug":"objetivos-e-perfil","status":"publish","type":"page","link":"https:\/\/uenf.br\/posgraduacao\/ciencias-naturais\/apresentacao\/objetivos-e-perfil\/","title":{"rendered":"Objetivos e Perfil"},"content":{"rendered":"<p><span style=\"color: #339966\">___________________________________________________________________________________________<\/span><span style=\"color: #339966\">__________<\/span><\/p>\n<p style=\"text-align: justify\">O objetivo principal do Programa de Ci\u00eancias Naturais \u00e9 estimular pesquisas que estejam focadas na interface entre v\u00e1rias \u00e1reas necess\u00e1rias para o desenvolvimento de pesquisas complexas que n\u00e3o podem ser solucionadas apenas com uma das \u00e1reas do conhecimento. Consequentemente, o estudante deve buscar uma forma\u00e7\u00e3o interdisciplinar sem se centrar ou se especializar em apenas uma \u00e1rea, mas ter\u00e1 que permear pela qu\u00edmica, f\u00edsica, educa\u00e7\u00e3o, biologia e matem\u00e1tica para poder melhor entender os problemas propostos e os desafios das pesquisas desenvolvidas pelo corpo docente interdisciplinar.<\/p>\n<p><strong>Perfil do Mestrado<\/strong><br \/>\nO estudante que procura o mestrado em Ci\u00eancias Naturais na UENF ser\u00e1 iniciado a uma forma\u00e7\u00e3o b\u00e1sica sobre a pesquisa e sua import\u00e2ncia entre as diversas \u00e1reas do conhecimento. Com as disciplinas oferecidas tanto pelo programa como pela universidade, o estudante receber\u00e1 o conte\u00fado te\u00f3rico e pr\u00e1tico para desenvolver um projeto interdisciplinar de pesquisa. Assim o estudante dever\u00e1 permear por mais de uma \u00e1rea para responder as quest\u00f5es propostas em uma pesquisa interdisciplinar. Ao obter o t\u00edtulo de mestre, o mestrando estar\u00e1 apto para desempenhar atividades compat\u00edveis com uma forma\u00e7\u00e3o mais ampla que lhe dar\u00e1 maior autonomia e vis\u00e3o para atuar em diferentes \u00e1reas das ci\u00eancias naturais. Sua forma\u00e7\u00e3o tamb\u00e9m tem permitido seguir a carreira acad\u00eamico, fazendo doutorado n\u00e3o s\u00f3 no pr\u00f3prio programa, mas tamb\u00e9m em outras grandes institui\u00e7\u00f5es brasileiras, com excelente aproveitamento.<\/p>\n<p><strong>Perfil do Doutorado<\/strong><br \/>\nO doutorando que ingressa no programa de Ci\u00eancias Naturais dever\u00e1 durante os quatro anos, aprimorar os seus conhecimentos cient\u00edficos nas diversas \u00e1reas de interface do programa de Ci\u00eancias Naturais. A partir do problema proposto para a sua tese, o doutorando dever\u00e1 se tornar um pesquisador com independ\u00eancia cient\u00edfica para explorar os conhecimentos e encontrar respostas relevantes tanto para a ci\u00eancia quanto para a sociedade.<br \/>\nAtualmente, 83% dos egressos do programa est\u00e3o atuando na \u00e1rea de ensino e pesquisa, principalmente nos cursos de Licenciatura em Ci\u00eancias do Instituto Federal Fluminense e tamb\u00e9m em cursos do Instituto Federal do Esp\u00edrito Santo, al\u00e9m de universidades particulares da regi\u00e3o Norte Fluminense. Os egressos da \u00e1rea de ensino de ci\u00eancias atuam tanto na \u00e1rea pedag\u00f3gica como na \u00e1rea de ci\u00eancias naturais.<\/p>\n<p>&nbsp;<\/p>\n<p><span style=\"color: #339966\">___________________________________________________________________________________________<\/span><\/p>\n","protected":false},"excerpt":{"rendered":"<p>_____________________________________________________________________________________________________ O objetivo principal do Programa de Ci\u00eancias Naturais \u00e9 estimular pesquisas que estejam focadas na interface entre v\u00e1rias \u00e1reas&#8230;<\/p>\n","protected":false},"author":39,"featured_media":0,"parent":40,"menu_order":2,"comment_status":"closed","ping_status":"closed","template":"","meta":{"footnotes":""},"class_list":["post-51","page","type-page","status-publish","hentry"],"_links":{"self":[{"href":"https:\/\/uenf.br\/posgraduacao\/ciencias-naturais\/wp-json\/wp\/v2\/pages\/51","targetHints":{"allow":["GET"]}}],"collection":[{"href":"https:\/\/uenf.br\/posgraduacao\/ciencias-naturais\/wp-json\/wp\/v2\/pages"}],"about":[{"href":"https:\/\/uenf.br\/posgraduacao\/ciencias-naturais\/wp-json\/wp\/v2\/types\/page"}],"author":[{"embeddable":true,"href":"https:\/\/uenf.br\/posgraduacao\/ciencias-naturais\/wp-json\/wp\/v2\/users\/39"}],"replies":[{"embeddable":true,"href":"https:\/\/uenf.br\/posgraduacao\/ciencias-naturais\/wp-json\/wp\/v2\/comments?post=51"}],"version-history":[{"count":0,"href":"https:\/\/uenf.br\/posgraduacao\/ciencias-naturais\/wp-json\/wp\/v2\/pages\/51\/revisions"}],"up":[{"embeddable":true,"href":"https:\/\/uenf.br\/posgraduacao\/ciencias-naturais\/wp-json\/wp\/v2\/pages\/40"}],"wp:attachment":[{"href":"https:\/\/uenf.br\/posgraduacao\/ciencias-naturais\/wp-json\/wp\/v2\/media?parent=51"}],"curies":[{"name":"wp","href":"https:\/\/api.w.org\/{rel}","templated":true}]}}