{"id":5253,"date":"2022-11-05T15:50:14","date_gmt":"2022-11-05T15:50:14","guid":{"rendered":"https:\/\/uenf.br\/posgraduacao\/ciencias-naturais\/?page_id=5253"},"modified":"2022-11-05T15:50:52","modified_gmt":"2022-11-05T15:50:52","slug":"pasos-del-processo-de-seleccion-2","status":"publish","type":"page","link":"https:\/\/uenf.br\/posgraduacao\/ciencias-naturais\/avisos-y-procesos-de-seleccion\/maestro-y-doctorado\/proceso-de-seleccion-2023-1\/pasos-del-processo-de-seleccion-2\/","title":{"rendered":"Pasos del processo de Selecci\u00f3n"},"content":{"rendered":"<p><a href=\"https:\/\/uenf.br\/posgraduacao\/ciencias-naturais\/wp-content\/uploads\/sites\/4\/2021\/09\/PGCN-Under-construction.png\"><img loading=\"lazy\" decoding=\"async\" class=\"wp-image-3403 aligncenter\" src=\"https:\/\/uenf.br\/posgraduacao\/ciencias-naturais\/wp-content\/uploads\/sites\/4\/2021\/09\/PGCN-Under-construction.png\" alt=\"\" width=\"312\" height=\"208\" srcset=\"https:\/\/uenf.br\/posgraduacao\/ciencias-naturais\/wp-content\/uploads\/sites\/4\/2021\/09\/PGCN-Under-construction.png 510w, https:\/\/uenf.br\/posgraduacao\/ciencias-naturais\/wp-content\/uploads\/sites\/4\/2021\/09\/PGCN-Under-construction-300x200.png 300w\" sizes=\"auto, (max-width: 312px) 100vw, 312px\" \/><\/a><\/p>\n<p><strong>ETAPA:\u00a0 DIVULGA\u00c7\u00c3O PRELIMINAR DAS INSCRI\u00c7\u00d5ES HOMOLOGADAS &#8211; 28\/11\/2022 previs\u00e3o at\u00e9 as\u00a0 18:00 h<br \/>\n<\/strong><\/p>\n<p><strong>PPGCN-2023-1 &#8211; Resultado homologa\u00e7\u00e3o das inscri\u00e7\u00f5es &#8211; mestrado e doutorado<\/strong><\/p>\n<p><strong>Edital de Sele\u00e7\u00e3o PPGCN-2023-1- Anexo 3 &#8211; vagas e candidatos<\/strong><\/p>\n<p><strong>ETAPA:\u00a0 COMISS\u00d5ES DE AVALIA\u00c7\u00c3O E COMISS\u00c3O DE RECURSOS<\/strong><\/p>\n<p><strong>Edital de Sele\u00e7\u00e3o PPGCN-2022-2-Comisss\u00f5es de avalia\u00e7\u00e3o<\/strong><\/p>\n<p><strong>Edital de Sele\u00e7\u00e3o PPGCN-2022-2-Comisss\u00f5es de recursos<\/strong><\/p>\n<p><strong><a href=\"https:\/\/uenf.br\/posgraduacao\/ciencias-naturais\/wp-content\/uploads\/sites\/4\/2022\/04\/Formulario-geral-para-solicitacao-de-recursos-em-pdf-eletronico.pdf\">FORMUL\u00c1RIO GERAL DE RECURSOS<\/a> &#8211; SE NECESS\u00c1RIO, UTILIZE RESPEITANDO O EDITAL E O CRONOGRAMA ESTABELECIDO:<\/strong><\/p>\n<p><strong>Para qualquer recurso \u00e9 obrigat\u00f3rio a utiliza\u00e7\u00e3o do formul\u00e1rio eletr\u00f4nico (preencher, inserir imagem da assinatura e enviar para o e-mail do programa.\u00a0 N\u00e3o ser\u00e3o aceitos recursos em formul\u00e1rios digitalizados ou alterados pelo candidato.\u00a0 Caso tenha dificuldades baixe a vers\u00e3o gratuita mais recente do Adobe Acrobat Reader!<\/strong><\/p>\n<p><strong>ETAPA: DIVULGA\u00c7\u00c3O DEFINITIVA DAS INSCRI\u00c7\u00d5ES HOMOLOGADAS\u00a0 &#8211; 01\/12\/2022 previsto para at\u00e9 as 18:00 h<\/strong><\/p>\n<p><strong>Edital de Sele\u00e7\u00e3o PPGCN-2022-1- Anexo 3 &#8211; vagas e candidatos &#8211; homologa\u00e7\u00e3o final<\/strong><\/p>\n<p><strong>PPGCN-2022-1 &#8211; Resultado homologa\u00e7\u00e3o das inscri\u00e7\u00f5es &#8211; final &#8211; mestrado e doutorado<\/strong><\/p>\n<p><strong>ETAPA: DIVULGA\u00c7\u00c3O PRELIMINAR DOS RESULTADOS DE AVALIA\u00c7\u00c3O DE CURR\u00cdCULO VITAE E HIST\u00d3RICO ESCOLAR &#8211; 02\/12\/2022 previsto para at\u00e9 as\u00a0 18:00 h<\/strong><\/p>\n<p><strong>Resultado preliminar &#8211; Etapa avalia\u00e7\u00e3o curr\u00edculo e hist\u00f3rico escolar<\/strong><\/p>\n<p><strong>ETAPA: DIVULGA\u00c7\u00c3O DEFINITIVA DOS RESULTADOS DE AVALIA\u00c7\u00c3O DE CURR\u00cdCULO VITAE E HIST\u00d3RICO ESCOLAR &#8211; 04\/12\/2022 previsto para at\u00e9 as\u00a0 21:00 h<\/strong><\/p>\n<p><strong>Resultado definitivo &#8211; Etapa avalia\u00e7\u00e3o curr\u00edculo e hist\u00f3rico escolar<\/strong><\/p>\n<p><strong>ETAPA: APLICA\u00c7\u00c3O DAS PROVAS DE CONHECIMENTOS\u00a0 &#8211; Local: UENF\/CCT\/Pr\u00e9dio P3 &#8211; Local a ser definido e informado aos candidatos.<\/strong><\/p>\n<p><strong>Prova de Conhecimentos Gerais &#8211; Dia 07\/12\/2022 <\/strong><strong>de 9:00 \u00e0s 12:00 h.<\/strong><strong>\u00a0 Os candidatos dever\u00e3o de apresentar com no m\u00ednimo 20 minutos de anteced\u00eancia antes do in\u00edcio\u00a0 da prova.<br \/>\nProva de L\u00edngua Estrangeira (Ingl\u00eas)\/Interpreta\u00e7\u00e3o de artigo cient\u00edfico &#8211; Dia 07\/12\/2022 de 14:00 \u00e0s 17:00 h. Os candidatos dever\u00e3o de apresentar com no m\u00ednimo 20 minutos de anteced\u00eancia antes do in\u00edcio\u00a0 da prova. Poder\u00e1 ser utilizado dicion\u00e1rio ingl\u00eas-ingl\u00eas.\u00a0 N\u00e3o ser\u00e1 permitida consulta a dicion\u00e1rios ingl\u00eas-portugu\u00eas ou a utiliza\u00e7\u00e3o de meios digitais.<br \/>\n<\/strong><\/p>\n<p><strong>ETAPA: DIVULGA\u00c7\u00c3O PRELIMINAR DOS RESULTADOS\u00a0 DAS PROVAS DE CONHECIMENTOS &#8211; Dia 09\/12\/2022 &#8211; previsto para at\u00e9 as 12:00 h<\/strong><\/p>\n<p><strong>Resultado Preliminar Provas de conhecimentos<\/strong><\/p>\n","protected":false},"excerpt":{"rendered":"<p>ETAPA:\u00a0 DIVULGA\u00c7\u00c3O PRELIMINAR DAS INSCRI\u00c7\u00d5ES HOMOLOGADAS &#8211; 28\/11\/2022 previs\u00e3o at\u00e9 as\u00a0 18:00 h PPGCN-2023-1 &#8211; Resultado homologa\u00e7\u00e3o das inscri\u00e7\u00f5es &#8211;&#8230;<\/p>\n","protected":false},"author":10,"featured_media":0,"parent":5111,"menu_order":67,"comment_status":"closed","ping_status":"closed","template":"","meta":{"footnotes":""},"class_list":["post-5253","page","type-page","status-publish","hentry"],"_links":{"self":[{"href":"https:\/\/uenf.br\/posgraduacao\/ciencias-naturais\/wp-json\/wp\/v2\/pages\/5253","targetHints":{"allow":["GET"]}}],"collection":[{"href":"https:\/\/uenf.br\/posgraduacao\/ciencias-naturais\/wp-json\/wp\/v2\/pages"}],"about":[{"href":"https:\/\/uenf.br\/posgraduacao\/ciencias-naturais\/wp-json\/wp\/v2\/types\/page"}],"author":[{"embeddable":true,"href":"https:\/\/uenf.br\/posgraduacao\/ciencias-naturais\/wp-json\/wp\/v2\/users\/10"}],"replies":[{"embeddable":true,"href":"https:\/\/uenf.br\/posgraduacao\/ciencias-naturais\/wp-json\/wp\/v2\/comments?post=5253"}],"version-history":[{"count":0,"href":"https:\/\/uenf.br\/posgraduacao\/ciencias-naturais\/wp-json\/wp\/v2\/pages\/5253\/revisions"}],"up":[{"embeddable":true,"href":"https:\/\/uenf.br\/posgraduacao\/ciencias-naturais\/wp-json\/wp\/v2\/pages\/5111"}],"wp:attachment":[{"href":"https:\/\/uenf.br\/posgraduacao\/ciencias-naturais\/wp-json\/wp\/v2\/media?parent=5253"}],"curies":[{"name":"wp","href":"https:\/\/api.w.org\/{rel}","templated":true}]}}