{"id":5389,"date":"2023-01-05T14:39:45","date_gmt":"2023-01-05T14:39:45","guid":{"rendered":"https:\/\/uenf.br\/posgraduacao\/ciencias-naturais\/?page_id=5389"},"modified":"2025-09-02T17:48:53","modified_gmt":"2025-09-02T17:48:53","slug":"etapas-do-processo-seletivo-ppgcn-2023-1-2-doutorado","status":"publish","type":"page","link":"https:\/\/uenf.br\/posgraduacao\/ciencias-naturais\/mestrado-e-doutorado\/processo-seletivo-2023-1-2-doutorado\/etapas-do-processo-seletivo-ppgcn-2023-1-2-doutorado\/","title":{"rendered":"Etapas do Processo Seletivo PPGCN 2023-1-2 &#8211; doutorado"},"content":{"rendered":"<p><strong>ETAPA:\u00a0 DIVULGA\u00c7\u00c3O PRELIMINAR DAS INSCRI\u00c7\u00d5ES HOMOLOGADAS &#8211; 31\/01\/2023 previs\u00e3o at\u00e9 as\u00a0 18:00 h<br \/>\n<\/strong><\/p>\n<p><span style=\"color: #008000\"><strong><a href=\"https:\/\/uenf.br\/posgraduacao\/ciencias-naturais\/wp-content\/uploads\/sites\/4\/2023\/01\/PPGCN-2023-1-2-doutorado-Resultado-homologacao-das-inscricoes.pdf\" target=\"_blank\" rel=\"noopener\"><span style=\"color: #008000\">PPGCN-2023-1-2-doutorado &#8211; Resultado homologa\u00e7\u00e3o das inscri\u00e7\u00f5es<\/span><\/a><\/strong><\/span><\/p>\n<p><span style=\"color: #008000\"><strong><a href=\"https:\/\/uenf.br\/posgraduacao\/ciencias-naturais\/wp-content\/uploads\/sites\/4\/2023\/01\/PPGCN-2023-1-2-doutorado-candidatos-por-vaga-etapa-homologacao.pdf\" target=\"_blank\" rel=\"noopener\"><span style=\"color: #008000\">PPGCN-2023-1-2-doutorado &#8211; candidatos por vaga &#8211; etapa homologa\u00e7\u00e3o<\/span><\/a><\/strong><\/span><\/p>\n<p><strong>ETAPA:\u00a0 COMISS\u00d5ES DE AVALIA\u00c7\u00c3O E COMISS\u00c3O DE RECURSOS<\/strong><\/p>\n<p><span style=\"color: #008000\"><strong><a href=\"https:\/\/uenf.br\/posgraduacao\/ciencias-naturais\/wp-content\/uploads\/sites\/4\/2023\/01\/Edital-de-Selecao-PPGCN-2023-1-2-doutorado-comisssoes-de-avaliacao-e-recursos.pdf\" target=\"_blank\" rel=\"noopener\"><span style=\"color: #008000\">Edital de Sele\u00e7\u00e3o PPGCN-2023-1-2-doutorado-comisss\u00f5es de avalia\u00e7\u00e3o e recursos<\/span><\/a><\/strong><\/span><\/p>\n<p><strong><span style=\"color: #ff0000\"><a style=\"color: #ff0000\" href=\"https:\/\/uenf.br\/posgraduacao\/ciencias-naturais\/wp-content\/uploads\/sites\/4\/2022\/04\/Formulario-geral-para-solicitacao-de-recursos-em-pdf-eletronico.pdf\">FORMUL\u00c1RIO GERAL DE RECURSOS<\/a> <\/span>&#8211; SE NECESS\u00c1RIO, UTILIZE RESPEITANDO O EDITAL E O CRONOGRAMA ESTABELECIDO:<\/strong><\/p>\n<p><strong>Para qualquer recurso \u00e9 obrigat\u00f3rio a utiliza\u00e7\u00e3o do formul\u00e1rio eletr\u00f4nico (preencher, inserir imagem da assinatura e enviar para o e-mail do programa.\u00a0 N\u00e3o ser\u00e3o aceitos recursos em formul\u00e1rios digitalizados ou alterados pelo candidato.\u00a0 Caso tenha dificuldades baixe a vers\u00e3o gratuita mais recente do Adobe Acrobat Reader!<\/strong><\/p>\n<p><strong>ETAPA: DIVULGA\u00c7\u00c3O DEFINITIVA DAS INSCRI\u00c7\u00d5ES HOMOLOGADAS\u00a0 &#8211; 03\/02\/2023 previsto para at\u00e9 as 18:00 h<\/strong><\/p>\n<p><a href=\"https:\/\/uenf.br\/posgraduacao\/ciencias-naturais\/wp-content\/uploads\/sites\/4\/2023\/02\/PPGCN-2023-1-2-doutorado-candidatos-por-vaga-resultado-final-homologacao.pdf\" target=\"_blank\" rel=\"noopener\"><span style=\"color: #008000\"><strong>Edital de Sele\u00e7\u00e3o PPGCN-2023-1-2 &#8211;\u00a0 Anexo1 &#8211; vagas e candidatos &#8211; homologa\u00e7\u00e3o final<\/strong><\/span><\/a><\/p>\n<p><a href=\"https:\/\/uenf.br\/posgraduacao\/ciencias-naturais\/wp-content\/uploads\/sites\/4\/2023\/02\/PPGCN-2023-1-2-doutorado-Resultado-final-homologacao-das-inscricoes.pdf\" target=\"_blank\" rel=\"noopener\"><span style=\"color: #008000\"><strong>PPGCN-2023-1-2 &#8211; Resultado homologa\u00e7\u00e3o das inscri\u00e7\u00f5es &#8211; final &#8211;\u00a0 doutorado<\/strong><\/span><\/a><\/p>\n<p><strong>ETAPA: DIVULGA\u00c7\u00c3O PRELIMINAR DOS RESULTADOS DE AVALIA\u00c7\u00c3O DE CURR\u00cdCULO VITAE E HIST\u00d3RICO ESCOLAR &#8211; 06\/02\/2023 previsto para at\u00e9 as\u00a0 18:00 h<\/strong><\/p>\n<p><a href=\"https:\/\/uenf.br\/posgraduacao\/ciencias-naturais\/wp-content\/uploads\/sites\/4\/2023\/02\/Resultado-preliminar-Etapa-avaliacao-curriculo-e-historico-escolar.pdf\" target=\"_blank\" rel=\"noopener\"><span style=\"color: #008000\"><strong>Resultado preliminar &#8211; Etapa avalia\u00e7\u00e3o curr\u00edculo e hist\u00f3ri<\/strong><strong>co escolar<\/strong><\/span><\/a><\/p>\n<p><strong>ETAPA: DIVULGA\u00c7\u00c3O DEFINITIVA DOS RESULTADOS DE AVALIA\u00c7\u00c3O DE CURR\u00cdCULO VITAE E HIST\u00d3RICO ESCOLAR &#8211; 09\/02\/2023 previsto para at\u00e9 as\u00a0 12:00 h<\/strong><\/p>\n<p><span style=\"color: #008000\"><strong><a href=\"https:\/\/uenf.br\/posgraduacao\/ciencias-naturais\/wp-content\/uploads\/sites\/4\/2023\/02\/Resultado-definitivo-Etapa-avaliacao-curriculo-e-historico-escolar.pdf\"><span style=\"color: #339966\"><span style=\"color: #008000\">Resultado definitivo &#8211; Etapa avalia\u00e7\u00e3o curr\u00edculo e hist\u00f3rico escolar<\/span><\/span><\/a><\/strong><\/span><\/p>\n<p><strong>ETAPA: APLICA\u00c7\u00c3O DAS PROVAS DE CONHECIMENTOS\u00a0 &#8211; Local: UENF\/CCT\/Pr\u00e9dio P3 &#8211; Sala: 104<br \/>\n<\/strong><\/p>\n<p><strong>Prova de Conhecimentos Gerais &#8211; Dia 13\/02\/2023 <\/strong><strong>de 9:00 \u00e0s 12:00 h.<\/strong><strong>\u00a0 Os candidatos dever\u00e3o de apresentar com no m\u00ednimo 20 minutos de anteced\u00eancia antes do in\u00edcio\u00a0 da prova.<br \/>\nProva de L\u00edngua Estrangeira (Ingl\u00eas)\/Interpreta\u00e7\u00e3o de artigo cient\u00edfico &#8211; Dia 13\/02\/2023 de 14:00 \u00e0s 17:00 h. Os candidatos dever\u00e3o de apresentar com no m\u00ednimo 20 minutos de anteced\u00eancia antes do in\u00edcio\u00a0 da prova. Poder\u00e1 ser utilizado dicion\u00e1rio ingl\u00eas-ingl\u00eas.\u00a0 N\u00e3o ser\u00e1 permitida consulta a dicion\u00e1rios ingl\u00eas-portugu\u00eas ou a utiliza\u00e7\u00e3o de meios digitais.<br \/>\n<\/strong><\/p>\n<p><strong>ETAPA: DIVULGA\u00c7\u00c3O PRELIMINAR DOS RESULTADOS\u00a0 DAS PROVAS DE CONHECIMENTOS &#8211; Dia 15\/02\/2023 &#8211; previsto para at\u00e9 as 12:00 h<\/strong><\/p>\n<p><span style=\"color: #808000\"><strong><a style=\"color: #808000\" href=\"https:\/\/uenf.br\/posgraduacao\/ciencias-naturais\/wp-content\/uploads\/sites\/4\/2023\/02\/Resultado-preliminar-Etapa-da-Prova-de-Conhecimentos-Doutorado-2023-1-2-1.pdf\"><span style=\"color: #008000\">Resultado preliminar &#8211; Etapa da Prova de Conhecimentos-Doutorado-2023-1-2<\/span><\/a><\/strong><\/span><\/p>\n<p><span style=\"color: #008000\"><strong><a style=\"color: #008000\" href=\"https:\/\/uenf.br\/posgraduacao\/ciencias-naturais\/wp-content\/uploads\/sites\/4\/2023\/02\/Retificacao-do-Resultado-preliminar-Etapa-da-Prova-de-Conhecimentos-Doutorado-2023-1-2.pdf\">Retifica\u00e7\u00e3o do Resultado preliminar &#8211; Etapa da Prova de Conhecimentos-Doutorado-2023-1-2<\/a><\/strong><\/span><\/p>\n<p><strong>Obs.\u00a0 Os recursos a qualquer quest\u00e3o devem ser baseados na bibliografia recomendada.\u00a0 No recurso devem ser indicadas as quest\u00f5es e as respectivas\u00a0 justificativas contendo os argumentos com base na bibliografia correspondente a quest\u00e3o.<\/strong><\/p>\n<p><strong>ETAPA: DIVULGA\u00c7\u00c3O DEFINITIVA DOS RESULTADOS\u00a0 DA PROVA DE CONHECIMENTOS GERAIS &#8211; Dia 18\/02\/2023 &#8211; previsto para at\u00e9 as 12:00 h<\/strong><\/p>\n<p><span style=\"color: #008000\"><strong><a style=\"color: #008000\" href=\"https:\/\/uenf.br\/posgraduacao\/ciencias-naturais\/wp-content\/uploads\/sites\/4\/2023\/02\/Resultado-definitivo-Etapa-de-conhecimentos-Doutorado-2023-1-2.pdf\">Resultado definitivo- Etapa de conhecimentos-Doutorado-2023-1-2<\/a><\/strong><\/span><\/p>\n<p><strong>ETAPA:\u00a0 ENTREVISTA-PROJETO DE PESQUISA (CANDIDATOS AO DOUTORADO) &#8211; 27\/02\/2023 a 01\/03\/2023 &#8211; Os candidatos ser\u00e3o informados por meio do e-mail fornecido no ato de inscri\u00e7\u00e3o sobre a data, hor\u00e1rio e link do ambiente virtual das entrevistas at\u00e9 24\/02\/2023 at\u00e9 as 18 h- estas informa\u00e7\u00f5es tamb\u00e9m ser\u00e3o disponibilizadas nesta p\u00e1gina (exceto o link individual).\u00a0\u00a0 Caso algum candidato n\u00e3o receba o link entrar em contato com a coordena\u00e7\u00e3o do PPGCN pelo e-mail pgcn@uenf.br at\u00e9 as 12:00 h do dia 25\/02\/2023. <\/strong><\/p>\n<p><strong><span style=\"color: #008000\"><a style=\"color: #008000\" href=\"https:\/\/uenf.br\/posgraduacao\/ciencias-naturais\/wp-content\/uploads\/sites\/4\/2023\/02\/Cronograma-de-entrevistas-projeto-de-pesquisa-\u2013-PPGCN-2023-1-2-\u2013-doutorado.pdf\">Cronograma de entrevistas &#8211; projeto de pesquisa \u2013 PPGCN-2023-1-2 \u2013 doutorado<\/a><\/span><br \/>\n<\/strong><\/p>\n<p><strong>ETAPA: DIVULGA\u00c7\u00c3O PRELIMINAR DOS RESULTADOS\u00a0 DAS <\/strong><strong>ENTREVISTAS-PROJETO DE PESQUISA (CANDIDATOS AO DOUTORADO) &#8211; Dia 01\/03\/2023 &#8211; previsto para at\u00e9 as 18:00 h)<\/strong><\/p>\n<p><strong><span style=\"color: #008000\"><a style=\"color: #008000\" href=\"https:\/\/uenf.br\/posgraduacao\/ciencias-naturais\/wp-content\/uploads\/sites\/4\/2023\/03\/Resultado-preliminar-Etapa-de-entrevistas-e-projetos-Doutorado.pdf\">Resultado preliminar &#8211; Etapa de entrevistas e projetos-Doutorado<\/a><\/span><br \/>\n<\/strong><\/p>\n<p><strong>ETAPA: DIVULGA\u00c7\u00c3O DEFINITIVA DOS RESULTADOS\u00a0 DAS ENTREVISTAS\/PROJETO DE PESQUISA (CANDIDATOS AO DOUTORADO)\u00a0 &#8211; Dia 04\/03\/2023 &#8211; previsto para at\u00e9 as 12:00 h)<\/strong><\/p>\n<p><a href=\"https:\/\/uenf.br\/posgraduacao\/ciencias-naturais\/wp-content\/uploads\/sites\/4\/2023\/03\/Resultado-definitivo-Entrevista-e-projeto-de-pesquisa-doutorado.pdf\"><span style=\"color: #008000\"><strong>Resultado definitivo Entrevista e projeto de pesquisa &#8211; doutorado<\/strong><\/span><\/a><\/p>\n<p><strong>ETAPA: DIVULGA\u00c7\u00c3O DO RESULTADO PRELIMINAR DO PROCESSO SELETIVO PPGCN-2022-2 &#8211; Dia 04\/03\/2023 &#8211; previsto para at\u00e9 as 12:00 h<\/strong><\/p>\n<p><strong><span style=\"color: #008000\"><a style=\"color: #008000\" href=\"https:\/\/uenf.br\/posgraduacao\/ciencias-naturais\/wp-content\/uploads\/sites\/4\/2023\/03\/Resultado-geral-preliminar-Doutorado-ordem-de-classificacao-2.pdf\">Resultado geral preliminar &#8211; Doutorado &#8211; ordem de classifica\u00e7\u00e3o<\/a><\/span><\/strong><\/p>\n<p><span style=\"color: #008000\"><strong><a style=\"color: #008000\" href=\"https:\/\/uenf.br\/posgraduacao\/ciencias-naturais\/wp-content\/uploads\/sites\/4\/2023\/03\/Resultado-Preliminar-doutorado-por-linha-de-pesquisa-orientador-e-tema.-1.pdf\">Resultado Preliminar doutorado &#8211; por linha de pesquisa, orientador e tema.<\/a><\/strong><\/span><\/p>\n<p><strong>ETAPA: DIVULGA\u00c7\u00c3O DO\u00a0 RESULTADO FINAL DO PROCESSO SELETIVO PPGCN-2022-2 &#8211; Dia 06\/03\/2023 &#8211; previsto para at\u00e9 as 18:00 h<\/strong><\/p>\n<p><strong><span style=\"color: #008000\"><a style=\"color: #008000\" href=\"https:\/\/uenf.br\/posgraduacao\/ciencias-naturais\/wp-content\/uploads\/sites\/4\/2023\/03\/Resultado-geral-Final-Doutorado-ordem-de-classificacao.pdf\">Resultado geral Final &#8211; Doutorado &#8211; ordem de classifica\u00e7\u00e3o<\/a><\/span><\/strong><\/p>\n<p><a href=\"https:\/\/uenf.br\/posgraduacao\/ciencias-naturais\/wp-content\/uploads\/sites\/4\/2023\/03\/Edital-de-Selecao-PPGCN-2023-1-Resultado-Geral-Final-linha-de-pesquisa-orientacao-e-tema.pdf\"><strong><span style=\"color: #008000\">Edital de Sele\u00e7\u00e3o PPGCN-2023-1- Resultado Geral Final &#8211; linha de pesquisa, orienta\u00e7\u00e3o e tema<\/span><\/strong><\/a><\/p>\n<p><strong>5.4 \u00a0\u00a0\u00a0\u00a0\u00a0 <\/strong>Haver\u00e1 lista de espera dentro de uma mesma linha de pesquisa, orientador e tema de pesquisa escolhidos pelo candidato no ato da inscri\u00e7\u00e3o de acordo com o <strong>ANEXO 1.<\/strong>\u00a0 A Comiss\u00e3o Coordenadora do Programa dever\u00e1 identificar e aprovar a\u00a0 disponibilidades de novas vagas at\u00e9 o prazo m\u00e1ximo de 10 dias ap\u00f3s a divulga\u00e7\u00e3o do resultado final deste edital. Os (as) candidatos(as) aprovados(as) e n\u00e3o classificados compor\u00e3o a lista de espera e poder\u00e3o ser convocados a preencher estas vagas de acordo com o prazo estabelecido pelo cronograma do processo seletivo <strong>(ANEXO 2).<\/strong><\/p>\n<p><strong>8.1.10 e 8.2.10 \u00a0\u00a0\u00a0 <\/strong>As vagas ser\u00e3o preenchidas de acordo com a ordem de classifica\u00e7\u00e3o dos candidatos, depois de aplicados os crit\u00e9rios de desempate, at\u00e9 o preenchimento total do n\u00famero de vagas oferecidas, havendo cria\u00e7\u00e3o de lista de espera;<\/p>\n<p><strong>8.1.11 e 8.2.11 \u00a0\u00a0\u00a0 <\/strong>Caso existam bolsas de estudo dispon\u00edveis para o programa, a classifica\u00e7\u00e3o de prioridade para concess\u00e3o de bolsas ser\u00e1 feita com base nas notas de classifica\u00e7\u00e3o geral para cada um dos n\u00edveis (mestrado e doutorado), observados os crit\u00e9rios,\u00a0 normas e resolu\u00e7\u00f5es referentes a concess\u00e3o de bolsas de estudo do PPGCN, da UENF e das respectivas Ag\u00eancias de Fomento.<\/p>\n<p>10\u00a0 \u00a0\u00a0\u00a0\u00a0\u00a0\u00a0\u00a0 Convoca\u00e7\u00e3o dos candidatos aprovados e classificados<\/p>\n<p><strong>10.1\u00a0\u00a0\u00a0\u00a0\u00a0\u00a0 <\/strong>Encerrado o processo seletivo e divulgado o resultado final definitivo ser\u00e3o convocados os candidatos selecionados para apresentar-se para a matr\u00edcula no prazo estipulado pelo Calend\u00e1rio Acad\u00eamico de P\u00f3s-gradua\u00e7\u00e3o da UENF.<\/p>\n<p><strong>10.2\u00a0\u00a0\u00a0\u00a0\u00a0\u00a0 <\/strong>\u00a0A convoca\u00e7\u00e3o dos candidatos ser\u00e1 realizada por meio de publica\u00e7\u00e3o do ato de convoca\u00e7\u00e3o no s\u00edtio eletr\u00f4nico do Processo Seletivo e mensagem eletr\u00f4nica ser\u00e1 enviada ao endere\u00e7o de e-mail informado pelos candidatos no formul\u00e1rio de inscri\u00e7\u00e3o.<\/p>\n<p><strong>10.3\u00a0\u00a0\u00a0\u00a0\u00a0\u00a0 <\/strong>O Programa de P\u00f3s-Gradua\u00e7\u00e3o em Ci\u00eancias Naturais funciona em regime de dedica\u00e7\u00e3o exclusiva (40 horas\/semana). A crit\u00e9rio da Comiss\u00e3o Coordenadora poder\u00e3o ser aceitos alunos em regime de dedica\u00e7\u00e3o parcial (com no m\u00ednimo 30 horas\/semana dedicadas ao Programa).\u00a0 No ato de convoca\u00e7\u00e3o dos candidatos aprovados para matr\u00edcula ser\u00e3o disponibilizados os formul\u00e1rios para declara\u00e7\u00e3o de exist\u00eancia ou n\u00e3o de v\u00ednculo empregat\u00edcio e de solicita\u00e7\u00e3o de dedica\u00e7\u00e3o parcial ao programa.\u00a0 Alunos aprovados no processo seletivo que solicitarem autoriza\u00e7\u00e3o para dedica\u00e7\u00e3o parcial somente poder\u00e3o realizar a matr\u00edcula ap\u00f3s o deferimento da solicita\u00e7\u00e3o.\u00a0 Nos casos de solicita\u00e7\u00e3o indeferida o candidato ser\u00e1 eliminado do processo seletivo sendo convocado o pr\u00f3ximo candidato a vaga da lista de espera.<\/p>\n<p>11 \u00a0\u00a0\u00a0\u00a0\u00a0\u00a0\u00a0 Disposi\u00e7\u00f5es finais.<\/p>\n<p><strong>11.1\u00a0\u00a0\u00a0\u00a0\u00a0\u00a0 <\/strong>Ser\u00e1 desclassificado e automaticamente exclu\u00eddo do processo seletivo, o candidato que:<\/p>\n<ol>\n<li>Prestar declara\u00e7\u00f5es ou apresentar documentos falsos em quaisquer das etapas da sele\u00e7\u00e3o.<\/li>\n<li>N\u00e3o apresentar toda a documenta\u00e7\u00e3o requerida nos prazos e condi\u00e7\u00f5es estipuladas neste Edital.<\/li>\n<li>N\u00e3o realizar a sua matr\u00edcula no Programa, na data especificada pelo calend\u00e1rio acad\u00eamico de P\u00f3s-gradua\u00e7\u00e3o da UENF.<\/li>\n<\/ol>\n<p>&nbsp;<\/p>\n","protected":false},"excerpt":{"rendered":"<p>ETAPA:\u00a0 DIVULGA\u00c7\u00c3O PRELIMINAR DAS INSCRI\u00c7\u00d5ES HOMOLOGADAS &#8211; 31\/01\/2023 previs\u00e3o at\u00e9 as\u00a0 18:00 h PPGCN-2023-1-2-doutorado &#8211; Resultado homologa\u00e7\u00e3o das inscri\u00e7\u00f5es PPGCN-2023-1-2-doutorado&#8230;<\/p>\n","protected":false},"author":10,"featured_media":0,"parent":5382,"menu_order":70,"comment_status":"closed","ping_status":"closed","template":"","meta":{"footnotes":""},"class_list":["post-5389","page","type-page","status-publish","hentry"],"_links":{"self":[{"href":"https:\/\/uenf.br\/posgraduacao\/ciencias-naturais\/wp-json\/wp\/v2\/pages\/5389","targetHints":{"allow":["GET"]}}],"collection":[{"href":"https:\/\/uenf.br\/posgraduacao\/ciencias-naturais\/wp-json\/wp\/v2\/pages"}],"about":[{"href":"https:\/\/uenf.br\/posgraduacao\/ciencias-naturais\/wp-json\/wp\/v2\/types\/page"}],"author":[{"embeddable":true,"href":"https:\/\/uenf.br\/posgraduacao\/ciencias-naturais\/wp-json\/wp\/v2\/users\/10"}],"replies":[{"embeddable":true,"href":"https:\/\/uenf.br\/posgraduacao\/ciencias-naturais\/wp-json\/wp\/v2\/comments?post=5389"}],"version-history":[{"count":0,"href":"https:\/\/uenf.br\/posgraduacao\/ciencias-naturais\/wp-json\/wp\/v2\/pages\/5389\/revisions"}],"up":[{"embeddable":true,"href":"https:\/\/uenf.br\/posgraduacao\/ciencias-naturais\/wp-json\/wp\/v2\/pages\/5382"}],"wp:attachment":[{"href":"https:\/\/uenf.br\/posgraduacao\/ciencias-naturais\/wp-json\/wp\/v2\/media?parent=5389"}],"curies":[{"name":"wp","href":"https:\/\/api.w.org\/{rel}","templated":true}]}}