{"id":54,"date":"2014-07-31T15:28:08","date_gmt":"2014-07-31T15:28:08","guid":{"rendered":"http:\/\/uenf.br\/pos-graduacao\/ciencias-naturais\/?page_id=54"},"modified":"2025-09-01T14:07:47","modified_gmt":"2025-09-01T14:07:47","slug":"comissao-coordenadora","status":"publish","type":"page","link":"https:\/\/uenf.br\/posgraduacao\/ciencias-naturais\/apresentacao\/comissao-coordenadora\/","title":{"rendered":"Comiss\u00e3o Coordenadora &#8211; (CCPPGCN)"},"content":{"rendered":"<p style=\"color: #000000\"><span style=\"color: #339966\">___________________________________________________________________________________________<\/span><\/p>\n<h2 style=\"color: #000000\">Coordena\u00e7\u00e3o do PPGCN &#8211; 05\/2025 a 03\/2026<\/h2>\n<address style=\"color: #000000;text-align: justify\"><em><b>Coordenador:\u00a0<\/b><\/em><\/address>\n<address><a href=\"http:\/\/lattes.cnpq.br\/7079791448194916\"><span style=\"color: #000000\">Prof. <\/span>Andr\u00e9 Oliveira Guimar\u00e3es<\/a> <span style=\"color: #000000\">&#8211; <a href=\"https:\/\/uenf.br\/posgraduacao\/ciencias-naturais\/wp-content\/uploads\/sites\/4\/2025\/09\/Nomeacao-DOERJ-2025-2026.pdf\">Nomea\u00e7\u00e3o DOERJ &#8211; 2025-2026<\/a><\/span><\/address>\n<address>\u00a0<\/address>\n<address>\n<address><span style=\"color: #000000\"><em><b>Comiss\u00e3o Coordenadora:\u00a0<\/b><\/em><\/span><\/address>\n<address><span style=\"color: #000000\"><a href=\"http:\/\/lattes.cnpq.br\/7079791448194916\">Prof. Andr\u00e9 Oliveira Guimar\u00e3es<\/a>\u00a0&#8211; Presidente<\/span><\/address>\n<address><span style=\"color: #000000\"><a style=\"color: #000000\" href=\"http:\/\/lattes.cnpq.br\/0553046070876845\">Prof. Marcelo Gomes da Silva<\/a> &#8211; Representante Linha de Pesquisa Ci\u00eancias Ambientais &#8211; CCT-LCFIS<\/span><\/address>\n<address><span style=\"color: #000000\"><a href=\"http:\/\/lattes.cnpq.br\/5294781291958691\"><span style=\"color: #000000\">Prof. Max Erik Soffner<\/span><\/a> &#8211; Representante Linha de Pesquisa Ci\u00eancia e Tecnologia de Materiais &#8211; CCT-LCFIS<\/span><\/address>\n<address><span style=\"color: #000000\"><a style=\"color: #000000\" href=\"http:\/\/lattes.cnpq.br\/8571593985334486\">Prof. Rodrigo Rodrigues de Oliveira<\/a> &#8211; Representante Linha de Pesquisa Bioorg\u00e2nica e Bioinorg\u00e2nica &#8211;\u00a0 CCT-LCQUI<\/span><\/address>\n<address><span style=\"color: #000000\"><a style=\"color: #000000\" href=\"http:\/\/lattes.cnpq.br\/3304165393558355\" target=\"_blank\" rel=\"noopener\">Prof. Victor Gomes Lima Ferraz<\/a> &#8211; Representante Linha de Pesquisa Ensino de Ci\u00eancias &#8211; CCT-LCQUI<\/span><\/address>\n<address><span style=\"color: #000000\"><u>\u00a0Vago <\/u>&#8211; Representante dos mestrandos (podendo ser reconduzido)<\/span><\/address>\n<address><span style=\"color: #000000\"><u>Thiago C\u00e9zar de P\u00e1dua Rosa <\/u>&#8211; Representante dos doutorandos (07\/2025 a 07\/2026 &#8211; podendo ser reconduzido)<\/span><\/address>\n<address><span style=\"color: #000000\"><a style=\"color: #000000\" href=\"http:\/\/lattes.cnpq.br\/4903306339110271\">Jailse Vasconcelos Tougeiro<\/a> &#8211; Representante convidado entre os T\u00e9cnicos Administrativos do PGCN<\/span><\/address>\n<address><a href=\"https:\/\/buscatextual.cnpq.br\/buscatextual\/visualizacv.do?id=K4732068J6&amp;tokenCaptchar=03AFcWeA4oWPqX-AAcwUbKJ9nkRv86Aewh-sHDxAbSSnzzqo04V1v76uyvBG2WQDVWQa0msAgxoveSvF9FHT1n_b1377MdahPVw0l0VVRdfTZNHhkj33D9w-oZTbpKAxo5AB912z3nmlejI8blWqCp7Db7nmM-rffzwc40pCvldUGHHhLsyV2CXK5T-ZRQY4gjHc1xQGrSTYBjVsZwSMsTXo4ByvkQgEx506xWuWYeLxanc8X2xwtm1O0XZiPM8LcZcE_1NPSzY5IZmbc0XeLSqb12GDN0ean2fCT9eVn1pnHs-VZjvkMgaHwQtnqljaGomhhMXUCx4oqPDLtSD3k6Wz3XFwPtGIQFgHTVavALp810UuWc5-7zWG1flIInvT05LYHiWd0nBsDzkuefepPe3NKY7RJqIo34XYn_j7F5nSWEbo84ehKVUb2on1WGqWCindwnV9WOThg8sG-MBtI272AiBNDcBpNl2tuCX1LM4B7IqNgvX1CU8jS40KTekvSPidUub7NzgxNzYe9rBQHDy5U15I59-Lx_zZlyRw-YPA1P7TGZVc8lWqN-4dFU2Idvxg8cHovrJzaXD3-tk_nW2DsoEJHisUbxBg\"><u><span style=\"color: #000000\">D.Sc. Ge\u00f3rgia Peixoto Bechara Moth\u00e9<\/span><\/u><\/a><span style=\"color: #000000\"> &#8211;\u00a0 Representante convidada entre alunos egressos do PGCN (a partir de 09\/2023)<\/span><\/address>\n<\/address>\n<address>\u00a0<\/address>\n<address><span style=\"color: #000000\"><strong>Secret\u00e1ria:\u00a0<\/strong><\/span><\/address>\n<address><span style=\"color: #000000\"><a style=\"color: #000000\" href=\"http:\/\/lattes.cnpq.br\/4903306339110271\">MSc. Jailse Vasconcelos Tougeiro<\/a><\/span><\/address>\n<address>\u00a0<\/address>\n<address style=\"color: #000000\"><span style=\"color: #000000\"><strong>Secretaria do PPGCN<\/strong><\/span><br \/>\n<span style=\"color: #000000\">Centro de Ci\u00eancia e Tecnologia\u00a0<\/span><\/address>\n<address><span style=\"color: #000000\">Secretaria de Cursos do CCT<\/span><\/address>\n<address><span style=\"color: #000000\">e-mail: pgcn@uenf.br<\/span><\/address>\n<address><span style=\"color: #000000\">Fone: <span class=\"skypetbinnertext\">(22) 2739-7806<\/span> &#8211; favor utilizar somente para assuntos que n\u00e3o podem ser resolvidos por e-mail<\/span><\/address>\n<address style=\"color: #000000\"><span style=\"color: #000000\">Av. Alberto Lamego, 2000, T\u00e9rreo do Pr\u00e9dio do CCT &#8211;\u00a0 Parque Calif\u00f3rnia<\/span><br \/>\n<span style=\"color: #000000\">CEP 28013-602, Campos dos Goytacazes, RJ<\/span><\/address>\n","protected":false},"excerpt":{"rendered":"<p>___________________________________________________________________________________________ Coordena\u00e7\u00e3o do PPGCN &#8211; 05\/2025 a 03\/2026 Coordenador:\u00a0 Prof. Andr\u00e9 Oliveira Guimar\u00e3es &#8211; Nomea\u00e7\u00e3o DOERJ &#8211; 2025-2026 \u00a0 Comiss\u00e3o&#8230;<\/p>\n","protected":false},"author":10,"featured_media":0,"parent":40,"menu_order":4,"comment_status":"closed","ping_status":"closed","template":"","meta":{"footnotes":""},"class_list":["post-54","page","type-page","status-publish","hentry"],"_links":{"self":[{"href":"https:\/\/uenf.br\/posgraduacao\/ciencias-naturais\/wp-json\/wp\/v2\/pages\/54","targetHints":{"allow":["GET"]}}],"collection":[{"href":"https:\/\/uenf.br\/posgraduacao\/ciencias-naturais\/wp-json\/wp\/v2\/pages"}],"about":[{"href":"https:\/\/uenf.br\/posgraduacao\/ciencias-naturais\/wp-json\/wp\/v2\/types\/page"}],"author":[{"embeddable":true,"href":"https:\/\/uenf.br\/posgraduacao\/ciencias-naturais\/wp-json\/wp\/v2\/users\/10"}],"replies":[{"embeddable":true,"href":"https:\/\/uenf.br\/posgraduacao\/ciencias-naturais\/wp-json\/wp\/v2\/comments?post=54"}],"version-history":[{"count":0,"href":"https:\/\/uenf.br\/posgraduacao\/ciencias-naturais\/wp-json\/wp\/v2\/pages\/54\/revisions"}],"up":[{"embeddable":true,"href":"https:\/\/uenf.br\/posgraduacao\/ciencias-naturais\/wp-json\/wp\/v2\/pages\/40"}],"wp:attachment":[{"href":"https:\/\/uenf.br\/posgraduacao\/ciencias-naturais\/wp-json\/wp\/v2\/media?parent=54"}],"curies":[{"name":"wp","href":"https:\/\/api.w.org\/{rel}","templated":true}]}}