{"id":5437,"date":"2023-01-23T13:59:40","date_gmt":"2023-01-23T13:59:40","guid":{"rendered":"https:\/\/uenf.br\/posgraduacao\/ciencias-naturais\/?page_id=5437"},"modified":"2023-02-01T14:40:52","modified_gmt":"2023-02-01T14:40:52","slug":"egressos","status":"publish","type":"page","link":"https:\/\/uenf.br\/posgraduacao\/ciencias-naturais\/egressos\/","title":{"rendered":"EGRESSOS"},"content":{"rendered":"<p><span style=\"color: #000000\">Desde a primeira turma ingressante em 2003, o Programa de P\u00f3s-Gradua\u00e7\u00e3o em Ci\u00eancias Naturais (PPGCN) da UENF vem formando mestres e doutores na \u00e1rea de Ci\u00eancias Naturais.\u00a0 Em 2013 foram implantadas as quatro linhas de pesquisa que possibilitam aos discentes uma forma\u00e7\u00e3o interdisciplinar geral e tamb\u00e9m conhecimento espec\u00edfico de acordo com seus<\/span> <span style=\"color: #000000\">interesses:\u00a0 Bio-org\u00e2nica e Bio-Inorg\u00e2nica, Ci\u00eancias Ambientais, ci\u00eancia e Tecnologia de Materiais e, Ensino de Ci\u00eancias.<\/span><\/p>\n<p><span style=\"color: #000000\">Os egressos do PPGCN atuam em diversas institui\u00e7\u00f5es p\u00fablicas ou privadas, principalmente na \u00e1rea da Educa\u00e7\u00e3o em todos os n\u00edveis de ensino.<\/span><\/p>\n<p><span style=\"color: #000000\">Em 2023 o PPGCN est\u00e1 completando 20 anos de atividades desde a entrada de sua primeira turma.\u00a0 A seguir alguns n\u00fameros que representam o sucesso do programa ao longo destes anos (dados atualizados at\u00e9 10\/02\/2023):<\/span><\/p>\n<table class=\" aligncenter\" border=\"1px\" width=\"500\">\n<tbody>\n<tr>\n<td style=\"text-align: center\" colspan=\"2\" width=\"458\"><strong><span style=\"color: #000000\">SITUA\u00c7\u00c3O DE EGRESSOS DO PPGCN<\/span><\/strong><\/td>\n<\/tr>\n<tr>\n<td width=\"430\"><span style=\"color: #000000\">Egressos de Mestrado PPGCN<\/span><\/td>\n<td style=\"text-align: center\" width=\"75\"><span style=\"color: #000000\">228<\/span><\/td>\n<\/tr>\n<tr>\n<td><span style=\"color: #000000\">Egressos de Doutorado PPGCN<\/span><\/td>\n<td style=\"text-align: center\"><span style=\"color: #000000\">122<\/span><\/td>\n<\/tr>\n<tr>\n<td><span style=\"color: #000000\">Egressos Mestrado e Doutorado PPGCN<\/span><\/td>\n<td style=\"text-align: center\"><span style=\"color: #000000\">88<\/span><\/td>\n<\/tr>\n<tr>\n<td><span style=\"color: #000000\">Somente Doutorado no PPGCN<\/span><\/td>\n<td style=\"text-align: center\"><span style=\"color: #000000\">34<\/span><\/td>\n<\/tr>\n<tr>\n<td><span style=\"color: #000000\">Somente Mestrado no PPGCN<\/span><\/td>\n<td style=\"text-align: center\"><span style=\"color: #000000\">140<\/span><\/td>\n<\/tr>\n<tr>\n<td style=\"text-align: right\"><span style=\"color: #000000\">Conclu\u00edram Doutorado em outras institui\u00e7\u00f5es<\/span><\/td>\n<td style=\"text-align: center\"><span style=\"color: #000000\">21<\/span><\/td>\n<\/tr>\n<tr>\n<td style=\"text-align: right\"><span style=\"color: #000000\">Conclu\u00edram Doutorado em outros programas da\u00a0UENF<\/span><\/td>\n<td style=\"text-align: center\"><span style=\"color: #000000\">1<\/span><\/td>\n<\/tr>\n<tr>\n<td style=\"text-align: right\"><span style=\"color: #000000\">Cursando Doutorado no PPGCN<\/span><\/td>\n<td style=\"text-align: center\"><span style=\"color: #000000\">23<\/span><\/td>\n<\/tr>\n<tr>\n<td style=\"text-align: right\"><span style=\"color: #000000\">Cursando Doutorado em outros programas da UENF<\/span><\/td>\n<td style=\"text-align: center\"><span style=\"color: #000000\">2<\/span><\/td>\n<\/tr>\n<tr>\n<td style=\"text-align: right\"><span style=\"color: #000000\">Cursando Doutorado em outras institui\u00e7\u00f5es<\/span><\/td>\n<td style=\"text-align: center\"><span style=\"color: #000000\">4<\/span><\/td>\n<\/tr>\n<\/tbody>\n<\/table>\n<p>&nbsp;<\/p>\n<p><a href=\"https:\/\/uenf.br\/posgraduacao\/ciencias-naturais\/wp-content\/uploads\/sites\/4\/2023\/01\/Relatorio-Egressos-PPGCN-divulgacao-ordem-alfabetica-atualizado-em-10-01-2023-2.pdf\"><span style=\"color: #0000ff\">Relat\u00f3rio Egressos PPGCN &#8211; divulga\u00e7\u00e3o ordem alfab\u00e9tica &#8211; atualizado em 10-01-2023<\/span><\/a><\/p>\n<p><span style=\"color: #0000ff\"><a href=\"https:\/\/uenf.br\/posgraduacao\/ciencias-naturais\/wp-content\/uploads\/sites\/4\/2023\/01\/Relatorio-Egressos-PPGCN-divulgacao-por-ano-semestre-ingresso-atualizado-em-10-01-2023-1.pdf\"><span style=\"color: #0000ff\">Relat\u00f3rio Egressos PPGCN &#8211; divulga\u00e7\u00e3o por ano-semestre ingresso &#8211; atualizado em 10-01-2023<\/span><\/a><\/span><\/p>\n<p><span style=\"color: #0000ff\"><a href=\"https:\/\/uenf.br\/posgraduacao\/ciencias-naturais\/wp-content\/uploads\/sites\/4\/2023\/01\/Relatorio-Egressos-PPGCN-divulgacao-por-ano-semestre-conclusao-atualizado-em-10-01-2023.pdf\"><span style=\"color: #0000ff\">Relat\u00f3rio Egressos PPGCN &#8211; divulga\u00e7\u00e3o por ano-semestre conclus\u00e3o &#8211; atualizado em 10-01-2023<\/span><\/a><\/span><\/p>\n<p><span style=\"color: #0000ff\"><a style=\"color: #0000ff\" href=\"https:\/\/uenf.br\/posgraduacao\/ciencias-naturais\/wp-content\/uploads\/sites\/4\/2023\/01\/Relatorio-Egressos-PPGCN-divulgacao-por-orientador-atualizado-em-10-01-2023.pdf\">Relat\u00f3rio Egressos PPGCN &#8211; divulga\u00e7\u00e3o por orientador &#8211; atualizado em 10-01-2023<\/a><\/span><\/p>\n","protected":false},"excerpt":{"rendered":"<p>Desde a primeira turma ingressante em 2003, o Programa de P\u00f3s-Gradua\u00e7\u00e3o em Ci\u00eancias Naturais (PPGCN) da UENF vem formando mestres&#8230;<\/p>\n","protected":false},"author":10,"featured_media":0,"parent":0,"menu_order":21,"comment_status":"closed","ping_status":"closed","template":"","meta":{"footnotes":""},"class_list":["post-5437","page","type-page","status-publish","hentry"],"_links":{"self":[{"href":"https:\/\/uenf.br\/posgraduacao\/ciencias-naturais\/wp-json\/wp\/v2\/pages\/5437","targetHints":{"allow":["GET"]}}],"collection":[{"href":"https:\/\/uenf.br\/posgraduacao\/ciencias-naturais\/wp-json\/wp\/v2\/pages"}],"about":[{"href":"https:\/\/uenf.br\/posgraduacao\/ciencias-naturais\/wp-json\/wp\/v2\/types\/page"}],"author":[{"embeddable":true,"href":"https:\/\/uenf.br\/posgraduacao\/ciencias-naturais\/wp-json\/wp\/v2\/users\/10"}],"replies":[{"embeddable":true,"href":"https:\/\/uenf.br\/posgraduacao\/ciencias-naturais\/wp-json\/wp\/v2\/comments?post=5437"}],"version-history":[{"count":0,"href":"https:\/\/uenf.br\/posgraduacao\/ciencias-naturais\/wp-json\/wp\/v2\/pages\/5437\/revisions"}],"wp:attachment":[{"href":"https:\/\/uenf.br\/posgraduacao\/ciencias-naturais\/wp-json\/wp\/v2\/media?parent=5437"}],"curies":[{"name":"wp","href":"https:\/\/api.w.org\/{rel}","templated":true}]}}