{"id":5483,"date":"2023-02-01T15:36:25","date_gmt":"2023-02-01T15:36:25","guid":{"rendered":"https:\/\/uenf.br\/posgraduacao\/ciencias-naturais\/?page_id=5483"},"modified":"2025-01-16T12:20:52","modified_gmt":"2025-01-16T12:20:52","slug":"edital-pdse-2023","status":"publish","type":"page","link":"https:\/\/uenf.br\/posgraduacao\/ciencias-naturais\/editais-e-processos-seletivos\/edital-pdse\/edital-pdse-2023\/","title":{"rendered":"EDITAL PDSE \u2013 2023"},"content":{"rendered":"<p><span style=\"color: #000000\"><a style=\"color: #000000\" href=\"https:\/\/uenf.br\/posgraduacao\/ciencias-naturais\/wp-content\/uploads\/sites\/4\/2023\/02\/Edital_PPGCN.PDSE_.2023.pdf\" target=\"_blank\" rel=\"noopener\">Edital interno PGCN-PDSE-2023 &#8211; Doutorado Sanduiche no Exterior<\/a><\/span><\/p>\n<p style=\"padding-left: 40px\"><span style=\"color: #000000\">Veja tamb\u00e9m: \u00a0\u00a0 <a style=\"color: #000000\" href=\"https:\/\/uenf.br\/posgraduacao\/ciencias-naturais\/wp-content\/uploads\/sites\/4\/2023\/02\/EDITAL_PROPPG_01.2023_PDSE_CAPES_Edital_44_2022-1.pdf\" target=\"_blank\" rel=\"noopener\">Edital PROPPG-01-23 PDSE-CAPES 44-2022 &#8211; PDSE-2023<\/a><\/span><\/p>\n<p style=\"padding-left: 160px\"><span style=\"color: #000000\"><a style=\"color: #000000\" href=\"https:\/\/uenf.br\/posgraduacao\/ciencias-naturais\/wp-content\/uploads\/sites\/4\/2023\/02\/EDITAL-CAPES-PDSE-44-2022.pdf\" target=\"_blank\" rel=\"noopener\">Edital CAPES &#8211; PDSE &#8211; 44-2022<\/a><\/span><\/p>\n<p><span style=\"color: #000000\"><strong>Comiss\u00e3o de sele\u00e7\u00e3o de candidaturas:<\/strong><\/span><\/p>\n<p><span style=\"color: #000000\">Prof. Maria Cristina Canela<\/span><\/p>\n<p><span style=\"color: #000000\">Prof. Roberto Weider de Assis Franco<\/span><\/p>\n<p><span style=\"color: #000000\">Prof.\u00a0 Rodrigo Rodrigues de Oliveira<\/span><\/p>\n<p><span style=\"color: #000000\">Prof. Sergio Luis Cardoso<\/span><\/p>\n<p><strong><span style=\"color: #000000\">Candidatos inscritos:<\/span><\/strong><\/p>\n<p><span style=\"color: #000000\">Luel Maximiano de Oliveira Costa<\/span><\/p>\n<p><strong><span style=\"color: #000000\">Resultado do Processo de Sele\u00e7\u00e3o:<\/span><\/strong><\/p>\n<p><span style=\"color: #000000\">Candidato aprovado para indica\u00e7\u00e3o do PPGCN:\u00a0 Luel Maximiano de Oliviera Costa<\/span><\/p>\n<p><a href=\"https:\/\/uenf.br\/posgraduacao\/ciencias-naturais\/wp-content\/uploads\/sites\/4\/2023\/03\/Ata-deSelecao-Edital-PDSE-PPGCN-2023.pdf\" target=\"_blank\" rel=\"noopener\"><span style=\"color: #000000\">Ata de Sele\u00e7\u00e3o Edital PDSE &#8211; PPGCN &#8211; 2023<\/span><\/a><\/p>\n<p>&nbsp;<\/p>\n<p>&nbsp;<\/p>\n<p>&nbsp;<\/p>\n","protected":false},"excerpt":{"rendered":"<p>Edital interno PGCN-PDSE-2023 &#8211; Doutorado Sanduiche no Exterior Veja tamb\u00e9m: \u00a0\u00a0 Edital PROPPG-01-23 PDSE-CAPES 44-2022 &#8211; PDSE-2023 Edital CAPES &#8211;&#8230;<\/p>\n","protected":false},"author":10,"featured_media":0,"parent":3390,"menu_order":4,"comment_status":"closed","ping_status":"closed","template":"","meta":{"footnotes":""},"class_list":["post-5483","page","type-page","status-publish","hentry"],"_links":{"self":[{"href":"https:\/\/uenf.br\/posgraduacao\/ciencias-naturais\/wp-json\/wp\/v2\/pages\/5483","targetHints":{"allow":["GET"]}}],"collection":[{"href":"https:\/\/uenf.br\/posgraduacao\/ciencias-naturais\/wp-json\/wp\/v2\/pages"}],"about":[{"href":"https:\/\/uenf.br\/posgraduacao\/ciencias-naturais\/wp-json\/wp\/v2\/types\/page"}],"author":[{"embeddable":true,"href":"https:\/\/uenf.br\/posgraduacao\/ciencias-naturais\/wp-json\/wp\/v2\/users\/10"}],"replies":[{"embeddable":true,"href":"https:\/\/uenf.br\/posgraduacao\/ciencias-naturais\/wp-json\/wp\/v2\/comments?post=5483"}],"version-history":[{"count":0,"href":"https:\/\/uenf.br\/posgraduacao\/ciencias-naturais\/wp-json\/wp\/v2\/pages\/5483\/revisions"}],"up":[{"embeddable":true,"href":"https:\/\/uenf.br\/posgraduacao\/ciencias-naturais\/wp-json\/wp\/v2\/pages\/3390"}],"wp:attachment":[{"href":"https:\/\/uenf.br\/posgraduacao\/ciencias-naturais\/wp-json\/wp\/v2\/media?parent=5483"}],"curies":[{"name":"wp","href":"https:\/\/api.w.org\/{rel}","templated":true}]}}