{"id":5514,"date":"2023-02-02T14:12:03","date_gmt":"2023-02-02T14:12:03","guid":{"rendered":"https:\/\/uenf.br\/posgraduacao\/ciencias-naturais\/?page_id=5514"},"modified":"2024-04-08T16:37:02","modified_gmt":"2024-04-08T16:37:02","slug":"disciplinas-2023-1","status":"publish","type":"page","link":"https:\/\/uenf.br\/posgraduacao\/ciencias-naturais\/informacoes-academicas\/disciplinas-2023-1\/","title":{"rendered":"Disciplinas 2023\/1"},"content":{"rendered":"<p><a href=\"https:\/\/uenf.br\/posgraduacao\/ciencias-naturais\/wp-content\/uploads\/sites\/4\/2023\/03\/Planejamento-Academico-PPGCN-2023.1-atualizado-em-09-03-2023.pdf\">Planejamento Acad\u00eamico &#8211; PPGCN &#8211; 2023.1 atualizado em 09 03 2023<\/a><\/p>\n<p><a href=\"https:\/\/uenf.br\/posgraduacao\/ciencias-naturais\/wp-content\/uploads\/sites\/4\/2023\/03\/QUADRO-DE-HORARIOS-2023.1-atualizado-em-09-03-2023.pdf\">QUADRO DE HOR\u00c1RIOS 2023.1 atualizado em 09 03 2023<\/a><\/p>\n<p><span style=\"color: #000000\"><span style=\"color: #ff0000\">Observa\u00e7\u00e3o:\u00a0<\/span> As informa\u00e7\u00f5es acima ainda est\u00e3o sendo ajustadas e poder\u00e3o sofrer altera\u00e7\u00f5es.\u00a0\u00a0<\/span><\/p>\n<p><span style=\"color: #000000\"><span style=\"color: #ff0000\">Observa\u00e7\u00e3o:\u00a0<\/span> Disciplinas alocadas aos s\u00e1bados para adequa\u00e7\u00e3o no sistema acad\u00eamico por\u00e9m as atividades s\u00e3o em hor\u00e1rios variados de acordo com o planejamento discente.<\/span><\/p>\n<p><span style=\"color: #000000\"><span style=\"color: #ff0000\">Observa\u00e7\u00e3o:<\/span>\u00a0 Em breve ser\u00e3o disponibilizadas as rela\u00e7\u00f5es de disciplinas para Inicia\u00e7\u00e3o \u00e0 Doc\u00eancia e Atividades de Extens\u00e3o. Somente ser\u00e3o validadas atividades cadastradas no PPGCN.<\/span><\/p>\n","protected":false},"excerpt":{"rendered":"<p>Planejamento Acad\u00eamico &#8211; PPGCN &#8211; 2023.1 atualizado em 09 03 2023 QUADRO DE HOR\u00c1RIOS 2023.1 atualizado em 09 03 2023&#8230;<\/p>\n","protected":false},"author":10,"featured_media":0,"parent":1558,"menu_order":33,"comment_status":"closed","ping_status":"closed","template":"","meta":{"footnotes":""},"class_list":["post-5514","page","type-page","status-publish","hentry"],"_links":{"self":[{"href":"https:\/\/uenf.br\/posgraduacao\/ciencias-naturais\/wp-json\/wp\/v2\/pages\/5514","targetHints":{"allow":["GET"]}}],"collection":[{"href":"https:\/\/uenf.br\/posgraduacao\/ciencias-naturais\/wp-json\/wp\/v2\/pages"}],"about":[{"href":"https:\/\/uenf.br\/posgraduacao\/ciencias-naturais\/wp-json\/wp\/v2\/types\/page"}],"author":[{"embeddable":true,"href":"https:\/\/uenf.br\/posgraduacao\/ciencias-naturais\/wp-json\/wp\/v2\/users\/10"}],"replies":[{"embeddable":true,"href":"https:\/\/uenf.br\/posgraduacao\/ciencias-naturais\/wp-json\/wp\/v2\/comments?post=5514"}],"version-history":[{"count":0,"href":"https:\/\/uenf.br\/posgraduacao\/ciencias-naturais\/wp-json\/wp\/v2\/pages\/5514\/revisions"}],"up":[{"embeddable":true,"href":"https:\/\/uenf.br\/posgraduacao\/ciencias-naturais\/wp-json\/wp\/v2\/pages\/1558"}],"wp:attachment":[{"href":"https:\/\/uenf.br\/posgraduacao\/ciencias-naturais\/wp-json\/wp\/v2\/media?parent=5514"}],"curies":[{"name":"wp","href":"https:\/\/api.w.org\/{rel}","templated":true}]}}