{"id":56,"date":"2014-07-31T15:29:05","date_gmt":"2014-07-31T15:29:05","guid":{"rendered":"http:\/\/uenf.br\/pos-graduacao\/ciencias-naturais\/?page_id=56"},"modified":"2024-05-24T14:43:50","modified_gmt":"2024-05-24T14:43:50","slug":"linhas-de-pesquisa","status":"publish","type":"page","link":"https:\/\/uenf.br\/posgraduacao\/ciencias-naturais\/linhas-de-pesquisa\/","title":{"rendered":"LINHAS DE PESQUISA"},"content":{"rendered":"<p><span style=\"color: #339966\">___________________________________________________________________________________________<\/span><\/p>\n<h3><span style=\"color: #000000\"><strong>MESTRADO E DOUTORADO (STRICTO SENSU)<\/strong><\/span><\/h3>\n<p><span style=\"color: #000000\"><strong>\u00c1REA DE CONCENTRA\u00c7\u00c3O: CI\u00caNCIAS NATURAIS<\/strong><\/span><\/p>\n<p><span style=\"color: #000000\"><strong>LINHAS DE PESQUISA:<\/strong><\/span><\/p>\n<p><span style=\"color: #000000\"><a style=\"color: #000000\" href=\"https:\/\/uenf.br\/posgraduacao\/ciencias-naturais\/linhas-de-pesquisa\/bio-organica-e-bio-inorganica\/\" target=\"_blank\" rel=\"noopener\">Bio-org\u00e2nica e Bio-inorg\u00e2nica<\/a><\/span><\/p>\n<p><span style=\"color: #000000\"><a style=\"color: #000000\" href=\"https:\/\/uenf.br\/posgraduacao\/ciencias-naturais\/linhas-de-pesquisa\/ciencias-ambientais\/\" target=\"_blank\" rel=\"noopener\">Ci\u00eancias Ambientais<\/a>\u00a0\u00a0\u00a0<\/span><\/p>\n<p><span style=\"color: #000000\"><a style=\"color: #000000\" href=\"https:\/\/uenf.br\/posgraduacao\/ciencias-naturais\/linhas-de-pesquisa\/ciencia-e-tecnologia-de-materiais\/\" target=\"_blank\" rel=\"noopener\">Ci\u00eancia e Tecnologia de Materiais<\/a>\u00a0\u00a0\u00a0<\/span><\/p>\n<p><a href=\"https:\/\/uenf.br\/posgraduacao\/ciencias-naturais\/areas-de-concentracao\/ensino-de-ciencias\/\" target=\"_blank\" rel=\"noopener\"><span style=\"color: #000000\">Ensino de Ci\u00eancias<\/span><\/a><\/p>\n<p>&nbsp;<\/p>\n<p>&nbsp;<\/p>\n<p>&nbsp;<\/p>\n<h3><\/h3>\n<p>&nbsp;<\/p>\n<p>&nbsp;<\/p>\n","protected":false},"excerpt":{"rendered":"<p>___________________________________________________________________________________________ MESTRADO E DOUTORADO (STRICTO SENSU) \u00c1REA DE CONCENTRA\u00c7\u00c3O: CI\u00caNCIAS NATURAIS LINHAS DE PESQUISA: Bio-org\u00e2nica e Bio-inorg\u00e2nica Ci\u00eancias Ambientais\u00a0\u00a0\u00a0 Ci\u00eancia&#8230;<\/p>\n","protected":false},"author":10,"featured_media":0,"parent":0,"menu_order":10,"comment_status":"closed","ping_status":"closed","template":"","meta":{"footnotes":""},"class_list":["post-56","page","type-page","status-publish","hentry"],"_links":{"self":[{"href":"https:\/\/uenf.br\/posgraduacao\/ciencias-naturais\/wp-json\/wp\/v2\/pages\/56","targetHints":{"allow":["GET"]}}],"collection":[{"href":"https:\/\/uenf.br\/posgraduacao\/ciencias-naturais\/wp-json\/wp\/v2\/pages"}],"about":[{"href":"https:\/\/uenf.br\/posgraduacao\/ciencias-naturais\/wp-json\/wp\/v2\/types\/page"}],"author":[{"embeddable":true,"href":"https:\/\/uenf.br\/posgraduacao\/ciencias-naturais\/wp-json\/wp\/v2\/users\/10"}],"replies":[{"embeddable":true,"href":"https:\/\/uenf.br\/posgraduacao\/ciencias-naturais\/wp-json\/wp\/v2\/comments?post=56"}],"version-history":[{"count":0,"href":"https:\/\/uenf.br\/posgraduacao\/ciencias-naturais\/wp-json\/wp\/v2\/pages\/56\/revisions"}],"wp:attachment":[{"href":"https:\/\/uenf.br\/posgraduacao\/ciencias-naturais\/wp-json\/wp\/v2\/media?parent=56"}],"curies":[{"name":"wp","href":"https:\/\/api.w.org\/{rel}","templated":true}]}}