{"id":5653,"date":"2023-03-16T14:55:10","date_gmt":"2023-03-16T14:55:10","guid":{"rendered":"https:\/\/uenf.br\/posgraduacao\/ciencias-naturais\/?page_id=5653"},"modified":"2023-07-08T18:41:02","modified_gmt":"2023-07-08T18:41:02","slug":"edital-mestrado-e-doutorado-nota-10-faperj-2023","status":"publish","type":"page","link":"https:\/\/uenf.br\/posgraduacao\/ciencias-naturais\/editais-e-processos-seletivos\/processo-seletivo-mestrado-e-doutorado-nota-10-faperj\/edital-mestrado-e-doutorado-nota-10-faperj-2023\/","title":{"rendered":"Edital Mestrado e Doutorado Nota 10 \u2013 FAPERJ \u2013 2023-1"},"content":{"rendered":"<p><a href=\"https:\/\/uenf.br\/posgraduacao\/ciencias-naturais\/wp-content\/uploads\/sites\/4\/2023\/03\/Edital_PPGCN.FAPERJ-NOTA-10.2023-1.pdf\" target=\"_blank\" rel=\"noopener\"><span style=\"color: #000000\">Edital interno PGCN-FAPERJ &#8211; MESTRADO E DOUTORADO NOTA 10 2023<\/span><\/a><\/p>\n<p><span style=\"color: #000000\">Veja tamb\u00e9m: \u00a0 <a style=\"color: #000000\" href=\"https:\/\/uenf.br\/posgraduacao\/ciencias-naturais\/wp-content\/uploads\/sites\/4\/2023\/03\/Edital_FAPERJ_no_01_2023_Mestrado_e_Doutorado_Nota_10.pdf\" target=\"_blank\" rel=\"noopener\">Edital FAPERJ n\u00ba 01\/2023 &#8211; Mestrado e Doutorado Nota 10<\/a><\/span><\/p>\n<p><span style=\"color: #000000\"><strong>Comiss\u00e3o de sele\u00e7\u00e3o de candidaturas:<\/strong><\/span><\/p>\n<p><span style=\"color: #000000\">Profa. Maria Cristina Canela &#8211; presidente<\/span><\/p>\n<p><span style=\"color: #000000\">Prof. Marcelo Gomes da Silva<\/span><br \/>\n<span style=\"color: #000000\">Prof. Roberto Weider de Assis Franco<\/span><\/p>\n<p><span style=\"color: #000000\"><strong>Candidatos inscritos:<\/strong><\/span><\/p>\n<p><span style=\"color: #000000\">Francine Aparecida Fernandes Menezes &#8211; doutorado <\/span><\/p>\n<p><span style=\"color: #000000\">\u00a0\u00a0\u00a0\u00a0\u00a0\u00a0\u00a0\u00a0\u00a0\u00a0\u00a0\u00a0\u00a0\u00a0\u00a0\u00a0\u00a0\u00a0\u00a0\u00a0\u00a0\u00a0\u00a0 Orientador: Prof. Andr\u00e9 Oliveira Guimar\u00e3es<\/span><\/p>\n<p><span style=\"color: #000000\">Jessica da Silva Maciel &#8211; doutorado<\/span><\/p>\n<p><span style=\"color: #000000\">\u00a0\u00a0\u00a0\u00a0\u00a0\u00a0\u00a0\u00a0\u00a0\u00a0\u00a0\u00a0\u00a0\u00a0\u00a0\u00a0\u00a0\u00a0\u00a0\u00a0\u00a0\u00a0\u00a0 Orientador: Rodrigo Rodrigues de Oliveira<\/span><\/p>\n<p><span style=\"color: #000000\"><strong>Resultado do Processo de Sele\u00e7\u00e3o:<\/strong><\/span><\/p>\n<p><span style=\"color: #000000\"><strong>Candidatos aprovados:<\/strong><\/span><\/p>\n<p><span style=\"color: #000000\">Francine Aparecida Fernandes Menezes &#8211; doutorado<\/span><\/p>\n<p><span style=\"color: #000000\">\u00a0\u00a0\u00a0\u00a0\u00a0\u00a0\u00a0\u00a0\u00a0\u00a0\u00a0\u00a0\u00a0\u00a0\u00a0\u00a0\u00a0\u00a0\u00a0\u00a0\u00a0\u00a0\u00a0 Orientador: Prof. Andr\u00e9 Oliveira Guimar\u00e3es<\/span><\/p>\n","protected":false},"excerpt":{"rendered":"<p>Edital interno PGCN-FAPERJ &#8211; MESTRADO E DOUTORADO NOTA 10 2023 Veja tamb\u00e9m: \u00a0 Edital FAPERJ n\u00ba 01\/2023 &#8211; Mestrado e&#8230;<\/p>\n","protected":false},"author":10,"featured_media":0,"parent":5645,"menu_order":91,"comment_status":"closed","ping_status":"closed","template":"","meta":{"footnotes":""},"class_list":["post-5653","page","type-page","status-publish","hentry"],"_links":{"self":[{"href":"https:\/\/uenf.br\/posgraduacao\/ciencias-naturais\/wp-json\/wp\/v2\/pages\/5653","targetHints":{"allow":["GET"]}}],"collection":[{"href":"https:\/\/uenf.br\/posgraduacao\/ciencias-naturais\/wp-json\/wp\/v2\/pages"}],"about":[{"href":"https:\/\/uenf.br\/posgraduacao\/ciencias-naturais\/wp-json\/wp\/v2\/types\/page"}],"author":[{"embeddable":true,"href":"https:\/\/uenf.br\/posgraduacao\/ciencias-naturais\/wp-json\/wp\/v2\/users\/10"}],"replies":[{"embeddable":true,"href":"https:\/\/uenf.br\/posgraduacao\/ciencias-naturais\/wp-json\/wp\/v2\/comments?post=5653"}],"version-history":[{"count":0,"href":"https:\/\/uenf.br\/posgraduacao\/ciencias-naturais\/wp-json\/wp\/v2\/pages\/5653\/revisions"}],"up":[{"embeddable":true,"href":"https:\/\/uenf.br\/posgraduacao\/ciencias-naturais\/wp-json\/wp\/v2\/pages\/5645"}],"wp:attachment":[{"href":"https:\/\/uenf.br\/posgraduacao\/ciencias-naturais\/wp-json\/wp\/v2\/media?parent=5653"}],"curies":[{"name":"wp","href":"https:\/\/api.w.org\/{rel}","templated":true}]}}