{"id":5681,"date":"2023-03-26T12:52:10","date_gmt":"2023-03-26T12:52:10","guid":{"rendered":"https:\/\/uenf.br\/posgraduacao\/ciencias-naturais\/?page_id=5681"},"modified":"2025-02-22T14:12:13","modified_gmt":"2025-02-22T14:12:13","slug":"avaliacoes-externas","status":"publish","type":"page","link":"https:\/\/uenf.br\/posgraduacao\/ciencias-naturais\/avaliacoes-externas-e-autoavaliacao\/avaliacoes-externas\/","title":{"rendered":"Avalia\u00e7\u00f5es Externas do PPGCN"},"content":{"rendered":"<p style=\"text-align: justify\"><span style=\"color: #000000\">A Avalia\u00e7\u00e3o do Sistema Nacional de P\u00f3s-Gradua\u00e7\u00e3o, na forma como foi estabelecida a partir de 1998 , \u00e9 orientada pela Diretoria de Avalia\u00e7\u00e3o\/CAPES e realizada com a participa\u00e7\u00e3o da comunidade acad\u00eamico-cient\u00edfica por meio de consultores ad hoc. A avalia\u00e7\u00e3o \u00e9 atividade essencial para assegurar e manter a qualidade dos cursos de Mestrado e Doutorado no pa\u00eds.<\/span><\/p>\n<h3 style=\"text-align: left\"><span style=\"color: #000000\">Objetivos da Avalia\u00e7\u00e3o<\/span><\/h3>\n<ul>\n<li style=\"text-align: justify\"><span style=\"color: #000000\">Certifica\u00e7\u00e3o da qualidade da p\u00f3s-gradua\u00e7\u00e3o Brasileira (refer\u00eancia para a distribui\u00e7\u00e3o de bolsas e recursos para o fomento \u00e0 pesquisa);<\/span><\/li>\n<li style=\"text-align: justify\"><span style=\"color: #000000\">Identifica\u00e7\u00e3o de assimetrias regionais e de \u00e1reas estrat\u00e9gicas do conhecimento no SNPG para orientar a\u00e7\u00f5es de indu\u00e7\u00e3o na cria\u00e7\u00e3o e expans\u00e3o de programas de p\u00f3s-gradua\u00e7\u00e3o no territ\u00f3rio nacional.<\/span><\/li>\n<\/ul>\n<h3><span style=\"color: #000000\">Referenciais dos Processos de Avalia\u00e7\u00e3o:<\/span><\/h3>\n<p style=\"text-align: justify\"><span style=\"color: #000000\">Os documentos de \u00e1rea s\u00e3o refer\u00eancia para os processos avaliativos, tanto na elabora\u00e7\u00e3o e submiss\u00e3o de propostas de cursos novos quanto na avalia\u00e7\u00e3o quadrienal dos cursos em funcionamento. Neles est\u00e3o descritos o estado atual, as caracter\u00edsticas e as perspectivas, assim como os quesitos considerados priorit\u00e1rios na avalia\u00e7\u00e3o dos programas de p\u00f3s-gradua\u00e7\u00e3o pertencentes a cada uma das 50 \u00e1reas de avalia\u00e7\u00e3o.<\/span><\/p>\n<p style=\"text-align: justify\"><span style=\"color: #000000\">Em conjunto com as <span style=\"color: #0000ff\"><a style=\"color: #0000ff\" href=\"https:\/\/sucupira.capes.gov.br\/sucupira\/public\/consultas\/avaliacao\/consultaFichaAvaliacao.jsf\">Fichas de Avalia\u00e7\u00e3o<\/a><\/span> e os Relat\u00f3rios de Avalia\u00e7\u00e3o, os Documentos de \u00c1rea constituem o trin\u00f4mio que expressa os processos e os resultados da Avalia\u00e7\u00e3o Quadrienal.<\/span><\/p>\n<p style=\"text-align: justify\"><span style=\"color: #000000\">Os documentos de \u00e1rea e os relat\u00f3rios de avalia\u00e7\u00e3o encontram-se dispon\u00edveis nas respectivas <span style=\"color: #0000ff\"><a class=\"external-link\" style=\"color: #0000ff\" title=\"\" href=\"https:\/\/www.gov.br\/capes\/pt-br\/acesso-a-informacao\/acoes-e-programas\/avaliacao\/sobre-a-avaliacao\/areas-avaliacao\/sobre-as-areas-de-avaliacao\/sobre-as-areas-de-avaliacao\" target=\"_blank\" rel=\"noopener\" data-tippreview-enabled=\"false\" data-tippreview-image=\"\" data-tippreview-title=\"\">p\u00e1ginas das \u00e1reas de avalia\u00e7\u00e3o<\/a>.<\/span><\/span><\/p>\n<p><span style=\"color: #000000\">O PPGCN est\u00e1 vinculado a C\u00e2mara de Engenharia e Gest\u00e3o (C\u00e2mara III) da \u00e1rea<span style=\"color: #0000ff\"> <a style=\"color: #0000ff\" href=\"https:\/\/www.gov.br\/capes\/pt-br\/acesso-a-informacao\/acoes-e-programas\/avaliacao\/sobre-a-avaliacao\/areas-avaliacao\/sobre-as-areas-de-avaliacao\/colegio-de-ciencias-exatas-tecnologicas-e-multidisciplinar\/multidisciplinar\/interdisciplinar\" target=\"_blank\" rel=\"noopener\">INTERDISCIPLINAR<\/a> <\/span>da grande \u00e1rea MULTIDISCIPLINAR do COL\u00c9GIO DE CI\u00caNCIAS EXATAS, TECNOLOGIAS E MULTIDISCIPLINAR<\/span><\/p>\n<p><a href=\"https:\/\/uenf.br\/posgraduacao\/ciencias-naturais\/wp-content\/uploads\/sites\/4\/2023\/03\/Tabela-avaliacao-do-PGCN.png\"><img loading=\"lazy\" decoding=\"async\" class=\"alignnone size-full wp-image-5678\" src=\"https:\/\/uenf.br\/posgraduacao\/ciencias-naturais\/wp-content\/uploads\/sites\/4\/2023\/03\/Tabela-avaliacao-do-PGCN.png\" alt=\"\" width=\"988\" height=\"391\" srcset=\"https:\/\/uenf.br\/posgraduacao\/ciencias-naturais\/wp-content\/uploads\/sites\/4\/2023\/03\/Tabela-avaliacao-do-PGCN.png 988w, https:\/\/uenf.br\/posgraduacao\/ciencias-naturais\/wp-content\/uploads\/sites\/4\/2023\/03\/Tabela-avaliacao-do-PGCN-300x119.png 300w, https:\/\/uenf.br\/posgraduacao\/ciencias-naturais\/wp-content\/uploads\/sites\/4\/2023\/03\/Tabela-avaliacao-do-PGCN-768x304.png 768w\" sizes=\"auto, (max-width: 988px) 100vw, 988px\" \/><\/a><\/p>\n<hr noshade=\"noshade\" size=\"2\" width=\"100%\" \/>\n<hr \/>\n<h2 class=\"outstanding-title\"><strong><span style=\"color: #000000\">Avalia\u00e7\u00e3o Quadrienal 2021 &#8211; 2024 &#8211; em andamento<\/span><\/strong><\/h2>\n<p class=\"outstanding-title\"><span style=\"color: #000000\"><strong>\u00c1rea: Interdisciplinar<\/strong><\/span><br \/>\n<span style=\"color: #000000\"><strong>Coordenador:\u00a0 <\/strong>Eduardo Winter (UNISUAM e INPI)<\/span><br \/>\n<span style=\"color: #000000\"><strong>Coordenador Adjunto de Programas Acad\u00eamicos: <\/strong>Marcelo Albano Moret Sim\u00f5es Gon\u00e7alves (UNEB e SENAI-SIMATEC)<\/span><\/p>\n<p><span style=\"color: #000000\"><strong>C\u00e2mara III: Engenharias, Tecnologias e Gest\u00e3o &#8211; <a href=\"https:\/\/uenf.br\/posgraduacao\/ciencias-naturais\/wp-content\/uploads\/sites\/4\/2023\/03\/Portaria-no-49-de-20-de-Marco-de-2023.pdf\"><span style=\"color: #000000\">Portaria n\u00ba 49, de 20 de Mar\u00e7o de 2023<\/span><\/a><\/strong><\/span><br \/>\n<span style=\"color: #000000\"><strong>Coordenadora:\u00a0 <\/strong>Claudia Andrea Lima Cardoso (UEMS)<\/span><br \/>\n<span style=\"color: #000000\"><strong>Coordenador Adjunto de Programas Acad\u00eamicos: <\/strong>Gustavo Mendes Platt (FURG)<\/span><\/p>\n<pre><span style=\"color: #000000\"><strong>Calend\u00e1rio de avalia\u00e7\u00e3o <span style=\"color: #000000\">- <a style=\"color: #000000\" href=\"https:\/\/uenf.br\/posgraduacao\/ciencias-naturais\/wp-content\/uploads\/sites\/4\/2023\/03\/Portaria-CAPES-no-50-de-22-de-Marco-de-2023.pdf\">Portaria CAPES n\u00ba 50, de 22 de Mar\u00e7o de 2023<\/a><\/span><\/strong><\/span>\r\n<span style=\"color: #000000\"><strong>Coleta ano base 2021 - \u00a0 <\/strong>at\u00e9 06\/04\/2023 (coordena\u00e7\u00e3o) e\u00a0 at\u00e9 14\/04\/2023 (PROPPG)<\/span>\r\n<span style=\"color: #000000\"><strong>Coleta ano base 2022 -\u00a0<\/strong> at\u00e9 26\/05\/2023 (coordena\u00e7\u00e3o) e 02\/06\/2023 (PROPPG)\r\n<strong>Semin\u00e1rio de meio termo -<\/strong> 20 a 24\/11\/2023 - <a style=\"color: #000000\" href=\"https:\/\/uenf.br\/posgraduacao\/ciencias-naturais\/wp-content\/uploads\/sites\/4\/2025\/01\/Programac\u0327a\u0303o-semina\u0301rio-de-meio-termo-2023.pdf\">Programa\u00e7\u00e3o<\/a>                                       \r\n<strong>Calend\u00e1rio de avalia\u00e7\u00e3o - <span style=\"color: #000000\"><a style=\"color: #000000\" href=\"https:\/\/uenf.br\/posgraduacao\/ciencias-naturais\/wp-content\/uploads\/sites\/4\/2024\/04\/Portaria-CAPES-no-03-de-janeiro-de-2024.pdf\">Portaria CAPES n\u00ba 03, de 02 de Janeiro de 2024<\/a><\/span>\r\n                        - <a href=\"https:\/\/uenf.br\/posgraduacao\/ciencias-naturais\/wp-content\/uploads\/sites\/4\/2024\/04\/Portaria-CAPES-no-96-de-04-de-abril-2024.pdf\"><span style=\"color: #000000\">Portaria CAPES n\u00ba 96, de 04 de Abril de 2024<\/span><\/a>\r\n\r\n                        - <a href=\"https:\/\/uenf.br\/posgraduacao\/ciencias-naturais\/wp-content\/uploads\/sites\/4\/2025\/01\/Portaria-no-379-de-17-de-Dezembro-de-2024.pdf\">Portaria CAPES n\u00ba 379, de 17 de Dezembro de 2024<\/a>\r\nColeta ano base 2023<\/strong> - at\u00e9 26\/04\/2024  (Homologa\u00e7\u00e3o PROPPG at\u00e9 03\/05\/2024)\r\n<strong>Coleta ano base 2024<\/strong> - at\u00e9 24\/03\/2025 (Homologa\u00e7\u00e3o PROPPG at\u00e9 31\/03\/2025)\r\n\r\n<strong>Calend\u00e1rio Avalia\u00e7\u00e3o de Perman\u00eancia 2021 - 2024:<\/strong><\/span><\/pre>\n<table>\n<tbody>\n<tr>\n<td>\n<p style=\"text-align: center\"><strong>Atividade<\/strong><\/p>\n<\/td>\n<td>\n<p style=\"text-align: center\"><strong>Data<\/strong><\/p>\n<\/td>\n<\/tr>\n<tr>\n<td>Indica\u00e7\u00e3o dos destaques Plataforma Sucupira &#8211; Coordenadores de PPG<\/td>\n<td>01\/04\/2025 a 30\/04\/2025<\/td>\n<\/tr>\n<tr>\n<td>Classifica\u00e7\u00e3o da Produ\u00e7\u00e3o Intelectual Total &#8211; Coordena\u00e7\u00f5es de \u00c1rea<\/td>\n<td>13\/01\/2025 a 30\/05\/2025<\/td>\n<\/tr>\n<tr>\n<td>Classifica\u00e7\u00e3o da Produ\u00e7\u00e3o Intelectual (Destaques) &#8211; Coordena\u00e7\u00f5es de \u00c1rea<\/td>\n<td>02\/05\/2025 a 30\/05\/2025<\/td>\n<\/tr>\n<tr>\n<td>An\u00e1lise qualitativa &#8211; Coordena\u00e7\u00f5es de \u00c1rea<\/td>\n<td>02\/05\/2025 a 25\/07\/2025<\/td>\n<\/tr>\n<tr>\n<td>An\u00e1lise dos indicadores &#8211; Coordena\u00e7\u00f5es de \u00c1rea<\/td>\n<td>01\/07\/2025 a 25\/07\/2025<\/td>\n<\/tr>\n<tr>\n<td>An\u00e1lise Comiss\u00f5es de Avalia\u00e7\u00e3o &#8211; Coordena\u00e7\u00f5es de \u00c1rea<\/td>\n<td>04\/08\/2025 a 26\/09\/2025<\/td>\n<\/tr>\n<tr>\n<td>Atividades da Relatoria<\/td>\n<td>20\/10\/2025 a 07\/11\/2025<\/td>\n<\/tr>\n<tr>\n<td>Delibera\u00e7\u00e3o CTC-ES &#8211; Avalia\u00e7\u00e3o Quadrienal<\/td>\n<td>10\/11\/2025 a 05\/12\/2025<\/td>\n<\/tr>\n<tr>\n<td>Divulga\u00e7\u00e3o dos Resultados Parciais<\/td>\n<td>12\/01\/2026<\/td>\n<\/tr>\n<tr>\n<td>Pedidos de Reconsidera\u00e7\u00e3o<\/td>\n<td>13\/01\/2026 a 11\/02\/2026<\/td>\n<\/tr>\n<tr>\n<td>An\u00e1lise Reconsidera\u00e7\u00e3o Comiss\u00f5es de Avalia\u00e7\u00e3o &#8211; Coordena\u00e7\u00f5es de \u00c1rea<\/td>\n<td>16\/03\/2026 a 02\/04\/2026<\/td>\n<\/tr>\n<tr>\n<td>Atividades de Relatoria &#8211; Reconsidera\u00e7\u00e3o<\/td>\n<td>20\/04\/2026 a 30\/04\/2026<\/td>\n<\/tr>\n<tr>\n<td>Delibera\u00e7\u00e3o CTC-ES &#8211; Reconsidera\u00e7\u00e3o Avalia\u00e7\u00e3o Quadrienal<\/td>\n<td>04\/05\/2026 a 08\/05\/2026<\/td>\n<\/tr>\n<tr>\n<td>Divulga\u00e7\u00e3o dos Resultados Finais da Avalia\u00e7\u00e3o<\/td>\n<td>At\u00e9 29\/05\/2026<\/td>\n<\/tr>\n<\/tbody>\n<\/table>\n<p>&nbsp;<\/p>\n<p><span style=\"color: #000000\"><a style=\"color: #000000\" href=\"https:\/\/uenf.br\/posgraduacao\/ciencias-naturais\/wp-content\/uploads\/sites\/4\/2025\/02\/Interdisciplinar_Ficha2025_V1-1.pdf\">Ficha de avalia\u00e7\u00e3o &#8211; (Ficha publicada em 22\/07\/20 e atualizada em 28\/01\/2025)<\/a><\/span><\/p>\n<p><span style=\"color: #000000\"><a style=\"color: #000000\" href=\"https:\/\/uenf.br\/posgraduacao\/ciencias-naturais\/wp-content\/uploads\/sites\/4\/2025\/01\/ORIENTADOR_INTERDISCIPLINAR_ATUALIZADO_JUL_30.pdf\">Documento orientador complementar coleta 2021-2024<\/a><\/span><\/p>\n<p><span style=\"color: #000000\"><a style=\"color: #000000\" href=\"https:\/\/uenf.br\/posgraduacao\/ciencias-naturais\/wp-content\/uploads\/sites\/4\/2025\/02\/TUTORIAL_DESTAQUES_INTERDISCIPLINAR_.pdf\">Tutorial para indica\u00e7\u00e3o dos destaques 2021-2024 &#8211; sucupira<\/a><\/span><\/p>\n<p><span style=\"color: #000000\"><a style=\"color: #000000\" href=\"https:\/\/uenf.br\/posgraduacao\/ciencias-naturais\/wp-content\/uploads\/sites\/4\/2025\/01\/Relato\u0301rio-Semina\u0301rio-meio-termo-2023.pdf\">Relat\u00f3rio semin\u00e1rio meio termo &#8211; interdisciplinar &#8211; 2023<\/a><\/span><\/p>\n<p><span style=\"color: #000000\"><a style=\"color: #000000\" href=\"https:\/\/www.gov.br\/capes\/pt-br\/acesso-a-informacao\/acoes-e-programas\/avaliacao\/relatorios-tecnicos-e-grupos-de-trabalho\" target=\"_blank\" rel=\"noopener\">Relat\u00f3rios t\u00e9cnicos de grupos de trabalho -diretrizes e orienta\u00e7\u00f5es diversas<\/a><\/span><\/p>\n<p><span style=\"color: #000000\">Proposta PPGCN Quadrienio 2021 a 2024<\/span><\/p>\n<p><strong><span style=\"color: #000080\">Relat\u00f3rio de avalia\u00e7<\/span><\/strong><span style=\"color: #000000\"><span style=\"color: #000080\"><strong>\u00e3o do PGCN &#8211; Interdisciplinar Quadrienal 2021 a 2024 &#8211; avaliac\u00e3o 2025<\/strong><\/span><\/span><\/p>\n<p><span style=\"color: #000000\">Documento de \u00e1rea 2021 a 2024 &#8211; Interdisciplina<\/span><span style=\"color: #000000\">r<\/span><\/p>\n<p>Relato\u0301rio da avaliac\u0327a\u0303o quadrienal 2021 a 2024 &#8211; Interdisciplinar<\/p>\n<hr noshade=\"noshade\" size=\"2\" width=\"100%\" \/>\n<hr \/>\n<h2 class=\"outstanding-title\"><span style=\"color: #000000\"><a style=\"color: #000000\" href=\"https:\/\/www.gov.br\/capes\/pt-br\/acesso-a-informacao\/acoes-e-programas\/avaliacao\/avaliacao-quadrienal\">Avalia\u00e7\u00e3o Quadrienal 2017 &#8211; 2020<\/a> &#8211; Conceito PPGCN: M = 5 e D = 5<\/span><\/h2>\n<p class=\"outstanding-title\"><span style=\"color: #000000\"><strong>\u00c1rea: Interdisciplinar<\/strong><\/span><br \/>\n<span style=\"color: #000000\"><strong>Coordenadora:\u00a0 <\/strong>Adelaide Faljoni-Alario (UFABC)<\/span><br \/>\n<span style=\"color: #000000\"><strong>Coordenadora Adjunta de Programas Acad\u00eamicos: <\/strong>Isabella Fernandes Delgado (FIOCRUZ)<\/span><\/p>\n<p><span style=\"color: #000000\"><strong>C\u00e2mara III: Engenharias, Tecnologias e Gest\u00e3o &#8211; <a style=\"color: #000000\" href=\"https:\/\/uenf.br\/posgraduacao\/ciencias-naturais\/wp-content\/uploads\/sites\/4\/2023\/03\/Portaria-no-49-de-20-de-Marco-de-2023.pdf\">Portaria n\u00ba 49, de 20 de Mar\u00e7o de 2023<\/a><\/strong><\/span><br \/>\n<span style=\"color: #000000\"><strong>Coordenador:\u00a0 <\/strong>Marcelo Albano Moret Sim\u00f5es Gon\u00e7alves (UNEB)<\/span><br \/>\n<span style=\"color: #000000\"><strong>Coordenador Adjunto: <\/strong>Claudia Andrea Lima Cardoso (UEMS)<\/span><\/p>\n<p><a href=\"https:\/\/uenf.br\/posgraduacao\/ciencias-naturais\/wp-content\/uploads\/sites\/4\/2023\/03\/Ficha-de-avaliacao-2021.pdf\"><span style=\"color: #000000\">Ficha de avalia\u00e7\u00e3o &#8211; 2021<\/span><\/a><\/p>\n<p><a href=\"https:\/\/uenf.br\/posgraduacao\/ciencias-naturais\/wp-content\/uploads\/sites\/4\/2023\/03\/Documento-orientador-complementar-coleta-2017-2020.pdf\"><span style=\"color: #000000\">Documento orientador complementar coleta 2017-2020<\/span><\/a><\/p>\n<p><a href=\"https:\/\/uenf.br\/posgraduacao\/ciencias-naturais\/wp-content\/uploads\/sites\/4\/2023\/03\/Tutorial-para-indicacao-dos-destaques-2017-2020-sucupira.pdf\"><span style=\"color: #000000\">Tutorial para indica\u00e7\u00e3o dos destaques 2017-2020 &#8211; sucupira<\/span><\/a><\/p>\n<p><a href=\"https:\/\/uenf.br\/posgraduacao\/ciencias-naturais\/wp-content\/uploads\/sites\/4\/2023\/03\/Relatorio-seminario-meio-termo-interdisciplinar-2019.pdf\"><span style=\"color: #000000\">Relat\u00f3rio semin\u00e1rio meio termo &#8211; interdisciplinar &#8211; 2019<\/span><\/a><\/p>\n<p><a href=\"https:\/\/uenf.br\/posgraduacao\/ciencias-naturais\/wp-content\/uploads\/sites\/4\/2023\/03\/Relatorio-criterios-Qualis-2017-2018.pdf\"><span style=\"color: #000000\">Relat\u00f3rio crit\u00e9rios Qualis &#8211; 2017-2018<\/span><\/a><\/p>\n<p><a href=\"https:\/\/www.gov.br\/capes\/pt-br\/acesso-a-informacao\/acoes-e-programas\/avaliacao\/relatorios-tecnicos-e-grupos-de-trabalho\" target=\"_blank\" rel=\"noopener\"><span style=\"color: #000000\">Relat\u00f3rios t\u00e9cnicos de grupos de trabalho -diretrizes e orienta\u00e7\u00f5es diversas<\/span><\/a><\/p>\n<p><a href=\"https:\/\/uenf.br\/posgraduacao\/ciencias-naturais\/wp-content\/uploads\/sites\/4\/2023\/03\/Orientacoes-processo-avaliativo-2017-a-2020.pdf\"><span style=\"color: #000000\">Orienta\u00e7\u00f5es processo avaliativo 2017 a 2020<\/span><\/a><\/p>\n<p><a href=\"https:\/\/uenf.br\/posgraduacao\/ciencias-naturais\/wp-content\/uploads\/sites\/4\/2023\/03\/Orientacoes-processo-avaliativo-2017-a-2020-classificacao-de-producoes.pdf\"><span style=\"color: #000000\">Orienta\u00e7\u00f5es processo avaliativo 2017 a 2020 &#8211; classifica\u00e7\u00e3o de produ\u00e7\u00f5es<\/span><\/a><\/p>\n<p><a href=\"https:\/\/uenf.br\/posgraduacao\/ciencias-naturais\/wp-content\/uploads\/sites\/4\/2023\/03\/Proposta-PPGCN-Quadrienio-2017-a-2020.pdf\"><span style=\"color: #000000\">Proposta PPGCN Quadrienio 2017 a 2020<\/span><\/a><\/p>\n<p><a href=\"https:\/\/uenf.br\/posgraduacao\/ciencias-naturais\/wp-content\/uploads\/sites\/4\/2023\/07\/PPGCN-Ficha-de-Recomendacao-quadrienal-2017-2020.pdf\"><strong><span style=\"color: #000080\">Relat\u00f3rio de avalia\u00e7<\/span><\/strong><span style=\"color: #000000\"><span style=\"color: #000080\"><strong>\u00e3o do PGCN &#8211; Interdisciplinar Quadrienal 2017 a 2020 &#8211; avaliac\u00e3o 2021<\/strong><\/span><\/span><\/a><\/p>\n<p><a href=\"https:\/\/uenf.br\/posgraduacao\/ciencias-naturais\/wp-content\/uploads\/sites\/4\/2023\/03\/Documento-de-area-2017-a-2020-Interdisciplinar.pdf\" target=\"_blank\" rel=\"noopener\"><span style=\"color: #000000\">Documento de \u00e1rea 2017 a 2020 &#8211; Interdisciplinar<\/span><\/a><\/p>\n<p><a href=\"https:\/\/uenf.br\/posgraduacao\/ciencias-naturais\/wp-content\/uploads\/sites\/4\/2025\/01\/Relato\u0301rio-da-avaliac\u0327a\u0303o-quadrienal-2017-a-2020-Interdisciplinar.pdf\">Relato\u0301rio da avaliac\u0327a\u0303o quadrienal 2017 a 2020 &#8211; Interdisciplinar<\/a><\/p>\n<hr noshade=\"noshade\" size=\"2\" width=\"100%\" \/>\n<hr \/>\n<h2 class=\"outstanding-title\"><a href=\"https:\/\/www.gov.br\/capes\/pt-br\/acesso-a-informacao\/acoes-e-programas\/avaliacao\/sobre-a-avaliacao\/areas-avaliacao\/sobre-as-areas-de-avaliacao\/colegio-de-ciencias-exatas-tecnologicas-e-multidisciplinar\/multidisciplinar\/interdisciplinar-memoria-da-area\" target=\"_blank\" rel=\"noopener\"><span style=\"color: #000000\">Avalia\u00e7\u00e3o Quadrienal 2013 &#8211; 2016<\/span><\/a><span style=\"color: #000000\"> &#8211; Conceito PPGCN: M = 4 e D = 4<\/span><\/h2>\n<p class=\"outstanding-title\"><span style=\"color: #000000\"><strong>\u00c1rea: Interdisciplinar<\/strong><\/span><br \/>\n<span style=\"color: #000000\"><strong>Coordenadora:\u00a0 <\/strong>Adelaide Faljoni-Alario (UFABC)<\/span><br \/>\n<span style=\"color: #000000\"><strong>Coordenadora Adjunta de Programas Acad\u00eamicos: <\/strong>Consuelo Latorre Fortes-Dias (FUNED)<\/span><\/p>\n<p><span style=\"color: #000000\"><strong>C\u00e2mara III: Engenharias, Tecnologias e Gest\u00e3o &#8211; <a style=\"color: #000000\" href=\"https:\/\/uenf.br\/posgraduacao\/ciencias-naturais\/wp-content\/uploads\/sites\/4\/2023\/03\/Portaria-no-49-de-20-de-Marco-de-2023.pdf\">Portaria n\u00ba 49, de 20 de Mar\u00e7o de 2023<\/a><\/strong><\/span><br \/>\n<span style=\"color: #000000\"><strong>Coordenador Adjunto:\u00a0 <\/strong><\/span><span style=\"color: #000000\">Marcelo: Albano Moret Sim\u00f5es Gon\u00e7alves (UNEB)<\/span><\/p>\n<p><a href=\"https:\/\/uenf.br\/posgraduacao\/ciencias-naturais\/wp-content\/uploads\/sites\/4\/2023\/03\/Relatorio-de-avaliacao-do-PGCN-Interdisciplinar-Quadrienal-2013-a-2016-avaliacao-2017.pdf\" target=\"_blank\" rel=\"noopener\"><span style=\"color: #000000\"><strong><span style=\"color: #000080\">Relat\u00f3rio de avalia\u00e7\u00e3o do PGCN &#8211; Interdisciplinar &#8211; Quadrienal 2013 a 2016 &#8211; avalia\u00e7\u00e3o 2017<\/span><\/strong><\/span><\/a><\/p>\n<p><a href=\"https:\/\/uenf.br\/posgraduacao\/ciencias-naturais\/wp-content\/uploads\/sites\/4\/2023\/03\/Documento-de-area-2013-a-2016-Interdisciplinar.pdf\" target=\"_blank\" rel=\"noopener\"><span style=\"color: #000000\">Documento de \u00e1rea 2013 a 2016 &#8211; Interdisciplinar<\/span><\/a><\/p>\n<p><a href=\"https:\/\/uenf.br\/posgraduacao\/ciencias-naturais\/wp-content\/uploads\/sites\/4\/2023\/03\/Relatorio-da-avaliacao-quadrienal-2013-a-2016-Interdisciplinar.pdf\" target=\"_blank\" rel=\"noopener\"><span style=\"color: #000000\">Relat\u00f3rio da avalia\u00e7\u00e3o quadrienal 2013 a 2016 &#8211; Interdisciplinar<\/span><\/a><\/p>\n<hr noshade=\"noshade\" size=\"2\" width=\"100%\" \/>\n<hr \/>\n<h2 class=\"outstanding-title\"><span style=\"color: #000000\">Avalia\u00e7\u00e3o Trienal 2010 &#8211; 2012 &#8211;\u00a0 conceito PPGCN: M =\u00a0 4 e D = 4<br \/>\n<\/span><\/h2>\n<p class=\"outstanding-title\"><span style=\"color: #000000\"><strong>\u00c1rea: Qu\u00edmica<\/strong><\/span><br \/>\n<span style=\"color: #000000\"><strong>Coordenador:\u00a0 <\/strong>Luiz Carlos Dias (UNICAMP)<\/span><br \/>\n<span style=\"color: #000000\"><strong>Coordenador Adjunto: <\/strong>Adriano Lisboa Monteiro (UFRGS)<\/span><\/p>\n<p><a href=\"https:\/\/uenf.br\/posgraduacao\/ciencias-naturais\/wp-content\/uploads\/sites\/4\/2023\/03\/Relatorio-de-avaliacao-do-PGCN-Quimica-Trienal-2010-a-2012-avaliacao-2013.pdf\" target=\"_blank\" rel=\"noopener\"><span style=\"color: #000000\"><strong><span style=\"color: #000080\">Relat\u00f3rio de avalia\u00e7\u00e3o do PGCN &#8211; Qu\u00edmica &#8211; Trienal 2010 a 2012 &#8211; avalia\u00e7\u00e3o 2013<\/span><\/strong><\/span><\/a><\/p>\n<p><a href=\"https:\/\/uenf.br\/posgraduacao\/ciencias-naturais\/wp-content\/uploads\/sites\/4\/2023\/03\/Documento-de-area-2010-a-2012-Quimica.pdf\" target=\"_blank\" rel=\"noopener\"><span style=\"color: #000000\">Documento de \u00e1rea 2010 a 2012 &#8211; Qu\u00edmica<\/span><\/a><\/p>\n<p><a href=\"https:\/\/uenf.br\/posgraduacao\/ciencias-naturais\/wp-content\/uploads\/sites\/4\/2023\/03\/Relatorio-da-avaliacao-trienal-2010-a-2012-Quimica.pdf\" target=\"_blank\" rel=\"noopener\"><span style=\"color: #000000\">Relat\u00f3rio da avalia\u00e7\u00e3o trienal 2010 a 2012 &#8211; Qu\u00edmica<\/span><\/a><\/p>\n<hr noshade=\"noshade\" size=\"2\" width=\"100%\" \/>\n<hr \/>\n<h2 class=\"outstanding-title\"><span style=\"color: #000000\">Avalia\u00e7\u00e3o Trienal 2007 &#8211; 2009 &#8211;\u00a0 conceito PPGCN: M =\u00a0 4 e D = 4<br \/>\n<\/span><\/h2>\n<p class=\"outstanding-title\"><span style=\"color: #000000\"><strong>\u00c1rea: Qu\u00edmica<\/strong><\/span><br \/>\n<span style=\"color: #000000\"><strong>Coordenador:\u00a0 <\/strong>Jairton Dupont (UFRGS)<\/span><br \/>\n<span style=\"color: #000000\"><strong>Coordenador Adjunto:\u00a0<\/strong>Luiz Carlos Dias (UNICAMP)<\/span><\/p>\n<p class=\"outstanding-title\"><span style=\"color: #000000\"> <a href=\"https:\/\/uenf.br\/posgraduacao\/ciencias-naturais\/wp-content\/uploads\/sites\/4\/2023\/03\/Relatorio-de-avaliacao-do-PGCN-Quimica-Trienal-2007-a-2009-avaliacao-2010.pdf\" target=\"_blank\" rel=\"noopener\"><span style=\"color: #000000\"><strong><span style=\"color: #000080\">Relat\u00f3rio de avalia\u00e7\u00e3o do PGCN &#8211; Qu\u00edmica &#8211; Trienal 2007 a 2009 &#8211; avalia\u00e7\u00e3o 2010<\/span><\/strong><\/span><\/a><\/span><\/p>\n<p><a href=\"https:\/\/uenf.br\/posgraduacao\/ciencias-naturais\/wp-content\/uploads\/sites\/4\/2023\/03\/Documento-de-area-2007-a-2009-Quimica.pdf\"><span style=\"color: #000000\">Documento de \u00e1rea 2007 a 2009 &#8211; Qu\u00edmica<\/span><\/a><\/p>\n<p><a href=\"https:\/\/uenf.br\/posgraduacao\/ciencias-naturais\/wp-content\/uploads\/sites\/4\/2023\/03\/Relatorio-da-avaliacao-trienal-2007-a-2009-Quimica-1.pdf\" target=\"_blank\" rel=\"noopener\"><span style=\"color: #000000\">Relat\u00f3rio da avalia\u00e7\u00e3o trienal 2007 a 2009 &#8211; Qu\u00edmica<\/span><\/a><\/p>\n<hr noshade=\"noshade\" size=\"2\" width=\"100%\" \/>\n","protected":false},"excerpt":{"rendered":"<p>A Avalia\u00e7\u00e3o do Sistema Nacional de P\u00f3s-Gradua\u00e7\u00e3o, na forma como foi estabelecida a partir de 1998 , \u00e9 orientada pela&#8230;<\/p>\n","protected":false},"author":10,"featured_media":0,"parent":2730,"menu_order":1,"comment_status":"closed","ping_status":"closed","template":"","meta":{"footnotes":""},"class_list":["post-5681","page","type-page","status-publish","hentry"],"_links":{"self":[{"href":"https:\/\/uenf.br\/posgraduacao\/ciencias-naturais\/wp-json\/wp\/v2\/pages\/5681","targetHints":{"allow":["GET"]}}],"collection":[{"href":"https:\/\/uenf.br\/posgraduacao\/ciencias-naturais\/wp-json\/wp\/v2\/pages"}],"about":[{"href":"https:\/\/uenf.br\/posgraduacao\/ciencias-naturais\/wp-json\/wp\/v2\/types\/page"}],"author":[{"embeddable":true,"href":"https:\/\/uenf.br\/posgraduacao\/ciencias-naturais\/wp-json\/wp\/v2\/users\/10"}],"replies":[{"embeddable":true,"href":"https:\/\/uenf.br\/posgraduacao\/ciencias-naturais\/wp-json\/wp\/v2\/comments?post=5681"}],"version-history":[{"count":0,"href":"https:\/\/uenf.br\/posgraduacao\/ciencias-naturais\/wp-json\/wp\/v2\/pages\/5681\/revisions"}],"up":[{"embeddable":true,"href":"https:\/\/uenf.br\/posgraduacao\/ciencias-naturais\/wp-json\/wp\/v2\/pages\/2730"}],"wp:attachment":[{"href":"https:\/\/uenf.br\/posgraduacao\/ciencias-naturais\/wp-json\/wp\/v2\/media?parent=5681"}],"curies":[{"name":"wp","href":"https:\/\/api.w.org\/{rel}","templated":true}]}}