{"id":5686,"date":"2023-03-26T12:56:39","date_gmt":"2023-03-26T12:56:39","guid":{"rendered":"https:\/\/uenf.br\/posgraduacao\/ciencias-naturais\/?page_id=5686"},"modified":"2024-04-08T19:34:34","modified_gmt":"2024-04-08T19:34:34","slug":"autoavaliacoes-do-ppgcn","status":"publish","type":"page","link":"https:\/\/uenf.br\/posgraduacao\/ciencias-naturais\/avaliacoes-externas-e-autoavaliacao\/autoavaliacoes-do-ppgcn\/","title":{"rendered":"Autoavalia\u00e7\u00f5es do PPGCN"},"content":{"rendered":"<p><span style=\"color: #000000\">A Comiss\u00e3o de autoavalia\u00e7\u00e3o do PGCN\u00a0 indicada pelo colegiado do Programa para o quadri\u00eanio 2021-2024\u00a0 tem a seguinte composi\u00e7\u00e3o:<\/span><\/p>\n<ul type=\"disc\">\n<li><span style=\"color: #000000\">Professor S\u00e9rgio Luis Cardoso \u2013 Professor Permanente do PPGCN<\/span><\/li>\n<li><span style=\"color: #000000\">Professor Roberto Weider de Assis Franco \u2013 Professor Permanente do PPGCN<\/span><\/li>\n<li><span style=\"color: #000000\">Jailse Vasconcelos Tougeiro \u2013 T\u00e9cnica de Apoio Acad\u00eamico\/Secret\u00e1ria do PPGCN<\/span><\/li>\n<li><span style=\"color: #000000\">Giancarlo Gevu dos Santos \u2013 Estudante de Doutorado do PPGCN<\/span><\/li>\n<li><span style=\"color: #000000\">Marcelo Domingos \u2013 Egresso do PPGCN<\/span><\/li>\n<\/ul>\n<p><span style=\"color: #000000\">Os instrumentos de autoavalia\u00e7\u00e3o est\u00e3o sendo elaborados pela Comiss\u00e3o e estar\u00e3o dispon\u00edveis em breve<\/span><\/p>\n<p><span style=\"color: #000000\">PROCEDIMENTOS DE AUTOAVALIA\u00c7\u00c3O 2021-2024<\/span><\/p>\n","protected":false},"excerpt":{"rendered":"<p>A Comiss\u00e3o de autoavalia\u00e7\u00e3o do PGCN\u00a0 indicada pelo colegiado do Programa para o quadri\u00eanio 2021-2024\u00a0 tem a seguinte composi\u00e7\u00e3o: Professor&#8230;<\/p>\n","protected":false},"author":10,"featured_media":0,"parent":2730,"menu_order":2,"comment_status":"closed","ping_status":"closed","template":"","meta":{"footnotes":""},"class_list":["post-5686","page","type-page","status-publish","hentry"],"_links":{"self":[{"href":"https:\/\/uenf.br\/posgraduacao\/ciencias-naturais\/wp-json\/wp\/v2\/pages\/5686","targetHints":{"allow":["GET"]}}],"collection":[{"href":"https:\/\/uenf.br\/posgraduacao\/ciencias-naturais\/wp-json\/wp\/v2\/pages"}],"about":[{"href":"https:\/\/uenf.br\/posgraduacao\/ciencias-naturais\/wp-json\/wp\/v2\/types\/page"}],"author":[{"embeddable":true,"href":"https:\/\/uenf.br\/posgraduacao\/ciencias-naturais\/wp-json\/wp\/v2\/users\/10"}],"replies":[{"embeddable":true,"href":"https:\/\/uenf.br\/posgraduacao\/ciencias-naturais\/wp-json\/wp\/v2\/comments?post=5686"}],"version-history":[{"count":0,"href":"https:\/\/uenf.br\/posgraduacao\/ciencias-naturais\/wp-json\/wp\/v2\/pages\/5686\/revisions"}],"up":[{"embeddable":true,"href":"https:\/\/uenf.br\/posgraduacao\/ciencias-naturais\/wp-json\/wp\/v2\/pages\/2730"}],"wp:attachment":[{"href":"https:\/\/uenf.br\/posgraduacao\/ciencias-naturais\/wp-json\/wp\/v2\/media?parent=5686"}],"curies":[{"name":"wp","href":"https:\/\/api.w.org\/{rel}","templated":true}]}}