{"id":5919,"date":"2023-07-05T14:03:39","date_gmt":"2023-07-05T14:03:39","guid":{"rendered":"https:\/\/uenf.br\/posgraduacao\/ciencias-naturais\/?page_id=5919"},"modified":"2024-02-23T11:26:21","modified_gmt":"2024-02-23T11:26:21","slug":"edital-ppgcn-pmd-2023-2-passagem-de-mestrado-para-doutorado","status":"publish","type":"page","link":"https:\/\/uenf.br\/posgraduacao\/ciencias-naturais\/editais-e-processos-seletivos\/editais-de-passagem-mestrado-para-doutorado\/edital-ppgcn-pmd-2023-2-passagem-de-mestrado-para-doutorado\/","title":{"rendered":"Edital PPGCN-PMD-2023-2 &#8211; Passagem de mestrado para doutorado"},"content":{"rendered":"<h2 align=\"center\"><span style=\"color: #000000\"><strong>PER\u00cdODO DE INSCRI\u00c7\u00d5ES<\/strong><\/span><\/h2>\n<h2 align=\"center\"><span style=\"color: #000000\"><strong>\u00a0 de 01 a 14 de agosto de 2023<\/strong><\/span><\/h2>\n<p>&nbsp;<\/p>\n<h3 align=\"center\"><span style=\"color: #000000\"><a style=\"color: #000000\" href=\"https:\/\/uenf.br\/posgraduacao\/ciencias-naturais\/wp-content\/uploads\/sites\/4\/2023\/07\/Edital-PPGCN-PMD-2023-2-Passagem-mestrado-para-doutorado.pdf\"><span style=\"color: #ff0000\">Edital PPGCN-PMD-2023-2 &#8211; Passagem mestrado para doutorado<\/span><\/a><\/span><\/h3>\n<p style=\"text-align: center\"><a href=\"https:\/\/uenf.br\/posgraduacao\/ciencias-naturais\/wp-content\/uploads\/sites\/4\/2024\/02\/RESOLUCAO-CPPG-No-01-DE-26-DE-JANEIRO-DE-2022.pdf\">RESOLU\u00c7\u00c3O CPPG N\u00ba 01, DE 26 DE JANEIRO DE 2022<\/a><\/p>\n<p><span style=\"color: #0000ff\"><strong>INSCRI\u00c7\u00d5ES:<\/strong><\/span><\/p>\n<p><span style=\"color: #000000\">Hellen Gon\u00e7alves Vieira &#8211; Matr\u00edcula PPGCN: 202221120008 &#8211; 04\/08\/2022 &#8211; Inscri\u00e7\u00e3o recebida em 14\/08\/23 as 17:07 h<\/span><br \/>\n<span style=\"color: #000000\">Renata Rodrigues da Silva Robaina &#8211; Matr\u00edcula PPGCN: 202221120011 &#8211; 04\/08\/2022 &#8211; Inscri\u00e7\u00e3o recebida em 14\/08\/23 as 20:20 h<\/span><\/p>\n<p><strong><span style=\"color: #0000ff\">HOMOLOGA\u00c7\u00c3O DAS INSCRI\u00c7\u00d5ES<\/span><\/strong><\/p>\n<p><span style=\"color: #000000\">Hellen Gon\u00e7alves Vieira &#8211; Linha de Pesquisa:\u00a0 Ci\u00eancias Ambientais &#8211; Homologada<\/span><br \/>\n<span style=\"color: #000000\">Renata Rodrigues da Silva Robaina &#8211; Linha de Pesquisa:\u00a0 Bioorg\u00e2nica e Bioinorg\u00e2nica &#8211; Homologada<\/span><\/p>\n<p><span style=\"color: #000000\"><strong><span style=\"color: #0000ff\">COMISS\u00d5ES EXAMINADORAS<\/span><br \/>\n<\/strong><\/span><\/p>\n<p><span style=\"color: #0000ff\"><strong>Linha de Pesquisa:\u00a0 Bioorg\u00e2nica e Bioinorg\u00e2nica<\/strong><\/span><\/p>\n<p><span style=\"color: #000000\">Prof. Ivo Jos\u00e9 Curcino Vieira &#8211; orientador<\/span><br \/>\n<span style=\"color: #000000\">Profa. Lanamar de Almeida Carlos &#8211; UFSJ\/MG<\/span><br \/>\n<span style=\"color: #000000\">Prof. Mario Geraldo de Carvalho &#8211; UFRRJ\/RJ<\/span><br \/>\n<span style=\"color: #000000\">Prof. Rodrigo Rodrigues de Oliveira &#8211; UENF\/PPGCN<\/span><br \/>\n<span style=\"color: #000000\">Prof. Sergio Luis Cardoso &#8211; UENF\/PPGCN<\/span><\/p>\n<p><span style=\"color: #000000\"><span style=\"color: #0000ff\"><strong>Linha de Pesquisa:\u00a0 Ci\u00eancias Ambientais<\/strong><\/span><br \/>\n<\/span><\/p>\n<p><span style=\"color: #000000\">Profa. Maria Cristina Canela &#8211; orientadora &#8211; UENF\/PPGCN<\/span><br \/>\n<span style=\"color: #000000\">Profa. Adriana Gioda &#8211; PUC\/RJ<\/span><br \/>\n<span style=\"color: #000000\">Profa. Roberta Cerasi Urban &#8211; UFSCAR\/SP<\/span><br \/>\n<span style=\"color: #000000\">Prof. Jefferson Rodrigues de Souza &#8211; UENF\/PPGCN<\/span><br \/>\n<span style=\"color: #000000\">Prof. Marcelo Gomes da Silva &#8211; UENF\/PPGCN<\/span><\/p>\n<p><span style=\"color: #0000ff\"><strong>RESULTADOS<br \/>\n<\/strong><\/span><\/p>\n<p><span style=\"color: #0000ff\"><strong>Linha de Pesquisa:\u00a0 Bioorg\u00e2nica e Bioinorg\u00e2nica<\/strong><\/span><\/p>\n<p><strong><span style=\"color: #008000\">Renata Rodrigues da Silva Robaina<\/span><\/strong><br \/>\n<span style=\"color: #000000\">DATA DA DEFESA: 31\/08\/2023 &#8211; 14:00 H &#8211; AUDIT\u00d3RIO DO CCT (P5)<\/span><br \/>\n<span style=\"color: #000000\">T\u00edtulo do projeto: Estudo fitoqu\u00edmico de <em>Trichil\u00eda pseudostipularis<\/em> (A.JUSS) C.DC. e <em>Trichilia hirta Linnaeus<\/em> (Meliaceae) e avalia\u00e7\u00e3o de<\/span><br \/>\n<span style=\"color: #000000\">atividade larvicida contra <em>Aedes aegypti<\/em><\/span><\/p>\n<p><span style=\"color: #000000\">I &#8211; Avalia\u00e7\u00e3o e defesa do projeto de pesquisa de doutorado (peso 3) &#8211; NOTA: 9,5 (nove e meio)<\/span><br \/>\n<span style=\"color: #000000\">II &#8211; Avalia\u00e7\u00e3o do Desempenho e Atividades desenvolvidas durante a Gradua\u00e7\u00e3o (peso 1) &#8211; NOTA: 10,0 (dez)<\/span><br \/>\n<span style=\"color: #000000\">III- Avalia\u00e7\u00e3o do Desempenho e atividades desenvolvidas durante o per\u00edodo de Mestrado (peso 2) &#8211; NOTA: 9,0 (nove)<\/span><br \/>\n<span style=\"color: #000000\"><span style=\"color: #008000\"><strong>M\u00c9DIA = 9,4 (nove e quatro) &#8211; APROVADA<\/strong><\/span><\/span><br \/>\n<a href=\"https:\/\/uenf.br\/posgraduacao\/ciencias-naturais\/wp-content\/uploads\/sites\/4\/2024\/02\/Renata-Rodrigues-da-Silva-Robaina-SEI_ERJ-59095285-ata-de-Resultado-Edital-PMD-2023-2.pdf\"><strong><span style=\"color: #0000ff\"><span style=\"color: #008000\">ATA DE RESULTADO<\/span><\/span><\/strong><\/a><\/p>\n<p><span style=\"color: #000000\"><strong><span style=\"color: #0000ff\">Linha de Pesquisa:\u00a0 Ci\u00eancias Ambientais<\/span><br \/>\n<\/strong><\/span><\/p>\n<p><span style=\"color: #008000\"><strong>Hellen Gon\u00e7alves Vieira<\/strong><\/span><br \/>\n<span style=\"color: #000000\">DATA DA DEFESA: 11\/08\/2023 &#8211; 14:00 H &#8211; SALA MULTIUSO DO PPGCN (P3)<\/span><br \/>\n<span style=\"color: #000000\">T\u00edtulo do projeto: Identifica\u00e7\u00e3o e quantifica\u00e7\u00e3o de compostos per- e polifluoroalquil (PFAS) na atmosfera de ambientes internos e externos e estudos de sua toxicidade<\/span><\/p>\n<p><span style=\"color: #000000\">I &#8211; Avalia\u00e7\u00e3o e defesa do projeto de pesquisa de doutorado (peso 3) &#8211; NOTA: 10,0 (Dez)<\/span><br \/>\n<span style=\"color: #000000\">II &#8211; Avalia\u00e7\u00e3o do Desempenho e Atividades desenvolvidas durante a Gradua\u00e7\u00e3o (peso 1) &#8211; NOTA: 10,0 (Dez)<\/span><br \/>\n<span style=\"color: #000000\">III- Avalia\u00e7\u00e3o do Desempenho e atividades desenvolvidas durante o per\u00edodo de Mestrado (peso 2) &#8211; NOTA:\u00a0 9,0 (nove)<\/span><br \/>\n<span style=\"color: #008000\"><strong>M\u00c9DIA = 9,7 (nove e sete) &#8211; APROVADA<br \/>\n<span style=\"color: #008000\"><a style=\"color: #008000\" href=\"https:\/\/uenf.br\/posgraduacao\/ciencias-naturais\/wp-content\/uploads\/sites\/4\/2024\/02\/Helen-Goncalves-Vieira-SEI_59088910-ata-de-resultado-Edital-PMD-2023-2.pdf\">ATA DE RESULTADO<\/a><\/span><br \/>\n<\/strong><\/span><\/p>\n<p>&nbsp;<\/p>\n","protected":false},"excerpt":{"rendered":"<p>PER\u00cdODO DE INSCRI\u00c7\u00d5ES \u00a0 de 01 a 14 de agosto de 2023 &nbsp; Edital PPGCN-PMD-2023-2 &#8211; Passagem mestrado para doutorado&#8230;<\/p>\n","protected":false},"author":10,"featured_media":0,"parent":5906,"menu_order":0,"comment_status":"closed","ping_status":"closed","template":"","meta":{"footnotes":""},"class_list":["post-5919","page","type-page","status-publish","hentry"],"_links":{"self":[{"href":"https:\/\/uenf.br\/posgraduacao\/ciencias-naturais\/wp-json\/wp\/v2\/pages\/5919","targetHints":{"allow":["GET"]}}],"collection":[{"href":"https:\/\/uenf.br\/posgraduacao\/ciencias-naturais\/wp-json\/wp\/v2\/pages"}],"about":[{"href":"https:\/\/uenf.br\/posgraduacao\/ciencias-naturais\/wp-json\/wp\/v2\/types\/page"}],"author":[{"embeddable":true,"href":"https:\/\/uenf.br\/posgraduacao\/ciencias-naturais\/wp-json\/wp\/v2\/users\/10"}],"replies":[{"embeddable":true,"href":"https:\/\/uenf.br\/posgraduacao\/ciencias-naturais\/wp-json\/wp\/v2\/comments?post=5919"}],"version-history":[{"count":0,"href":"https:\/\/uenf.br\/posgraduacao\/ciencias-naturais\/wp-json\/wp\/v2\/pages\/5919\/revisions"}],"up":[{"embeddable":true,"href":"https:\/\/uenf.br\/posgraduacao\/ciencias-naturais\/wp-json\/wp\/v2\/pages\/5906"}],"wp:attachment":[{"href":"https:\/\/uenf.br\/posgraduacao\/ciencias-naturais\/wp-json\/wp\/v2\/media?parent=5919"}],"curies":[{"name":"wp","href":"https:\/\/api.w.org\/{rel}","templated":true}]}}