{"id":5976,"date":"2023-07-08T18:43:10","date_gmt":"2023-07-08T18:43:10","guid":{"rendered":"https:\/\/uenf.br\/posgraduacao\/ciencias-naturais\/?page_id=5976"},"modified":"2024-03-13T13:57:20","modified_gmt":"2024-03-13T13:57:20","slug":"edital-mestrado-nota-10-faperj-2023-2-2","status":"publish","type":"page","link":"https:\/\/uenf.br\/posgraduacao\/ciencias-naturais\/editais-e-processos-seletivos\/processo-seletivo-mestrado-e-doutorado-nota-10-faperj\/edital-mestrado-nota-10-faperj-2023-2-2\/","title":{"rendered":"Edital Mestrado Nota 10 &#8211; FAPERJ-2023-2"},"content":{"rendered":"<p><a href=\"https:\/\/uenf.br\/posgraduacao\/ciencias-naturais\/wp-content\/uploads\/sites\/4\/2023\/08\/Edital_PPGCN.FAPERJ-NOTA-10.2023-2-SELECAO-DE-MESTRADO.pdf\" target=\"_blank\" rel=\"noopener\"><span style=\"color: #000000\">Edital interno PGCN-FAPERJ &#8211; MESTRADO NOTA 10 2023-2<\/span><\/a><\/p>\n<p><span style=\"color: #000000\">Veja tamb\u00e9m: \u00a0 <a style=\"color: #000000\" href=\"https:\/\/uenf.br\/posgraduacao\/ciencias-naturais\/wp-content\/uploads\/sites\/4\/2023\/03\/Edital_FAPERJ_no_01_2023_Mestrado_e_Doutorado_Nota_10.pdf\" target=\"_blank\" rel=\"noopener\">Edital FAPERJ n\u00ba 01\/2023 &#8211; Mestrado e Doutorado Nota 10<\/a><\/span><\/p>\n<p><span style=\"color: #000000\"><strong>Comiss\u00e3o de sele\u00e7\u00e3o de candidaturas:<\/strong><\/span><\/p>\n<p><span style=\"color: #000000\">Profa. Maria Cristina Canela &#8211; presidente<\/span><br \/>\n<span style=\"color: #000000\">Prof. Marcelo Gomes da Silva<\/span><br \/>\n<span style=\"color: #000000\">Prof. Rodrigo Rodrigues de Oliveira<br \/>\n<\/span><\/p>\n<p><span style=\"color: #000000\"><strong>Candidatos inscritos:<\/strong><\/span><\/p>\n<p><span style=\"color: #000000\">Thaluana da Silva Gon\u00e7alves<\/span><\/p>\n<p><span style=\"color: #000000\"><strong>Resultado do Processo de Sele\u00e7\u00e3o:<\/strong><\/span><\/p>\n<p><span style=\"color: #000000\">Thaluana da Silva Gon\u00e7alves &#8211; Aprovada<\/span><br \/>\n<span style=\"color: #000000\"> Orientador:\u00a0 Roberto Weider de Assis Franco<\/span><\/p>\n<p><a href=\"https:\/\/uenf.br\/posgraduacao\/ciencias-naturais\/wp-content\/uploads\/sites\/4\/2023\/08\/SEI_57698223-Ata-edital-bosista-FAPERJ-nota-10-mestrado-2023-2.pdf\"><strong><span style=\"color: #000080\">SEI_57698223-Ata edital bosista FAPERJ nota 10 &#8211; mestrado &#8211; 2023-2<\/span><\/strong><\/a><\/p>\n","protected":false},"excerpt":{"rendered":"<p>Edital interno PGCN-FAPERJ &#8211; MESTRADO NOTA 10 2023-2 Veja tamb\u00e9m: \u00a0 Edital FAPERJ n\u00ba 01\/2023 &#8211; Mestrado e Doutorado Nota&#8230;<\/p>\n","protected":false},"author":10,"featured_media":0,"parent":5645,"menu_order":92,"comment_status":"closed","ping_status":"closed","template":"","meta":{"footnotes":""},"class_list":["post-5976","page","type-page","status-publish","hentry"],"_links":{"self":[{"href":"https:\/\/uenf.br\/posgraduacao\/ciencias-naturais\/wp-json\/wp\/v2\/pages\/5976","targetHints":{"allow":["GET"]}}],"collection":[{"href":"https:\/\/uenf.br\/posgraduacao\/ciencias-naturais\/wp-json\/wp\/v2\/pages"}],"about":[{"href":"https:\/\/uenf.br\/posgraduacao\/ciencias-naturais\/wp-json\/wp\/v2\/types\/page"}],"author":[{"embeddable":true,"href":"https:\/\/uenf.br\/posgraduacao\/ciencias-naturais\/wp-json\/wp\/v2\/users\/10"}],"replies":[{"embeddable":true,"href":"https:\/\/uenf.br\/posgraduacao\/ciencias-naturais\/wp-json\/wp\/v2\/comments?post=5976"}],"version-history":[{"count":0,"href":"https:\/\/uenf.br\/posgraduacao\/ciencias-naturais\/wp-json\/wp\/v2\/pages\/5976\/revisions"}],"up":[{"embeddable":true,"href":"https:\/\/uenf.br\/posgraduacao\/ciencias-naturais\/wp-json\/wp\/v2\/pages\/5645"}],"wp:attachment":[{"href":"https:\/\/uenf.br\/posgraduacao\/ciencias-naturais\/wp-json\/wp\/v2\/media?parent=5976"}],"curies":[{"name":"wp","href":"https:\/\/api.w.org\/{rel}","templated":true}]}}