{"id":6000,"date":"2023-07-13T17:38:26","date_gmt":"2023-07-13T17:38:26","guid":{"rendered":"https:\/\/uenf.br\/posgraduacao\/ciencias-naturais\/?page_id=6000"},"modified":"2025-01-14T15:03:06","modified_gmt":"2025-01-14T15:03:06","slug":"edital-recem-doutor-01-2022","status":"publish","type":"page","link":"https:\/\/uenf.br\/posgraduacao\/ciencias-naturais\/editais-e-processos-seletivos\/pos-doutorado\/edital-recem-doutor-01-2022\/","title":{"rendered":"Edital Rec\u00e9m-Doutor PROPPG-UENF-01\/2022"},"content":{"rendered":"<h1 class=\"single-post-title entry-title\">EDITAL REC\u00c9M-DOUTOR N\u00ba 01\/2022<\/h1>\n<p><span dir=\"ltr\" role=\"presentation\">A Pr\u00f3-Reitoria de Pesquisa e P\u00f3s-Gradua\u00e7\u00e3o da Universidade Estadual do Norte Fluminense <\/span><span dir=\"ltr\" role=\"presentation\">Darcy Ribeiro (UENF) torna p\u00fablico a todos os interessados que est\u00e3o abertas as inscri\u00e7\u00f5es para <\/span><span dir=\"ltr\" role=\"presentation\">bolsas de fixa\u00e7\u00e3o tempor\u00e1ria de jovens doutores no \u00e2mbito do \u201cPrograma de P\u00f3s-doutorado da <\/span><span dir=\"ltr\" role=\"presentation\">UENF\u201d, para atuarem em projetos de pesquisa cient\u00edfica, tecnol\u00f3gica e de inova\u00e7\u00e3o nos <\/span><span dir=\"ltr\" role=\"presentation\">programas de p\u00f3s-gradua\u00e7\u00e3o<\/span> <span dir=\"ltr\" role=\"presentation\">stricto sensu<\/span><span dir=\"ltr\" role=\"presentation\">, em funcionamento na Universidade, e detentores de <\/span><span dir=\"ltr\" role=\"presentation\">cursos de mestrado e\/ou doutorado, conforme as condi\u00e7\u00f5es estabelecidas no edital.<\/span><\/p>\n<p><strong>PROGRAMA\u00a0\u00a0\u00a0\u00a0\u00a0\u00a0\u00a0\u00a0\u00a0 CONCEITO\u00a0\u00a0\u00a0\u00a0\u00a0\u00a0\u00a0\u00a0 COTAS DE BOLSA<br \/>\nPPGCN \u00a0\u00a0\u00a0\u00a0\u00a0\u00a0\u00a0\u00a0\u00a0\u00a0\u00a0\u00a0\u00a0\u00a0\u00a0\u00a0\u00a0\u00a0\u00a0\u00a0\u00a0\u00a0\u00a0\u00a0 4\u00a0\u00a0\u00a0\u00a0\u00a0\u00a0\u00a0\u00a0\u00a0\u00a0\u00a0\u00a0\u00a0\u00a0\u00a0\u00a0\u00a0\u00a0\u00a0\u00a0\u00a0\u00a0\u00a0\u00a0\u00a0\u00a0\u00a0\u00a0\u00a0\u00a0\u00a0\u00a0\u00a0\u00a0\u00a0 4<br \/>\n<\/strong><\/p>\n<div class=\"entry-content clr\">\n<p><span style=\"color: #ff0000\"><strong>INSCRI\u00c7\u00d5ES:\u00a0 28\/07\/2022 A 18\/08\/2022<\/strong><\/span><\/p>\n<p>Edital \u2013\u00a0<a href=\"https:\/\/uenf.br\/posgraduacao\/wp-content\/uploads\/2022\/07\/Edital-recem-doutor-001-2022.pdf\">Acesse aqui<\/a>.<\/p>\n<\/div>\n<p>Anexo 01 \u2013 Planilha de Avalia\u00e7\u00e3o do Candidato \u2013 <a href=\"https:\/\/uenf.br\/posgraduacao\/wp-content\/uploads\/2020\/09\/ANEXO_I_Planilha_de_avaliacao_do_candidato_bolsa_RD_2022.xlsx\">Acesse aqui<\/a>.<\/p>\n<p>Anexo 02 \u2013 Planilha de Avalia\u00e7\u00e3o do Supervisor \u2013 <a href=\"https:\/\/uenf.br\/posgraduacao\/wp-content\/uploads\/2020\/09\/ANEXO_II_Planilha_avaliacao_do_supervisor_RD_2022.xlsx\">Acesse aqui<\/a>.<\/p>\n<p><a href=\"https:\/\/uenf.br\/posgraduacao\/ciencias-naturais\/editais-e-processos-seletivos\/pos-doutorado\/edital-recem-doutor-01-2022\/etapas-processo-seletivo-edital-recem-doutor-01-2022\/\" target=\"_blank\" rel=\"noopener\"><img loading=\"lazy\" decoding=\"async\" class=\"alignnone size-full wp-image-6010\" src=\"https:\/\/uenf.br\/posgraduacao\/ciencias-naturais\/wp-content\/uploads\/sites\/4\/2023\/07\/Acompanhe-o-processo.png\" alt=\"\" width=\"496\" height=\"165\" srcset=\"https:\/\/uenf.br\/posgraduacao\/ciencias-naturais\/wp-content\/uploads\/sites\/4\/2023\/07\/Acompanhe-o-processo.png 496w, https:\/\/uenf.br\/posgraduacao\/ciencias-naturais\/wp-content\/uploads\/sites\/4\/2023\/07\/Acompanhe-o-processo-300x100.png 300w\" sizes=\"auto, (max-width: 496px) 100vw, 496px\" \/><\/a><\/p>\n","protected":false},"excerpt":{"rendered":"<p>EDITAL REC\u00c9M-DOUTOR N\u00ba 01\/2022 A Pr\u00f3-Reitoria de Pesquisa e P\u00f3s-Gradua\u00e7\u00e3o da Universidade Estadual do Norte Fluminense Darcy Ribeiro (UENF) torna&#8230;<\/p>\n","protected":false},"author":10,"featured_media":0,"parent":3385,"menu_order":2,"comment_status":"closed","ping_status":"closed","template":"","meta":{"footnotes":""},"class_list":["post-6000","page","type-page","status-publish","hentry"],"_links":{"self":[{"href":"https:\/\/uenf.br\/posgraduacao\/ciencias-naturais\/wp-json\/wp\/v2\/pages\/6000","targetHints":{"allow":["GET"]}}],"collection":[{"href":"https:\/\/uenf.br\/posgraduacao\/ciencias-naturais\/wp-json\/wp\/v2\/pages"}],"about":[{"href":"https:\/\/uenf.br\/posgraduacao\/ciencias-naturais\/wp-json\/wp\/v2\/types\/page"}],"author":[{"embeddable":true,"href":"https:\/\/uenf.br\/posgraduacao\/ciencias-naturais\/wp-json\/wp\/v2\/users\/10"}],"replies":[{"embeddable":true,"href":"https:\/\/uenf.br\/posgraduacao\/ciencias-naturais\/wp-json\/wp\/v2\/comments?post=6000"}],"version-history":[{"count":0,"href":"https:\/\/uenf.br\/posgraduacao\/ciencias-naturais\/wp-json\/wp\/v2\/pages\/6000\/revisions"}],"up":[{"embeddable":true,"href":"https:\/\/uenf.br\/posgraduacao\/ciencias-naturais\/wp-json\/wp\/v2\/pages\/3385"}],"wp:attachment":[{"href":"https:\/\/uenf.br\/posgraduacao\/ciencias-naturais\/wp-json\/wp\/v2\/media?parent=6000"}],"curies":[{"name":"wp","href":"https:\/\/api.w.org\/{rel}","templated":true}]}}