{"id":6265,"date":"2023-09-23T14:22:25","date_gmt":"2023-09-23T14:22:25","guid":{"rendered":"https:\/\/uenf.br\/posgraduacao\/ciencias-naturais\/?page_id=6265"},"modified":"2025-09-02T17:51:48","modified_gmt":"2025-09-02T17:51:48","slug":"processo-seletivo-2024-1","status":"publish","type":"page","link":"https:\/\/uenf.br\/posgraduacao\/ciencias-naturais\/mestrado-e-doutorado\/processo-seletivo-2024-1\/","title":{"rendered":"Processo Seletivo \u2013 2024-1"},"content":{"rendered":"<h2 align=\"center\"><span style=\"color: #000000\"><strong>PER\u00cdODO DE INSCRI\u00c7\u00d5ES:<\/strong><\/span><\/h2>\n<h2 align=\"center\"><span style=\"color: #000000\"><strong>\u00a0 de 02 de outubro de 2023\u00a0 a 05 de novembro de 2023<br \/>\n<\/strong><\/span><\/h2>\n<h2 style=\"text-align: center\"><span style=\"color: #ff0000\"><strong>(improrrog\u00e1vel)<\/strong><\/span><\/h2>\n<p><a href=\"https:\/\/uenf.br\/posgraduacao\/ciencias-naturais\/editais-e-processos-seletivos\/mestrado-e-doutorado\/processo-seletivo-2024-1\/etapas-do-processo-seletivo-2024-1\/\" target=\"_blank\" rel=\"noopener\"><img loading=\"lazy\" decoding=\"async\" class=\"aligncenter wp-image-4267 size-full\" src=\"https:\/\/uenf.br\/posgraduacao\/ciencias-naturais\/wp-content\/uploads\/sites\/4\/2021\/12\/Imagem-acompanhamento-processo-seletivo.jpg\" alt=\"Etapas do Processo seletivo 202201\" width=\"495\" height=\"158\" srcset=\"https:\/\/uenf.br\/posgraduacao\/ciencias-naturais\/wp-content\/uploads\/sites\/4\/2021\/12\/Imagem-acompanhamento-processo-seletivo.jpg 495w, https:\/\/uenf.br\/posgraduacao\/ciencias-naturais\/wp-content\/uploads\/sites\/4\/2021\/12\/Imagem-acompanhamento-processo-seletivo-300x96.jpg 300w\" sizes=\"auto, (max-width: 495px) 100vw, 495px\" \/><\/a><\/p>\n<h3 align=\"center\"><a href=\"https:\/\/uenf.br\/posgraduacao\/ciencias-naturais\/wp-content\/uploads\/sites\/4\/2023\/09\/Edital-de-Selecao-PPGCN-2024-1-versao-final.pdf\"><span style=\"color: #000000\"><span style=\"color: #008000\">Edital de Sele\u00e7\u00e3o PPGCN-2024-1<\/span><\/span><\/a><\/h3>\n<h3 align=\"center\"><span style=\"color: #008000\"><a style=\"color: #008000\" href=\"https:\/\/uenf.br\/posgraduacao\/ciencias-naturais\/wp-content\/uploads\/sites\/4\/2023\/09\/Anexos-1-a-6-Edital-de-Selecao-PPGCN-2024-1-versao-final-retificada.pdf\">Anexos 1 a 6 Edital de Sele\u00e7\u00e3o PPGCN-2024-1<\/a><\/span><\/h3>\n<p style=\"text-align: center\"><a href=\"https:\/\/uenf.br\/posgraduacao\/ciencias-naturais\/wp-content\/uploads\/sites\/4\/2023\/10\/Edital-de-Selecao-PPGCN-2024-1-versao-final-retificado.pdf\"><strong><span style=\"color: #008000\">Edital de Sele\u00e7\u00e3o PPGCN-2024-1-vers\u00e3o final-retificado<\/span><\/strong><\/a><\/p>\n<h3 align=\"center\"><span style=\"color: #008000\"><strong><a style=\"color: #008000\" href=\"https:\/\/uenf.br\/posgraduacao\/ciencias-naturais\/wp-content\/uploads\/sites\/4\/2023\/12\/Retificacao-Anexo-2-CRONOGRAMA.pdf\">Retifica\u00e7\u00e3o &#8211; Anexo 2 &#8211; CRONOGRAMA<\/a><\/strong><\/span><\/h3>\n<h4><span style=\"color: #000000\"><strong>2.2.6.2 \u00a0\u00a0 <\/strong>As inscri\u00e7\u00f5es que vierem desacompanhadas dos documentos previstos nos <strong>itens 2.2.2.1.2 (a, b, c ou d),<\/strong> poder\u00e3o ser homologadas &#8220;com condicionante&#8221;, desde que acompanhadas das respectivas declara\u00e7\u00f5es previstas nos <strong>itens 2.2.2.1.2.1<\/strong> e <strong>2.2.2.1.2.3<\/strong> para o mestrado ou <strong>itens 2.2.2.1.2.2<\/strong> e <strong>2.2.2.1.2.4<\/strong> para o doutorado \u00a0ficando o candidato obrigado a apresentar os referidos documentos at\u00e9 a data da matr\u00edcula, sob pena de exclus\u00e3o do certame e perda de eventual vaga no programa.<\/span><\/h4>\n<p><span style=\"color: #000000\"><strong>INSCRI\u00c7\u00d5ES EXCLUSIVAMENTE POR MEIO ELETR\u00d4NICO:\u00a0<\/strong> Os candidatos dever\u00e3o utilizar um e-mail GMAIL para envio dos documentos via formul\u00e1rio eletr\u00f4nico. \u00a0 Os candidatos que n\u00e3o possuam um e-mail do gmail\u00a0 devem criar uma conta.<\/span><\/p>\n<ul>\n<li><a href=\"https:\/\/forms.gle\/VchwPQxBa4pmpSe56\" target=\"_blank\" rel=\"noopener\"><span style=\"color: #000000\"><span style=\"color: #008000\"><strong>ACESSE AQ<\/strong><strong>UI O FORMUL\u00c1RIO ELETR\u00d4NICO PARA ENVIO <\/strong><\/span><strong><span style=\"color: #008000\">DE INSCRI\u00c7\u00c3O<\/span><\/strong><\/span><\/a><\/li>\n<\/ul>\n<p><span style=\"color: #000000\"><strong>FORMUL\u00c1RIOS E MODELOS &#8211; <span style=\"color: #ff0000\">N\u00c3O SER\u00c3O ACEITOS FORMUL\u00c1RIOS QUE N\u00c3O SEJAM OS FORMUL\u00c1RIOS PARA PREENCHIMENTO ELETR\u00d4NICO DISPONIBILIZADOS<\/span>\u00a0 (O ENVIO DE FORMUL\u00c1RIOS COM CONVERS\u00d5ES DE\u00a0 TEXTO EM PDF E VICE-VERSA, FORMUL\u00c1RIOS DIGITALIZADOS E PREENCHIDOS A M\u00c3O, FORMUL\u00c1RIOS SALVO COMO IMAGEM OU QUALQUER OUTRA FORMA DE ALTERA\u00c7\u00c3O DO FORMUL\u00c1RIO PARA PREENCHIMENTO ELETR\u00d4NICO EM PDF TER\u00c3O COMO CONSEQU\u00caNCIA A <span style=\"color: #ff0000\">N\u00c3O HOMOLOGA\u00c7\u00c3O DA INSCRI\u00c7\u00c3O,<\/span><br \/>\n<\/strong><\/span><\/p>\n<p><span style=\"color: #000000\"><strong><span style=\"color: #ff0000\">ATEN\u00c7\u00c3O:<\/span>\u00a0 para utiliza\u00e7\u00e3o dos formul\u00e1rios pdf eletr\u00f4nicos recomenda-se a instala\u00e7\u00e3o da vers\u00e3o mais recente do <span style=\"color: #008000\"><a style=\"color: #008000\" href=\"https:\/\/get.adobe.com\/br\/reader\/\" target=\"_blank\" rel=\"noopener\">ADOBE ACROBAT READER DC<\/a>\u00a0<\/span> para o seu sistema operacional (dispon\u00edvel gratuitamente) .\u00a0 Se voc\u00ea est\u00e1 tendo problemas com a utiliza\u00e7\u00e3o da op\u00e7\u00e3o\u00a0 de formul\u00e1rio eletr\u00f4nico procure resolver antes no prazo final de inscri\u00e7\u00e3o.<br \/>\n<\/strong><\/span><\/p>\n<p><span style=\"color: #000000\"><strong><span style=\"color: #ff0000\">ATEN\u00c7\u00c3O:\u00a0<\/span> N\u00c3O UTILIZE OS FORMUL\u00c1RIOS ABERTOS EM SEUS NAVEGADORES &#8211; BAIXE O ARQUIVO PDF PARA PREENCHIMENTO ELETR\u00d4NICO, ABRA COM O APLICATIVO ADOBE READER, PREENCHA E SALVE EM PDF UTILIZANDO O NOME PARA O ARQUIVO CONFORME INDICADO NO EDITAL (N\u00c3O UTILIZE APLICATIVOS DE CONVERS\u00c3O).\u00a0 AP\u00d3S ESTAS A\u00c7\u00d5ES ANEXE OS ARQUIVOS QUANDO FOR PROCEDER A INSCRI\u00c7\u00c3O.<br \/>\n<\/strong><\/span><\/p>\n<p><span style=\"color: #000000\"><strong><a href=\"https:\/\/uenf.br\/posgraduacao\/ciencias-naturais\/wp-content\/uploads\/sites\/4\/2023\/09\/Formulario-1-inscricao-pdf-eletronico-1.pdf\"><span style=\"color: #008000\">FORMUL\u00c1RIO 1 &#8211; INSCRI\u00c7\u00c3O<\/span><\/a> <\/strong><\/span><br \/>\n<span style=\"color: #000000\">Preencher eletronicamente, assinar (este formul\u00e1rio aceita a inser\u00e7\u00e3o de arquivo de imagem para assinatura &#8211; arquivo png or jpg com assinatura) e salvar em pdf nomeando o arquivo conforme instru\u00e7\u00f5es do edital de sele\u00e7\u00e3o <strong><span style=\"color: #ff0000\">(formul\u00e1rio-1-PPGCN-2024-1-nome completo)<\/span><\/strong> . N\u00e3o utilizar nenhum formul\u00e1rio alterado, digitalizado, salvo em imagem que n\u00e3o seja o formul\u00e1rio eletr\u00f4nico disponibilizado para inscri\u00e7\u00e3o &#8211; veja orienta\u00e7\u00f5es acima!!!<br \/>\n<\/span><\/p>\n<p><span style=\"color: #000000\"><strong><span style=\"color: #008000\">FORMUL\u00c1RIO &#8211; CARTA DE REFER\u00caNCIA<\/span> <span style=\"color: #008000\">&#8211; Escolha uma das op\u00e7\u00f5es<\/span><\/strong><\/span><span style=\"color: #000000\"><strong><span style=\"color: #008000\"> abaixo<\/span><br \/>\n<\/strong>Os candidatos dever\u00e3o providenciar o encaminhamento de tr\u00eas cartas de refer\u00eancia subscritas por pessoas ligadas \u00e0 forma\u00e7\u00e3o universit\u00e1ria do candidato ou \u00e0s suas atividades profissionais. Escolher uma das op\u00e7\u00f5es de formul\u00e1rio abaixo, preencher as informa\u00e7\u00f5es preliminares referentes a sua inscri\u00e7\u00e3o, salvar o arquivo\u00a0 em pdf nomeando o arquivo como: <strong><span style=\"color: #ff0000\">Carta de Recomenda\u00e7\u00e3o &#8211; PPGCN-2024-1 \u2013 Nome completo<\/span>.\u00a0<\/strong> Encaminhar ao declarante solicitando o preenchimento e envio para o <strong>e-mail: pgcn@uenf.br. \u00a0<\/strong> Cartas\u00a0 recebidas no e-mail do PPGCN ap\u00f3s a\u00a0 data e hor\u00e1rio limite para inscri\u00e7\u00e3o n\u00e3o ser\u00e3o consideradas.<\/span><br \/>\n<span style=\"color: #000000\"><span style=\"color: #008000\"><a style=\"color: #008000\" href=\"https:\/\/uenf.br\/posgraduacao\/ciencias-naturais\/wp-content\/uploads\/sites\/4\/2022\/11\/Formulario-Carta-de-referencia-em-pdf-eletronico.pdf\" target=\"_blank\" rel=\"noopener\"><strong>&#8211; Op\u00e7\u00e3o 1:<\/strong><\/a><strong>\u00a0<\/strong><\/span> Preencher eletronicamente e salvar em pdf nomeando o arquivo e procedendo conforme instru\u00e7\u00f5es acima. (este formul\u00e1rio aceita a inser\u00e7\u00e3o de arquivo de imagem &#8211; png or jpg &#8211; com assinatura).<\/span><br \/>\n<span style=\"color: #000000\"><span style=\"color: #008000\"><strong><a style=\"color: #008000\" href=\"https:\/\/uenf.br\/posgraduacao\/ciencias-naturais\/wp-content\/uploads\/sites\/4\/2022\/11\/Formulario-Carta-de-referencia-em-pdf-para-impressao.pdf\" target=\"_blank\" rel=\"noopener\">&#8211; Op\u00e7\u00e3o 2:<\/a>\u00a0 <\/strong><\/span>Imprimir, preencher as informa\u00e7\u00f5es preliminares com letra leg\u00edvel, digitalizar e salvar em pdf nomeando o arquivo e procedendo conforme instru\u00e7\u00f5es acima.<\/span><\/p>\n<p><span style=\"color: #000000\"><strong><span style=\"color: #008000\">ANEXO 3 (CANDIDATOS AO MESTRADO) E ANEXO 4 (CANDIDATOS AO DOUTORADO)\u00a0<\/span> <\/strong><\/span><\/p>\n<p><span style=\"color: #000000\"><strong>Na avalia\u00e7\u00e3o ser\u00e1 observado o preenchimento da autoavalia\u00e7\u00e3o do candidato e a ordena\u00e7\u00e3o correta dos comprovantes de acordo com os itens 8.1.2.1 e 8.1.2.2.(mestrado) e 8.2.2.1 e 8.2.2.2 (doutorado) e somente ser\u00e3o considerados os itens que tenham sido comprovados e registrados no Curr\u00edculo Lattes ou Curr\u00edculo equivalente para candidatos estrangeiros.<br \/>\n<\/strong><\/span><\/p>\n<p><a href=\"https:\/\/uenf.br\/posgraduacao\/ciencias-naturais\/wp-content\/uploads\/sites\/4\/2023\/09\/Anexo-3-Tabela-de-pontuacao-mestrado.pdf\" target=\"_blank\" rel=\"noopener\"><strong><span style=\"color: #008000\">ANEXO 3 (MESTRADO)<\/span><\/strong><\/a><br \/>\n<span style=\"color: #000000\">Preencher eletronicamente e salvar em pdf nomeando o arquivo como<strong> <span style=\"color: #ff0000\">Anexo 3-PPGCN-2024-1-nome completo<\/span><\/strong> Proceder de acordo com as instru\u00e7\u00f5es dos itens 2.2.2.1.3 (documenta\u00e7\u00e3o 2) e 6.3.1 do edital.<\/span><\/p>\n<p><strong><span style=\"color: #008000\"><a style=\"color: #008000\" href=\"https:\/\/uenf.br\/posgraduacao\/ciencias-naturais\/wp-content\/uploads\/sites\/4\/2023\/09\/Anexo-4-Tabela-de-pontuacao-doutorado-1.pdf\">ANEXO 4 (DOUTORADO)<\/a><\/span><\/strong><br \/>\n<span style=\"color: #000000\">preencher eletronicamente e salvar em pdf nomeando o arquivo como<span style=\"color: #ff0000\"><strong> Anexo 4-PPGCN-2024-1-nome completo<\/strong>.<\/span> Proceder de acordo com as instru\u00e7\u00f5es dos itens 2.2.2.1.3 (documenta\u00e7\u00e3o 2) e 6.3.1 do edital.<\/span><\/p>\n<p><span style=\"color: #008000\"><strong><a href=\"https:\/\/uenf.br\/posgraduacao\/ciencias-naturais\/editais-e-processos-seletivos\/mestrado-e-doutorado\/processo-seletivo-2024-1\/materiais-e-artigos-para-prova-de-conhecimentos-gerais\/\"><span style=\"color: #008000\">MATERIAIS E ARTIGOS PARA A PROVA DE CONHECIMENTOS GERAIS<\/span><\/a> <\/strong><\/span><\/p>\n","protected":false},"excerpt":{"rendered":"<p>PER\u00cdODO DE INSCRI\u00c7\u00d5ES: \u00a0 de 02 de outubro de 2023\u00a0 a 05 de novembro de 2023 (improrrog\u00e1vel) Edital de Sele\u00e7\u00e3o&#8230;<\/p>\n","protected":false},"author":10,"featured_media":0,"parent":3379,"menu_order":73,"comment_status":"closed","ping_status":"closed","template":"","meta":{"footnotes":""},"class_list":["post-6265","page","type-page","status-publish","hentry"],"_links":{"self":[{"href":"https:\/\/uenf.br\/posgraduacao\/ciencias-naturais\/wp-json\/wp\/v2\/pages\/6265","targetHints":{"allow":["GET"]}}],"collection":[{"href":"https:\/\/uenf.br\/posgraduacao\/ciencias-naturais\/wp-json\/wp\/v2\/pages"}],"about":[{"href":"https:\/\/uenf.br\/posgraduacao\/ciencias-naturais\/wp-json\/wp\/v2\/types\/page"}],"author":[{"embeddable":true,"href":"https:\/\/uenf.br\/posgraduacao\/ciencias-naturais\/wp-json\/wp\/v2\/users\/10"}],"replies":[{"embeddable":true,"href":"https:\/\/uenf.br\/posgraduacao\/ciencias-naturais\/wp-json\/wp\/v2\/comments?post=6265"}],"version-history":[{"count":0,"href":"https:\/\/uenf.br\/posgraduacao\/ciencias-naturais\/wp-json\/wp\/v2\/pages\/6265\/revisions"}],"up":[{"embeddable":true,"href":"https:\/\/uenf.br\/posgraduacao\/ciencias-naturais\/wp-json\/wp\/v2\/pages\/3379"}],"wp:attachment":[{"href":"https:\/\/uenf.br\/posgraduacao\/ciencias-naturais\/wp-json\/wp\/v2\/media?parent=6265"}],"curies":[{"name":"wp","href":"https:\/\/api.w.org\/{rel}","templated":true}]}}