{"id":63,"date":"2014-07-31T15:31:25","date_gmt":"2014-07-31T15:31:25","guid":{"rendered":"http:\/\/uenf.br\/pos-graduacao\/ciencias-naturais\/?page_id=63"},"modified":"2024-04-08T16:38:06","modified_gmt":"2024-04-08T16:38:06","slug":"bolsas-e-auxilios","status":"publish","type":"page","link":"https:\/\/uenf.br\/posgraduacao\/ciencias-naturais\/informacoes-academicas\/bolsas-e-auxilios\/","title":{"rendered":"Bolsas e Aux\u00edlios"},"content":{"rendered":"<p><span style=\"color: #339966\">___________________________________________________________________________________________<\/span><\/p>\n<p style=\"color: #000000;text-align: justify\">PPGCN\u00a0recebe bolsas da CAPES, da FAPERJ e da UENF, al\u00e9m de possuir uma bolsa do CNPq. \u00a0As bolsas de estudo s\u00e3o administradas pelo PPGCN, salvo casos em que o orientador assume essa responsabilidade a partir de bolsas vinculadas a projetos de pesquisa sob sua coordena\u00e7\u00e3o. A bolsa de estudo tem dura\u00e7\u00e3o regular de\u00a0<strong>24 meses<\/strong>\u00a0para\u00a0<strong>mestrado<\/strong>\u00a0e de\u00a0<strong>48 meses<\/strong>\u00a0para\u00a0<strong>doutorado<\/strong>, acompanhando sempre o tempo de matr\u00edcula.<\/p>\n<p style=\"color: #000000;text-align: justify\">\u00a0O estudante recebe bolsa de estudo por m\u00e9rito, de acordo com sua coloca\u00e7\u00e3o no processo seletivo para admiss\u00e3o ao PPGCN. No entanto, a concess\u00e3o de bolsa est\u00e1 condicionada a disponibilidade da institui\u00e7\u00e3o e dos \u00f3rg\u00e3os de fomento.<\/p>\n","protected":false},"excerpt":{"rendered":"<p>___________________________________________________________________________________________ PPGCN\u00a0recebe bolsas da CAPES, da FAPERJ e da UENF, al\u00e9m de possuir uma bolsa do CNPq. \u00a0As bolsas de&#8230;<\/p>\n","protected":false},"author":39,"featured_media":0,"parent":1558,"menu_order":35,"comment_status":"closed","ping_status":"closed","template":"","meta":{"footnotes":""},"class_list":["post-63","page","type-page","status-publish","hentry"],"_links":{"self":[{"href":"https:\/\/uenf.br\/posgraduacao\/ciencias-naturais\/wp-json\/wp\/v2\/pages\/63","targetHints":{"allow":["GET"]}}],"collection":[{"href":"https:\/\/uenf.br\/posgraduacao\/ciencias-naturais\/wp-json\/wp\/v2\/pages"}],"about":[{"href":"https:\/\/uenf.br\/posgraduacao\/ciencias-naturais\/wp-json\/wp\/v2\/types\/page"}],"author":[{"embeddable":true,"href":"https:\/\/uenf.br\/posgraduacao\/ciencias-naturais\/wp-json\/wp\/v2\/users\/39"}],"replies":[{"embeddable":true,"href":"https:\/\/uenf.br\/posgraduacao\/ciencias-naturais\/wp-json\/wp\/v2\/comments?post=63"}],"version-history":[{"count":0,"href":"https:\/\/uenf.br\/posgraduacao\/ciencias-naturais\/wp-json\/wp\/v2\/pages\/63\/revisions"}],"up":[{"embeddable":true,"href":"https:\/\/uenf.br\/posgraduacao\/ciencias-naturais\/wp-json\/wp\/v2\/pages\/1558"}],"wp:attachment":[{"href":"https:\/\/uenf.br\/posgraduacao\/ciencias-naturais\/wp-json\/wp\/v2\/media?parent=63"}],"curies":[{"name":"wp","href":"https:\/\/api.w.org\/{rel}","templated":true}]}}