{"id":6474,"date":"2023-10-18T19:50:06","date_gmt":"2023-10-18T19:50:06","guid":{"rendered":"https:\/\/uenf.br\/posgraduacao\/ciencias-naturais\/?page_id=6474"},"modified":"2025-09-04T20:33:44","modified_gmt":"2025-09-04T20:33:44","slug":"fluxo-discente-e-concessao-de-bolsas-de-formacao","status":"publish","type":"page","link":"https:\/\/uenf.br\/posgraduacao\/ciencias-naturais\/transparencia-no-ppgcn\/fluxo-discente-e-concessao-de-bolsas-de-formacao\/","title":{"rendered":"Fluxo discente e concess\u00e3o de bolsas de forma\u00e7\u00e3o"},"content":{"rendered":"<p><a href=\"http:\/\/uenf.br\/posgraduacao\/ciencias-naturais\/wp-content\/uploads\/sites\/4\/2025\/01\/Situaca\u0303o-de-distribuic\u0327a\u0303o-de-bolsas-ate\u0301-12-2024.jpg\"><img loading=\"lazy\" decoding=\"async\" class=\"alignnone wp-image-7810 \" src=\"http:\/\/uenf.br\/posgraduacao\/ciencias-naturais\/wp-content\/uploads\/sites\/4\/2025\/01\/Situaca\u0303o-de-distribuic\u0327a\u0303o-de-bolsas-ate\u0301-12-2024.jpg\" alt=\"\" width=\"1431\" height=\"257\" srcset=\"https:\/\/uenf.br\/posgraduacao\/ciencias-naturais\/wp-content\/uploads\/sites\/4\/2025\/01\/Situaca\u0303o-de-distribuic\u0327a\u0303o-de-bolsas-ate\u0301-12-2024.jpg 2190w, https:\/\/uenf.br\/posgraduacao\/ciencias-naturais\/wp-content\/uploads\/sites\/4\/2025\/01\/Situaca\u0303o-de-distribuic\u0327a\u0303o-de-bolsas-ate\u0301-12-2024-300x54.jpg 300w, https:\/\/uenf.br\/posgraduacao\/ciencias-naturais\/wp-content\/uploads\/sites\/4\/2025\/01\/Situaca\u0303o-de-distribuic\u0327a\u0303o-de-bolsas-ate\u0301-12-2024-1024x184.jpg 1024w, https:\/\/uenf.br\/posgraduacao\/ciencias-naturais\/wp-content\/uploads\/sites\/4\/2025\/01\/Situaca\u0303o-de-distribuic\u0327a\u0303o-de-bolsas-ate\u0301-12-2024-768x138.jpg 768w, https:\/\/uenf.br\/posgraduacao\/ciencias-naturais\/wp-content\/uploads\/sites\/4\/2025\/01\/Situaca\u0303o-de-distribuic\u0327a\u0303o-de-bolsas-ate\u0301-12-2024-1536x276.jpg 1536w, https:\/\/uenf.br\/posgraduacao\/ciencias-naturais\/wp-content\/uploads\/sites\/4\/2025\/01\/Situaca\u0303o-de-distribuic\u0327a\u0303o-de-bolsas-ate\u0301-12-2024-2048x368.jpg 2048w\" sizes=\"auto, (max-width: 1431px) 100vw, 1431px\" \/><\/a><\/p>\n<p><a href=\"http:\/\/uenf.br\/posgraduacao\/ciencias-naturais\/wp-content\/uploads\/sites\/4\/2025\/01\/Valores-bolsas-ate\u0301-12-2024.jpg\"><img loading=\"lazy\" decoding=\"async\" class=\"alignnone size-full wp-image-7808\" src=\"http:\/\/uenf.br\/posgraduacao\/ciencias-naturais\/wp-content\/uploads\/sites\/4\/2025\/01\/Valores-bolsas-ate\u0301-12-2024.jpg\" alt=\"\" width=\"1436\" height=\"492\" srcset=\"https:\/\/uenf.br\/posgraduacao\/ciencias-naturais\/wp-content\/uploads\/sites\/4\/2025\/01\/Valores-bolsas-ate\u0301-12-2024.jpg 1436w, https:\/\/uenf.br\/posgraduacao\/ciencias-naturais\/wp-content\/uploads\/sites\/4\/2025\/01\/Valores-bolsas-ate\u0301-12-2024-300x103.jpg 300w, https:\/\/uenf.br\/posgraduacao\/ciencias-naturais\/wp-content\/uploads\/sites\/4\/2025\/01\/Valores-bolsas-ate\u0301-12-2024-1024x351.jpg 1024w, https:\/\/uenf.br\/posgraduacao\/ciencias-naturais\/wp-content\/uploads\/sites\/4\/2025\/01\/Valores-bolsas-ate\u0301-12-2024-768x263.jpg 768w\" sizes=\"auto, (max-width: 1436px) 100vw, 1436px\" \/><\/a><\/p>\n<p><a href=\"http:\/\/uenf.br\/posgraduacao\/ciencias-naturais\/wp-content\/uploads\/sites\/4\/2025\/01\/Execuca\u0303o-de-bvolsas-12-2024-scaled.jpg\"><img loading=\"lazy\" decoding=\"async\" class=\"alignnone size-full wp-image-7807\" src=\"http:\/\/uenf.br\/posgraduacao\/ciencias-naturais\/wp-content\/uploads\/sites\/4\/2025\/01\/Execuca\u0303o-de-bvolsas-12-2024-scaled.jpg\" alt=\"\" width=\"1815\" height=\"2560\" srcset=\"https:\/\/uenf.br\/posgraduacao\/ciencias-naturais\/wp-content\/uploads\/sites\/4\/2025\/01\/Execuca\u0303o-de-bvolsas-12-2024-scaled.jpg 1815w, https:\/\/uenf.br\/posgraduacao\/ciencias-naturais\/wp-content\/uploads\/sites\/4\/2025\/01\/Execuca\u0303o-de-bvolsas-12-2024-213x300.jpg 213w, https:\/\/uenf.br\/posgraduacao\/ciencias-naturais\/wp-content\/uploads\/sites\/4\/2025\/01\/Execuca\u0303o-de-bvolsas-12-2024-726x1024.jpg 726w, https:\/\/uenf.br\/posgraduacao\/ciencias-naturais\/wp-content\/uploads\/sites\/4\/2025\/01\/Execuca\u0303o-de-bvolsas-12-2024-768x1083.jpg 768w, https:\/\/uenf.br\/posgraduacao\/ciencias-naturais\/wp-content\/uploads\/sites\/4\/2025\/01\/Execuca\u0303o-de-bvolsas-12-2024-1089x1536.jpg 1089w, https:\/\/uenf.br\/posgraduacao\/ciencias-naturais\/wp-content\/uploads\/sites\/4\/2025\/01\/Execuca\u0303o-de-bvolsas-12-2024-1452x2048.jpg 1452w\" sizes=\"auto, (max-width: 1815px) 100vw, 1815px\" \/><\/a><\/p>\n<h3><strong><span style=\"color: #008000\"><a style=\"color: #008000\" href=\"http:\/\/uenf.br\/posgraduacao\/ciencias-naturais\/wp-content\/uploads\/sites\/4\/2025\/01\/12-2024-Relato\u0301rio-de-Mestrado-do-PGCN-.xlsx\">Relat\u00f3rio Fluxo de Discentes de MESTRADO e concess\u00e3o de bolsas de estudo\u00a0 (desde 2017-1) &#8211; DEZEMBRO-2024<\/a><\/span><\/strong><\/h3>\n<h3><strong><span style=\"color: #008000\"><a style=\"color: #008000\" href=\"http:\/\/uenf.br\/posgraduacao\/ciencias-naturais\/wp-content\/uploads\/sites\/4\/2025\/01\/12-2024-Relato\u0301rio-de-Doutorado-do-PGCN-.xlsx\">Relat\u00f3rio Fluxo de Discentes de DOUTORADO e concess\u00e3o de bolsas de estudo\u00a0 (desde 2015-1) &#8211; DEZEMBRO-2024<\/a><\/span><\/strong><\/h3>\n","protected":false},"excerpt":{"rendered":"<p>Relat\u00f3rio Fluxo de Discentes de MESTRADO e concess\u00e3o de bolsas de estudo\u00a0 (desde 2017-1) &#8211; DEZEMBRO-2024 Relat\u00f3rio Fluxo de Discentes&#8230;<\/p>\n","protected":false},"author":10,"featured_media":0,"parent":6354,"menu_order":1,"comment_status":"closed","ping_status":"closed","template":"","meta":{"footnotes":""},"class_list":["post-6474","page","type-page","status-publish","hentry"],"_links":{"self":[{"href":"https:\/\/uenf.br\/posgraduacao\/ciencias-naturais\/wp-json\/wp\/v2\/pages\/6474","targetHints":{"allow":["GET"]}}],"collection":[{"href":"https:\/\/uenf.br\/posgraduacao\/ciencias-naturais\/wp-json\/wp\/v2\/pages"}],"about":[{"href":"https:\/\/uenf.br\/posgraduacao\/ciencias-naturais\/wp-json\/wp\/v2\/types\/page"}],"author":[{"embeddable":true,"href":"https:\/\/uenf.br\/posgraduacao\/ciencias-naturais\/wp-json\/wp\/v2\/users\/10"}],"replies":[{"embeddable":true,"href":"https:\/\/uenf.br\/posgraduacao\/ciencias-naturais\/wp-json\/wp\/v2\/comments?post=6474"}],"version-history":[{"count":0,"href":"https:\/\/uenf.br\/posgraduacao\/ciencias-naturais\/wp-json\/wp\/v2\/pages\/6474\/revisions"}],"up":[{"embeddable":true,"href":"https:\/\/uenf.br\/posgraduacao\/ciencias-naturais\/wp-json\/wp\/v2\/pages\/6354"}],"wp:attachment":[{"href":"https:\/\/uenf.br\/posgraduacao\/ciencias-naturais\/wp-json\/wp\/v2\/media?parent=6474"}],"curies":[{"name":"wp","href":"https:\/\/api.w.org\/{rel}","templated":true}]}}