{"id":6486,"date":"2023-10-18T20:23:42","date_gmt":"2023-10-18T20:23:42","guid":{"rendered":"https:\/\/uenf.br\/posgraduacao\/ciencias-naturais\/?page_id=6486"},"modified":"2024-05-16T15:02:24","modified_gmt":"2024-05-16T15:02:24","slug":"projetos-e-recursos-financeiros-do-ppgcn","status":"publish","type":"page","link":"https:\/\/uenf.br\/posgraduacao\/ciencias-naturais\/transparencia-no-ppgcn\/projetos-e-recursos-financeiros-do-ppgcn\/","title":{"rendered":"Projetos e recursos financeiros do PPGCN"},"content":{"rendered":"<h2 style=\"text-align: center\"><strong><span style=\"color: #0000ff\">RECURSOS FINANCEIROS CONCEDIDOS AO PPGCN<\/span><\/strong><\/h2>\n<p><a href=\"https:\/\/uenf.br\/posgraduacao\/ciencias-naturais\/wp-content\/uploads\/sites\/4\/2024\/05\/3-Tabela-de-concessoes-de-recursos-ao-PPGCN-a-partir-de-2019-atualizada-ate-16-05-24.jpg\"><img loading=\"lazy\" decoding=\"async\" class=\"alignnone wp-image-7070 size-full\" src=\"https:\/\/uenf.br\/posgraduacao\/ciencias-naturais\/wp-content\/uploads\/sites\/4\/2024\/05\/3-Tabela-de-concessoes-de-recursos-ao-PPGCN-a-partir-de-2019-atualizada-ate-16-05-24.jpg\" alt=\"\" width=\"1461\" height=\"1333\" srcset=\"https:\/\/uenf.br\/posgraduacao\/ciencias-naturais\/wp-content\/uploads\/sites\/4\/2024\/05\/3-Tabela-de-concessoes-de-recursos-ao-PPGCN-a-partir-de-2019-atualizada-ate-16-05-24.jpg 1461w, https:\/\/uenf.br\/posgraduacao\/ciencias-naturais\/wp-content\/uploads\/sites\/4\/2024\/05\/3-Tabela-de-concessoes-de-recursos-ao-PPGCN-a-partir-de-2019-atualizada-ate-16-05-24-300x274.jpg 300w, https:\/\/uenf.br\/posgraduacao\/ciencias-naturais\/wp-content\/uploads\/sites\/4\/2024\/05\/3-Tabela-de-concessoes-de-recursos-ao-PPGCN-a-partir-de-2019-atualizada-ate-16-05-24-1024x934.jpg 1024w, https:\/\/uenf.br\/posgraduacao\/ciencias-naturais\/wp-content\/uploads\/sites\/4\/2024\/05\/3-Tabela-de-concessoes-de-recursos-ao-PPGCN-a-partir-de-2019-atualizada-ate-16-05-24-768x701.jpg 768w\" sizes=\"auto, (max-width: 1461px) 100vw, 1461px\" \/><\/a><\/p>\n<p><span style=\"color: #000000\"><strong><span style=\"color: #008000\">PROAP CAPES &#8211; CONCESS\u00c3O ANUAL\u00a0<\/span><\/strong> &#8211;\u00a0 O Programa de Apoio \u00e0 P\u00f3s-Gradua\u00e7\u00e3o (PROAP) se destina a proporcionar melhores condi\u00e7\u00f5es para a forma\u00e7\u00e3o de recursos humanos e para a produ\u00e7\u00e3o e o aprofundamento do conhecimento nos cursos de p\u00f3s-gradua\u00e7\u00e3o stricto sensu, mantidos por institui\u00e7\u00f5es p\u00fablicas de ensino superior.\u00a0 O PROAP \u00e9 regulamentado pela\u00a0<span style=\"color: #0000ff\"> <strong><a class=\"external-link\" style=\"color: #0000ff\" title=\"\" href=\"http:\/\/cad.capes.gov.br\/ato-administrativo-detalhar?idAtoAdmElastic=438#anchor\" target=\"_self\" rel=\"noopener\" data-tippreview-enabled=\"false\" data-tippreview-image=\"\" data-tippreview-title=\"\">Portaria n\u00ba 156, de 28 de novembro de 2014<\/a>.<\/strong><\/span><\/span><\/p>\n<p><strong><span style=\"color: #000000\"><a href=\"https:\/\/uenf.br\/posgraduacao\/ciencias-naturais\/wp-content\/uploads\/sites\/4\/2023\/10\/Imagem-Planilha-de-concessao-PROAP-CAPES-2023.jpg\"><img loading=\"lazy\" decoding=\"async\" class=\"alignnone size-full wp-image-6497\" src=\"https:\/\/uenf.br\/posgraduacao\/ciencias-naturais\/wp-content\/uploads\/sites\/4\/2023\/10\/Imagem-Planilha-de-concessao-PROAP-CAPES-2023.jpg\" alt=\"\" width=\"1449\" height=\"205\" srcset=\"https:\/\/uenf.br\/posgraduacao\/ciencias-naturais\/wp-content\/uploads\/sites\/4\/2023\/10\/Imagem-Planilha-de-concessao-PROAP-CAPES-2023.jpg 1449w, https:\/\/uenf.br\/posgraduacao\/ciencias-naturais\/wp-content\/uploads\/sites\/4\/2023\/10\/Imagem-Planilha-de-concessao-PROAP-CAPES-2023-300x42.jpg 300w, https:\/\/uenf.br\/posgraduacao\/ciencias-naturais\/wp-content\/uploads\/sites\/4\/2023\/10\/Imagem-Planilha-de-concessao-PROAP-CAPES-2023-1024x145.jpg 1024w, https:\/\/uenf.br\/posgraduacao\/ciencias-naturais\/wp-content\/uploads\/sites\/4\/2023\/10\/Imagem-Planilha-de-concessao-PROAP-CAPES-2023-768x109.jpg 768w\" sizes=\"auto, (max-width: 1449px) 100vw, 1449px\" \/><\/a><\/span><\/strong><\/p>\n<p><strong><a href=\"https:\/\/uenf.br\/posgraduacao\/ciencias-naturais\/wp-content\/uploads\/sites\/4\/2024\/05\/Concessao-PROAP-CAPES-2024-1.jpg\"><img loading=\"lazy\" decoding=\"async\" class=\"alignnone wp-image-7073 size-full\" src=\"https:\/\/uenf.br\/posgraduacao\/ciencias-naturais\/wp-content\/uploads\/sites\/4\/2024\/05\/Concessao-PROAP-CAPES-2024-1.jpg\" alt=\"\" width=\"1448\" height=\"203\" srcset=\"https:\/\/uenf.br\/posgraduacao\/ciencias-naturais\/wp-content\/uploads\/sites\/4\/2024\/05\/Concessao-PROAP-CAPES-2024-1.jpg 1448w, https:\/\/uenf.br\/posgraduacao\/ciencias-naturais\/wp-content\/uploads\/sites\/4\/2024\/05\/Concessao-PROAP-CAPES-2024-1-300x42.jpg 300w, https:\/\/uenf.br\/posgraduacao\/ciencias-naturais\/wp-content\/uploads\/sites\/4\/2024\/05\/Concessao-PROAP-CAPES-2024-1-1024x144.jpg 1024w, https:\/\/uenf.br\/posgraduacao\/ciencias-naturais\/wp-content\/uploads\/sites\/4\/2024\/05\/Concessao-PROAP-CAPES-2024-1-768x108.jpg 768w\" sizes=\"auto, (max-width: 1448px) 100vw, 1448px\" \/><\/a><\/strong><\/p>\n<p><strong><span style=\"color: #000000\">Recursos financeiros PROAP CAPES s\u00e3o destinados aos programas para custear:<\/span><\/strong><br \/>\n<span style=\"color: #000000\">a) manuten\u00e7\u00e3o de equipamentos;<\/span><br \/>\n<span style=\"color: #000000\">b) manuten\u00e7\u00e3o e funcionamento de laborat\u00f3rio de ensino e pesquisa;<\/span><br \/>\n<span style=\"color: #000000\">c) servi\u00e7os e taxas relacionados \u00e0 importa\u00e7\u00e3o;<\/span><br \/>\n<span style=\"color: #000000\">d) participa\u00e7\u00e3o em cursos e treinamentos em t\u00e9cnicas de laborat\u00f3rio e utiliza\u00e7\u00e3o de equipamentos;<\/span><br \/>\n<span style=\"color: #000000\">e) produ\u00e7\u00e3o, revis\u00e3o, tradu\u00e7\u00e3o, editora\u00e7\u00e3o, confec\u00e7\u00e3o e publica\u00e7\u00e3o de conte\u00fados cient\u00edfico-acad\u00eamicos e de divulga\u00e7\u00e3o das atividades desenvolvidas no \u00e2mbito dos programas de p\u00f3s-gradua\u00e7\u00e3o;<\/span><br \/>\n<span style=\"color: #000000\">f) manuten\u00e7\u00e3o do acervo de peri\u00f3dicos, desde que n\u00e3o contemplados no Portal de Peri\u00f3dicos da CAPES;<\/span><br \/>\n<span style=\"color: #000000\">g) apoio \u00e0 realiza\u00e7\u00e3o de eventos cient\u00edfico-acad\u00eamicos no pa\u00eds;<\/span><br \/>\n<span style=\"color: #000000\">h) participa\u00e7\u00e3o de professores, pesquisadores e alunos em atividades e cient\u00edfico-acad\u00eamicos no pa\u00eds e no exterior;<\/span><br \/>\n<span style=\"color: #000000\">i) participa\u00e7\u00e3o de convidados externos em atividades cient\u00edfico-acad\u00eamicas no pa\u00eds;<\/span><br \/>\n<span style=\"color: #000000\">j) participa\u00e7\u00e3o de professores, pesquisadores e alunos em atividades de intercambio e parcerias entre programas de p\u00f3s-gradua\u00e7\u00e3o e institui\u00e7\u00f5es formalmente associados;<\/span><br \/>\n<span style=\"color: #000000\">k) participa\u00e7\u00e3o de alunos em cursos ou disciplinas em outro programa de p\u00f3s-gradua\u00e7\u00e3o, desde que estejam relacionados \u00e0s suas disserta\u00e7\u00f5es e teses; e<\/span><br \/>\n<span style=\"color: #000000\">l) aquisi\u00e7\u00e3o e manuten\u00e7\u00e3o de tecnologias em inform\u00e1tica e da informa\u00e7\u00e3o caracterizadas como custeio.<\/span><\/p>\n<p><strong><span style=\"color: #008000\">PDPG FAPERJ\/CAPES &#8211; CONCESS\u00c3O 2024<\/span>\u00a0<\/strong> &#8211;\u00a0<span style=\"color: #000000\">\u00a0 Edital n\u00ba 38\/2022, do <strong><span style=\"color: #0000ff\"><a style=\"color: #0000ff\" href=\"https:\/\/www.gov.br\/capes\/pt-br\/acesso-a-informacao\/acoes-e-programas\/bolsas\/programas-estrategicos\/desenvolvimento-regional\/programa-de-desenvolvimento-da-pos-graduacao-pdpg-2013-parcerias-estrategicas-nos-estados\/programa-de-desenvolvimento-da-pos-graduacao-pdpg-2013-parcerias-estrategicas-nos-estados-iii\" target=\"_blank\" rel=\"noopener\">Programa de Desenvolvimento da P\u00f3s-Gradua\u00e7\u00e3o (PDPG) \u2013 Parcerias Estrat\u00e9gicas nos Estados III<\/a><\/span><\/strong>.\u00a0 O programa PDPG \u2013 Parcerias Estrat\u00e9gicas nos Estados III tem como objetivo apoiar projetos voltados \u00e0 manuten\u00e7\u00e3o da qualidade ou ao fortalecimento dos Programas de P\u00f3s-Gradua\u00e7\u00e3o (PPGs) stricto sensu acad\u00eamicos, com foco na forma\u00e7\u00e3o de recursos humanos altamente qualificados e na investiga\u00e7\u00e3o acad\u00eamico-cient\u00edfica em temas considerados priorit\u00e1rios nos estados, promovendo intera\u00e7\u00e3o entre a academia, o governo e a iniciativa privada, com vistas ao desenvolvimento econ\u00f4mico e social do estado.\u00a0\u00a0 <span style=\"color: #ff0000\"><strong><a style=\"color: #ff0000\" href=\"https:\/\/uenf.br\/posgraduacao\/ciencias-naturais\/wp-content\/uploads\/sites\/4\/2024\/05\/Termo-de-outorga.pdf\">TERMO DE OUTORGA<\/a><\/strong><\/span><br \/>\n<\/span><\/p>\n<p><span style=\"color: #000000\"><strong><span style=\"color: #008000\">PDPG CAPES &#8211; CONCESS\u00c3O 2022<\/span>\u00a0<\/strong> &#8211;\u00a0 O Programa de Desenvolvimento da P\u00f3s-Gradua\u00e7\u00e3o Estrat\u00e9gico de Consolida\u00e7\u00e3o dos Programas de P\u00f3s-Gradua\u00e7\u00e3o\u00a0<i>stricto sensu\u00a0<\/i>acad\u00eamicos tem como objetivo apoiar os PPGs com notas 3 e 4 de modo a contribuir para a consolida\u00e7\u00e3o e redu\u00e7\u00e3o de assimetrias identificadas no \u00e2mbito do SNPG a partir da forma\u00e7\u00e3o de mestres e doutores.\u00a0<strong><span class=\"selectable-text copyable-text\" style=\"color: #0000ff\"> <a class=\"external-link\" style=\"color: #0000ff\" title=\"\" href=\"http:\/\/cad.capes.gov.br\/ato-administrativo-detalhar?idAtoAdmElastic=9322#anchor\" target=\"_blank\" rel=\"noopener\" data-tippreview-enabled=\"false\" data-tippreview-image=\"\" data-tippreview-title=\"\">Portaria n\u00ba 155, de 10 de agosto de 2022.<\/a>\u00a0 <\/span><\/strong><\/span><\/p>\n<p><strong><span style=\"color: #008000\">FAPERJ &#8211; 2019 &#8211;\u00a0 Apoio para Programas e Cursos de P\u00f3s-Gradua\u00e7\u00e3o Stricto Sensu do Estado do Rio de Janeiro<\/span> &#8211; \u00a0<\/strong><span style=\"color: #000000\"><span style=\"color: #0000ff\"><strong><a style=\"color: #0000ff\" href=\"https:\/\/siteantigo.faperj.br\/downloads\/Edital_FAPERJ_N\u00ba_12_2019_Apoio_aos_Programas_e_Cursos_de_Pos_Graduacao_Strictu_Sensu_do_Estado_do_RJ.pdf\" target=\"_blank\" rel=\"noopener\">Edital FAPERJ 12\/2019<\/a><\/strong><\/span><br \/>\n<\/span><\/p>\n<p><strong><span style=\"color: #008000\">FAPERJ &#8211; 2020 &#8211;\u00a0 Apoio para Programas e Cursos de P\u00f3s-Gradua\u00e7\u00e3o Stricto Sensu do Estado do Rio de Janeiro<\/span> &#8211; \u00a0<\/strong><a href=\"https:\/\/siteantigo.faperj.br\/downloads\/Edital_FAPERJ_N%C2%BA_05_2020_%E2%80%93_Apoio_aos_Programas_e_Cursos_de_P%C3%B3s-gradua%C3%A7%C3%A3o_Stricto_sensu_do_Estado_do_Rio_de_Janeiro.pdf\" target=\"_blank\" rel=\"noopener\"><strong><span style=\"color: #0000ff\">Edital FAPERJ 05\/2020<\/span><\/strong><\/a><\/p>\n<p><strong><span style=\"color: #008000\">FAPERJ &#8211; 2021 &#8211;\u00a0 Apoio para Programas e Cursos de P\u00f3s-Gradua\u00e7\u00e3o Stricto Sensu do Estado do Rio de Janeiro<\/span> &#8211; \u00a0<\/strong><span style=\"color: #0000ff\"><a style=\"color: #0000ff\" href=\"https:\/\/www.faperj.br\/downloads\/Edital_FAPERJ_N%C2%BA_29_2021___Apoio_aos_Programas_e_Cursos_de_P%C3%B3s_gradua%C3%A7%C3%A3o_Stricto_sensu_do_Estado_do_Rio_de_Janeiro.pdf\" target=\"_blank\" rel=\"noopener\"><strong>Edital FAPERJ 29\/2021<\/strong><\/a><\/span><\/p>\n<h2 style=\"text-align: center\"><span style=\"color: #0000ff\"><strong>PRESTA\u00c7\u00c3O DE CONTAS RECURSOS FINANCEIROS CONCEDIDOS AO PPGCN<\/strong><\/span><\/h2>\n<h2 style=\"text-align: center\"><strong><span style=\"color: #0000ff\">Situa\u00e7\u00e3o at\u00e9 16\/05\/2024<\/span><\/strong><\/h2>\n<p><strong><span style=\"color: #008000\"><a style=\"color: #008000\" href=\"https:\/\/uenf.br\/posgraduacao\/ciencias-naturais\/wp-content\/uploads\/sites\/4\/2023\/10\/PROAP-CAPES-2019-2020-1-PPGCN-PLANILHA-DE-EXECUCAO.pdf\"><span style=\"color: #800080\">PROAP CAPES &#8211; 2019-2020-1-PPGCN-PLANILHA DE EXECU\u00c7\u00c3O<\/span><\/a> <\/span><\/strong><span style=\"color: #000000\">-Execu\u00e7\u00e3o setor de conv\u00eanios da UENF &#8211; <span style=\"color: #ff0000\">encerrado<\/span><br \/>\n<\/span><\/p>\n<p><span style=\"color: #000000\"><strong><a href=\"https:\/\/uenf.br\/posgraduacao\/ciencias-naturais\/wp-content\/uploads\/sites\/4\/2024\/05\/Planilha-de-execucao-recursos-FAPERJ-APQ1-2019-em-16-05-24.pdf\"><span style=\"color: #800080\">FAPERJ EDITAL 12\/2019-PPGCN-PLANILHA DE EXECU\u00c7\u00c3O<\/span><\/a> <\/strong>&#8211;\u00a0 Execu\u00e7\u00e3o coordenador do PPGCN &#8211; <span style=\"color: #ff0000\">encerrado<\/span><br \/>\n<\/span><\/p>\n<p><span style=\"color: #000000\"><span style=\"color: #800080\"><strong><a style=\"color: #800080\" href=\"https:\/\/uenf.br\/posgraduacao\/ciencias-naturais\/wp-content\/uploads\/sites\/4\/2023\/11\/Planilha-de-execucao-recursos-PROAP-CAPES-PPGCN-2020-2-a-2023.pdf\">PROAP CAPES &#8211; 2020-2 a 2023-PPGCN-PLANILHA DE EXECU\u00c7\u00c3O<\/a>\u00a0<\/strong><\/span>&#8211; Em execu\u00e7\u00e3o coordenador do PPGCN &#8211; at\u00e9 outubro de 2023<br \/>\n<\/span><\/p>\n<p><span style=\"color: #000000\"><a href=\"https:\/\/uenf.br\/posgraduacao\/ciencias-naturais\/wp-content\/uploads\/sites\/4\/2023\/11\/Planilha-de-execucao-recursos-FAPERJ-APQ1-2020.pdf\"><strong><span style=\"color: #800080\">FAPERJ EDITAL 05\/2020-PPGCN-PLANILHA DE EXECU\u00c7\u00c3O<\/span><\/strong><\/a>\u00a0<\/span>&#8211;\u00a0 <span style=\"color: #000000\">Em execu\u00e7\u00e3o coordenador do PPGCN &#8211; at\u00e9 outubro de 2023<\/span><\/p>\n<p><span style=\"color: #000000\"><span style=\"color: #800080\"><strong><a style=\"color: #800080\" href=\"https:\/\/uenf.br\/posgraduacao\/ciencias-naturais\/wp-content\/uploads\/sites\/4\/2024\/05\/Planilha-de-execucao-recursos-FAPERJ-APQ1-2021-em-16-05-24.pdf\">FAPERJ EDITAL 29\/2021-PPGCN-PLANILHA DE EXECU\u00c7\u00c3O<\/a><\/strong><\/span>&#8211;\u00a0 Em execu\u00e7\u00e3o coordenador do PPGCN &#8211; <span style=\"color: #ff0000\">encerrado<\/span><br \/>\n<\/span><\/p>\n<p><span style=\"color: #000000\"><strong><span style=\"color: #800080\"><a href=\"https:\/\/uenf.br\/posgraduacao\/ciencias-naturais\/wp-content\/uploads\/sites\/4\/2023\/11\/Planilha-de-execucao-recursos-PROAP-PDPG-PPGCN-2022-a-2023.pdf\"><span style=\"color: #800080\">PDPG 3-4 CAPES &#8211; 2022-2023 &#8211; PPGCN-PLANILHA DE EXECU\u00c7\u00c3O<\/span><\/a> <\/span><\/strong>&#8211; Em execu\u00e7\u00e3o coordenador do PPGCN &#8211; at\u00e9 outubro de 2023<br \/>\n<\/span><\/p>\n","protected":false},"excerpt":{"rendered":"<p>RECURSOS FINANCEIROS CONCEDIDOS AO PPGCN PROAP CAPES &#8211; CONCESS\u00c3O ANUAL\u00a0 &#8211;\u00a0 O Programa de Apoio \u00e0 P\u00f3s-Gradua\u00e7\u00e3o (PROAP) se destina&#8230;<\/p>\n","protected":false},"author":10,"featured_media":0,"parent":6354,"menu_order":1,"comment_status":"closed","ping_status":"closed","template":"","meta":{"footnotes":""},"class_list":["post-6486","page","type-page","status-publish","hentry"],"_links":{"self":[{"href":"https:\/\/uenf.br\/posgraduacao\/ciencias-naturais\/wp-json\/wp\/v2\/pages\/6486","targetHints":{"allow":["GET"]}}],"collection":[{"href":"https:\/\/uenf.br\/posgraduacao\/ciencias-naturais\/wp-json\/wp\/v2\/pages"}],"about":[{"href":"https:\/\/uenf.br\/posgraduacao\/ciencias-naturais\/wp-json\/wp\/v2\/types\/page"}],"author":[{"embeddable":true,"href":"https:\/\/uenf.br\/posgraduacao\/ciencias-naturais\/wp-json\/wp\/v2\/users\/10"}],"replies":[{"embeddable":true,"href":"https:\/\/uenf.br\/posgraduacao\/ciencias-naturais\/wp-json\/wp\/v2\/comments?post=6486"}],"version-history":[{"count":0,"href":"https:\/\/uenf.br\/posgraduacao\/ciencias-naturais\/wp-json\/wp\/v2\/pages\/6486\/revisions"}],"up":[{"embeddable":true,"href":"https:\/\/uenf.br\/posgraduacao\/ciencias-naturais\/wp-json\/wp\/v2\/pages\/6354"}],"wp:attachment":[{"href":"https:\/\/uenf.br\/posgraduacao\/ciencias-naturais\/wp-json\/wp\/v2\/media?parent=6486"}],"curies":[{"name":"wp","href":"https:\/\/api.w.org\/{rel}","templated":true}]}}