{"id":6568,"date":"2023-11-07T21:41:56","date_gmt":"2023-11-07T21:41:56","guid":{"rendered":"https:\/\/uenf.br\/posgraduacao\/ciencias-naturais\/?page_id=6568"},"modified":"2025-01-16T12:19:18","modified_gmt":"2025-01-16T12:19:18","slug":"edital-pdse-2024","status":"publish","type":"page","link":"https:\/\/uenf.br\/posgraduacao\/ciencias-naturais\/editais-e-processos-seletivos\/edital-pdse\/edital-pdse-2024\/","title":{"rendered":"EDITAL PDSE \u2013 2024-1"},"content":{"rendered":"<p><span style=\"color: #000000\">Edital interno <a style=\"color: #000000\" href=\"https:\/\/uenf.br\/posgraduacao\/ciencias-naturais\/wp-content\/uploads\/sites\/4\/2023\/11\/Edital_PPGCN.PDSE_.2024.pdf\">PGCN-PDSE-2024 &#8211; Doutorado Sandu\u00edche no Exterior<\/a><\/span><\/p>\n<p><span style=\"color: #000000\">Veja tamb\u00e9m: \u00a0\u00a0 <a style=\"color: #000000\" href=\"https:\/\/uenf.br\/posgraduacao\/ciencias-naturais\/wp-content\/uploads\/sites\/4\/2023\/11\/Edital-PROPPG-UENF-PDSE-02-2023.pdf\">Edital PROPPG-02-23 PDSE<\/a><br \/>\n<\/span><\/p>\n<p><span style=\"color: #000000\"><a style=\"color: #000000\" href=\"https:\/\/uenf.br\/posgraduacao\/ciencias-naturais\/wp-content\/uploads\/sites\/4\/2023\/11\/Edital-Capes-PDSE-20-2023.pdf\">Edital PDSE-CAPES 20-2023<\/a><\/span><\/p>\n<p><span style=\"color: #000000\"><strong>Comiss\u00e3o de sele\u00e7\u00e3o de candidaturas:<\/strong><\/span><\/p>\n<p><span style=\"color: #000000\">Prof. Ivo Jos\u00e9 Curcino Vieira<\/span><\/p>\n<p><span style=\"color: #000000\">Prof. Marcelo Gomes da Silva<\/span><\/p>\n<p><span style=\"color: #000000\">Prof. Roberto Weider de Assis Franco<\/span><\/p>\n<p><span style=\"color: #000000\">Prof.\u00a0 Rodrigo Rodrigues de Oliveira<\/span><\/p>\n<p><span style=\"color: #000000\"><strong>Candidatos inscritos:<\/strong><\/span><\/p>\n<p><span style=\"color: #000000\">Kaique Carvalho da Silva<\/span><\/p>\n<p><span style=\"color: #000000\">Luel Maximiano de Oliveira Costa<\/span><\/p>\n<p><span style=\"color: #000000\"><strong>Resultado do Processo de Sele\u00e7\u00e3o: <\/strong>Candidatos aprovado para indica\u00e7\u00e3o do PPGCN:<\/span><\/p>\n<p><span style=\"color: #000000\">Kaique Caervlaho da Silva &#8211; primeiro colocado<\/span><\/p>\n<p><span style=\"color: #000000\">Luel Maximiano de Oliveira Costa<\/span><\/p>\n<p><span style=\"color: #000000\"><a href=\"https:\/\/uenf.br\/posgraduacao\/ciencias-naturais\/wp-content\/uploads\/sites\/4\/2023\/12\/Ata-de-Selecao.pdf\"><span style=\"color: #000000\">Ata de Sele\u00e7\u00e3o Edital PDSE &#8211; PPGCN &#8211; 2024<\/span><\/a><\/span><\/p>\n<p><span style=\"color: #000000\"><strong>\u00a0<\/strong><\/span><\/p>\n<p>&nbsp;<\/p>\n","protected":false},"excerpt":{"rendered":"<p>Edital interno PGCN-PDSE-2024 &#8211; Doutorado Sandu\u00edche no Exterior Veja tamb\u00e9m: \u00a0\u00a0 Edital PROPPG-02-23 PDSE Edital PDSE-CAPES 20-2023 Comiss\u00e3o de sele\u00e7\u00e3o&#8230;<\/p>\n","protected":false},"author":10,"featured_media":0,"parent":3390,"menu_order":2,"comment_status":"closed","ping_status":"closed","template":"","meta":{"footnotes":""},"class_list":["post-6568","page","type-page","status-publish","hentry"],"_links":{"self":[{"href":"https:\/\/uenf.br\/posgraduacao\/ciencias-naturais\/wp-json\/wp\/v2\/pages\/6568","targetHints":{"allow":["GET"]}}],"collection":[{"href":"https:\/\/uenf.br\/posgraduacao\/ciencias-naturais\/wp-json\/wp\/v2\/pages"}],"about":[{"href":"https:\/\/uenf.br\/posgraduacao\/ciencias-naturais\/wp-json\/wp\/v2\/types\/page"}],"author":[{"embeddable":true,"href":"https:\/\/uenf.br\/posgraduacao\/ciencias-naturais\/wp-json\/wp\/v2\/users\/10"}],"replies":[{"embeddable":true,"href":"https:\/\/uenf.br\/posgraduacao\/ciencias-naturais\/wp-json\/wp\/v2\/comments?post=6568"}],"version-history":[{"count":0,"href":"https:\/\/uenf.br\/posgraduacao\/ciencias-naturais\/wp-json\/wp\/v2\/pages\/6568\/revisions"}],"up":[{"embeddable":true,"href":"https:\/\/uenf.br\/posgraduacao\/ciencias-naturais\/wp-json\/wp\/v2\/pages\/3390"}],"wp:attachment":[{"href":"https:\/\/uenf.br\/posgraduacao\/ciencias-naturais\/wp-json\/wp\/v2\/media?parent=6568"}],"curies":[{"name":"wp","href":"https:\/\/api.w.org\/{rel}","templated":true}]}}