{"id":6689,"date":"2024-02-23T11:03:30","date_gmt":"2024-02-23T11:03:30","guid":{"rendered":"https:\/\/uenf.br\/posgraduacao\/ciencias-naturais\/?page_id=6689"},"modified":"2024-05-09T12:13:05","modified_gmt":"2024-05-09T12:13:05","slug":"edital-ppgcn-pmd-2024-1-passagem-de-mestrado-para-doutorado","status":"publish","type":"page","link":"https:\/\/uenf.br\/posgraduacao\/ciencias-naturais\/editais-e-processos-seletivos\/editais-de-passagem-mestrado-para-doutorado\/edital-ppgcn-pmd-2024-1-passagem-de-mestrado-para-doutorado\/","title":{"rendered":"Edital PPGCN-PMD-2024-1 &#8211; Passagem de mestrado para doutorado"},"content":{"rendered":"<h2 align=\"center\"><strong>PER\u00cdODO DE INSCRI\u00c7\u00d5ES<\/strong><\/h2>\n<h2 align=\"center\"><strong>\u00a0 de 04 a 18 de mar\u00e7o de 2024<\/strong><\/h2>\n<h3 align=\"center\"><a href=\"https:\/\/uenf.br\/posgraduacao\/ciencias-naturais\/wp-content\/uploads\/sites\/4\/2024\/02\/Edital-PPGCN-PMD-2024-1-Passagem-mestrado-para-doutorado.pdf\"><strong><span style=\"color: #ff0000\">Edital PPGCN-PMD-2024-1 &#8211; Passagem mestrado para doutorado<\/span><\/strong><\/a><\/h3>\n<p style=\"text-align: center\"><a href=\"https:\/\/uenf.br\/posgraduacao\/ciencias-naturais\/wp-content\/uploads\/sites\/4\/2024\/02\/RESOLUCAO-CPPG-No-01-DE-26-DE-JANEIRO-DE-2022.pdf\">RESOLU\u00c7\u00c3O CPPG N\u00ba 01, DE 26 DE JANEIRO DE 2022<\/a><\/p>\n<p><span style=\"color: #0000ff\"><strong>INSCRI\u00c7\u00d5ES:<\/strong><\/span><\/p>\n<p><span style=\"color: #000000\">&#8211; Fadi Simon de Souza Magalh\u00e3es &#8211; Orientador: Luis Guilherme Mansor Basso &#8211; Linha de Pesquisa: Ci\u00eancia e Tecnologia de Materiais<\/span><\/p>\n<p><span style=\"color: #000000\">&#8211; Gustavo Victor Tissi Batista &#8211; Orientador: Luis Guilherme Mansor Basso &#8211; Linha de Pesquisa: Ci\u00eancia e Tecnologia de Materiais<\/span><\/p>\n<p><span style=\"color: #0000ff\"><strong>HOMOLOGA\u00c7\u00c3O DAS INSCRI\u00c7\u00d5ES<\/strong><\/span><\/p>\n<p><strong><span style=\"color: #008000\">Inscri\u00e7\u00f5es Homologadas<\/span><\/strong><br \/>\n<span style=\"color: #000000\">&#8211; Fadi Simon de Souza Magalh\u00e3es &#8211; Orientador: Luis Guilherme Mansor Basso &#8211; Linha de Pesquisa: Ci\u00eancia e Tecnologia de Materiais<\/span><br \/>\n<span style=\"color: #000000\">&#8211; Gustavo Victor Tissi Batista &#8211; Orientador: Luis Guilherme Mansor Basso &#8211; Linha de Pesquisa: Ci\u00eancia e Tecnologia de Materiais<\/span><\/p>\n<p><strong><span style=\"color: #0000ff\">COMISS\u00d5ES EXAMINADORAS<\/span><br \/>\n<\/strong><\/p>\n<p><strong><span style=\"color: #000000\">Fadi Simon de Souza Magalh\u00e3es<\/span><\/strong><br \/>\n<span style=\"color: #000000\">Linha de Pesquisa: Ci\u00eancia e Tecnologia de Materiais<\/span><\/p>\n<pre><span style=\"color: #000000\"><span style=\"color: #0000ff\"><a style=\"color: #0000ff\" href=\"http:\/\/lattes.cnpq.br\/0126292394899026\" target=\"_blank\" rel=\"noopener\">Prof. Dr. Luis Guilherme Mansor Basso<\/a><\/span> - Orientador - PPG Ci\u00eancias Naturais -UENF\/RJ<\/span>\r\n<span style=\"color: #000000\"><a href=\"http:\/\/lattes.cnpq.br\/5208824640229110\" target=\"_blank\" rel=\"noopener\"><span style=\"color: #0000ff\">Prof. Dr. Roberto Weider de Assis Franco<\/span><\/a> - PPG Ci\u00eancias Naturais - UENF\/RJ<\/span>\r\n<span style=\"color: #000000\"><span style=\"color: #0000ff\"><a style=\"color: #0000ff\" href=\"http:\/\/lattes.cnpq.br\/5634913240588701\" target=\"_blank\" rel=\"noopener\">Prof. Dra. \u00c9rica de Oliveira Mello<\/a><\/span> - PPG Bioci\u00eancias e Biotecnologia - UENF\/RJ<\/span>\r\n<span style=\"color: #000000\"><a href=\"http:\/\/lattes.cnpq.br\/5899141030677594\" target=\"_blank\" rel=\"noopener\"><span style=\"color: #0000ff\">Prof. Dr. Luis Felipe Santos Mendes<\/span><\/a>- PPG F\u00edsica - USP\/SC<\/span>\r\n<span style=\"color: #000000\"><span style=\"color: #0000ff\"><a style=\"color: #0000ff\" href=\"http:\/\/lattes.cnpq.br\/6264982300012380\" target=\"_blank\" rel=\"noopener\">Prof. Dr. Jos\u00e9 Luiz de Souza Lopes<\/a><\/span> - PPG F\u00edsica - USP\/RP<\/span><\/pre>\n<p><strong><span style=\"color: #000000\">Gustavo Victor Tissi Batista<\/span><\/strong><br \/>\n<span style=\"color: #000000\">Linha de Pesquisa: Ci\u00eancia e Tecnologia de Materiais<\/span><\/p>\n<pre><span style=\"color: #000000\"><span style=\"color: #0000ff\"><a style=\"color: #0000ff\" href=\"http:\/\/lattes.cnpq.br\/0126292394899026\" target=\"_blank\" rel=\"noopener\">Prof. Dr. Luis Guilherme Mansor Basso<\/a><\/span> - Orientador - PPG Ci\u00eancias Naturais -UENF\/RJ<\/span>\r\n<span style=\"color: #000000\"><span style=\"color: #0000ff\"><a style=\"color: #0000ff\" href=\"http:\/\/lattes.cnpq.br\/8753431507012523\" target=\"_blank\" rel=\"noopener\">Prof. Dr. Pablo Leite Bernardo<\/a><\/span> - PGCN - PPG Ci\u00eancias Naturais -UENF\/RJ<\/span>\r\n<span style=\"color: #0000ff\"><a style=\"color: #0000ff\" href=\"http:\/\/lattes.cnpq.br\/6301573844997242\" target=\"_blank\" rel=\"noopener\">Prof. Dr. S\u00e9rgio Henrique Seabra<\/a> <span style=\"color: #000000\">- PPG Bioci\u00eancias e Biotecnologia - UENF\/RJ<\/span> \r\n<\/span><span style=\"color: #000000\"><a href=\"http:\/\/lattes.cnpq.br\/2959847345929365\" target=\"_blank\" rel=\"noopener\"><span style=\"color: #0000ff\">Prof. Dr. \u00c9der Jos\u00e9 Guidelli<\/span><\/a> - PPG F\u00edsica aplicada a Medicina e Biologia - USP\/RP<\/span>\r\n<span style=\"color: #000000\"><a href=\"http:\/\/lattes.cnpq.br\/3814399624794416\" target=\"_blank\" rel=\"noopener\"><span style=\"color: #0000ff\">Prof. Dr. Flavio Garcia<\/span><\/a> - PPG F\u00edsica - CBPF\/RJ<\/span><\/pre>\n<p><span style=\"color: #000000\"><strong><span style=\"color: #008000\">RESULTADOS<\/span><br \/>\n<\/strong><\/span><\/p>\n<p><span style=\"color: #000000\"><strong>Linha de Pesquisa:\u00a0 Ci\u00eancia e Tecnologia de Materiais<br \/>\n<\/strong><\/span><\/p>\n<p><span style=\"color: #000000\"><strong>Fadi simon de Souza Magalh\u00e3es<\/strong><\/span><br \/>\n<span style=\"color: #000000\">DATA DA DEFESA: 09\/04\/2024 &#8211; 14:00 H &#8211; SALA MULTISO DO PPGCN (P3)<\/span><br \/>\n<span style=\"color: #000000\">T\u00edtulo do projeto: <\/span><br \/>\n<span style=\"color: #000000\">Funcionaliza\u00e7\u00e3o de nanopart\u00edculas magn\u00e9ticas de \u00f3xidos de ferro para aplica\u00e7\u00f5es biom\u00e9dicas da hipertermia magn\u00e9tica<\/span><\/p>\n<p><span style=\"color: #000000\">I &#8211; Avalia\u00e7\u00e3o e defesa do projeto de pesquisa de doutorado (peso 3) &#8211; NOTA: 9,5 (nove e meio)<\/span><br \/>\n<span style=\"color: #000000\">II &#8211; Avalia\u00e7\u00e3o do Desempenho e Atividades desenvolvidas durante a Gradua\u00e7\u00e3o (peso 1) &#8211; NOTA: 10,0 (dez)<\/span><br \/>\n<span style=\"color: #000000\">III- Avalia\u00e7\u00e3o do Desempenho e atividades desenvolvidas durante o per\u00edodo de Mestrado (peso 2) &#8211; NOTA: 9,7 (nove e sete)<\/span><br \/>\n<span style=\"color: #000000\"><strong>M\u00c9DIA = 9,7 (nove e sete) &#8211; <span style=\"color: #008000\">APROVADO<\/span><\/strong><\/span><br \/>\n<a href=\"https:\/\/uenf.br\/posgraduacao\/ciencias-naturais\/wp-content\/uploads\/sites\/4\/2024\/04\/Ata_da_Comissao_Examinadora_-_Gustavo_Victor_Tissi_Batista_assinado.pdf\"><span style=\"color: #0000ff\">ATA DE RESULTADO<\/span><\/a><\/p>\n<p><span style=\"color: #000000\"><strong>Fadi simon de Souza Magalh\u00e3es<\/strong><\/span><br \/>\n<span style=\"color: #000000\">DATA DA DEFESA: 16\/04\/2024 &#8211; 14:00 H &#8211; SALA MULTISO DO PPGCN (P3)<\/span><br \/>\n<span style=\"color: #000000\">T\u00edtulo do projeto:<br \/>\nUnveiling the Mechanism of Action and Biophysical Interactions of Ctx(IIe21)-Ha: Strategic Modifications in the Antimicrobial Peptide to Enhance the Therapeutic Index<\/span><\/p>\n<p><span style=\"color: #000000\">I &#8211; Avalia\u00e7\u00e3o e defesa do projeto de pesquisa de doutorado (peso 3) &#8211; NOTA: 9,5 (nove e meio)<\/span><br \/>\n<span style=\"color: #000000\">II &#8211; Avalia\u00e7\u00e3o do Desempenho e Atividades desenvolvidas durante a Gradua\u00e7\u00e3o (peso 1) &#8211; NOTA: 10,0 (dez)<\/span><br \/>\n<span style=\"color: #000000\">III- Avalia\u00e7\u00e3o do Desempenho e atividades desenvolvidas durante o per\u00edodo de Mestrado (peso 2) &#8211; NOTA: 10,0 (dez)<\/span><br \/>\n<span style=\"color: #000000\"><strong>M\u00c9DIA = 9,8 (nove e oito) &#8211; <span style=\"color: #008000\">APROVADO<\/span><\/strong><\/span><br \/>\n<a href=\"https:\/\/uenf.br\/posgraduacao\/ciencias-naturais\/wp-content\/uploads\/sites\/4\/2024\/04\/Ata_da_Comissao_Examinadora-Fadi_Simon_de_Souza_Magalhaes_assinado.pdf\"><span style=\"color: #0000ff\">ATA DE RESULTADO<\/span><\/a><\/p>\n<p><span style=\"color: #0000ff\"><strong>\u00a0<\/strong><\/span><\/p>\n","protected":false},"excerpt":{"rendered":"<p>PER\u00cdODO DE INSCRI\u00c7\u00d5ES \u00a0 de 04 a 18 de mar\u00e7o de 2024 Edital PPGCN-PMD-2024-1 &#8211; Passagem mestrado para doutorado RESOLU\u00c7\u00c3O&#8230;<\/p>\n","protected":false},"author":10,"featured_media":0,"parent":5906,"menu_order":0,"comment_status":"closed","ping_status":"closed","template":"","meta":{"footnotes":""},"class_list":["post-6689","page","type-page","status-publish","hentry"],"_links":{"self":[{"href":"https:\/\/uenf.br\/posgraduacao\/ciencias-naturais\/wp-json\/wp\/v2\/pages\/6689","targetHints":{"allow":["GET"]}}],"collection":[{"href":"https:\/\/uenf.br\/posgraduacao\/ciencias-naturais\/wp-json\/wp\/v2\/pages"}],"about":[{"href":"https:\/\/uenf.br\/posgraduacao\/ciencias-naturais\/wp-json\/wp\/v2\/types\/page"}],"author":[{"embeddable":true,"href":"https:\/\/uenf.br\/posgraduacao\/ciencias-naturais\/wp-json\/wp\/v2\/users\/10"}],"replies":[{"embeddable":true,"href":"https:\/\/uenf.br\/posgraduacao\/ciencias-naturais\/wp-json\/wp\/v2\/comments?post=6689"}],"version-history":[{"count":0,"href":"https:\/\/uenf.br\/posgraduacao\/ciencias-naturais\/wp-json\/wp\/v2\/pages\/6689\/revisions"}],"up":[{"embeddable":true,"href":"https:\/\/uenf.br\/posgraduacao\/ciencias-naturais\/wp-json\/wp\/v2\/pages\/5906"}],"wp:attachment":[{"href":"https:\/\/uenf.br\/posgraduacao\/ciencias-naturais\/wp-json\/wp\/v2\/media?parent=6689"}],"curies":[{"name":"wp","href":"https:\/\/api.w.org\/{rel}","templated":true}]}}