{"id":6721,"date":"2024-02-23T12:04:45","date_gmt":"2024-02-23T12:04:45","guid":{"rendered":"https:\/\/uenf.br\/posgraduacao\/ciencias-naturais\/?page_id=6721"},"modified":"2025-03-06T12:25:32","modified_gmt":"2025-03-06T12:25:32","slug":"edital-mestrado-e-doutorado-nota-10-faperj-2024-1","status":"publish","type":"page","link":"https:\/\/uenf.br\/posgraduacao\/ciencias-naturais\/editais-e-processos-seletivos\/processo-seletivo-mestrado-e-doutorado-nota-10-faperj\/edital-mestrado-e-doutorado-nota-10-faperj-2024-1\/","title":{"rendered":"Edital Mestrado e Doutorado Nota 10 &#8211; FAPERJ &#8211; 2024-1"},"content":{"rendered":"<p><span style=\"color: #000000\">Edital interno <a style=\"color: #000000\" href=\"https:\/\/uenf.br\/posgraduacao\/ciencias-naturais\/wp-content\/uploads\/sites\/4\/2024\/02\/Edital_PPGCN.FAPERJ-NOTA-10.2024-1-SELECAO-DE-MESTRADO-E-DOUTORADO.pdf\">PGCN-FAPERJ &#8211; MESTRADO E DOUTORADO NOTA 10 2024-1<\/a><br \/>\n<\/span><\/p>\n<p><span style=\"color: #000000\">Veja tamb\u00e9m: \u00a0 <a style=\"color: #000000\" href=\"https:\/\/uenf.br\/posgraduacao\/ciencias-naturais\/wp-content\/uploads\/sites\/4\/2024\/02\/Edital-FAPERJ-03-2024-Programa-Bolsa-Mestrado-e-Doutorado-Nota-10.pdf\">Edital FAPERJ n\u00ba 03\/2024 &#8211; Mestrado e Doutorado Nota 10<\/a><br \/>\n<\/span><\/p>\n<p><strong>Candidatos inscritos:<\/strong><br \/>\n<strong>MESTRADO<\/strong><br \/>\n&#8211; Lennon Favaris Reis &#8211; 2023-1 &#8211; Ci\u00eancias Ambientais (orientadora: Maria Cristina Canela)<br \/>\n&#8211; Arthur Jorge Tissi Batista &#8211; 2023-1 &#8211; Ci\u00eancias Ambientais (orientadora: Maria Priscila Pessanha de Castro)<br \/>\n<strong>DOUTORADO<\/strong><br \/>\n&#8211; J\u00e9ssica da Silva Maciel &#8211; 2021-1 &#8211; Bio-org\u00e2nica e Bio-inorg\u00e2nica (orientador: Rodrigo Rodrigues de Oliveira)<br \/>\n&#8211; Qu\u00e9zia de Souza Pessanha Lamonica Barreto\u00a0 &#8211; 2020-1 &#8211; Ci\u00eancias Ambientais (orientadora: Maria Cristina Canela)<\/p>\n<p><span style=\"color: #000000\"><strong>Comiss\u00e3o de sele\u00e7\u00e3o de candidaturas:<\/strong><\/span><\/p>\n<p><span style=\"color: #339966\"><strong>MESTRADO<\/strong><\/span><br \/>\n<strong>&#8211; Luis Guilherme Mansor Basso (presidente)<\/strong><br \/>\n<strong>&#8211; Victor Gomes Lima Ferraz<\/strong><br \/>\n<strong>&#8211; Sergio Luis Cardoso<\/strong><\/p>\n<div><span style=\"color: #339966\"><strong>DOUTORADO<\/strong><\/span><\/div>\n<div>\n<div><strong>&#8211; Marcelo Gomes da Silva (presidente)<\/strong><\/div>\n<div><strong>&#8211; Luis Guilherme Mansor Basso<\/strong><\/div>\n<div><strong>&#8211; Victor Gomes Lima Ferraz<\/strong><strong>\u00a0\u00a0\u00a0<\/strong><\/div>\n<\/div>\n<p>&nbsp;<\/p>\n<p><span style=\"color: #000000\"><strong>Resultado do Processo de Sele\u00e7\u00e3o &#8211; candidatos classificados<br \/>\n<\/strong><\/span><\/p>\n<p><span style=\"color: #339966\"><strong>MESTRADO &#8211; 1 vaga<\/strong><\/span><br \/>\n<strong>&#8211; Arthur Jorge Tissi Batista &#8211; 2023-1 &#8211; Ci\u00eancias Ambientais (orientadora: Maria Priscila Pessanha de Castro)<\/strong><\/p>\n<div><span style=\"color: #339966\"><strong>DOUTORADO &#8211; 1 vaga<br \/>\n<\/strong><\/span><\/div>\n<div>\n<div><strong>&#8211; J\u00e9ssica da Silva Maciel &#8211; 2021-1 &#8211; Bio-org\u00e2nica e Bio-inorg\u00e2nica (orientador: Rodrigo Rodrigues de Oliveira)<br \/>\n<\/strong><\/div>\n<\/div>\n<p>&nbsp;<\/p>\n","protected":false},"excerpt":{"rendered":"<p>Edital interno PGCN-FAPERJ &#8211; MESTRADO E DOUTORADO NOTA 10 2024-1 Veja tamb\u00e9m: \u00a0 Edital FAPERJ n\u00ba 03\/2024 &#8211; Mestrado e&#8230;<\/p>\n","protected":false},"author":10,"featured_media":0,"parent":5645,"menu_order":1,"comment_status":"closed","ping_status":"closed","template":"","meta":{"footnotes":""},"class_list":["post-6721","page","type-page","status-publish","hentry"],"_links":{"self":[{"href":"https:\/\/uenf.br\/posgraduacao\/ciencias-naturais\/wp-json\/wp\/v2\/pages\/6721","targetHints":{"allow":["GET"]}}],"collection":[{"href":"https:\/\/uenf.br\/posgraduacao\/ciencias-naturais\/wp-json\/wp\/v2\/pages"}],"about":[{"href":"https:\/\/uenf.br\/posgraduacao\/ciencias-naturais\/wp-json\/wp\/v2\/types\/page"}],"author":[{"embeddable":true,"href":"https:\/\/uenf.br\/posgraduacao\/ciencias-naturais\/wp-json\/wp\/v2\/users\/10"}],"replies":[{"embeddable":true,"href":"https:\/\/uenf.br\/posgraduacao\/ciencias-naturais\/wp-json\/wp\/v2\/comments?post=6721"}],"version-history":[{"count":0,"href":"https:\/\/uenf.br\/posgraduacao\/ciencias-naturais\/wp-json\/wp\/v2\/pages\/6721\/revisions"}],"up":[{"embeddable":true,"href":"https:\/\/uenf.br\/posgraduacao\/ciencias-naturais\/wp-json\/wp\/v2\/pages\/5645"}],"wp:attachment":[{"href":"https:\/\/uenf.br\/posgraduacao\/ciencias-naturais\/wp-json\/wp\/v2\/media?parent=6721"}],"curies":[{"name":"wp","href":"https:\/\/api.w.org\/{rel}","templated":true}]}}