{"id":6896,"date":"2024-04-08T19:37:29","date_gmt":"2024-04-08T19:37:29","guid":{"rendered":"https:\/\/uenf.br\/posgraduacao\/ciencias-naturais\/?page_id=6896"},"modified":"2024-04-09T20:36:37","modified_gmt":"2024-04-09T20:36:37","slug":"coleta-de-dados-para-avaliacao","status":"publish","type":"page","link":"https:\/\/uenf.br\/posgraduacao\/ciencias-naturais\/avaliacoes-externas-e-autoavaliacao\/coleta-de-dados-para-avaliacao\/","title":{"rendered":"Coleta de dados para avalia\u00e7\u00e3o"},"content":{"rendered":"<p style=\"text-align: justify\"><span style=\"color: #000000\">Docentes e discentes do PPGCN encontrar\u00e3o nesta \u00e1rea informa\u00e7\u00f5es e instru\u00e7\u00f5es que tem por objetivo otimizar e melhorar o processo de coleta de dados para a avalia\u00e7\u00e3o externa e autoavalia\u00e7\u00e3o do PPGCN.\u00a0 Muitas vezes a avalia\u00e7\u00e3o de um programa de p\u00f3s-gradua\u00e7\u00e3o pode ser seriamente comprometida pela coleta e preenchimento incompleto de dados que devem ser informados anualmente na Plataforma Sucupira.<\/span><\/p>\n<p style=\"text-align: justify\"><span style=\"color: #000000\">A coordena\u00e7\u00e3o do PPGCN insere diretamente na Plataforma Sucupira a maior parte dos dados operacionais do Programa como:<\/span><\/p>\n<p style=\"text-align: justify\"><span style=\"color: #000000\">&#8211; Dados cadastrais e proposta do programa<\/span><br \/>\n<span style=\"color: #000000\">&#8211; Cadastro e manuten\u00e7\u00e3o de\u00a0 informa\u00e7\u00f5es de Docentes (permanente, colaborador ou visitante), Discentes (gradua\u00e7\u00e3o, mestrado e doutorado), <\/span><span style=\"color: #000000\">Egressos, Pos-docs e Participantes externos<\/span><br \/>\n<span style=\"color: #000000\">&#8211; Cadastro e manuten\u00e7\u00e3o semestral de disciplinas e turmas<\/span><br \/>\n<span style=\"color: #000000\">&#8211; Cadastro e manuten\u00e7\u00e3o de financiadores &#8211; Cadastro e manuten\u00e7\u00e3o de Projetos de pesquisa<\/span><br \/>\n<span style=\"color: #000000\"> &#8211; Cadastro e manuten\u00e7\u00e3o de Trabalhos de conclus\u00e3o<\/span><br \/>\n<strong><span style=\"color: #0000ff\">&#8211; Importa\u00e7\u00e3o e consolida\u00e7\u00e3o da Produ\u00e7\u00e3o Intelectual do Programa (Bibliogr\u00e1fica, T\u00e9cnica e Art\u00edstica)<\/span><\/strong><\/p>\n<p><span style=\"color: #000000\">Em rela\u00e7\u00e3o ao item Importa\u00e7\u00e3o e Consolida\u00e7\u00e3o da Produ\u00e7\u00e30 Intelectual, \u00e9 de suma import\u00e2ncia a atualiza\u00e7\u00e3o constante, e o correto preenchimento das informa\u00e7\u00f5es do Curr\u00edculo Lattes que ser\u00e1 importado pela coordena\u00e7\u00e3o que ent\u00e3o enviar\u00e1 o relat\u00f3rio se consolida\u00e7\u00e3o anual do docente.\u00a0 <span style=\"color: #ff0000\">Muitas informa\u00e7\u00f5es n\u00e3o s\u00e3o importadas do Lattes devido a diferen\u00e7as significativas entre as Plataformas<\/span>.\u00a0 Ap\u00f3s recebimento do relat\u00f3rio de consolida\u00e7\u00e3o, o docente deve preencher e devolver a coordena\u00e7\u00e3o o relat\u00f3rio com as informa\u00e7\u00f5es complementares e encaminhar todos os anexos pertinentes a referida produ\u00e7\u00e3o.\u00a0 A coordena\u00e7\u00e3o procede ao lan\u00e7amento destas informa\u00e7\u00f5es e anexa\u00e7\u00e3o dos comprovantes manualmente e encaminha o relat\u00f3rio de consolida\u00e7\u00e3o revisado para confer\u00eancia final e encerramento\u00a0 da coleta destas informa\u00e7\u00f5es para cada docente.\u00a0 A seguir algumas orienta\u00e7\u00f5es \u00fateis quanto as produ\u00e7\u00f5es intelectuais:<\/span><\/p>\n<p><span style=\"color: #ff00ff\">PRODU\u00c7\u00d5ES BIBLIOGR\u00c1FICAS<\/span><\/p>\n<ul>\n<li><span style=\"color: #000000\"><a href=\"https:\/\/uenf.br\/posgraduacao\/ciencias-naturais\/wp-content\/uploads\/sites\/4\/2024\/04\/Relatorio-GT-Capes-Classificacao-de-Livros-e-capitulos.pdf\"><span style=\"color: #000000\"><span style=\"color: #0000ff\">Relat\u00f3rio GT-Capes Classifica\u00e7\u00e3o de Livros e cap\u00edtulos<\/span><\/span><\/a><\/span><\/li>\n<li><a href=\"https:\/\/uenf.br\/posgraduacao\/ciencias-naturais\/wp-content\/uploads\/sites\/4\/2024\/04\/Relatorio-GT-Capes-Classificacao-de-artigos-cientificos.pdf\"><span style=\"color: #000000\"><span style=\"color: #0000ff\">Relat\u00f3rio GT-Capes Classifica\u00e7\u00e3o de artigos cient\u00edfico<\/span>s<\/span><\/a><\/li>\n<li><span style=\"color: #0000ff\"><a style=\"color: #0000ff\" href=\"https:\/\/uenf.br\/posgraduacao\/ciencias-naturais\/wp-content\/uploads\/sites\/4\/2024\/04\/PPGCN-Instrucoes-para-classificacao-de-producao-bibliografica.pdf\">PPGCN &#8211; Instru\u00e7\u00f5es para classifica\u00e7\u00e3o de produ\u00e7\u00e3o bibliogr\u00e1fica<\/a><\/span><\/li>\n<\/ul>\n<p><span style=\"color: #000000\">Para o registro de livros e cap\u00edtulos de livro ser\u00e1 necess\u00e1rio anexar minimamente os seguintes itens num arquivo pdf \u00fanico para cada livro ou cap\u00edtulo (ou o livro inteiro se dispon\u00edvel):<\/span><\/p>\n<ul>\n<li><span style=\"color: #000000\">Capa e contracapa<\/span><\/li>\n<li><span style=\"color: #000000\">\u00cdndice remissivo<\/span><\/li>\n<li><span style=\"color: #000000\">Pref\u00e1cio \/ introdu\u00e7\u00e3o<\/span><\/li>\n<li><span style=\"color: #000000\">Sum\u00e1rio<\/span><\/li>\n<li><span style=\"color: #000000\">Conselho editorial<\/span><\/li>\n<li><span style=\"color: #000000\">Carta se teve revis\u00e3o por pares<\/span><\/li>\n<li><span style=\"color: #000000\">Apresenta\u00e7\u00e3o \/ informa\u00e7\u00f5es dos autores<\/span><\/li>\n<li><span style=\"color: #000000\">Premia\u00e7\u00f5es<\/span><\/li>\n<li><span style=\"color: #000000\">financiamento, se houver, com inclus\u00e3o de carta ou trecho do livro comprovando financiamento;<\/span><\/li>\n<li><span style=\"color: #000000\">ficha bibliogr\u00e1fica;<\/span><\/li>\n<li><span style=\"color: #000000\">Duas p\u00e1ginas iniciais do cap\u00edtulo de livro ou duas p\u00e1ginas do cap\u00edtulo inicial e do cap\u00edtulo final (no caso de obra completa).<\/span><\/li>\n<\/ul>\n<p><span style=\"color: #ff00ff\">PRODU\u00c7\u00d5ES T\u00c9CNICAS<\/span><\/p>\n<ul>\n<li><span style=\"color: #0000ff\"><a style=\"color: #0000ff\" href=\"https:\/\/uenf.br\/posgraduacao\/ciencias-naturais\/wp-content\/uploads\/sites\/4\/2024\/04\/Relatorio-GT-producao-tecnica-CAPES.pdf\">Relat\u00f3rio GT-CAPES sobre produ\u00e7\u00f5es t\u00e9cnicas<\/a><\/span><\/li>\n<li><span style=\"color: #000000\"><a style=\"color: #000000\" href=\"https:\/\/uenf.br\/posgraduacao\/ciencias-naturais\/wp-content\/uploads\/sites\/4\/2024\/04\/PPGCN-Instrucoes-para-classificacao-de-producao-tecnica.pdf\"><span style=\"color: #0000ff\">Instru\u00e7\u00f5es do PPGCN para classifica\u00e7\u00e3o de produ\u00e7\u00f5es t\u00e9cnicas<\/span><\/a><\/span><\/li>\n<\/ul>\n<p><span style=\"color: #ff00ff\">PRODU\u00c7\u00d5ES ART\u00cdSTICAS<\/span><\/p>\n<ul>\n<li><span style=\"color: #0000ff\"><a style=\"color: #0000ff\" href=\"https:\/\/uenf.br\/posgraduacao\/ciencias-naturais\/wp-content\/uploads\/sites\/4\/2024\/04\/Relatorio-GT-Capes-Producoes-artisticas.pdf\">Relat\u00f3rio GT-Capes Produ\u00e7\u00f5es art\u00edsticas<\/a><\/span><\/li>\n<li><span style=\"color: #000000\">Instru\u00e7\u00f5es do PPGCN para classifica\u00e7\u00e3o de produ\u00e7\u00f5es art\u00edsticas<\/span><\/li>\n<\/ul>\n","protected":false},"excerpt":{"rendered":"<p>Docentes e discentes do PPGCN encontrar\u00e3o nesta \u00e1rea informa\u00e7\u00f5es e instru\u00e7\u00f5es que tem por objetivo otimizar e melhorar o processo&#8230;<\/p>\n","protected":false},"author":10,"featured_media":0,"parent":2730,"menu_order":3,"comment_status":"closed","ping_status":"closed","template":"","meta":{"footnotes":""},"class_list":["post-6896","page","type-page","status-publish","hentry"],"_links":{"self":[{"href":"https:\/\/uenf.br\/posgraduacao\/ciencias-naturais\/wp-json\/wp\/v2\/pages\/6896","targetHints":{"allow":["GET"]}}],"collection":[{"href":"https:\/\/uenf.br\/posgraduacao\/ciencias-naturais\/wp-json\/wp\/v2\/pages"}],"about":[{"href":"https:\/\/uenf.br\/posgraduacao\/ciencias-naturais\/wp-json\/wp\/v2\/types\/page"}],"author":[{"embeddable":true,"href":"https:\/\/uenf.br\/posgraduacao\/ciencias-naturais\/wp-json\/wp\/v2\/users\/10"}],"replies":[{"embeddable":true,"href":"https:\/\/uenf.br\/posgraduacao\/ciencias-naturais\/wp-json\/wp\/v2\/comments?post=6896"}],"version-history":[{"count":0,"href":"https:\/\/uenf.br\/posgraduacao\/ciencias-naturais\/wp-json\/wp\/v2\/pages\/6896\/revisions"}],"up":[{"embeddable":true,"href":"https:\/\/uenf.br\/posgraduacao\/ciencias-naturais\/wp-json\/wp\/v2\/pages\/2730"}],"wp:attachment":[{"href":"https:\/\/uenf.br\/posgraduacao\/ciencias-naturais\/wp-json\/wp\/v2\/media?parent=6896"}],"curies":[{"name":"wp","href":"https:\/\/api.w.org\/{rel}","templated":true}]}}