{"id":6943,"date":"2024-05-09T15:36:00","date_gmt":"2024-05-09T15:36:00","guid":{"rendered":"https:\/\/uenf.br\/posgraduacao\/ciencias-naturais\/?page_id=6943"},"modified":"2024-07-15T17:24:40","modified_gmt":"2024-07-15T17:24:40","slug":"etapas-do-processo-seletivo-ppgcn-2024-2","status":"publish","type":"page","link":"https:\/\/uenf.br\/posgraduacao\/ciencias-naturais\/mestrado-e-doutorado\/processo-seletivo-2024-2\/etapas-do-processo-seletivo-ppgcn-2024-2\/","title":{"rendered":"Etapas do processo seletivo PPGCN-2024-2"},"content":{"rendered":"<p><span style=\"color: #000000\"><strong>ETAPA:\u00a0 DIVULGA\u00c7\u00c3O PRELIMINAR DAS INSCRI\u00c7\u00d5ES HOMOLOGADAS &#8211; 18\/06\/2024 &#8211; previs\u00e3o at\u00e9 as\u00a0 18:00 h<br \/>\n<\/strong><\/span><\/p>\n<p><a href=\"https:\/\/uenf.br\/posgraduacao\/ciencias-naturais\/wp-content\/uploads\/sites\/4\/2024\/06\/PPGCN-2024-2-Resultado-preliminar-homologacao-das-inscricoes-mestrado-e-doutorado-2.pdf\"><strong><span style=\"color: #008000\">PPGCN-2024-2-homologa\u00e7\u00e3o das inscri\u00e7\u00f5es &#8211; mestrado e doutorado &#8211; resultado preliminar<\/span><\/strong><\/a><\/p>\n<p><a href=\"https:\/\/uenf.br\/posgraduacao\/ciencias-naturais\/wp-content\/uploads\/sites\/4\/2024\/06\/PPGCN-2024-2-Resultado-preliminar-homologacao-das-inscricoes-mestrado-e-doutorado-por-vagas-1.pdf\"><strong><span style=\"color: #008000\">PPGCN-2024-2 &#8211; Resultado preliminar homologa\u00e7\u00e3o das inscri\u00e7\u00f5es &#8211; mestrado e doutorado por vagas<\/span><\/strong><\/a><\/p>\n<p><span style=\"color: #000000\"><strong>ETAPA:\u00a0 COMISS\u00d5ES DE AVALIA\u00c7\u00c3O E COMISS\u00c3O DE RECURSOS &#8211; 18\/06\/2024 &#8211; previs\u00e3o at\u00e9 as 18 h<br \/>\n<\/strong><\/span><\/p>\n<p><span style=\"color: #008000\"><strong><a style=\"color: #008000\" href=\"https:\/\/uenf.br\/posgraduacao\/ciencias-naturais\/wp-content\/uploads\/sites\/4\/2024\/06\/EDITAL-PPGCN-2024-2-COMISSOES-DE-ETAPAS-E-COMISSAO-DE-RECURSOS-divulgacao.pdf\">PPGCN-2024-2-comisss\u00f5es de avalia\u00e7\u00e3o e comiss\u00e3o de recursos<\/a><\/strong><\/span><\/p>\n<p><span style=\"color: #000000\"><strong><span style=\"color: #ff0000\"><a style=\"color: #ff0000\" href=\"https:\/\/uenf.br\/posgraduacao\/ciencias-naturais\/wp-content\/uploads\/sites\/4\/2023\/09\/Formulario-geral-para-solicitacao-de-recursos-em-pdf-eletronico.pdf\">FORMUL\u00c1RIO GERAL DE RECURSOS<\/a>\u00a0<\/span>&#8211; SE NECESS\u00c1RIO, UTILIZE RESPEITANDO O EDITAL E O CRONOGRAMA ESTABELECIDO:<\/strong><\/span><\/p>\n<p><span style=\"color: #000000\"><strong>Para qualquer recurso \u00e9 obrigat\u00f3rio a utiliza\u00e7\u00e3o do formul\u00e1rio eletr\u00f4nico (preencher, inserir imagem da assinatura e enviar para o e-mail do programa.\u00a0 N\u00e3o ser\u00e3o aceitos recursos em formul\u00e1rios digitalizados, salvos em imagem ou alterados pelo candidato.\u00a0 Caso tenha dificuldades baixe a vers\u00e3o gratuita mais recente do Adobe Acrobat Reader e siga as instru\u00e7\u00f5es na dispon\u00edveis na p\u00e1gina inicial do processo seletivo.<br \/>\n<\/strong><\/span><\/p>\n<p><span style=\"color: #000000\"><strong>ETAPA: DIVULGA\u00c7\u00c3O DEFINITIVA DAS INSCRI\u00c7\u00d5ES HOMOLOGADAS\u00a0 &#8211; 21\/06\/2024 previsto para at\u00e9 as 18:00 h<\/strong><\/span><\/p>\n<p><strong><span style=\"color: #ff0000\">(Alterada a previs\u00e3o para divulga\u00e7\u00e3o definitiva das inscri\u00e7\u00f5es homologadas para 24\/06\/2024 at\u00e9 as 12 HORAS)<\/span><\/strong><\/p>\n<p><span style=\"color: #008000\"><strong><a href=\"https:\/\/uenf.br\/posgraduacao\/ciencias-naturais\/wp-content\/uploads\/sites\/4\/2024\/06\/PPGCN-2024-2-Resultado-definitivo-homologacao-das-inscricoes-mestrado-e-doutorado.pdf\"><span style=\"color: #008000\">PPGCN-2024-2-homologa\u00e7\u00e3o das inscri\u00e7\u00f5es &#8211; mestrado e doutorado &#8211; resultado final<\/span><\/a><\/strong><\/span><\/p>\n<p><span style=\"color: #008000\"><strong><a style=\"color: #008000\" href=\"https:\/\/uenf.br\/posgraduacao\/ciencias-naturais\/wp-content\/uploads\/sites\/4\/2024\/06\/PPGCN-2024-2-Resultado-definitivo-homologacao-das-inscricoes-mestrado-e-doutorado-por-vagas.pdf\">PPGCN-2024-2-homologa\u00e7\u00e3o das inscri\u00e7\u00f5es &#8211; por vagas &#8211; resultado final<\/a><\/strong><\/span><\/p>\n<p><span style=\"color: #000000\"><strong>ETAPA: DIVULGA\u00c7\u00c3O PRELIMINAR DOS RESULTADOS DE AVALIA\u00c7\u00c3O DE CURR\u00cdCULO VITAE E HIST\u00d3RICO ESCOLAR &#8211; 24\/06\/2024 previsto para at\u00e9 as\u00a0 19:00 h<\/strong><\/span><\/p>\n<p><span style=\"color: #008000\"><strong><a href=\"https:\/\/uenf.br\/posgraduacao\/ciencias-naturais\/wp-content\/uploads\/sites\/4\/2024\/06\/PPGCN-2024-2-Avaliacao-curriculo-e-historico-escolar-resultado-preliminar.pdf\"><span style=\"color: #008000\">PPGCN-2024-2-etapa avalia\u00e7\u00e3o curr\u00edculo e hist\u00f3rico escolar &#8211; resultado preliminar<\/span><\/a><\/strong><\/span><\/p>\n<p><span style=\"color: #000000\"><strong>ATEN\u00c7\u00c3O: Na avalia\u00e7\u00e3o do CV hist\u00f3rico Escolar dos candidatos somente foram consideradas v\u00e1lidas as informa\u00e7\u00f5es devidamente registradas no Curr\u00edculo Lattes e acompanhadas dos respectivos comprovantes.\u00a0 N\u00e3o ser\u00e3o consideradas informa\u00e7\u00f5es n\u00e3o registradas no Lattes mesmo que tenha ocorrido o envio dos comprovantes.\u00a0 Tamb\u00e9m n\u00e3o ser\u00e3o consideradas informa\u00e7\u00f5es registradas no Lattes por\u00e9m desacompanhadas dos comprovantes.\u00a0 Em caso de recurso o candidato dever\u00e1 documentar o seu recurso com base no CV Lattes enviado na inscri\u00e7\u00e3o e tamb\u00e9m com base (item a item) nos comprovantes enviados e que levaram a atribui\u00e7\u00e3o da auto pontua\u00e7\u00e3o.\u00a0 N\u00e3o ser\u00e1 aceito a inser\u00e7\u00e3o de qualquer documento relacionado as comprova\u00e7\u00f5es n\u00e3o enviadas na data de inscri\u00e7\u00e3o.<br \/>\n<\/strong><\/span><\/p>\n<p><span style=\"color: #000000\"><strong>ETAPA: DIVULGA\u00c7\u00c3O DEFINITIVA DOS RESULTADOS DE AVALIA\u00c7\u00c3O DE CURR\u00cdCULO VITAE E HIST\u00d3RICO ESCOLAR <span style=\"color: #ff0000\">&#8211; 27\/06\/2024 previsto para at\u00e9 as\u00a0 09:00 h<\/span> (corre\u00e7\u00e3o anexo 2 &#8211; cronograma onde consta 26\/06\/2024 as 9:00 h)<br \/>\n<\/strong><\/span><\/p>\n<p><span style=\"color: #008000\"><strong><a href=\"https:\/\/uenf.br\/posgraduacao\/ciencias-naturais\/wp-content\/uploads\/sites\/4\/2024\/06\/PPGCN-2024-2-Avaliacao-curriculo-e-historico-escolar-resultado-definitivo.pdf\"><span style=\"color: #008000\">PPGCN-2024-2-Etapa avalia\u00e7\u00e3o curr\u00edculo e hist\u00f3rico escolar &#8211; resultado final<\/span><\/a><\/strong><\/span><\/p>\n<p><strong><a href=\"https:\/\/uenf.br\/posgraduacao\/ciencias-naturais\/wp-content\/uploads\/sites\/4\/2024\/06\/PPGCN-2024-2-Resultado-definitivo-ate-CV-mestrado-e-doutorado-por-vagas.pdf\"><span style=\"color: #008000\">PPGCN-2024-2 &#8211; Resultado definitivo at\u00e9 CV &#8211; mestrado e doutorado por vagas<\/span><\/a><\/strong><\/p>\n<p><span style=\"color: #000000\"><strong>ETAPA: APLICA\u00c7\u00c3O DAS PROVAS DE CONHECIMENTOS\u00a0 &#8211; Local: UENF &#8211; CCT PR\u00c9DIO P3 &#8211; SALA 203A<br \/>\n<\/strong><\/span><\/p>\n<p><span style=\"color: #000000\"><strong>Prova de Conhecimentos Gerais &#8211; Dia 01\/07\/2024 <\/strong><strong>de 9:00 \u00e0s 12:00 h.<\/strong><strong>\u00a0 Os candidatos dever\u00e3o de apresentar com no m\u00ednimo 20 minutos de anteced\u00eancia antes do in\u00edcio\u00a0 da prova.<br \/>\nProva de L\u00edngua Estrangeira (Ingl\u00eas)\/Interpreta\u00e7\u00e3o de artigo cient\u00edfico &#8211; Dia 01\/07\/2024 de 14:00 \u00e0s 17:00 h. Os candidatos dever\u00e3o de apresentar com no m\u00ednimo 20 minutos de anteced\u00eancia antes do in\u00edcio\u00a0 da prova. Poder\u00e1 ser utilizado dicion\u00e1rio ingl\u00eas-ingl\u00eas.\u00a0 N\u00e3o ser\u00e1 permitida consulta a dicion\u00e1rios ingl\u00eas-portugu\u00eas ou a utiliza\u00e7\u00e3o de quaisquer meios digitais de consulta.<br \/>\n<\/strong><\/span><\/p>\n<p><span style=\"color: #000000\"><strong>ETAPA: DIVULGA\u00c7\u00c3O PRELIMINAR DOS RESULTADOS\u00a0 DAS PROVAS DE CONHECIMENTOS &#8211; Dia 03\/07\/2024 &#8211; previsto para at\u00e9 as 12:00 h<\/strong><\/span><\/p>\n<p><span style=\"color: #008000\"><strong><a href=\"https:\/\/uenf.br\/posgraduacao\/ciencias-naturais\/wp-content\/uploads\/sites\/4\/2024\/07\/PPGCN-2024-2-etapa-da-prova-de-conhecimentos-resultado-preliminar.pdf\"><span style=\"color: #008000\">PPGCN-2024-2-etapa da prova de conhecimentos\u00a0 &#8211; resultado preliminar<\/span><\/a><\/strong><\/span><\/p>\n<p><span style=\"color: #008000\"><strong><a href=\"https:\/\/uenf.br\/posgraduacao\/ciencias-naturais\/wp-content\/uploads\/sites\/4\/2024\/07\/PPGCN-2024-2-Resultado-preliminar-ate-CG-mestrado-e-doutorado-por-vagas.pdf\"><span style=\"color: #008000\">PPGCN-2024-2 &#8211; Resultado preliminar at\u00e9 CG &#8211; mestrado e doutorado por vagas<\/span><\/a><\/strong><\/span><\/p>\n<p><span style=\"color: #000000\"><strong>Observa\u00e7\u00e3o:\u00a0 Os recursos a qualquer quest\u00e3o devem ser baseados na bibliografia recomendada.\u00a0 No recurso devem ser indicadas as quest\u00f5es e as respectivas\u00a0 justificativas contendo os argumentos com base na bibliografia correspondente a quest\u00e3o.<\/strong><\/span><\/p>\n<p><span style=\"color: #000000\"><strong>ETAPA: DIVULGA\u00c7\u00c3O DEFINITIVA DOS RESULTADOS\u00a0 DA PROVA DE CONHECIMENTOS GERAIS &#8211; Dia 05\/07\/2024 &#8211; previsto para at\u00e9 as 13:00 h<\/strong><\/span><\/p>\n<p><span style=\"color: #008000\"><strong><a href=\"https:\/\/uenf.br\/posgraduacao\/ciencias-naturais\/wp-content\/uploads\/sites\/4\/2024\/07\/PPGCN-2024-2-etapa-da-prova-de-conhecimentos-resultado-definitivo.pdf\"><span style=\"color: #008000\">PPGCN-2024-2-etapa da Prova de conhecimentos &#8211; resultado final<\/span><\/a><\/strong><\/span><\/p>\n<p><span style=\"color: #008000\"><strong><a href=\"https:\/\/uenf.br\/posgraduacao\/ciencias-naturais\/wp-content\/uploads\/sites\/4\/2024\/07\/PPGCN-2024-2-Resultado-definitivo-ate-CG-mestrado-e-doutorado-por-vagas.pdf\"><span style=\"color: #008000\">PPGCN-2024-2 &#8211; Resultado definitivo at\u00e9 CG &#8211; mestrado e doutorado por vagas<\/span><\/a><\/strong><\/span><\/p>\n<p><span style=\"color: #000000\"><strong>ETAPA:\u00a0 ENTREVISTA MESTRADO E ENTREVISTA DOUTORADO\/PROJETO DE PESQUISA<\/strong><\/span><\/p>\n<p><span style=\"color: #ff0000\"><strong>DIA 09\/07\/2024 &#8211; TER\u00c7A-FEIRA &#8211; A PARTIR DAS 9:00 h <\/strong><br \/>\n<strong>LOCAL: UENF &#8211; CCT &#8211; PR\u00c9DIO P3 &#8211; SALA 106<\/strong><\/span><\/p>\n<p><span style=\"color: #ff0000\">ENTREVISTA DE MESTRADO &#8211; PRESENCIAL (OU REMOTA PARA CANDIDATOS RESIDENTES NO EXTERIOR)<\/span><\/p>\n<p><span style=\"color: #000000\"><strong>DIA 08\/07\/2024 &#8211; SEGUNDA-FEIRA &#8211; A PARTIR DAS 17:30 h <\/strong><\/span><br \/>\n<strong><span style=\"color: #000000\">LOCAL: UENF &#8211; CCT &#8211; PR\u00c9DIO P3 &#8211; T\u00c9RREO &#8211; SALA MULTIUSO DO PPGCN<\/span><br \/>\n<\/strong><\/p>\n<p><strong><span style=\"color: #000000\">DIA 09\/07\/2024 &#8211; TER\u00c7A-FEIRA &#8211; A PARTIR DAS 9:00 h <\/span><\/strong><br \/>\n<strong><span style=\"color: #000000\">LOCAL: UENF &#8211; CCT &#8211; PR\u00c9DIO P3 &#8211; SALA 106<\/span><\/strong><\/p>\n<p><span style=\"color: #000000\"><span style=\"color: #ff0000\">ENTREVISTA\/DEFESA DE PROJETO DE DE DOUTORADO &#8211; PRESENCIAL (OU REMOTA PARA CANDIDATOS RESIDENTES NO EXTERIOR)<\/span><strong><br \/>\nDIA 09\/07\/2024 &#8211; TER\u00c7A-FEIRA &#8211; A PARTIR DAS 10:00 h<br \/>\nLOCAL: UENF &#8211; CCT &#8211; PR\u00c9DIO P3 &#8211; T\u00c9RREO &#8211; SALA MULTIUSO DO PPGCN<br \/>\n<\/strong><\/span><\/p>\n<p><span style=\"color: #000000\">Todos os candidatos devem estar presentes 15 minutos antes do hor\u00e1rio de in\u00edcio da etapa<\/span><\/p>\n<p><span style=\"color: #000000\">Mestrado: dias 08\/07\/2024 \u00e0s 17:15 h e 09\/07\/24 \u00e0s 8:45 h<\/span><br \/>\n<span style=\"color: #000000\">Doutorado : 09\/07\/24 \u00e0s 9:45 h<\/span><\/p>\n<p><a href=\"https:\/\/uenf.br\/posgraduacao\/ciencias-naturais\/wp-content\/uploads\/sites\/4\/2024\/07\/PPGCN-2024-2-cronograma-entrevista-Mestrado-e-doutorado-divulgacao-4.pdf\"><strong><span style=\"color: #008000\">PPGCN-2024-2-cronograma entrevista &#8211; Mestrado e doutorado-divulga\u00e7\u00e3o<\/span><\/strong><\/a><\/p>\n<p><strong><span style=\"color: #ff0000\">ATEN\u00c7\u00c3O: cronograma das entrevistas sofreu algumas altera\u00e7\u00f5es &#8211; CONFIRA A DATA E HOR\u00c1RIO DA SUA ENTREVISTA<\/span><\/strong><\/p>\n<p><span style=\"color: #000000\"><strong>ETAPA: DIVULGA\u00c7\u00c3O PRELIMINAR DOS RESULTADOS\u00a0 DAS <\/strong><strong>ENTREVISTAS DE MESTRADO E ENTREVISTAS DE DOUTORADO\/PROJETO DE PESQUISA (CANDIDATOS AO DOUTORADO) &#8211; Dia 10\/07\/2024 &#8211; previsto para at\u00e9 as 18:00 h)<\/strong><\/span><\/p>\n<p><span style=\"color: #008000\"><strong><a href=\"https:\/\/uenf.br\/posgraduacao\/ciencias-naturais\/wp-content\/uploads\/sites\/4\/2024\/07\/PPGCN-2024-1-Notas-Etapa-de-entrevistas-Mestrado-e-doutorado-resultado-preliminar.pdf\"><span style=\"color: #008000\">PPGCN-2024-2-etapa entrevistas de mestrado e entrevistas\/projeto pesquisa de doutorado- resultado preliminar<\/span><\/a><\/strong><\/span><\/p>\n<p><span style=\"color: #008000\"><strong><a href=\"https:\/\/uenf.br\/posgraduacao\/ciencias-naturais\/wp-content\/uploads\/sites\/4\/2024\/07\/PPGCN-2024-2-Resultado-prelimiar-ate-entrevistas-mestrado-e-doutorado-por-vagas.pdf\"><span style=\"color: #008000\">PPGCN-2024-2-etapa entrevistas de mestrado e entrevistas\/projeto pesquisa de doutorado &#8211; resultado preliminar por vagas<\/span><\/a><\/strong><\/span><\/p>\n<p><span style=\"color: #000000\"><strong>ETAPA: DIVULGA\u00c7\u00c3O DEFINITIVA DOS RESULTADOS\u00a0 DAS ENTREVISTAS\/PROJETO DE PESQUISA (CANDIDATOS AO DOUTORADO)\u00a0 &#8211; Dia 12\/07\/2024 &#8211; previsto para at\u00e9 as 12:00 h)<\/strong><\/span><\/p>\n<p><span style=\"color: #008000\"><strong><a href=\"https:\/\/uenf.br\/posgraduacao\/ciencias-naturais\/wp-content\/uploads\/sites\/4\/2024\/07\/PPGCN-2024-1-Notas-Etapa-de-entrevistas-Mestrado-e-doutorado-resultado-final.pdf\"><span style=\"color: #008000\">PPGCN-2024-2-etapa entrevistas de mestrado e entrevistas\/projeto pesquisa de doutorado &#8211; resultado final<\/span><\/a><\/strong><\/span><\/p>\n<p><span style=\"color: #008000\"><strong><a href=\"https:\/\/uenf.br\/posgraduacao\/ciencias-naturais\/wp-content\/uploads\/sites\/4\/2024\/07\/PPGCN-2024-2-Resultado-final-ate-entrevistas-mestrado-e-doutorado-por-vagas.pdf\"><span style=\"color: #008000\">PPGCN-2024-2 &#8211; Resultado final at\u00e9 entrevistas &#8211; mestrado e doutorado por vagas<\/span><\/a><\/strong><\/span><\/p>\n<p><span style=\"color: #000000\"><strong>ETAPA: DIVULGA\u00c7\u00c3O DO RESULTADO PRELIMINAR DO PROCESSO SELETIVO PPGCN-2024-1- Dia 12\/07\/2024 &#8211; previsto para at\u00e9 as 12:00 h<\/strong><\/span><\/p>\n<p><span style=\"color: #008000\"><strong><a href=\"https:\/\/uenf.br\/posgraduacao\/ciencias-naturais\/wp-content\/uploads\/sites\/4\/2024\/07\/PPGCN-2024-2-Resultado-final-preliminar-ordem-alfabetica.pdf\"><span style=\"color: #008000\">PPGCN-2024-2-Resultado final preliminar-ordem alfab\u00e9tica<\/span><\/a><\/strong><\/span><\/p>\n<p><span style=\"color: #008000\"><strong><a href=\"https:\/\/uenf.br\/posgraduacao\/ciencias-naturais\/wp-content\/uploads\/sites\/4\/2024\/07\/PPGCN-2024-2-Resultado-final-preliminar-ordem-classificacao.pdf\"><span style=\"color: #008000\">PPGCN-2024-2-Resultado final preliminar-ordem classifica\u00e7ao<\/span><\/a><\/strong><\/span><\/p>\n<p><span style=\"color: #000000\"><strong><span style=\"color: #008000\"><a style=\"color: #008000\" href=\"https:\/\/uenf.br\/posgraduacao\/ciencias-naturais\/wp-content\/uploads\/sites\/4\/2024\/07\/PPGCN-2024-2-Resultado-final-prelimiar-mestrado-e-doutorado-por-vagas.pdf\">PPGCN-2024-2-classifica\u00e7\u00e3o por linha de pesquisa, orientador e tema &#8211; resultado preliminar<\/a><\/span><br \/>\n<\/strong><\/span><\/p>\n<p><span style=\"color: #000000\"><strong>ETAPA: DIVULGA\u00c7\u00c3O DO\u00a0 RESULTADO FINAL DO PROCESSO SELETIVO PPGCN-2024-2 &#8211; Dia 15\/07\/2024 &#8211; previsto para at\u00e9 as 19:00 h<\/strong><\/span><\/p>\n<p><strong><a href=\"https:\/\/uenf.br\/posgraduacao\/ciencias-naturais\/wp-content\/uploads\/sites\/4\/2024\/07\/PPGCN-2024-2-Resultado-final-ordem-alfabetica.pdf\"><span style=\"color: #008000\">PPGCN-2024-2-ordem alfab\u00e9tica\u00a0 &#8211; resultado final<\/span><\/a><\/strong><\/p>\n<p><span style=\"color: #008000\"><strong><a href=\"https:\/\/uenf.br\/posgraduacao\/ciencias-naturais\/wp-content\/uploads\/sites\/4\/2024\/07\/PPGCN-2024-2-Resultado-final-ordem-classificacao.pdf\"><span style=\"color: #008000\">PPGCN-2024-2-ordem de classifica\u00e7\u00e3o\u00a0 &#8211; resultado final<\/span><\/a><\/strong><\/span><\/p>\n<p><span style=\"color: #008000\"><strong><a href=\"https:\/\/uenf.br\/posgraduacao\/ciencias-naturais\/wp-content\/uploads\/sites\/4\/2024\/07\/PPGCN-2024-2-Resultado-final-mestrado-e-doutorado-por-vagas.pdf\"><span style=\"color: #008000\">PPGCN-2024-2-classifica\u00e7\u00e3o por linha de pesquisa, orientador e tema &#8211; resultado final<\/span><\/a><\/strong><\/span><\/p>\n<p><span style=\"color: #000000\"><strong>\u00a0DISPOSI\u00c7\u00d5ES FINAIS E\u00a0 CANDIDATOS EM LISTA DE ESPERA<br \/>\n<\/strong><\/span><\/p>\n<p><span style=\"color: #000000\"><strong>2.2.6.2<\/strong> As inscri\u00e7\u00f5es que vierem desacompanhadas dos documentos previstos nos itens 2.2.2.1.2 (a, b, c ou d), poder\u00e3o ser homologadas &#8220;com condicionante&#8221;, desde que acompanhadas das ficando o candidato obrigado a apresentar os referidos documentos at\u00e9 a data da matr\u00edcula, sob pena de exclus\u00e3o do certame e perda de eventual vaga no programa.<\/span><\/p>\n<p><span style=\"color: #000000\"><strong>2.2.8<\/strong> Os candidatos aprovados e selecionados que forem convocados para a realiza\u00e7\u00e3o da matr\u00edcula dever\u00e3o apresentar a secretaria do programa todos os originais referentes aos documentos exigidos no item 2.2.2.1. A aus\u00eancia da apresenta\u00e7\u00e3o de qualquer um dos documentos e seus respectivos comprovantes levar\u00e1 a desclassifica\u00e7\u00e3o do candidato no processo seletivo.<\/span><\/p>\n<p><span style=\"color: #000000\"><strong>5.4\u00a0 <\/strong>Haver\u00e1 lista de espera dentro de uma mesma linha de pesquisa, orientador e tema de pesquisa escolhidos pelo candidato no ato da inscri\u00e7\u00e3o de acordo com o <strong>ANEXO 1.<\/strong>\u00a0 A Comiss\u00e3o Coordenadora do Programa dever\u00e1 identificar e aprovar a\u00a0 disponibilidades de novas vagas at\u00e9 o prazo m\u00e1ximo de 10 dias ap\u00f3s a divulga\u00e7\u00e3o do resultado final deste edital. Os (as) candidatos(as) aprovados(as) e n\u00e3o classificados compor\u00e3o a lista de espera e poder\u00e3o ser convocados a preencher estas vagas de acordo com o prazo estabelecido pelo cronograma do processo seletivo <strong>(ANEXO 2).<\/strong><\/span><\/p>\n<p><span style=\"color: #000000\"><strong>8.1.10 e 8.2.10\u00a0 <\/strong>As vagas ser\u00e3o preenchidas de acordo com a ordem de classifica\u00e7\u00e3o dos candidatos, depois de aplicados os crit\u00e9rios de desempate, at\u00e9 o preenchimento total do n\u00famero de vagas oferecidas, havendo cria\u00e7\u00e3o de lista de espera;<\/span><\/p>\n<p><span style=\"color: #000000\"><strong>8.1.11 e 8.2.11\u00a0 <\/strong>Caso existam bolsas de estudo dispon\u00edveis para o programa, a classifica\u00e7\u00e3o de prioridade para concess\u00e3o de bolsas ser\u00e1 feita com base nas notas de classifica\u00e7\u00e3o geral para cada um dos n\u00edveis (mestrado e doutorado), observados os crit\u00e9rios,\u00a0 normas e resolu\u00e7\u00f5es referentes a concess\u00e3o de bolsas de estudo do PPGCN, da UENF e das respectivas Ag\u00eancias de Fomento.<\/span><\/p>\n<p><span style=\"color: #000000\"><strong>10\u00a0<\/strong> Convoca\u00e7\u00e3o dos candidatos aprovados e classificados<\/span><\/p>\n<p><span style=\"color: #000000\"><strong>10.1\u00a0\u00a0 <\/strong>Encerrado o processo seletivo e divulgado o resultado final definitivo ser\u00e3o convocados os candidatos selecionados para apresentar-se para a matr\u00edcula no prazo estipulado pelo Calend\u00e1rio Acad\u00eamico de P\u00f3s-gradua\u00e7\u00e3o da UENF.<\/span><\/p>\n<p><span style=\"color: #000000\"><strong>10.2\u00a0 <\/strong>A convoca\u00e7\u00e3o dos candidatos ser\u00e1 realizada por meio de publica\u00e7\u00e3o do ato de convoca\u00e7\u00e3o no s\u00edtio eletr\u00f4nico do Processo Seletivo e mensagem eletr\u00f4nica ser\u00e1 enviada ao endere\u00e7o de e-mail informado pelos candidatos no formul\u00e1rio de inscri\u00e7\u00e3o.<\/span><\/p>\n<p><span style=\"color: #000000\"><strong>10.3\u00a0\u00a0 <\/strong>O Programa de P\u00f3s-Gradua\u00e7\u00e3o em Ci\u00eancias Naturais funciona em regime de dedica\u00e7\u00e3o exclusiva (40 horas\/semana). A crit\u00e9rio da Comiss\u00e3o Coordenadora poder\u00e3o ser aceitos alunos em regime de dedica\u00e7\u00e3o parcial (com no m\u00ednimo 30 horas\/semana dedicadas ao Programa).\u00a0 No ato de convoca\u00e7\u00e3o dos candidatos aprovados para matr\u00edcula ser\u00e3o disponibilizados os formul\u00e1rios para declara\u00e7\u00e3o de exist\u00eancia ou n\u00e3o de v\u00ednculo empregat\u00edcio e de solicita\u00e7\u00e3o de dedica\u00e7\u00e3o parcial ao programa.\u00a0 Alunos aprovados no processo seletivo que solicitarem autoriza\u00e7\u00e3o para dedica\u00e7\u00e3o parcial somente poder\u00e3o realizar a matr\u00edcula ap\u00f3s o deferimento da solicita\u00e7\u00e3o.\u00a0 Nos casos de solicita\u00e7\u00e3o indeferida o candidato ser\u00e1 eliminado do processo seletivo sendo convocado o pr\u00f3ximo candidato a vaga da lista de espera.<\/span><\/p>\n<p><span style=\"color: #000000\"><strong>11<\/strong>\u00a0 Disposi\u00e7\u00f5es finais.<\/span><\/p>\n<p><span style=\"color: #000000\"><strong>11.1\u00a0\u00a0 <\/strong>Ser\u00e1 desclassificado e automaticamente exclu\u00eddo do processo seletivo, o candidato que:<\/span><\/p>\n<ol>\n<li><span style=\"color: #000000\">Prestar declara\u00e7\u00f5es ou apresentar documentos falsos em quaisquer das etapas da sele\u00e7\u00e3o.<\/span><\/li>\n<li><span style=\"color: #000000\">N\u00e3o apresentar toda a documenta\u00e7\u00e3o requerida nos prazos e condi\u00e7\u00f5es estipuladas neste Edital.<\/span><\/li>\n<li><span style=\"color: #000000\">N\u00e3o realizar a sua matr\u00edcula no Programa, na data especificada pelo calend\u00e1rio acad\u00eamico de P\u00f3s-gradua\u00e7\u00e3o da UENF.<\/span><\/li>\n<\/ol>\n<p><span style=\"color: #000000\"><strong>\u00a0<\/strong><\/span><\/p>\n","protected":false},"excerpt":{"rendered":"<p>ETAPA:\u00a0 DIVULGA\u00c7\u00c3O PRELIMINAR DAS INSCRI\u00c7\u00d5ES HOMOLOGADAS &#8211; 18\/06\/2024 &#8211; previs\u00e3o at\u00e9 as\u00a0 18:00 h PPGCN-2024-2-homologa\u00e7\u00e3o das inscri\u00e7\u00f5es &#8211; mestrado e&#8230;<\/p>\n","protected":false},"author":10,"featured_media":0,"parent":6940,"menu_order":0,"comment_status":"closed","ping_status":"closed","template":"","meta":{"footnotes":""},"class_list":["post-6943","page","type-page","status-publish","hentry"],"_links":{"self":[{"href":"https:\/\/uenf.br\/posgraduacao\/ciencias-naturais\/wp-json\/wp\/v2\/pages\/6943","targetHints":{"allow":["GET"]}}],"collection":[{"href":"https:\/\/uenf.br\/posgraduacao\/ciencias-naturais\/wp-json\/wp\/v2\/pages"}],"about":[{"href":"https:\/\/uenf.br\/posgraduacao\/ciencias-naturais\/wp-json\/wp\/v2\/types\/page"}],"author":[{"embeddable":true,"href":"https:\/\/uenf.br\/posgraduacao\/ciencias-naturais\/wp-json\/wp\/v2\/users\/10"}],"replies":[{"embeddable":true,"href":"https:\/\/uenf.br\/posgraduacao\/ciencias-naturais\/wp-json\/wp\/v2\/comments?post=6943"}],"version-history":[{"count":0,"href":"https:\/\/uenf.br\/posgraduacao\/ciencias-naturais\/wp-json\/wp\/v2\/pages\/6943\/revisions"}],"up":[{"embeddable":true,"href":"https:\/\/uenf.br\/posgraduacao\/ciencias-naturais\/wp-json\/wp\/v2\/pages\/6940"}],"wp:attachment":[{"href":"https:\/\/uenf.br\/posgraduacao\/ciencias-naturais\/wp-json\/wp\/v2\/media?parent=6943"}],"curies":[{"name":"wp","href":"https:\/\/api.w.org\/{rel}","templated":true}]}}