{"id":7291,"date":"2024-10-15T15:56:23","date_gmt":"2024-10-15T15:56:23","guid":{"rendered":"https:\/\/uenf.br\/posgraduacao\/ciencias-naturais\/?page_id=7291"},"modified":"2025-07-11T20:17:24","modified_gmt":"2025-07-11T20:17:24","slug":"etapas-do-processo-seletivo-ppgcn-2024-2","status":"publish","type":"page","link":"https:\/\/uenf.br\/posgraduacao\/ciencias-naturais\/mestrado-e-doutorado\/processo-seletivo-2025-1\/etapas-do-processo-seletivo-ppgcn-2024-2\/","title":{"rendered":"Etapas do processo seletivo PPGCN-2025-1"},"content":{"rendered":"<p><span style=\"color: #000000\"><strong>ETAPA:\u00a0 DIVULGA\u00c7\u00c3O PRELIMINAR DAS INSCRI\u00c7\u00d5ES HOMOLOGADAS &#8211; 21\/11\/2024 &#8211; previs\u00e3o at\u00e9 as\u00a0 18:00 h<br \/>\n<\/strong><\/span><\/p>\n<p><strong><span style=\"color: #008000\"><a style=\"color: #008000\" href=\"http:\/\/uenf.br\/posgraduacao\/ciencias-naturais\/wp-content\/uploads\/sites\/4\/2024\/11\/PPGCN-2025-1-homologacao-das-inscricoes-Mestrado-e-Doutorado-resultado-preliminar.pdf\">PPGCN-2025-1-homologa\u00e7\u00e3o das inscri\u00e7\u00f5es &#8211; Mestrado e Doutorado &#8211; resultado preliminar<\/a><br \/>\n<\/span><\/strong><\/p>\n<p><a href=\"http:\/\/uenf.br\/posgraduacao\/ciencias-naturais\/wp-content\/uploads\/sites\/4\/2024\/11\/PPGCN-2025.1-Resultado-preliminar-homologacao-das-inscricoes-\u2013-Mestrado-e-Doutorado-por-vagas-1.pdf\"><strong><span style=\"color: #008000\">PPGCN-2025.1- Resultado preliminar homologa\u00e7\u00e3o das inscri\u00e7\u00f5es \u2013 Mestrado e Doutorado por vagas<\/span><\/strong><\/a><\/p>\n<p><span style=\"color: #000000\"><strong>ETAPA:\u00a0 HOMOLOGA\u00c7\u00c3O DAS INSCRI\u00c7\u00d5ES &#8211; RESULTADO FINAL<\/strong><\/span><\/p>\n<p><span style=\"color: #008000\"><strong><a style=\"color: #008000\" href=\"http:\/\/uenf.br\/posgraduacao\/ciencias-naturais\/wp-content\/uploads\/sites\/4\/2024\/11\/Processo-Seletivo-PPGCN-2025.1-Homologacao-das-Inscricoes-Resultado-Final-1.pdf\">Processo Seletivo PPGCN 2025.1 &#8211; Homologa\u00e7\u00e3o das Inscri\u00e7\u00f5es &#8211; Resultado Final<\/a><\/strong><\/span><\/p>\n<p><strong><span style=\"color: #008000\"><a style=\"color: #008000\" href=\"http:\/\/uenf.br\/posgraduacao\/ciencias-naturais\/wp-content\/uploads\/sites\/4\/2024\/11\/Processo-Seletivo-PPGCN-2025.1-Homologacao-de-Inscricoes-por-vaga-Resultado-final.pdf\">Processo Seletivo PPGCN 2025.1 &#8211; Homologa\u00e7\u00e3o de Inscri\u00e7\u00f5es por vaga &#8211; Resultado final<\/a><\/span><\/strong><\/p>\n<p><span style=\"color: #000000\"><strong>ETAPA:\u00a0 COMISS\u00d5ES DE AVALIA\u00c7\u00c3O E COMISS\u00c3O DE RECURSOS &#8211; 21\/11\/2024 &#8211; previs\u00e3o at\u00e9 as 18 h<\/strong><br \/>\n<\/span><\/p>\n<p><strong><span style=\"color: #008000\"><a style=\"color: #008000\" href=\"http:\/\/uenf.br\/posgraduacao\/ciencias-naturais\/wp-content\/uploads\/sites\/4\/2024\/11\/EDITAL-PPGCN-2025-1-Comissoes-de-Etapas-e-Comissao-de-Recursos-1.pdf\">EDITAL PPGCN 2025-1 &#8211; Comiss\u00f5es de Etapas e Comiss\u00e3o de Recursos<\/a><\/span><\/strong><\/p>\n<p><span style=\"color: #000000\"><strong><span style=\"color: #ff0000\"><a style=\"color: #ff0000\" href=\"https:\/\/uenf.br\/posgraduacao\/ciencias-naturais\/wp-content\/uploads\/sites\/4\/2023\/09\/Formulario-geral-para-solicitacao-de-recursos-em-pdf-eletronico.pdf\">FORMUL\u00c1RIO GERAL DE RECURSOS<\/a>\u00a0<\/span>&#8211; SE NECESS\u00c1RIO, UTILIZE RESPEITANDO O EDITAL E O CRONOGRAMA ESTABELECIDO:<\/strong><\/span><\/p>\n<p><span style=\"color: #000000\"><strong>Para qualquer recurso \u00e9 obrigat\u00f3rio a utiliza\u00e7\u00e3o do formul\u00e1rio eletr\u00f4nico (preencher, inserir imagem da assinatura e enviar para o e-mail do programa.\u00a0 N\u00e3o ser\u00e3o aceitos recursos em formul\u00e1rios digitalizados, salvos em imagem ou alterados pelo candidato.\u00a0 Caso tenha dificuldades baixe a vers\u00e3o gratuita mais recente do Adobe Acrobat Reader e siga as instru\u00e7\u00f5es na dispon\u00edveis na p\u00e1gina inicial do processo seletivo.<\/strong><\/span><\/p>\n<p>&nbsp;<\/p>\n<p><span style=\"color: #000000\"><strong>ETAPA:\u00a0 DIVULGA\u00c7\u00c3O PRELIMINAR\u00a0 DA AVALIA\u00c7\u00c3O DE CURR\u00cdCULO VITAE E HIST\u00d3RICO ESCOLAR<\/strong><\/span><\/p>\n<p><strong><span style=\"color: #008000\"><a style=\"color: #008000\" href=\"http:\/\/uenf.br\/posgraduacao\/ciencias-naturais\/wp-content\/uploads\/sites\/4\/2024\/11\/Processo-Seletivo-PPGCN-2025-1-Etapa-avaliacao-de-curriculo-e-historico-escolar-resultado-preliminar-1.pdf\">Processo Seletivo PPGCN-2025-1-Etapa avalia\u00e7\u00e3o de curr\u00edculo e hist\u00f3rico escolar &#8211; resultado preliminar<\/a><\/span><\/strong><\/p>\n<p><strong>ATEN\u00c7\u00c3O: Na avalia\u00e7\u00e3o do CV hist\u00f3rico Escolar dos candidatos somente foram consideradas v\u00e1lidas as informa\u00e7\u00f5es devidamente registradas no Curr\u00edculo Lattes e acompanhadas dos respectivos comprovantes.\u00a0 N\u00e3o ser\u00e3o consideradas informa\u00e7\u00f5es n\u00e3o registradas no Lattes mesmo que tenha ocorrido o envio dos comprovantes.\u00a0 Tamb\u00e9m n\u00e3o ser\u00e3o consideradas informa\u00e7\u00f5es registradas no Lattes por\u00e9m desacompanhadas dos comprovantes.\u00a0 Em caso de recurso o candidato dever\u00e1 documentar o seu recurso com base no CV Lattes enviado na inscri\u00e7\u00e3o e tamb\u00e9m com base (item a item) nos comprovantes enviados e que levaram a atribui\u00e7\u00e3o da auto pontua\u00e7\u00e3o.\u00a0 N\u00e3o ser\u00e1 aceito a inser\u00e7\u00e3o de qualquer documento relacionado as comprova\u00e7\u00f5es n\u00e3o enviadas na data de inscri\u00e7\u00e3o.<\/strong><\/p>\n<p><span style=\"color: #000000\"><strong>ETAPA:\u00a0 RESULTADO FINAL\u00a0 DA AVALIA\u00c7\u00c3O DE CURR\u00cdCULO VITAE E HIST\u00d3RICO ESCOLAR<\/strong><\/span><\/p>\n<p><strong><a href=\"http:\/\/uenf.br\/posgraduacao\/ciencias-naturais\/wp-content\/uploads\/sites\/4\/2024\/11\/Processo-Seletivo-PPGCN-2025-1-Etapa-avaliacao-curriculo-e-historico-escolar-Resultado-Final.pdf\"><span style=\"color: #008000\">Processo Seletivo PPGCN-2025-1-Etapa avalia\u00e7\u00e3o curr\u00edculo e hist\u00f3rico escolar &#8211; Resultado Final<\/span><\/a><\/strong><\/p>\n<p>&nbsp;<\/p>\n<p><strong>ETAPA: APLICA\u00c7\u00c3O DAS PROVAS DE CONHECIMENTOS<br \/>\n<\/strong><\/p>\n<ul>\n<li><strong>Prova de Conhecimentos Gerais \u2013 Dia 02\/12\/2024 <\/strong><strong>de 9:00 \u00e0s 12:00\u00a0<\/strong><\/li>\n<\/ul>\n<p><strong>Local: UENF \u2013 CCT &#8211; PR\u00c9DIO P3 \u2013 SALA 106<\/strong><\/p>\n<p><strong>Os candidatos dever\u00e3o Se apresentar com no m\u00ednimo 20 minutos de anteced\u00eancia antes do in\u00edcio\u00a0 da prova.<br \/>\n<\/strong><\/p>\n<ul>\n<li><strong>Prova de L\u00edngua Estrangeira (Ingl\u00eas)\/Interpreta\u00e7\u00e3o de artigo cient\u00edfico \u2013 Dia 02\/12\/2024 de 14:00 \u00e0s 17:00\u00a0<\/strong><\/li>\n<\/ul>\n<p><strong>Local: UENF \u2013 PR\u00c9DIO P5 \u2013\u00a0 AUDIT\u00d3RIO 2<\/strong><\/p>\n<p><strong>Os candidatos dever\u00e3o Se apresentar com no m\u00ednimo 20 minutos de anteced\u00eancia antes do in\u00edcio\u00a0 da prova.<\/strong><\/p>\n<p><strong> Poder\u00e1 ser utilizado dicion\u00e1rio ingl\u00eas-ingl\u00eas.\u00a0 N\u00e3o ser\u00e1 permitida consulta a dicion\u00e1rios ingl\u00eas-portugu\u00eas ou a utiliza\u00e7\u00e3o de quaisquer meios digitais de consulta.<\/strong><\/p>\n<p>&nbsp;<\/p>\n<p><strong>ETAPA: DIVULGA\u00c7\u00c3O PRELIMINAR DOS RESULTADOS\u00a0 DAS PROVAS DE CONHECIMENTOS<\/strong><\/p>\n<p><span style=\"color: #008000\"><a style=\"color: #008000\" href=\"http:\/\/uenf.br\/posgraduacao\/ciencias-naturais\/wp-content\/uploads\/sites\/4\/2024\/12\/Edital-PPGCN-2025-1-Etapa-da-Prova-de-Conhecimentos-Resultado-Preliminar.pdf\"><strong>Edital PPGCN-2025-1-Etapa: Prova de Conhecimentos\u00a0 &#8211; Resultado Preliminar<\/strong><\/a><\/span><\/p>\n<p><strong>ETAPA: DIVULGA\u00c7\u00c3O DEFINITIVA DOS RESULTADOS\u00a0 DAS PROVAS DE CONHECIMENTOS<\/strong><\/p>\n<p><strong><span style=\"color: #008000\"><a style=\"color: #008000\" href=\"http:\/\/uenf.br\/posgraduacao\/ciencias-naturais\/wp-content\/uploads\/sites\/4\/2024\/12\/Edital-PPGCN-2025-1-Etapa-da-Prova-de-Conhecimentos-Resultado-Definitivo-2.pdf\">Edital PPGCN-2025-1-Etapa da Prova de Conhecimentos\u00a0 &#8211; Resultado Definitivo<\/a><\/span><\/strong><\/p>\n<p><span style=\"color: #000000\"><strong>ETAPA:\u00a0 MESTRADO &#8211; ENTREVISTA<\/strong><\/span><\/p>\n<p><span style=\"color: #000000\"><strong>DIA 10\/12\/2024 &#8211; TER\u00c7A-FEIRA &#8211; A PARTIR DAS 09:00 h<br \/>\nLOCAL: UENF &#8211; CCT &#8211; PR\u00c9DIO P3 &#8211; T\u00c9RREO &#8211; Sala Multiuso do PPGCN<br \/>\n<\/strong><\/span><\/p>\n<p><strong><span style=\"color: #008000\"><a style=\"color: #008000\" href=\"http:\/\/uenf.br\/posgraduacao\/ciencias-naturais\/wp-content\/uploads\/sites\/4\/2024\/12\/Edital-PPGCN-2025.1-Cronograma-da-Entrevista-Mestrado.pdf\">Edital PPGCN-2025.1-Cronograma da Entrevista &#8211; Mestrado<\/a><\/span><\/strong><\/p>\n<p>Os candidatos dever\u00e3o se apresentar, no m\u00ednimo, 15 minutos antes do in\u00edcio\u00a0 da entrevista<\/p>\n<p><span style=\"color: #000000\"><strong>ETAPA:\u00a0 DOUTORADO &#8211; ENTREVISTA\/PROJETO DE PESQUISA<\/strong><\/span><\/p>\n<p><span style=\"color: #000000\"><strong>DIAS 09 e 10\/12\/2024 &#8211;\u00a0 A PARTIR DAS 14:00 h<br \/>\nLOCAL: UENF &#8211; CCT &#8211; PR\u00c9DIO P5 &#8211; AUDIT\u00d3RIO 2<br \/>\n<\/strong><\/span><\/p>\n<p><a href=\"http:\/\/uenf.br\/posgraduacao\/ciencias-naturais\/wp-content\/uploads\/sites\/4\/2024\/12\/Edital-PPGCN-2025.1-Cronograma-da-Entrevista-Projeto-de-Pesquisa-Doutorado.pdf\"><strong><span style=\"color: #008000\">Edital PPGCN-2025.1-Cronograma da Entrevista\/Projeto de Pesquisa &#8211; Doutorado<\/span><\/strong><\/a><\/p>\n<p>Os candidatos dever\u00e3o se apresentar, no m\u00ednimo, 15 minutos\u00a0 antes do in\u00edcio\u00a0 da entrevista.<\/p>\n<p><span style=\"color: #000000\"><strong>ETAPA: DIVULGA\u00c7\u00c3O PRELIMINAR DOS RESULTADOS\u00a0 DAS <\/strong><strong>ENTREVISTAS DE MESTRADO E ENTREVISTAS DE DOUTORADO\/PROJETO DE PESQUISA (CANDIDATOS AO DOUTORADO) &#8211; Dia 11\/12\/2024 &#8211; previsto para \u00e0s 12:00 h)<\/strong><\/span><\/p>\n<p><strong><span style=\"color: #008000\"><a style=\"color: #008000\" href=\"http:\/\/uenf.br\/posgraduacao\/ciencias-naturais\/wp-content\/uploads\/sites\/4\/2024\/12\/Edital-PPGCN-2025-1-Entevistas-Mestrado-Entrevista-e-Projeto-Doutorado-Resultado-Preliminar-1.pdf\">Edital PPGCN-2025-1-Entevistas Mestrado Entrevista e Projeto Doutorado &#8211; Resultado Preliminar<\/a><\/span><\/strong><\/p>\n<p>&nbsp;<\/p>\n<p><span style=\"color: #000000\"><strong>ETAPA: DIVULGA\u00c7\u00c3O DEFINITIVA DOS RESULTADOS\u00a0 DAS ENTREVISTAS\/PROJETO DE PESQUISA (CANDIDATOS AO DOUTORADO) -Dia 13\/11\/2024-previsto para at\u00e9 18:00 h)<\/strong><\/span><\/p>\n<p><strong><span style=\"color: #008000\"><a style=\"color: #008000\" href=\"http:\/\/uenf.br\/posgraduacao\/ciencias-naturais\/wp-content\/uploads\/sites\/4\/2024\/12\/Edital-PPGCN-2025-1-Entevistas-Mestrado_Entrevista-e-Projeto-Doutorado-Resultado-Definitivo.pdf\">Edital PPGCN-2025-1-Entevistas Mestrado_Entrevista e Projeto Doutorado &#8211; Resultado Definitivo<\/a><\/span><\/strong><\/p>\n<p><span style=\"color: #000000\"><strong>ETAPA: DIVULGA\u00c7\u00c3O DO RESULTADO PRELIMINAR DO PROCESSO SELETIVO PPGCN-2025.1- Dia 13\/12\/2024 &#8211; previsto para at\u00e9\u00a0 18:00 h<\/strong><\/span><\/p>\n<p><span style=\"color: #008000\"><strong><a style=\"color: #008000\" href=\"http:\/\/uenf.br\/posgraduacao\/ciencias-naturais\/wp-content\/uploads\/sites\/4\/2024\/12\/PPGCN-2025-1-Resultado-final-preliminar-ordem-alfabetica-2.pdf\">PPGCN-2025-1-Resultado final preliminar-ordem alfab\u00e9tica<\/a><\/strong><\/span><\/p>\n<p><span style=\"color: #000000\"><strong>ETAPA: DIVULGA\u00c7\u00c3O DO\u00a0 RESULTADO FINAL DO PROCESSO SELETIVO PPGCN-2025.1 &#8211; Dia 16\/12\/2024 &#8211; previsto para at\u00e9 18:00 h<\/strong><\/span><\/p>\n<p><strong><span style=\"color: #008000\"><a style=\"color: #008000\" href=\"http:\/\/uenf.br\/posgraduacao\/ciencias-naturais\/wp-content\/uploads\/sites\/4\/2024\/12\/Processo-Seletivo-PGCN-2025-Resultado-Definitivo-por-Classificacao.pdf\">Processo Seletivo PGCN 2025.1 &#8211; Resultado Definitivo por Classifica\u00e7\u00e3o<\/a><\/span><\/strong><\/p>\n<p><strong><span style=\"color: #008000\"><a style=\"color: #008000\" href=\"http:\/\/uenf.br\/posgraduacao\/ciencias-naturais\/wp-content\/uploads\/sites\/4\/2024\/12\/Processo-Seletivo-PPGCN-2025.1-Resultado-Definitivo-por-vaga.pdf\">Processo Seletivo PPGCN 2025.1 &#8211; Resultado Definitivo por vaga<\/a><\/span><\/strong><\/p>\n<p>&nbsp;<\/p>\n<p><span style=\"color: #ff0000\"><strong>OBS. Informamos que foi enviado email aos candidatos aprovados com orienta\u00e7\u00f5es para efetiva\u00e7\u00e3o da pr\u00e9-matr\u00edcula at\u00e9 14\/07\/2025.<\/strong><\/span><\/p>\n","protected":false},"excerpt":{"rendered":"<p>ETAPA:\u00a0 DIVULGA\u00c7\u00c3O PRELIMINAR DAS INSCRI\u00c7\u00d5ES HOMOLOGADAS &#8211; 21\/11\/2024 &#8211; previs\u00e3o at\u00e9 as\u00a0 18:00 h PPGCN-2025-1-homologa\u00e7\u00e3o das inscri\u00e7\u00f5es &#8211; Mestrado e&#8230;<\/p>\n","protected":false},"author":10,"featured_media":0,"parent":7285,"menu_order":0,"comment_status":"closed","ping_status":"closed","template":"","meta":{"footnotes":""},"class_list":["post-7291","page","type-page","status-publish","hentry"],"_links":{"self":[{"href":"https:\/\/uenf.br\/posgraduacao\/ciencias-naturais\/wp-json\/wp\/v2\/pages\/7291","targetHints":{"allow":["GET"]}}],"collection":[{"href":"https:\/\/uenf.br\/posgraduacao\/ciencias-naturais\/wp-json\/wp\/v2\/pages"}],"about":[{"href":"https:\/\/uenf.br\/posgraduacao\/ciencias-naturais\/wp-json\/wp\/v2\/types\/page"}],"author":[{"embeddable":true,"href":"https:\/\/uenf.br\/posgraduacao\/ciencias-naturais\/wp-json\/wp\/v2\/users\/10"}],"replies":[{"embeddable":true,"href":"https:\/\/uenf.br\/posgraduacao\/ciencias-naturais\/wp-json\/wp\/v2\/comments?post=7291"}],"version-history":[{"count":0,"href":"https:\/\/uenf.br\/posgraduacao\/ciencias-naturais\/wp-json\/wp\/v2\/pages\/7291\/revisions"}],"up":[{"embeddable":true,"href":"https:\/\/uenf.br\/posgraduacao\/ciencias-naturais\/wp-json\/wp\/v2\/pages\/7285"}],"wp:attachment":[{"href":"https:\/\/uenf.br\/posgraduacao\/ciencias-naturais\/wp-json\/wp\/v2\/media?parent=7291"}],"curies":[{"name":"wp","href":"https:\/\/api.w.org\/{rel}","templated":true}]}}