{"id":7451,"date":"2024-10-20T11:26:33","date_gmt":"2024-10-20T11:26:33","guid":{"rendered":"https:\/\/uenf.br\/posgraduacao\/ciencias-naturais\/?page_id=7451"},"modified":"2024-10-20T23:16:22","modified_gmt":"2024-10-20T23:16:22","slug":"forms","status":"publish","type":"page","link":"https:\/\/uenf.br\/posgraduacao\/ciencias-naturais\/forms\/","title":{"rendered":"FORMS"},"content":{"rendered":"<p><strong><span style=\"color: #ff0000\">NOTE: FOR ANY REQUEST, THE APPLICANT AND OTHERS INVOLVED (CANDIDATE, ADVISOR, CO-ADVISOR, BOARD MEMBERS) MUST HAVE THEIR LATTES\u00a0 CV UPDATED UP TO THE DATE OF THE REQUEST.<\/span><\/strong><\/p>\n<p><span style=\"color: #000000\"><strong>APPLICATION FORMS FOR\u00a0 SELECTION PROCESSES<\/strong><\/span><\/p>\n<p><span style=\"color: #000000\">SELECTION FOR MASTERS AND DOCTORATE<\/span><\/p>\n<ul>\n<li><span style=\"color: #000000\">Formulario-1-inscricao-pdf-eletronico-1<\/span><\/li>\n<li><span style=\"color: #000000\">Formul\u00e1rio Carta de refer\u00eancia &#8211; em pdf eletr\u00f4nico<\/span><\/li>\n<li><span style=\"color: #000000\">Formul\u00e1rio Carta de refer\u00eancia &#8211; em pdf para impress\u00e3o<\/span><\/li>\n<li><span style=\"color: #0000ff\"><a style=\"color: #0000ff\" href=\"http:\/\/uenf.br\/posgraduacao\/ciencias-naturais\/wp-content\/uploads\/sites\/4\/2024\/10\/Annex-3-Scoring-table-master-2025-1-1.pdf\">Annex-3-Scoring table &#8211; master<\/a><\/span><\/li>\n<li><span style=\"color: #000000\"><a href=\"http:\/\/uenf.br\/posgraduacao\/ciencias-naturais\/wp-content\/uploads\/sites\/4\/2024\/10\/Annex-4-Scoring-table-doctorate-2025-1.pdf\"><span style=\"color: #0000ff\">Annex-4-Scoring table &#8211; doctorate<\/span><\/a><\/span><\/li>\n<li><span style=\"color: #000000\">Formulario-geral-para-solicitacao-de-recursos-em-pdf-eletronico<\/span><\/li>\n<\/ul>\n","protected":false},"excerpt":{"rendered":"<p>NOTE: FOR ANY REQUEST, THE APPLICANT AND OTHERS INVOLVED (CANDIDATE, ADVISOR, CO-ADVISOR, BOARD MEMBERS) MUST HAVE THEIR LATTES\u00a0 CV UPDATED&#8230;<\/p>\n","protected":false},"author":10,"featured_media":0,"parent":0,"menu_order":70,"comment_status":"closed","ping_status":"closed","template":"","meta":{"footnotes":""},"class_list":["post-7451","page","type-page","status-publish","hentry"],"_links":{"self":[{"href":"https:\/\/uenf.br\/posgraduacao\/ciencias-naturais\/wp-json\/wp\/v2\/pages\/7451","targetHints":{"allow":["GET"]}}],"collection":[{"href":"https:\/\/uenf.br\/posgraduacao\/ciencias-naturais\/wp-json\/wp\/v2\/pages"}],"about":[{"href":"https:\/\/uenf.br\/posgraduacao\/ciencias-naturais\/wp-json\/wp\/v2\/types\/page"}],"author":[{"embeddable":true,"href":"https:\/\/uenf.br\/posgraduacao\/ciencias-naturais\/wp-json\/wp\/v2\/users\/10"}],"replies":[{"embeddable":true,"href":"https:\/\/uenf.br\/posgraduacao\/ciencias-naturais\/wp-json\/wp\/v2\/comments?post=7451"}],"version-history":[{"count":0,"href":"https:\/\/uenf.br\/posgraduacao\/ciencias-naturais\/wp-json\/wp\/v2\/pages\/7451\/revisions"}],"wp:attachment":[{"href":"https:\/\/uenf.br\/posgraduacao\/ciencias-naturais\/wp-json\/wp\/v2\/media?parent=7451"}],"curies":[{"name":"wp","href":"https:\/\/api.w.org\/{rel}","templated":true}]}}