{"id":7453,"date":"2024-10-20T11:28:06","date_gmt":"2024-10-20T11:28:06","guid":{"rendered":"https:\/\/uenf.br\/posgraduacao\/ciencias-naturais\/?page_id=7453"},"modified":"2024-10-20T23:23:20","modified_gmt":"2024-10-20T23:23:20","slug":"formas","status":"publish","type":"page","link":"https:\/\/uenf.br\/posgraduacao\/ciencias-naturais\/formas\/","title":{"rendered":"FORMULARIOS"},"content":{"rendered":"<p><span style=\"color: #ff0000\"><strong>OBSERVA\u00c7\u00c3O:\u00a0 PARA QUALQUER SOLICITA\u00c7\u00c3O O REQUERENTE E DEMAIS ENVOLVIDOS (CANDIDATO, ORIENTADOR, COORIENTADOR, MEMBROS DE BANCA) DEVER\u00c3O ESTAR COM O CURR\u00cdCULO LATTES ATUALIZADO AT\u00c9 A DATA DA SOLICITA\u00c7\u00c3O.<\/strong><\/span><\/p>\n<p><span style=\"color: #0000ff\"><strong>FORMUL\u00c1RIOS DE INSCRI\u00c7\u00c3O EM PROCESSOS SELETIVOS<\/strong><\/span><\/p>\n<p><span style=\"color: #0000ff\">SELE\u00c7\u00c3O PARA MESTRADO E DOUTORADO<\/span><\/p>\n<ul>\n<li><span style=\"color: #000000\">Formulario-1-inscricao-pdf-eletronico-1<\/span><\/li>\n<li><span style=\"color: #000000\">Formul\u00e1rio Carta de refer\u00eancia &#8211; em pdf eletr\u00f4nico<\/span><\/li>\n<li><span style=\"color: #000000\">Formul\u00e1rio Carta de refer\u00eancia &#8211; em pdf para impress\u00e3o<\/span><\/li>\n<li><a href=\"https:\/\/uenf.br\/posgraduacao\/ciencias-naturais\/wp-content\/uploads\/sites\/4\/2024\/10\/Adjunto-3-Tabla-de-puntuaciones-maestria-2025-1.pdf\" target=\"_blank\" rel=\"noopener\"><span style=\"color: #0000ff\">Adjunto 3 &#8211; Tabla de puntuaciones &#8211; Maestria<\/span><\/a><\/li>\n<li><span style=\"color: #000000\">Anexo-4-Tabela-de-Pontuacao-Curriculo-e-historico-doutorado-pdf-eletronico<\/span><\/li>\n<li><span style=\"color: #000000\">Formulario-geral-para-solicitacao-de-recursos-em-pdf-eletronico<\/span><\/li>\n<\/ul>\n","protected":false},"excerpt":{"rendered":"<p>OBSERVA\u00c7\u00c3O:\u00a0 PARA QUALQUER SOLICITA\u00c7\u00c3O O REQUERENTE E DEMAIS ENVOLVIDOS (CANDIDATO, ORIENTADOR, COORIENTADOR, MEMBROS DE BANCA) DEVER\u00c3O ESTAR COM O CURR\u00cdCULO&#8230;<\/p>\n","protected":false},"author":10,"featured_media":0,"parent":0,"menu_order":70,"comment_status":"closed","ping_status":"closed","template":"","meta":{"footnotes":""},"class_list":["post-7453","page","type-page","status-publish","hentry"],"_links":{"self":[{"href":"https:\/\/uenf.br\/posgraduacao\/ciencias-naturais\/wp-json\/wp\/v2\/pages\/7453","targetHints":{"allow":["GET"]}}],"collection":[{"href":"https:\/\/uenf.br\/posgraduacao\/ciencias-naturais\/wp-json\/wp\/v2\/pages"}],"about":[{"href":"https:\/\/uenf.br\/posgraduacao\/ciencias-naturais\/wp-json\/wp\/v2\/types\/page"}],"author":[{"embeddable":true,"href":"https:\/\/uenf.br\/posgraduacao\/ciencias-naturais\/wp-json\/wp\/v2\/users\/10"}],"replies":[{"embeddable":true,"href":"https:\/\/uenf.br\/posgraduacao\/ciencias-naturais\/wp-json\/wp\/v2\/comments?post=7453"}],"version-history":[{"count":0,"href":"https:\/\/uenf.br\/posgraduacao\/ciencias-naturais\/wp-json\/wp\/v2\/pages\/7453\/revisions"}],"wp:attachment":[{"href":"https:\/\/uenf.br\/posgraduacao\/ciencias-naturais\/wp-json\/wp\/v2\/media?parent=7453"}],"curies":[{"name":"wp","href":"https:\/\/api.w.org\/{rel}","templated":true}]}}