{"id":7552,"date":"2024-10-22T13:09:06","date_gmt":"2024-10-22T13:09:06","guid":{"rendered":"https:\/\/uenf.br\/posgraduacao\/ciencias-naturais\/?page_id=7552"},"modified":"2024-10-22T15:22:16","modified_gmt":"2024-10-22T15:22:16","slug":"materiais-e-artigos-para-prova-de-conhecimentos-gerais","status":"publish","type":"page","link":"https:\/\/uenf.br\/posgraduacao\/ciencias-naturais\/mestrado-e-doutorado\/processo-seletivo-2025-1\/materiais-e-artigos-para-prova-de-conhecimentos-gerais\/","title":{"rendered":"Materiais e artigos para prova de conhecimentos gerais"},"content":{"rendered":"<p><span style=\"color: #000000\"><strong>MATERIAIS E ARTIGOS INTERDISCIPLINARES &#8211; PARA TODOS OS CANDIDATOS<\/strong><\/span><br \/>\n<span style=\"color: #0000ff\"><a style=\"color: #0000ff\" href=\"https:\/\/uenf.br\/posgraduacao\/ciencias-naturais\/wp-content\/uploads\/sites\/4\/2023\/05\/Avaliacao-dos-Cientistas-utilizamos-as-metricas-corretas.pdf\" target=\"_blank\" rel=\"noopener\">1 &#8211; Avalia\u00e7\u00e3o dos Cientistas: utilizamos as metricas corretas?<\/a><\/span><br \/>\n<span style=\"color: #0000ff\"><a style=\"color: #0000ff\" href=\"https:\/\/uenf.br\/posgraduacao\/ciencias-naturais\/wp-content\/uploads\/sites\/4\/2023\/05\/CHATGPT-listed-as-author-on-reseach-papers.pdf\" target=\"_blank\" rel=\"noopener\">2 &#8211; CHATGPT listed as author on reseach papers<\/a><\/span><br \/>\n<span style=\"color: #0000ff\"><a style=\"color: #0000ff\" href=\"https:\/\/uenf.br\/posgraduacao\/ciencias-naturais\/wp-content\/uploads\/sites\/4\/2023\/05\/Defining-the-Scientific-method.pdf\" target=\"_blank\" rel=\"noopener\">3 &#8211; Defining the Scientific method<\/a><\/span><br \/>\n<span style=\"color: #0000ff\"><a style=\"color: #0000ff\" href=\"https:\/\/uenf.br\/posgraduacao\/ciencias-naturais\/wp-content\/uploads\/sites\/4\/2023\/05\/Eight-Suggestions-for-Future-Leaders-of-Science-and-Technology.pdf\" target=\"_blank\" rel=\"noopener\">4 &#8211; Eight Suggestions for Future Leaders of Science and Technology<\/a><\/span><br \/>\n<span style=\"color: #0000ff\"><a style=\"color: #0000ff\" href=\"https:\/\/uenf.br\/posgraduacao\/ciencias-naturais\/wp-content\/uploads\/sites\/4\/2023\/05\/Mecanica-quantica-uma-nova-imagem-do-mundo.pdf\" target=\"_blank\" rel=\"noopener\">5 &#8211; Mecanica quantica uma nova imagem do mundo<\/a><\/span><br \/>\n<a href=\"https:\/\/uenf.br\/posgraduacao\/ciencias-naturais\/wp-content\/uploads\/sites\/4\/2023\/05\/Understanding-the-role-of-digital-technologies-in-education-A-review.pdf\" target=\"_blank\" rel=\"noopener\"><span style=\"color: #0000ff\">6 &#8211; Understanding the role of digital technologies in education &#8211; A review<\/span><\/a><\/p>\n<p><span style=\"color: #000000\"><strong>MATERIAIS E ARTIGOS LINHA DE PESQUISA: BIO-ORG\u00c2NICA E BIO-INORG\u00c2NICA<\/strong><\/span><br \/>\n<span style=\"color: #0000ff\"><a style=\"color: #0000ff\" href=\"https:\/\/uenf.br\/posgraduacao\/ciencias-naturais\/wp-content\/uploads\/sites\/4\/2023\/05\/A-golden-era-of-cancer-clinic-trials.pdf\" target=\"_blank\" rel=\"noopener\">1 &#8211; A golden era of cancer clinic trials<\/a><\/span><br \/>\n<span style=\"color: #0000ff\"><a style=\"color: #0000ff\" href=\"https:\/\/uenf.br\/posgraduacao\/ciencias-naturais\/wp-content\/uploads\/sites\/4\/2023\/05\/Contribuicao-da-fitoquimica-para-o-desenvolvimento-de-um-pais-emergente.pdf\" target=\"_blank\" rel=\"noopener\">2 &#8211;\u00a0 Contribui\u00e7\u00e3o da fitoqu\u00edmica para o desenvolvimento de um pa\u00eds emergente<\/a><\/span><br \/>\n<span style=\"color: #0000ff\"><a style=\"color: #0000ff\" href=\"https:\/\/uenf.br\/posgraduacao\/ciencias-naturais\/wp-content\/uploads\/sites\/4\/2023\/05\/Quimico-Biologia-quantitativa-um-novo-paradigma.pdf\" target=\"_blank\" rel=\"noopener\">3 &#8211; Quimico-Biologia quantitativa: um novo paradigma<\/a><\/span><br \/>\n<span style=\"color: #0000ff\"><a style=\"color: #0000ff\" href=\"https:\/\/uenf.br\/posgraduacao\/ciencias-naturais\/wp-content\/uploads\/sites\/4\/2023\/05\/Reacoes-Aldolicas.pdf\" target=\"_blank\" rel=\"noopener\">4 &#8211; Rea\u00e7\u00f5es Ald\u00f3licas<\/a><\/span><br \/>\n<span style=\"color: #0000ff\"><a style=\"color: #0000ff\" href=\"http:\/\/uenf.br\/posgraduacao\/ciencias-naturais\/wp-content\/uploads\/sites\/4\/2024\/10\/Antimicrobial-peptides-An-alternative-to-traditional-antibiotics.pdf\">5 &#8211; Antimicrobial peptides: An alternative to traditional antibiotics<\/a><\/span><br \/>\n<span style=\"color: #0000ff\"><a style=\"color: #0000ff\" href=\"http:\/\/uenf.br\/posgraduacao\/ciencias-naturais\/wp-content\/uploads\/sites\/4\/2024\/10\/Farmacos-e-Quiralidade.pdf\">6 &#8211; F\u00e1rmacos e Quiralidade<\/a><\/span><br \/>\n<a href=\"http:\/\/uenf.br\/posgraduacao\/ciencias-naturais\/wp-content\/uploads\/sites\/4\/2024\/10\/Chemical-and-dereplication-studies-of-Palicourea-tomentosa-Aubl.-Borhidi.pdf\"><span style=\"color: #0000ff\">7 &#8211; Chemical and dereplication studies of Palicourea tomentosa (Aubl.) Borhidi<\/span><\/a><\/p>\n<p><span style=\"color: #000000\"><strong>MATERIAIS E ARTIGOS LINHA DE PESQUISA: CI\u00caNCIAS AMBIENTAIS<\/strong><\/span><br \/>\n<span style=\"color: #0000ff\"><a style=\"color: #0000ff\" href=\"https:\/\/uenf.br\/posgraduacao\/ciencias-naturais\/wp-content\/uploads\/sites\/4\/2023\/05\/Distribution-fractions-and-potential-ecological-risk-assessment-of-heavy-metals-in-mangrove-sediments-of-t.pdf\" target=\"_blank\" rel=\"noopener\">1 &#8211; Distribution fractions and potential ecological risk assessment of heavy metals in mangrove sediments of the Greater Bay Area<\/a><\/span><br \/>\n<span style=\"color: #0000ff\"><a style=\"color: #0000ff\" href=\"https:\/\/uenf.br\/posgraduacao\/ciencias-naturais\/wp-content\/uploads\/sites\/4\/2023\/05\/Emerging-contaminant-control-from-science-to-action.pdf\" target=\"_blank\" rel=\"noopener\">2 &#8211; Emerging contaminant control: from science to action<\/a><\/span><br \/>\n<span style=\"color: #0000ff\"><a style=\"color: #0000ff\" href=\"https:\/\/uenf.br\/posgraduacao\/ciencias-naturais\/wp-content\/uploads\/sites\/4\/2023\/05\/Emissoes-de-gases-do-efeito-estufa-pela-agricultura-de-baixa-emissao-de-carbono.pdf\" target=\"_blank\" rel=\"noopener\">3 &#8211; Emiss\u00f5es de gases do efeito estufa pela agricultura de baixa emiss\u00e3o de carbono<\/a><\/span><br \/>\n<span style=\"color: #0000ff\"><a style=\"color: #0000ff\" href=\"https:\/\/uenf.br\/posgraduacao\/ciencias-naturais\/wp-content\/uploads\/sites\/4\/2023\/05\/Eutrophication-a-growing-problem-in-the-Americas-and-the-Caribbean.pdf\" target=\"_blank\" rel=\"noopener\">4 &#8211; Eutrophication: a growing problem in the Americas and the Caribbean<\/a><\/span><br \/>\n<span style=\"color: #0000ff\"><a style=\"color: #0000ff\" href=\"https:\/\/uenf.br\/posgraduacao\/ciencias-naturais\/wp-content\/uploads\/sites\/4\/2023\/05\/Sufoco-na-Floresta.pdf\" target=\"_blank\" rel=\"noopener\">5 &#8211; Sufoco na Floresta<\/a><\/span><br \/>\n<span style=\"color: #0000ff\"><a style=\"color: #0000ff\" href=\"http:\/\/uenf.br\/posgraduacao\/ciencias-naturais\/wp-content\/uploads\/sites\/4\/2024\/10\/Na-rota-do-hidroge\u0302nio-sustenta\u0301vel.pdf\">6 &#8211; Na rota do hidroge\u0302nio sustenta\u0301vel<\/a><\/span><br \/>\n<a href=\"http:\/\/uenf.br\/posgraduacao\/ciencias-naturais\/wp-content\/uploads\/sites\/4\/2024\/10\/Pantanal-em-chamas.pdf\"><span style=\"color: #0000ff\">7- Pantanal em chamas<\/span><\/a><\/p>\n<p><span style=\"color: #000000\"><strong>MATERIAIS E ARTIGOS LINHA DE PESQUISA: CI\u00caNCIA E TECNOLOGIA DE MATERIAIS<\/strong><\/span><br \/>\n<span style=\"color: #0000ff\"><a style=\"color: #0000ff\" href=\"https:\/\/uenf.br\/posgraduacao\/ciencias-naturais\/wp-content\/uploads\/sites\/4\/2023\/05\/Environmental-risks-of-nanotechnology.pdf\" target=\"_blank\" rel=\"noopener\">1 &#8211; Environmental risks of nanotechnology<\/a><\/span><br \/>\n<span style=\"color: #0000ff\"><a style=\"color: #0000ff\" href=\"https:\/\/uenf.br\/posgraduacao\/ciencias-naturais\/wp-content\/uploads\/sites\/4\/2023\/05\/Intelligent-delivery-of-antitumor-drugs-mediated-by-polymeric-nanomicelles.pdf\" target=\"_blank\" rel=\"noopener\">2 &#8211; Intelligent delivery of antitumor drugs mediated by polymeric nanomicelles<\/a><\/span><br \/>\n<span style=\"color: #0000ff\"><a style=\"color: #0000ff\" href=\"https:\/\/uenf.br\/posgraduacao\/ciencias-naturais\/wp-content\/uploads\/sites\/4\/2023\/05\/Nanodiamonds-the-intersection-of-nanotechnology.pdf\" target=\"_blank\" rel=\"noopener\">3 &#8211; Nanodiamonds the intersection of nanotechnology<\/a><\/span><br \/>\n<a href=\"https:\/\/uenf.br\/posgraduacao\/ciencias-naturais\/wp-content\/uploads\/sites\/4\/2023\/05\/Radiacao-termica-e-a-formula-de-Planck-Ciencia-e-Tecnologia-de-Materiais.pdf\" target=\"_blank\" rel=\"noopener\"><span style=\"color: #0000ff\">4 &#8211; Radia\u00e7\u00e3o t\u00e9rmica e a f\u00f3rmula de Planck- Ci\u00eancia e Tecnologia de Materiais<\/span><\/a><\/p>\n<p><span style=\"color: #000000\"><strong>MATERIAIS E ARTIGOS LINHA DE PESQUISA: ENSINO DE CI\u00caNCIAS<\/strong><\/span><br \/>\n<span style=\"color: #0000ff\"><a style=\"color: #0000ff\" href=\"https:\/\/uenf.br\/posgraduacao\/ciencias-naturais\/wp-content\/uploads\/sites\/4\/2023\/05\/A-Ciencia-a-Natureza-da-Ciencia-e-o-Ensino-de-Ciencias.pdf\" target=\"_blank\" rel=\"noopener\">1 &#8211; A Ci\u00eancia, a Natureza da Ci\u00eancia e o Ensino de Ci\u00eancias<\/a><\/span><br \/>\n<span style=\"color: #0000ff\"><a style=\"color: #0000ff\" href=\"https:\/\/uenf.br\/posgraduacao\/ciencias-naturais\/wp-content\/uploads\/sites\/4\/2023\/05\/Concepcoes-de-ciencia-e-educacao-contribuicoes-historia-da-ciencia-para-a-formacao-professores.pdf\" target=\"_blank\" rel=\"noopener\">2 &#8211; Concep\u00e7\u00f5es de ci\u00eancia e educa\u00e7\u00e3o: contribui\u00e7\u00f5es hist\u00f3ria da ci\u00eancia para a forma\u00e7\u00e3o professores<\/a><\/span><br \/>\n<span style=\"color: #0000ff\"><a style=\"color: #0000ff\" href=\"https:\/\/uenf.br\/posgraduacao\/ciencias-naturais\/wp-content\/uploads\/sites\/4\/2023\/05\/Desafios-no-ensino-da-Fisica.pdf\" target=\"_blank\" rel=\"noopener\">3 &#8211; Desafios no ensino da F\u00edsica<\/a><\/span><br \/>\n<span style=\"color: #0000ff\"><a style=\"color: #0000ff\" href=\"https:\/\/uenf.br\/posgraduacao\/ciencias-naturais\/wp-content\/uploads\/sites\/4\/2023\/05\/Desafios-para-o-professor-de-ciencias-e-matematica-revelados-pelo-estudo-da-BNCC-do-Ensino-Medio.pdf\" target=\"_blank\" rel=\"noopener\">4 &#8211; Desafios para o professor de ci\u00eancias e matem\u00e1tica revelados pelo estudo da BNCC do Ensino M\u00e9dio<\/a><\/span><br \/>\n<span style=\"color: #0000ff\"><a style=\"color: #0000ff\" href=\"https:\/\/uenf.br\/posgraduacao\/ciencias-naturais\/wp-content\/uploads\/sites\/4\/2023\/05\/Educational-research-some-basic-concepts-and-terminology.pdf\" target=\"_blank\" rel=\"noopener\">5 &#8211; Educational research: some basic concepts and terminology<\/a><\/span><br \/>\n<span style=\"color: #0000ff\"><a style=\"color: #0000ff\" href=\"https:\/\/uenf.br\/posgraduacao\/ciencias-naturais\/wp-content\/uploads\/sites\/4\/2023\/05\/Ensino-de-Ciencia-Criticas-e-desafios.pdf\" target=\"_blank\" rel=\"noopener\">6 &#8211; Ensino de Ci\u00eancia &#8211; Cr\u00edticas e desafios<\/a><\/span><\/p>\n","protected":false},"excerpt":{"rendered":"<p>MATERIAIS E ARTIGOS INTERDISCIPLINARES &#8211; PARA TODOS OS CANDIDATOS 1 &#8211; Avalia\u00e7\u00e3o dos Cientistas: utilizamos as metricas corretas? 2 &#8211;&#8230;<\/p>\n","protected":false},"author":10,"featured_media":0,"parent":7285,"menu_order":0,"comment_status":"closed","ping_status":"closed","template":"","meta":{"footnotes":""},"class_list":["post-7552","page","type-page","status-publish","hentry"],"_links":{"self":[{"href":"https:\/\/uenf.br\/posgraduacao\/ciencias-naturais\/wp-json\/wp\/v2\/pages\/7552","targetHints":{"allow":["GET"]}}],"collection":[{"href":"https:\/\/uenf.br\/posgraduacao\/ciencias-naturais\/wp-json\/wp\/v2\/pages"}],"about":[{"href":"https:\/\/uenf.br\/posgraduacao\/ciencias-naturais\/wp-json\/wp\/v2\/types\/page"}],"author":[{"embeddable":true,"href":"https:\/\/uenf.br\/posgraduacao\/ciencias-naturais\/wp-json\/wp\/v2\/users\/10"}],"replies":[{"embeddable":true,"href":"https:\/\/uenf.br\/posgraduacao\/ciencias-naturais\/wp-json\/wp\/v2\/comments?post=7552"}],"version-history":[{"count":0,"href":"https:\/\/uenf.br\/posgraduacao\/ciencias-naturais\/wp-json\/wp\/v2\/pages\/7552\/revisions"}],"up":[{"embeddable":true,"href":"https:\/\/uenf.br\/posgraduacao\/ciencias-naturais\/wp-json\/wp\/v2\/pages\/7285"}],"wp:attachment":[{"href":"https:\/\/uenf.br\/posgraduacao\/ciencias-naturais\/wp-json\/wp\/v2\/media?parent=7552"}],"curies":[{"name":"wp","href":"https:\/\/api.w.org\/{rel}","templated":true}]}}