{"id":7722,"date":"2024-12-17T15:32:26","date_gmt":"2024-12-17T15:32:26","guid":{"rendered":"https:\/\/uenf.br\/posgraduacao\/ciencias-naturais\/?page_id=7722"},"modified":"2024-12-17T22:54:03","modified_gmt":"2024-12-17T22:54:03","slug":"edital-pos-doutorado-ppgcn-pipd-01-2024","status":"publish","type":"page","link":"https:\/\/uenf.br\/posgraduacao\/ciencias-naturais\/editais-e-processos-seletivos\/pos-doutorado\/edital-pos-doutorado-ppgcn-pipd-01-2024\/","title":{"rendered":"Edital P\u00f3s-Doutorado PPGCN-PIPD-01\/2024"},"content":{"rendered":"<p><strong>SELE\u00c7\u00c3O DE BOLSISTA PARA O PROGRAMA INSTITUCIONAL DE P\u00d3S-DOUTORADO \u2013 PIPD, ASSOCIADO AO PROGRAMA DE P\u00d3S-GRADUA\u00c7\u00c3O EM <\/strong><strong>CI\u00caNCIAS NATURAIS<\/strong><\/p>\n<p>Pelo presente Edital, o Programa de P\u00f3s-Gradua\u00e7\u00e3o em Ci\u00eancias Naturais (PGGCN) da Universidade Estadual do Norte Fluminense Darcy Ribeiro (UENF) torna p\u00fablico o processo de sele\u00e7\u00e3o de 01 (um) bolsista no \u00e2mbito do Programa Institucional de P\u00f3s-Doutorado (PIPD), como regulamentado pela Portaria CAPES n\u00ba 282 de 4 de setembro de 2024, para in\u00edcio da bolsa em mar\u00e7o de 2025. O PIPD prev\u00ea a concess\u00e3o de Bolsa de P\u00f3s-doutorado no Pa\u00eds, visando promover a realiza\u00e7\u00e3o de estudos de excel\u00eancia, o aperfei\u00e7oamento de doutores e a internacionaliza\u00e7\u00e3o dos programas de p\u00f3s- gradua\u00e7\u00e3o incentivando a realiza\u00e7\u00e3o de per\u00edodo de est\u00e1gio p\u00f3s-doutoral no exterior.<\/p>\n<p><strong style=\"color: #ff0000\">INSCRI\u00c7\u00d5ES:\u00a0 18\/12\/2024 A 19\/01\/2024<\/strong><\/p>\n<div class=\"entry-content clr\">\n<p><strong><span style=\"color: #3366ff\">\u00a0<a style=\"color: #3366ff\" href=\"http:\/\/uenf.br\/posgraduacao\/ciencias-naturais\/wp-content\/uploads\/sites\/4\/2024\/12\/EDITAL-PIPD-2024-PGGCN-07-12-24-4.pdf\">EDITAL-PIPD-2024-PGGCN-07-12-24<\/a><\/span><\/strong><\/p>\n<\/div>\n<p><span style=\"color: #3366ff\"><strong><a style=\"color: #3366ff\" href=\"https:\/\/cad.capes.gov.br\/ato-administrativo-detalhar?idAtoAdmElastic=16203\" target=\"_blank\" rel=\"noopener\">Portaria CAPES n\u00ba 282 de 4 de setembro de 2024<\/a><\/strong><\/span><\/p>\n<p><a href=\"https:\/\/forms.gle\/5uJbuQ9tu5eADXC37\" target=\"_blank\" rel=\"noopener\"><span style=\"color: #3366ff\"><strong>FORMUL\u00c1RIO ELETR\u00d4NICO DE INSCRI\u00c7\u00c3O<\/strong><\/span><\/a><\/p>\n<p><a href=\"https:\/\/uenf.br\/posgraduacao\/ciencias-naturais\/editais-e-processos-seletivos\/pos-doutorado\/edital-pos-doutorado-ppgcn-pipd-01-2024\/etapas-processo-seletivo-edital-ppgcn-pipd-01-2024\/\"><img loading=\"lazy\" decoding=\"async\" class=\"alignnone wp-image-6010 size-full\" src=\"http:\/\/uenf.br\/posgraduacao\/ciencias-naturais\/wp-content\/uploads\/sites\/4\/2023\/07\/Acompanhe-o-processo.png\" alt=\"\" width=\"496\" height=\"165\" srcset=\"https:\/\/uenf.br\/posgraduacao\/ciencias-naturais\/wp-content\/uploads\/sites\/4\/2023\/07\/Acompanhe-o-processo.png 496w, https:\/\/uenf.br\/posgraduacao\/ciencias-naturais\/wp-content\/uploads\/sites\/4\/2023\/07\/Acompanhe-o-processo-300x100.png 300w\" sizes=\"auto, (max-width: 496px) 100vw, 496px\" \/><\/a><\/p>\n","protected":false},"excerpt":{"rendered":"<p>SELE\u00c7\u00c3O DE BOLSISTA PARA O PROGRAMA INSTITUCIONAL DE P\u00d3S-DOUTORADO \u2013 PIPD, ASSOCIADO AO PROGRAMA DE P\u00d3S-GRADUA\u00c7\u00c3O EM CI\u00caNCIAS NATURAIS Pelo&#8230;<\/p>\n","protected":false},"author":10,"featured_media":0,"parent":3385,"menu_order":0,"comment_status":"closed","ping_status":"closed","template":"","meta":{"footnotes":""},"class_list":["post-7722","page","type-page","status-publish","hentry"],"_links":{"self":[{"href":"https:\/\/uenf.br\/posgraduacao\/ciencias-naturais\/wp-json\/wp\/v2\/pages\/7722","targetHints":{"allow":["GET"]}}],"collection":[{"href":"https:\/\/uenf.br\/posgraduacao\/ciencias-naturais\/wp-json\/wp\/v2\/pages"}],"about":[{"href":"https:\/\/uenf.br\/posgraduacao\/ciencias-naturais\/wp-json\/wp\/v2\/types\/page"}],"author":[{"embeddable":true,"href":"https:\/\/uenf.br\/posgraduacao\/ciencias-naturais\/wp-json\/wp\/v2\/users\/10"}],"replies":[{"embeddable":true,"href":"https:\/\/uenf.br\/posgraduacao\/ciencias-naturais\/wp-json\/wp\/v2\/comments?post=7722"}],"version-history":[{"count":0,"href":"https:\/\/uenf.br\/posgraduacao\/ciencias-naturais\/wp-json\/wp\/v2\/pages\/7722\/revisions"}],"up":[{"embeddable":true,"href":"https:\/\/uenf.br\/posgraduacao\/ciencias-naturais\/wp-json\/wp\/v2\/pages\/3385"}],"wp:attachment":[{"href":"https:\/\/uenf.br\/posgraduacao\/ciencias-naturais\/wp-json\/wp\/v2\/media?parent=7722"}],"curies":[{"name":"wp","href":"https:\/\/api.w.org\/{rel}","templated":true}]}}