{"id":7752,"date":"2024-12-17T23:12:11","date_gmt":"2024-12-17T23:12:11","guid":{"rendered":"https:\/\/uenf.br\/posgraduacao\/ciencias-naturais\/?page_id=7752"},"modified":"2025-01-17T14:38:34","modified_gmt":"2025-01-17T14:38:34","slug":"edital-pdse-2024-3","status":"publish","type":"page","link":"https:\/\/uenf.br\/posgraduacao\/ciencias-naturais\/editais-e-processos-seletivos\/edital-pdse\/edital-pdse-2024-3\/","title":{"rendered":"EDITAL PDSE \u2013 2024-3"},"content":{"rendered":"<p><strong><span style=\"color: #3366ff\"><a style=\"color: #3366ff\" href=\"http:\/\/uenf.br\/posgraduacao\/ciencias-naturais\/wp-content\/uploads\/sites\/4\/2024\/12\/Edital_PPGCN.PDSE_.2024-3-07-1224-2.pdf\">Edital interno PGCN-PDSE-2024-3 &#8211; Doutorado Sanduiche no Exterior<\/a><\/span><\/strong><\/p>\n<p style=\"padding-left: 40px\"><span style=\"color: #000000\"><strong>Veja tamb\u00e9m:<\/strong>\u00a0 <strong><span style=\"color: #3366ff\"><a style=\"color: #3366ff\" href=\"http:\/\/uenf.br\/posgraduacao\/ciencias-naturais\/wp-content\/uploads\/sites\/4\/2024\/12\/SEI_ERJ-86774913-Edital-de-Selec\u0327a\u0303o-PROPPG-1.pdf\">Edital PROPPG-PDSE-02-24<\/a><\/span><\/strong><\/span><\/p>\n<p style=\"padding-left: 160px\"><strong><span style=\"color: #3366ff\"><a style=\"color: #3366ff\" href=\"https:\/\/www.gov.br\/capes\/pt-br\/centrais-de-conteudo\/editais\/08102024_Edital_2474014_SEI_2472849_Edital_26_2024.pdf\" target=\"_blank\" rel=\"noopener\">Edital CAPES &#8211; PDSE &#8211; 26-2024<\/a><\/span><\/strong><\/p>\n<p style=\"padding-left: 160px\"><strong><span style=\"color: #3366ff\"><a style=\"color: #3366ff\" href=\"https:\/\/www.gov.br\/capes\/pt-br\/acesso-a-informacao\/acoes-e-programas\/bolsas\/bolsas-e-auxilios-internacionais\/encontre-aqui\/paises\/multinacional\/programa-de-doutorado-sanduiche-no-exterior-pdse\" target=\"_blank\" rel=\"noopener\">Programa de Doutorado-sandu\u00edche no Exterior (PDSE) &#8211; informa\u00e7\u00f5es e anexos<\/a><\/span><\/strong><\/p>\n<p><span style=\"color: #0000ff\"><strong>Comiss\u00e3o de sele\u00e7\u00e3o de candidaturas:<\/strong><\/span><\/p>\n<p>Prof. Sergio Luis Cardoso<\/p>\n<p><span style=\"color: #000000\">Profa. Maria Cristina Canela<\/span><\/p>\n<p><span style=\"color: #000000\">Prof. Pablo Leite Bernardo<\/span><\/p>\n<p><span style=\"color: #000000\">Prof.\u00a0 Nickson Perini<\/span><\/p>\n<p><span style=\"color: #0000ff\"><strong>Candidatos inscritos:<\/strong><\/span><\/p>\n<p>Fadi Simon de Souza Magalh\u00e3es<\/p>\n<p><span style=\"color: #0000ff\"><strong>Resultado do Processo de Sele\u00e7\u00e3o:<\/strong><\/span><\/p>\n<p><span style=\"color: #000000\">Candidato aprovado para indica\u00e7\u00e3o do PPGCN: Fadi Simon de Souza Magalh\u00e3es<\/span><\/p>\n<p><strong><span style=\"color: #0000ff\"><a style=\"color: #0000ff\" href=\"http:\/\/uenf.br\/posgraduacao\/ciencias-naturais\/wp-content\/uploads\/sites\/4\/2025\/01\/SEI_91408112_Ata_de_Reuniao.pdf\">Ata de Sele\u00e7\u00e3o Edital PDSE &#8211; PPGCN &#8211; 2024-3<\/a><\/span><\/strong><\/p>\n","protected":false},"excerpt":{"rendered":"<p>Edital interno PGCN-PDSE-2024-3 &#8211; Doutorado Sanduiche no Exterior Veja tamb\u00e9m:\u00a0 Edital PROPPG-PDSE-02-24 Edital CAPES &#8211; PDSE &#8211; 26-2024 Programa de&#8230;<\/p>\n","protected":false},"author":10,"featured_media":0,"parent":3390,"menu_order":0,"comment_status":"closed","ping_status":"closed","template":"","meta":{"footnotes":""},"class_list":["post-7752","page","type-page","status-publish","hentry"],"_links":{"self":[{"href":"https:\/\/uenf.br\/posgraduacao\/ciencias-naturais\/wp-json\/wp\/v2\/pages\/7752","targetHints":{"allow":["GET"]}}],"collection":[{"href":"https:\/\/uenf.br\/posgraduacao\/ciencias-naturais\/wp-json\/wp\/v2\/pages"}],"about":[{"href":"https:\/\/uenf.br\/posgraduacao\/ciencias-naturais\/wp-json\/wp\/v2\/types\/page"}],"author":[{"embeddable":true,"href":"https:\/\/uenf.br\/posgraduacao\/ciencias-naturais\/wp-json\/wp\/v2\/users\/10"}],"replies":[{"embeddable":true,"href":"https:\/\/uenf.br\/posgraduacao\/ciencias-naturais\/wp-json\/wp\/v2\/comments?post=7752"}],"version-history":[{"count":0,"href":"https:\/\/uenf.br\/posgraduacao\/ciencias-naturais\/wp-json\/wp\/v2\/pages\/7752\/revisions"}],"up":[{"embeddable":true,"href":"https:\/\/uenf.br\/posgraduacao\/ciencias-naturais\/wp-json\/wp\/v2\/pages\/3390"}],"wp:attachment":[{"href":"https:\/\/uenf.br\/posgraduacao\/ciencias-naturais\/wp-json\/wp\/v2\/media?parent=7752"}],"curies":[{"name":"wp","href":"https:\/\/api.w.org\/{rel}","templated":true}]}}