{"id":7908,"date":"2025-03-06T12:24:37","date_gmt":"2025-03-06T12:24:37","guid":{"rendered":"https:\/\/uenf.br\/posgraduacao\/ciencias-naturais\/?page_id=7908"},"modified":"2025-03-07T11:17:12","modified_gmt":"2025-03-07T11:17:12","slug":"edital-mestrado-e-doutorado-nota-10-faperj-2025-1","status":"publish","type":"page","link":"https:\/\/uenf.br\/posgraduacao\/ciencias-naturais\/editais-e-processos-seletivos\/processo-seletivo-mestrado-e-doutorado-nota-10-faperj\/edital-mestrado-e-doutorado-nota-10-faperj-2025-1\/","title":{"rendered":"Edital Mestrado e Doutorado Nota 10 &#8211; FAPERJ &#8211; 2025-1"},"content":{"rendered":"<p><span style=\"color: #000000\"><a style=\"color: #000000\" href=\"https:\/\/uenf.br\/posgraduacao\/ciencias-naturais\/wp-content\/uploads\/sites\/4\/2025\/03\/Edital-PPGCN-Bolsa-FAPERJ-Mestrado-e-Doutorado-Nota-10-2025-1-1.pdf\">Edital interno PGCN-FAPERJ &#8211; MESTRADO E DOUTORADO NOTA 10 2025-1<\/a><\/span><\/p>\n<p><span style=\"color: #000000\">Veja tamb\u00e9m: <a style=\"color: #000000\" href=\"https:\/\/uenf.br\/posgraduacao\/ciencias-naturais\/wp-content\/uploads\/sites\/4\/2025\/02\/Edital-FAPERJ-No-01-2025-Mestrado-e-Doutorado-Nota-10-1.pdf\">Edital FAPERJ n\u00ba 03\/2024 &#8211; Mestrado e Doutorado Nota 10<\/a><br \/>\n<\/span><\/p>\n<p><strong>Candidatos inscritos:<\/strong><br \/>\n<span style=\"color: #339966\"><strong>MESTRADO<\/strong><\/span><br \/>\nJuliana Monteiro da Silva &#8211; 2023.2 &#8211; Ci\u00eancias Ambientais (orientador: Marcelo Gomes da Silva)<\/p>\n<p><span style=\"color: #339966\"><strong>DOUTORADO<\/strong><\/span><br \/>\nGustavo Victor Tissi Batista\u00a0 &#8211; 2023.1 &#8211;\u00a0 Ci\u00eancia e Tecnologia dos Materiais\u00a0 (orientador: Luis Guilherme Mansor Basso)<\/p>\n<p>Ka\u00edque Carvalho da Silva &#8211; 2022. 1 &#8211; Ci\u00eancias Ambientais (orientadora: Maria Cristina Canela)<\/p>\n<p>Luel Maximiano de Oliveira Costa &#8211; 2022.1 &#8211; Ci\u00eancia e Tecnologia de Materiais (orientador: Sergio Luis Cardoso)<\/p>\n<p>Renata Rodrigues da Silva Robaina &#8211; 2022.2 &#8211; Bio-org\u00e2nica e Bio- inorg\u00e2nica (orientador: Ivo Jos\u00e9 Curcino Vieira)<\/p>\n<p><span style=\"color: #000000\"><strong>Comiss\u00e3o de sele\u00e7\u00e3o de candidaturas:<\/strong><\/span><\/p>\n<p><span style=\"color: #339966\"><strong>MESTRADO<\/strong><\/span><br \/>\n<strong>&#8211; Rodrigo Rodrigues de Oliveira\u00a0<\/strong><br \/>\n<strong>&#8211; Victor Gomes Lima Ferraz<\/strong><br \/>\n<strong>&#8211; Sergio Luis Cardoso<\/strong><\/p>\n<div><span style=\"color: #339966\"><strong>DOUTORADO<\/strong><\/span><\/div>\n<div>\n<div><strong>&#8211; Rodrigo Rodrigues de Oliveira\u00a0<\/strong><br \/>\n<strong>&#8211; Victor Gomes Lima Ferraz<\/strong><br \/>\n<strong>&#8211; Sergio Luis Cardoso<\/strong><\/div>\n<\/div>\n<p>&nbsp;<\/p>\n<p><span style=\"color: #000000\"><strong>Resultado do Processo de Sele\u00e7\u00e3o &#8211; candidatos classificados<br \/>\n<\/strong><\/span><\/p>\n<p><span style=\"color: #339966\"><strong>MESTRADO &#8211; 1 vaga<\/strong><\/span><\/p>\n<p><strong>Juliana Monteiro da Silva &#8211; Nota = 8,0 (oito) &#8211; classificada &#8211; aprovada<\/strong><\/p>\n<div><span style=\"color: #339966\"><strong>DOUTORADO &#8211; 1 vaga<br \/>\n<\/strong><\/span><\/div>\n<p><strong>Renata Rodrigues da Silva Robaina &#8211; Nota = 10,0 (dez) &#8211; classificada &#8211; aprovada<\/strong><br \/>\nKa\u00edque Carvalho da Silva &#8211; Nota = 8,9 (oito e nove) &#8211; classificado<br \/>\nLuel Maximiano de Oliveira Costa &#8211; Nota = 7,7 (sete e sete) &#8211; classificado<br \/>\nGustavo Victor Tissi Batista &#8211; Nota = 7,3 (sete e tr\u00eas) &#8211; classificado<\/p>\n","protected":false},"excerpt":{"rendered":"<p>Edital interno PGCN-FAPERJ &#8211; MESTRADO E DOUTORADO NOTA 10 2025-1 Veja tamb\u00e9m: Edital FAPERJ n\u00ba 03\/2024 &#8211; Mestrado e Doutorado&#8230;<\/p>\n","protected":false},"author":10,"featured_media":0,"parent":5645,"menu_order":0,"comment_status":"closed","ping_status":"closed","template":"","meta":{"footnotes":""},"class_list":["post-7908","page","type-page","status-publish","hentry"],"_links":{"self":[{"href":"https:\/\/uenf.br\/posgraduacao\/ciencias-naturais\/wp-json\/wp\/v2\/pages\/7908","targetHints":{"allow":["GET"]}}],"collection":[{"href":"https:\/\/uenf.br\/posgraduacao\/ciencias-naturais\/wp-json\/wp\/v2\/pages"}],"about":[{"href":"https:\/\/uenf.br\/posgraduacao\/ciencias-naturais\/wp-json\/wp\/v2\/types\/page"}],"author":[{"embeddable":true,"href":"https:\/\/uenf.br\/posgraduacao\/ciencias-naturais\/wp-json\/wp\/v2\/users\/10"}],"replies":[{"embeddable":true,"href":"https:\/\/uenf.br\/posgraduacao\/ciencias-naturais\/wp-json\/wp\/v2\/comments?post=7908"}],"version-history":[{"count":0,"href":"https:\/\/uenf.br\/posgraduacao\/ciencias-naturais\/wp-json\/wp\/v2\/pages\/7908\/revisions"}],"up":[{"embeddable":true,"href":"https:\/\/uenf.br\/posgraduacao\/ciencias-naturais\/wp-json\/wp\/v2\/pages\/5645"}],"wp:attachment":[{"href":"https:\/\/uenf.br\/posgraduacao\/ciencias-naturais\/wp-json\/wp\/v2\/media?parent=7908"}],"curies":[{"name":"wp","href":"https:\/\/api.w.org\/{rel}","templated":true}]}}