{"id":7973,"date":"2025-05-28T20:25:33","date_gmt":"2025-05-28T20:25:33","guid":{"rendered":"https:\/\/uenf.br\/posgraduacao\/ciencias-naturais\/?page_id=7973"},"modified":"2025-09-25T14:31:14","modified_gmt":"2025-09-25T14:31:14","slug":"etapas-do-processo-seletivo-2025-2","status":"publish","type":"page","link":"https:\/\/uenf.br\/posgraduacao\/ciencias-naturais\/mestrado-e-doutorado\/processo-seletivo-2025-2\/etapas-do-processo-seletivo-2025-2\/","title":{"rendered":"Etapas do processo Seletivo 2025.2"},"content":{"rendered":"<p><span style=\"color: #000000\"><strong><span style=\"color: #ff0000\"><a style=\"color: #ff0000\" href=\"https:\/\/uenf.br\/posgraduacao\/ciencias-naturais\/wp-content\/uploads\/sites\/4\/2023\/09\/Formulario-geral-para-solicitacao-de-recursos-em-pdf-eletronico.pdf\">FORMUL\u00c1RIO GERAL DE RECURSOS<\/a>\u00a0<\/span>&#8211; SE NECESS\u00c1RIO, UTILIZE RESPEITANDO O EDITAL E O CRONOGRAMA ESTABELECIDO:<\/strong><\/span><\/p>\n<p><span style=\"color: #000000\"><strong>Para qualquer recurso \u00e9 obrigat\u00f3rio a utiliza\u00e7\u00e3o do formul\u00e1rio eletr\u00f4nico (preencher, inserir imagem da assinatura e enviar para o e-mail do programa.\u00a0 N\u00e3o ser\u00e3o aceitos recursos em formul\u00e1rios digitalizados, salvos em imagem ou alterados pelo candidato.\u00a0 Caso tenha dificuldades baixe a vers\u00e3o gratuita mais recente do Adobe Acrobat Reader e siga as instru\u00e7\u00f5es na dispon\u00edveis na p\u00e1gina inicial do processo seletivo.<\/strong><\/span><\/p>\n<p>&nbsp;<\/p>\n<p><span style=\"color: #000000\"><strong>ETAPA:\u00a0 COMISS\u00d5ES DE AVALIA\u00c7\u00c3O E COMISS\u00c3O DE RECURSOS &#8211; 18\/06\/2025 &#8211; previs\u00e3o at\u00e9 as 18 h<\/strong><br \/>\n<\/span><\/p>\n<p><strong><span style=\"color: #008000\"><a style=\"color: #008000\" href=\"https:\/\/uenf.br\/posgraduacao\/ciencias-naturais\/wp-content\/uploads\/sites\/4\/2025\/06\/EDITAL-PPGCN-2025-2-Comissoes-de-Etapas-e-Comissao-de-Recursos.pdf\">EDITAL PPGCN 2025-2 &#8211; Comiss\u00f5es de Etapas e Comiss\u00e3o de Recursos<\/a><\/span><\/strong><\/p>\n<p>&nbsp;<\/p>\n<p><span style=\"color: #000000\"><strong>ETAPA:\u00a0 DIVULGA\u00c7\u00c3O PRELIMINAR DAS INSCRI\u00c7\u00d5ES HOMOLOGADAS &#8211; 18\/06\/2025 &#8211; previs\u00e3o at\u00e9 as\u00a0 18:00 h<br \/>\n<\/strong><\/span><\/p>\n<p><strong><span style=\"color: #339966\"><a style=\"color: #339966\" href=\"https:\/\/uenf.br\/posgraduacao\/ciencias-naturais\/wp-content\/uploads\/sites\/4\/2025\/06\/Processo-Seletivo-PPGCN-2025.2-Homologacao-das-Incricoes-Resultado-Preliminar.pdf\">Processo Seletivo PPGCN 2025.2 &#8211; Homologa\u00e7\u00e3o das Incri\u00e7\u00f5es &#8211; Resultado Preliminar<\/a><\/span><\/strong><\/p>\n<p><strong><span style=\"color: #339966\"><a style=\"color: #339966\" href=\"https:\/\/uenf.br\/posgraduacao\/ciencias-naturais\/wp-content\/uploads\/sites\/4\/2025\/06\/Processo-Seletivo-PPGCN-2025.2-Homologacao-de-Inscricoes-por-vaga-Mestrado-e-Doutorado-Resultado-Preliminar.pdf\">Processo Seletivo PPGCN 2025.2 &#8211; Homologa\u00e7\u00e3o de Inscri\u00e7\u00f5es por vaga &#8211; Mestrado e Doutorado &#8211; Resultado Preliminar<\/a><\/span><\/strong><\/p>\n<p>&nbsp;<\/p>\n<p><span style=\"color: #000000\"><strong>ETAPA:\u00a0 HOMOLOGA\u00c7\u00c3O DAS INSCRI\u00c7\u00d5ES &#8211; RESULTADO FINAL<\/strong><\/span><\/p>\n<p><strong><span style=\"color: #008000\"><a style=\"color: #008000\" href=\"https:\/\/uenf.br\/posgraduacao\/ciencias-naturais\/wp-content\/uploads\/sites\/4\/2025\/06\/Processo-Seletivo-PPGCN-2025.2-Homologacao-das-Incricoes-Resultado-Final.pdf\">Processo Seletivo PPGCN 2025.2 &#8211; Homologa\u00e7\u00e3o das Incri\u00e7\u00f5es &#8211; Resultado Final<\/a><\/span><\/strong><\/p>\n<p><span style=\"color: #008000\"><strong><a style=\"color: #008000\" href=\"https:\/\/uenf.br\/posgraduacao\/ciencias-naturais\/wp-content\/uploads\/sites\/4\/2025\/06\/Processo-Seletivo-PPGCN-2025.2-Homologacao-de-Inscricoes-por-vaga-Resultado-Final.pdf\">Processo Seletivo PPGCN 2025.2 &#8211; Homologa\u00e7\u00e3o de Inscri\u00e7\u00f5es por vaga &#8211; Resultado Final<\/a><\/strong><\/span><\/p>\n<p>&nbsp;<\/p>\n<p><span style=\"color: #000000\"><strong>ETAPA:\u00a0 DIVULGA\u00c7\u00c3O PRELIMINAR\u00a0 DA AVALIA\u00c7\u00c3O DE CURR\u00cdCULO VITAE E HIST\u00d3RICO ESCOLAR<\/strong><\/span><\/p>\n<p><strong><a href=\"https:\/\/uenf.br\/posgraduacao\/ciencias-naturais\/wp-content\/uploads\/sites\/4\/2025\/06\/Processo-Seletivo-PPGCN-2025-2-Etapa-Avaliacao-de-Curriculo-e-Historico-Escolar-Resultado-preliminar.pdf\"><span style=\"color: #008000\">Processo Seletivo PPGCN-2025-2-Etapa Avalia\u00e7\u00e3o de Curr\u00edculo e Hist\u00f3rico Escolar &#8211; Resultado preliminar<\/span><\/a><\/strong><\/p>\n<p><strong>ATEN\u00c7\u00c3O: Na avalia\u00e7\u00e3o do CV hist\u00f3rico Escolar dos candidatos somente foram consideradas v\u00e1lidas as informa\u00e7\u00f5es devidamente registradas no Curr\u00edculo Lattes e acompanhadas dos respectivos comprovantes.\u00a0 N\u00e3o ser\u00e3o consideradas informa\u00e7\u00f5es n\u00e3o registradas no Lattes mesmo que tenha ocorrido o envio dos comprovantes.\u00a0 Tamb\u00e9m n\u00e3o ser\u00e3o consideradas informa\u00e7\u00f5es registradas no Lattes por\u00e9m desacompanhadas dos comprovantes.\u00a0 Em caso de recurso o candidato dever\u00e1 documentar o seu recurso com base no CV Lattes enviado na inscri\u00e7\u00e3o e tamb\u00e9m com base (item a item) nos comprovantes enviados e que levaram a atribui\u00e7\u00e3o da auto pontua\u00e7\u00e3o.\u00a0 N\u00e3o ser\u00e1 aceito a inser\u00e7\u00e3o de qualquer documento relacionado as comprova\u00e7\u00f5es n\u00e3o enviadas na data de inscri\u00e7\u00e3o.<\/strong><\/p>\n<p><span style=\"color: #000000\"><strong>ETAPA:\u00a0 RESULTADO FINAL\u00a0 DA AVALIA\u00c7\u00c3O DE CURR\u00cdCULO VITAE E HIST\u00d3RICO ESCOLAR &#8211; Dia 26\/06\/2025 &#8211; previsto para at\u00e9\u00a0 22:00 h<\/strong><\/span><\/p>\n<p><a href=\"https:\/\/uenf.br\/posgraduacao\/ciencias-naturais\/wp-content\/uploads\/sites\/4\/2025\/06\/Processo-Seletivo-PPGCN-2025-2-RESULTADO-FINAL-Etapa-Avaliacao-de-Curriculo-e-Historico-Escolar-Resultado-preliminar.pdf\"><span style=\"color: #008000\"><strong>Processo Seletivo PPGCN-2025-2-RESULTADO FINAL-Etapa Avalia\u00e7\u00e3o de Curr\u00edculo e Hist\u00f3rico Escolar <\/strong><\/span><\/a><\/p>\n<p>&nbsp;<\/p>\n<p><strong>ETAPA: APLICA\u00c7\u00c3O DAS PROVAS DE CONHECIMENTOS<br \/>\n<\/strong><\/p>\n<ul>\n<li><strong>Prova de Conhecimentos Gerais \u2013 Dia 27\/06\/2025 <\/strong><strong>de 9:00 \u00e0s 12:00\u00a0<\/strong><\/li>\n<\/ul>\n<p><strong>Local: <span style=\"color: #ff6600\">T<\/span><span style=\"color: #ff0000\">ransferido para sala 105 do Pr\u00e9dio do CCT<\/span><\/strong><\/p>\n<p><strong>Os candidatos dever\u00e3o Se apresentar com no m\u00ednimo 20 minutos de anteced\u00eancia antes do in\u00edcio\u00a0 da prova.<br \/>\n<\/strong><\/p>\n<ul>\n<li><strong>Prova de L\u00edngua Estrangeira (Ingl\u00eas)\/Interpreta\u00e7\u00e3o de artigo cient\u00edfico \u2013 Dia 27\/06\/2025 de 14:00 \u00e0s 17:00\u00a0<\/strong><\/li>\n<\/ul>\n<p><strong>Local: <span style=\"color: #ff0000\">Transferido para sala 105 do Pr\u00e9dio do CCT<\/span><\/strong><\/p>\n<p><strong>Os candidatos dever\u00e3o Se apresentar com no m\u00ednimo 20 minutos de anteced\u00eancia antes do in\u00edcio\u00a0 da prova.<\/strong><\/p>\n<p><strong> Poder\u00e1 ser utilizado dicion\u00e1rio ingl\u00eas-ingl\u00eas.\u00a0 N\u00e3o ser\u00e1 permitida consulta a dicion\u00e1rios ingl\u00eas-portugu\u00eas ou a utiliza\u00e7\u00e3o de quaisquer meios digitais de consulta.<\/strong><\/p>\n<p>&nbsp;<\/p>\n<p><strong>ETAPA: DIVULGA\u00c7\u00c3O PRELIMINAR DOS RESULTADOS\u00a0 DAS PROVAS DE CONHECIMENTOS &#8211; <span style=\"color: #000000\">Dia 01\/07\/2025 &#8211; previsto para at\u00e9\u00a0 18:00 h<\/span><\/strong><\/p>\n<p><span style=\"color: #008000\"><a style=\"color: #008000\" href=\"https:\/\/uenf.br\/posgraduacao\/ciencias-naturais\/wp-content\/uploads\/sites\/4\/2025\/07\/Edital-PPGCN-2025-2-Etapa-da-Prova-de-Conhecimentos-Resultado-Preliminar.pdf\"><strong><span style=\"color: #339966\">Edital PPGCN-2025-2-Etapa da Prova de Conhecimentos\u00a0 &#8211; Resultado Preliminar<\/span><\/strong><\/a><\/span><\/p>\n<p>&nbsp;<\/p>\n<p><strong>ETAPA: DIVULGA\u00c7\u00c3O DEFINITIVA DOS RESULTADOS\u00a0 DAS PROVAS DE CONHECIMENTOS &#8211; <span style=\"color: #000000\">Dia 04\/07\/2025 &#8211; previsto para at\u00e9\u00a0 18:00 h<\/span><\/strong><\/p>\n<p><a href=\"https:\/\/uenf.br\/posgraduacao\/ciencias-naturais\/wp-content\/uploads\/sites\/4\/2025\/07\/Edital-PPGCN-2025-2-RESULTADO-FINAL-Etapa-da-Prova-de-Conhecimentos.pdf\"><strong><span style=\"color: #339966\">Edital PPGCN-2025-2- RESULTADO FINAL &#8211; Etapa da Prova de Conhecimentos<\/span><\/strong><\/a><\/p>\n<p>&nbsp;<\/p>\n<p><span style=\"color: #000000\"><strong>ETAPA:\u00a0 MESTRADO &#8211; ENTREVISTA<\/strong><\/span><\/p>\n<p><span style=\"color: #000000\"><strong>DIA: 07 \/07\/2025<br \/>\nLOCAL: Sala Multiuso do PPGCN &#8211; T\u00e9rreo do Pr\u00e9dio do CCT<\/strong><\/span><\/p>\n<p><a href=\"https:\/\/uenf.br\/posgraduacao\/ciencias-naturais\/wp-content\/uploads\/sites\/4\/2025\/07\/PPGCN-2025-2-cronograma-entrevista-Mestrado.pdf\"><strong><span style=\"color: #008000\">PPGCN-2025-2-Cronograma Entrevista &#8211; MESTRADO<\/span><\/strong><\/a><\/p>\n<p>Os candidatos dever\u00e3o se apresentar, no m\u00ednimo, 15 minutos antes do in\u00edcio\u00a0 da entrevista<\/p>\n<p>&nbsp;<\/p>\n<p><span style=\"color: #000000\"><strong>ETAPA:\u00a0 DOUTORADO &#8211; ENTREVISTA\/PROJETO DE PESQUISA<\/strong><\/span><\/p>\n<p><span style=\"color: #000000\"><strong>DIA: 07\/07\/2025 &#8211;<br \/>\nLOCAL: Sala de Reuni\u00f5es da Dire\u00e7\u00e3o do CCT<br \/>\n<\/strong><\/span><\/p>\n<p><a href=\"https:\/\/uenf.br\/posgraduacao\/ciencias-naturais\/wp-content\/uploads\/sites\/4\/2025\/07\/PPGCN-2025-2-cronograma-entrevista_Projeto-de-Pesquisa-DOUTORADO.pdf\"><span style=\"color: #008000\"><strong>PPGCN-2025-2-Cronograma Entrevista_Projeto de Pesquisa &#8211; DOUTORADO<\/strong><\/span><\/a><\/p>\n<p><span style=\"color: #000000\">Os candidatos dever\u00e3o se apresentar, no m\u00ednimo, 15 minutos\u00a0 antes do in\u00edcio\u00a0 da entrevista.<\/span><\/p>\n<p><span style=\"color: #ff6600\"><strong>A Comiss\u00e3o de Avalia\u00e7\u00e3o solicita que os candidatos tragam suas apresenta\u00e7\u00f5es no formato PDF, em &#8220;pen-drive&#8221;. Haver\u00e1 um laptop dispon\u00edvel para conectar o &#8220;pen drive&#8221; para proje\u00e7\u00e3o em uma televis\u00e3o<\/strong><\/span><\/p>\n<p>&nbsp;<\/p>\n<p><span style=\"color: #000000\"><strong>ETAPA: DIVULGA\u00c7\u00c3O PRELIMINAR DOS RESULTADOS\u00a0 DAS <\/strong><strong>ENTREVISTAS DE MESTRADO E ENTREVISTAS DE DOUTORADO\/PROJETO DE PESQUISA (CANDIDATOS AO DOUTORADO) &#8211; Dia 08\/07\/2025 &#8211; previsto para \u00e0s 14:00 h)<\/strong><\/span><\/p>\n<p><strong><span style=\"color: #008000\"><a style=\"color: #008000\" href=\"https:\/\/uenf.br\/posgraduacao\/ciencias-naturais\/wp-content\/uploads\/sites\/4\/2025\/07\/Edital-PPGCN-2025-2-Entevistas-Mestrado_Entrevista-e-Projeto-Doutorado-Resultado-Preliminar-1.pdf\">Edital PPGCN-2025-2-Entevistas Mestrado_Entrevista e Projeto Doutorado &#8211; Resultado Preliminar<\/a><\/span><\/strong><\/p>\n<p>&nbsp;<\/p>\n<p><span style=\"color: #000000\"><strong>ETAPA: DIVULGA\u00c7\u00c3O DEFINITIVA DOS RESULTADOS\u00a0 DAS ENTREVISTAS\/PROJETO DE PESQUISA (CANDIDATOS AO DOUTORADO) -Dia 09\/07\/2024-previsto para at\u00e9 18:00 h)<\/strong><\/span><\/p>\n<p><strong><span style=\"color: #008000\"><a style=\"color: #008000\" href=\"https:\/\/uenf.br\/posgraduacao\/ciencias-naturais\/wp-content\/uploads\/sites\/4\/2025\/07\/Edital-PPGCN-2025-2-Entevistas-Mestrado_Entrevista-e-Projeto-Doutorado-RESULTADO-FINAL.pdf\">Edital PPGCN-2025-2-Entevistas Mestrado_Entrevista e Projeto Doutorado &#8211; RESULTADO FINAL<\/a><\/span><\/strong><\/p>\n<p>&nbsp;<\/p>\n<p><span style=\"color: #000000\"><strong>ETAPA: DIVULGA\u00c7\u00c3O DO RESULTADO PRELIMINAR DO PROCESSO SELETIVO PPGCN-2025.2- Dia 09\/07\/2025 &#8211; previsto para at\u00e9\u00a0 18:00 h<\/strong><\/span><\/p>\n<p><strong><span style=\"color: #008000\"><a style=\"color: #008000\" href=\"https:\/\/uenf.br\/posgraduacao\/ciencias-naturais\/wp-content\/uploads\/sites\/4\/2025\/07\/Processo-seletivo-PPGCN-2025-2-RESULTADO-FINAL-PRELIMINAR-ordem-alfabetica-1.pdf\">Processo seletivo PPGCN-2025-2-RESULTADO FINAL PRELIMINAR -ordem alfab\u00e9tica<\/a><\/span><\/strong><\/p>\n<p>&nbsp;<\/p>\n<p><span style=\"color: #000000\"><strong>ETAPA: DIVULGA\u00c7\u00c3O DO\u00a0 RESULTADO FINAL DO PROCESSO SELETIVO PPGCN-2025.2 &#8211; Dia 11\/07\/2025 &#8211; previsto para at\u00e9 18:00 h<\/strong><\/span><\/p>\n<p><span style=\"color: #008000\"><strong><a style=\"color: #008000\" href=\"https:\/\/uenf.br\/posgraduacao\/ciencias-naturais\/wp-content\/uploads\/sites\/4\/2025\/07\/Processo-Seletivo-PGCN-2025-Resultado-Final-por-Ordem-de-Classificacao.docx.pdf\">Processo Seletivo PGCN 2025 &#8211; Resultado Final por Ordem de Classifica\u00e7\u00e3o<\/a><\/strong><\/span><\/p>\n<p><strong><span style=\"color: #008000\"><a style=\"color: #008000\" href=\"https:\/\/uenf.br\/posgraduacao\/ciencias-naturais\/wp-content\/uploads\/sites\/4\/2025\/07\/Processo-Seletivo-PPGCN-2025.2-RESULTADO-FINAL-POR-VAGA.pdf\">Processo Seletivo PPGCN 2025.2 &#8211; RESULTADO FINAL POR VAGA<\/a><\/span><\/strong><\/p>\n<p>&nbsp;<\/p>\n<p><strong>Obs. Foi enviado email aos canmdidatos aprovados com orienta\u00e7\u00f5es sobre a pr\u00e9-matr\u00edcula.<\/strong><\/p>\n","protected":false},"excerpt":{"rendered":"<p>FORMUL\u00c1RIO GERAL DE RECURSOS\u00a0&#8211; SE NECESS\u00c1RIO, UTILIZE RESPEITANDO O EDITAL E O CRONOGRAMA ESTABELECIDO: Para qualquer recurso \u00e9 obrigat\u00f3rio a&#8230;<\/p>\n","protected":false},"author":10,"featured_media":0,"parent":7953,"menu_order":0,"comment_status":"closed","ping_status":"closed","template":"","meta":{"footnotes":""},"class_list":["post-7973","page","type-page","status-publish","hentry"],"_links":{"self":[{"href":"https:\/\/uenf.br\/posgraduacao\/ciencias-naturais\/wp-json\/wp\/v2\/pages\/7973","targetHints":{"allow":["GET"]}}],"collection":[{"href":"https:\/\/uenf.br\/posgraduacao\/ciencias-naturais\/wp-json\/wp\/v2\/pages"}],"about":[{"href":"https:\/\/uenf.br\/posgraduacao\/ciencias-naturais\/wp-json\/wp\/v2\/types\/page"}],"author":[{"embeddable":true,"href":"https:\/\/uenf.br\/posgraduacao\/ciencias-naturais\/wp-json\/wp\/v2\/users\/10"}],"replies":[{"embeddable":true,"href":"https:\/\/uenf.br\/posgraduacao\/ciencias-naturais\/wp-json\/wp\/v2\/comments?post=7973"}],"version-history":[{"count":0,"href":"https:\/\/uenf.br\/posgraduacao\/ciencias-naturais\/wp-json\/wp\/v2\/pages\/7973\/revisions"}],"up":[{"embeddable":true,"href":"https:\/\/uenf.br\/posgraduacao\/ciencias-naturais\/wp-json\/wp\/v2\/pages\/7953"}],"wp:attachment":[{"href":"https:\/\/uenf.br\/posgraduacao\/ciencias-naturais\/wp-json\/wp\/v2\/media?parent=7973"}],"curies":[{"name":"wp","href":"https:\/\/api.w.org\/{rel}","templated":true}]}}