{"id":8146,"date":"2025-08-29T17:41:32","date_gmt":"2025-08-29T17:41:32","guid":{"rendered":"https:\/\/uenf.br\/posgraduacao\/ciencias-naturais\/?page_id=8146"},"modified":"2025-09-01T12:25:37","modified_gmt":"2025-09-01T12:25:37","slug":"8146-2","status":"publish","type":"page","link":"https:\/\/uenf.br\/posgraduacao\/ciencias-naturais\/editais-e-processos-seletivos\/editais-de-passagem-mestrado-para-doutorado\/8146-2\/","title":{"rendered":"Edital PPGCN-PMD-2025-2 &#8211; Passagem para doutorado sem Defesa"},"content":{"rendered":"<p>&nbsp;<\/p>\n<p><strong><span style=\"color: #0000ff\">EDITAL:<\/span><\/strong><\/p>\n<p><span style=\"color: #0000ff\"><a style=\"color: #0000ff\" href=\"https:\/\/uenf.br\/posgraduacao\/ciencias-naturais\/wp-content\/uploads\/sites\/4\/2025\/08\/Edital-PPGCN-PMD-2025-2-Passagem-para-doutorado-sem-Defesa.pdf\">Edital PPGCN-PMD-2025-2 &#8211; Passagem para doutorado sem Defesa<\/a><\/span><\/p>\n<p>&nbsp;<\/p>\n<p><span style=\"color: #0000ff\"><strong>INSCRI\u00c7\u00c3O:<\/strong><\/span><\/p>\n<p><span style=\"color: #000000\">&#8211; Rodolfo Roberto Moreno Parra\u00a0 &#8211; Orientador: Victor Haber P\u00e9rez\u00a0 &#8211; Linha de Pesquisa: Ci\u00eancias Ambientais<\/span><\/p>\n<p><span style=\"color: #0000ff\"><strong>HOMOLOGA\u00c7\u00c3O DA INSCRI\u00c7\u00c3O<\/strong><\/span><\/p>\n<p><span style=\"color: #000000\">&#8211; Rodolfo Roberto Moreno Parra\u00a0 &#8211; Orientador: Cictor Haber P\u00e9rez\u00a0 &#8211; Linha de Pesquisa: Ci\u00eancias Ambientais<\/span><\/p>\n<p><strong><span style=\"color: #0000ff\">COMISS\u00c3O EXAMINADORA<\/span><br \/>\n<\/strong><\/p>\n<p class=\"Texto_Justificado\">Professor Victor Haber Perez &#8211; presidente<\/p>\n<p class=\"Texto_Justificado\">Professor Geraldo Ferreira David &#8211; UFBA<\/p>\n<p class=\"Texto_Justificado\">Professor Gustavo Paim Valen\u00e7a &#8211; UNICAMP<\/p>\n<p class=\"Texto_Justificado\">Professor Marcelo Silva Sthel &#8211; UENF<\/p>\n<p class=\"Texto_Justificado\">Nickson Perini &#8211; UENF<\/p>\n<p><span style=\"color: #000000\"><strong><span style=\"color: #0000ff\">RESULTADO<\/span><br \/>\n<\/strong><\/span><\/p>\n<p><span style=\"color: #000000\"><strong>Linha de Pesquisa:\u00a0 Ci\u00eancias Ambientais<br \/>\n<\/strong><\/span><\/p>\n<p><span style=\"color: #000000\"><strong>Rodolfo Roberto Moreno Parra<\/strong><\/span><br \/>\n<span style=\"color: #000000\">DATA DA DEFESA: 28\/08\/2025<\/span><\/p>\n<p><span style=\"color: #000000\"><strong>T\u00edtulo do projeto: <\/strong><\/span><br \/>\nTransforma\u00e7\u00e3o termoqu\u00edmica de cana-energia por Pir\u00f3lise r\u00e1pida visando \u00e0 produ\u00e7\u00e3o de biocombust\u00edveis avan\u00e7ados<\/p>\n<p><span style=\"color: #000000\">I &#8211; Avalia\u00e7\u00e3o e defesa do projeto de pesquisa de doutorado (peso 3) &#8211; NOTA: 9,0 (nove)<\/span><br \/>\n<span style=\"color: #000000\">II &#8211; Avalia\u00e7\u00e3o do Desempenho e Atividades desenvolvidas durante a Gradua\u00e7\u00e3o (peso 1) &#8211; NOTA: 10,0 (dez)<\/span><br \/>\n<span style=\"color: #000000\">III- Avalia\u00e7\u00e3o do Desempenho e atividades desenvolvidas durante o per\u00edodo de Mestrado (peso 2) &#8211; NOTA:\u00a0 10,0 (dez)<\/span><br \/>\n<span style=\"color: #000000\"><strong>M\u00c9DIA = 9,5\u00a0 (nove v\u00edrgula cinco) &#8211; <span style=\"color: #008000\">APROVADO<\/span><\/strong><\/span><\/p>\n","protected":false},"excerpt":{"rendered":"<p>&nbsp; EDITAL: Edital PPGCN-PMD-2025-2 &#8211; Passagem para doutorado sem Defesa &nbsp; INSCRI\u00c7\u00c3O: &#8211; Rodolfo Roberto Moreno Parra\u00a0 &#8211; Orientador: Victor&#8230;<\/p>\n","protected":false},"author":10,"featured_media":0,"parent":5906,"menu_order":0,"comment_status":"closed","ping_status":"closed","template":"","meta":{"footnotes":""},"class_list":["post-8146","page","type-page","status-publish","hentry"],"_links":{"self":[{"href":"https:\/\/uenf.br\/posgraduacao\/ciencias-naturais\/wp-json\/wp\/v2\/pages\/8146","targetHints":{"allow":["GET"]}}],"collection":[{"href":"https:\/\/uenf.br\/posgraduacao\/ciencias-naturais\/wp-json\/wp\/v2\/pages"}],"about":[{"href":"https:\/\/uenf.br\/posgraduacao\/ciencias-naturais\/wp-json\/wp\/v2\/types\/page"}],"author":[{"embeddable":true,"href":"https:\/\/uenf.br\/posgraduacao\/ciencias-naturais\/wp-json\/wp\/v2\/users\/10"}],"replies":[{"embeddable":true,"href":"https:\/\/uenf.br\/posgraduacao\/ciencias-naturais\/wp-json\/wp\/v2\/comments?post=8146"}],"version-history":[{"count":0,"href":"https:\/\/uenf.br\/posgraduacao\/ciencias-naturais\/wp-json\/wp\/v2\/pages\/8146\/revisions"}],"up":[{"embeddable":true,"href":"https:\/\/uenf.br\/posgraduacao\/ciencias-naturais\/wp-json\/wp\/v2\/pages\/5906"}],"wp:attachment":[{"href":"https:\/\/uenf.br\/posgraduacao\/ciencias-naturais\/wp-json\/wp\/v2\/media?parent=8146"}],"curies":[{"name":"wp","href":"https:\/\/api.w.org\/{rel}","templated":true}]}}