{"id":8163,"date":"2025-09-01T12:46:11","date_gmt":"2025-09-01T12:46:11","guid":{"rendered":"https:\/\/uenf.br\/posgraduacao\/ciencias-naturais\/?page_id=8163"},"modified":"2025-09-24T14:13:42","modified_gmt":"2025-09-24T14:13:42","slug":"edital-interno-pgcn-pdse-2025-1-doutorado-sanduiche-no-exterior","status":"publish","type":"page","link":"https:\/\/uenf.br\/posgraduacao\/ciencias-naturais\/editais-e-processos-seletivos\/edital-pdse\/edital-interno-pgcn-pdse-2025-1-doutorado-sanduiche-no-exterior\/","title":{"rendered":"Edital interno PGCN-PDSE-2025-1 &#8211; Doutorado Sanduiche no Exterior"},"content":{"rendered":"<p><span style=\"color: #0000ff\"><strong><a style=\"color: #0000ff\" href=\"http:\/\/uenf.br\/posgraduacao\/ciencias-naturais\/wp-content\/uploads\/sites\/4\/2025\/09\/Edital-interno-PGCN-PDSE-N\u00b0-01-2025-Doutorado-Sanduiche-no-Exterior.pdf\">Edital interno PGCN-PDSE-N\u00b0 01 2025 &#8211; <\/a><span style=\"color: #0000ff\"><a style=\"color: #0000ff\" href=\"http:\/\/uenf.br\/posgraduacao\/ciencias-naturais\/wp-content\/uploads\/sites\/4\/2025\/09\/Edital-interno-PGCN-PDSE-N\u00b0-01-2025-Doutorado-Sanduiche-no-Exterior-1.pdf\">Doutorado<\/a><\/span> <a style=\"color: #0000ff\" href=\"http:\/\/uenf.br\/posgraduacao\/ciencias-naturais\/wp-content\/uploads\/sites\/4\/2025\/09\/Edital-interno-PGCN-PDSE-N\u00b0-01-2025-Doutorado-Sanduiche-no-Exterior.pdf\">Sanduiche no Exterior<\/a><\/strong><\/span><\/p>\n<p style=\"padding-left: 40px\"><span style=\"color: #000000\"><strong>Veja tamb\u00e9m: <span style=\"color: #0000ff\"><a style=\"color: #0000ff\" href=\"http:\/\/uenf.br\/posgraduacao\/ciencias-naturais\/wp-content\/uploads\/sites\/4\/2025\/09\/Edital-PROPPG-PDSE-01-25.pdf\">Edital PROPPG-PDSE-01-25<\/a><\/span><\/strong><\/span><\/p>\n<p style=\"padding-left: 160px\"><strong><span style=\"color: #0000ff\"><a style=\"color: #0000ff\" href=\"http:\/\/uenf.br\/posgraduacao\/ciencias-naturais\/wp-content\/uploads\/sites\/4\/2025\/09\/Edital-CAPES-PDSE-17-2025.pdf\">Edital CAPES &#8211; PDSE &#8211; 17-2025<\/a><\/span><\/strong><\/p>\n<p style=\"padding-left: 160px\"><a href=\"https:\/\/www.gov.br\/capes\/pt-br\/acesso-a-informacao\/acoes-e-programas\/bolsas\/bolsas-e-auxilios-internacionais\/encontre-aqui\/paises\/multinacional\/programa-de-doutorado-sanduiche-no-exterior-pdse\"><strong><span style=\"color: #3366ff\">Programa de Doutorado-sandu\u00edche no Exterior (PDSE) &#8211; informa\u00e7\u00f5es e anexos<\/span><\/strong><\/a><\/p>\n<p><span style=\"color: #0000ff\"><strong>Candidatos inscritos:<\/strong><\/span><\/p>\n<p>Alfredo Antunes de Barros Junior &#8211; Orientador: Prof. Victor Gomes Lima Ferraz<\/p>\n<p>Caio dos Santos Mendon\u00e7a Bastos &#8211; Orientadora: Prof\u00aa Aline Chaves Intorne,<\/p>\n<p>&nbsp;<\/p>\n<p><span style=\"color: #0000ff\"><strong>Comiss\u00e3o de sele\u00e7\u00e3o de candidaturas:<\/strong><\/span><\/p>\n<p class=\"Texto_Justificado\">Prof. Andr\u00e9 Oliveira Guimar\u00e3es &#8211; presidente<\/p>\n<p class=\"Texto_Justificado\">Prof. Ivo Jos\u00e9 Curcino Vieira<\/p>\n<p class=\"Texto_Justificado\">Prof. Marcelo Silva Sthel<\/p>\n<p class=\"Texto_Justificado\">Prof. Roberto da Trindade Faria Funior<\/p>\n<p>&nbsp;<\/p>\n<p><span style=\"color: #0000ff\"><strong>Resultado do Processo de Sele\u00e7\u00e3o:<\/strong><\/span><\/p>\n<p>\u00b7\u00a0Caio dos Santos Mendon\u00e7a Bastos &#8211; Aprovado em 1\u00b0 lugar<\/p>\n<p>\u00b7 Alfredo Antunes de Barros J\u00fanior &#8211; Aprovado em 2\u00b0 lugar<\/p>\n<p>&nbsp;<\/p>\n","protected":false},"excerpt":{"rendered":"<p>Edital interno PGCN-PDSE-N\u00b0 01 2025 &#8211; Doutorado Sanduiche no Exterior Veja tamb\u00e9m: Edital PROPPG-PDSE-01-25 Edital CAPES &#8211; PDSE &#8211; 17-2025&#8230;<\/p>\n","protected":false},"author":10,"featured_media":0,"parent":3390,"menu_order":0,"comment_status":"closed","ping_status":"closed","template":"","meta":{"footnotes":""},"class_list":["post-8163","page","type-page","status-publish","hentry"],"_links":{"self":[{"href":"https:\/\/uenf.br\/posgraduacao\/ciencias-naturais\/wp-json\/wp\/v2\/pages\/8163","targetHints":{"allow":["GET"]}}],"collection":[{"href":"https:\/\/uenf.br\/posgraduacao\/ciencias-naturais\/wp-json\/wp\/v2\/pages"}],"about":[{"href":"https:\/\/uenf.br\/posgraduacao\/ciencias-naturais\/wp-json\/wp\/v2\/types\/page"}],"author":[{"embeddable":true,"href":"https:\/\/uenf.br\/posgraduacao\/ciencias-naturais\/wp-json\/wp\/v2\/users\/10"}],"replies":[{"embeddable":true,"href":"https:\/\/uenf.br\/posgraduacao\/ciencias-naturais\/wp-json\/wp\/v2\/comments?post=8163"}],"version-history":[{"count":0,"href":"https:\/\/uenf.br\/posgraduacao\/ciencias-naturais\/wp-json\/wp\/v2\/pages\/8163\/revisions"}],"up":[{"embeddable":true,"href":"https:\/\/uenf.br\/posgraduacao\/ciencias-naturais\/wp-json\/wp\/v2\/pages\/3390"}],"wp:attachment":[{"href":"https:\/\/uenf.br\/posgraduacao\/ciencias-naturais\/wp-json\/wp\/v2\/media?parent=8163"}],"curies":[{"name":"wp","href":"https:\/\/api.w.org\/{rel}","templated":true}]}}