{"id":8258,"date":"2025-09-05T11:42:59","date_gmt":"2025-09-05T11:42:59","guid":{"rendered":"https:\/\/uenf.br\/posgraduacao\/ciencias-naturais\/?page_id=8258"},"modified":"2025-09-29T20:01:59","modified_gmt":"2025-09-29T20:01:59","slug":"acesso-ao-repositorio-institucional","status":"publish","type":"page","link":"https:\/\/uenf.br\/posgraduacao\/ciencias-naturais\/teses-defendidas\/acesso-ao-repositorio-institucional\/","title":{"rendered":"ACESSO \u00c0 DISSERTA\u00c7\u00d5ES E TESES DO PPGCN"},"content":{"rendered":"<p>&nbsp;<\/p>\n<p>UNIVERSIDADE ESTADUAL DO NORTE FLUMINENSE DARCY RIBEIRO<\/p>\n<p>PROGRAMA DE P\u00d3S-GRADUA\u00c7\u00c3O EM CI\u00caNCIAS NATURAIS<\/p>\n<p>Para acessar Disserta\u00e7\u00f5es e Teses do Programa de P\u00f3s-Gradua\u00e7\u00e3o em Ci\u00eancias Naturais\u00a0 da UENF clique <a href=\"https:\/\/biblioteca.sophia.com.br\/terminalRI\/9688\">aqui.<\/a><\/p>\n<p>&nbsp;<\/p>\n<p>&nbsp;<\/p>\n","protected":false},"excerpt":{"rendered":"<p>&nbsp; UNIVERSIDADE ESTADUAL DO NORTE FLUMINENSE DARCY RIBEIRO PROGRAMA DE P\u00d3S-GRADUA\u00c7\u00c3O EM CI\u00caNCIAS NATURAIS Para acessar Disserta\u00e7\u00f5es e Teses do&#8230;<\/p>\n","protected":false},"author":10,"featured_media":0,"parent":67,"menu_order":0,"comment_status":"closed","ping_status":"closed","template":"","meta":{"footnotes":""},"class_list":["post-8258","page","type-page","status-publish","hentry"],"_links":{"self":[{"href":"https:\/\/uenf.br\/posgraduacao\/ciencias-naturais\/wp-json\/wp\/v2\/pages\/8258","targetHints":{"allow":["GET"]}}],"collection":[{"href":"https:\/\/uenf.br\/posgraduacao\/ciencias-naturais\/wp-json\/wp\/v2\/pages"}],"about":[{"href":"https:\/\/uenf.br\/posgraduacao\/ciencias-naturais\/wp-json\/wp\/v2\/types\/page"}],"author":[{"embeddable":true,"href":"https:\/\/uenf.br\/posgraduacao\/ciencias-naturais\/wp-json\/wp\/v2\/users\/10"}],"replies":[{"embeddable":true,"href":"https:\/\/uenf.br\/posgraduacao\/ciencias-naturais\/wp-json\/wp\/v2\/comments?post=8258"}],"version-history":[{"count":0,"href":"https:\/\/uenf.br\/posgraduacao\/ciencias-naturais\/wp-json\/wp\/v2\/pages\/8258\/revisions"}],"up":[{"embeddable":true,"href":"https:\/\/uenf.br\/posgraduacao\/ciencias-naturais\/wp-json\/wp\/v2\/pages\/67"}],"wp:attachment":[{"href":"https:\/\/uenf.br\/posgraduacao\/ciencias-naturais\/wp-json\/wp\/v2\/media?parent=8258"}],"curies":[{"name":"wp","href":"https:\/\/api.w.org\/{rel}","templated":true}]}}