{"id":8338,"date":"2025-10-08T12:49:09","date_gmt":"2025-10-08T12:49:09","guid":{"rendered":"https:\/\/uenf.br\/posgraduacao\/ciencias-naturais\/?page_id=8338"},"modified":"2025-12-05T19:02:21","modified_gmt":"2025-12-05T19:02:21","slug":"etapas-do-processo-seletivo-2026-1","status":"publish","type":"page","link":"https:\/\/uenf.br\/posgraduacao\/ciencias-naturais\/mestrado-e-doutorado\/processo-seletivo-2026-1\/etapas-do-processo-seletivo-2026-1\/","title":{"rendered":"ETAPAS DO PROCESSO SELETIVO 2026.1"},"content":{"rendered":"<p><span style=\"color: #000000\"><strong><span style=\"color: #ff0000\"><a href=\"http:\/\/uenf.br\/posgraduacao\/ciencias-naturais\/wp-content\/uploads\/sites\/4\/2025\/12\/Processo-Seletivo-PPGCN-2026-1-RESULTADO-FINAL-POR-ORDEM-DE-CLASSIFICACAO.pdf\">Processo Seletivo PPGCN-2026-1-RESULTADO FINAL POR ORDEM DE CLASSIFICA\u00c7\u00c3O<\/a><a style=\"color: #ff0000\" href=\"https:\/\/uenf.br\/posgraduacao\/ciencias-naturais\/wp-content\/uploads\/sites\/4\/2023\/09\/Formulario-geral-para-solicitacao-de-recursos-em-pdf-eletronico.pdf\">FORMUL\u00c1RIO GERAL DE RECURSOS<\/a>\u00a0<\/span>&#8211; SE NECESS\u00c1RIO, UTILIZE RESPEITANDO O EDITAL E O CRONOGRAMA ESTABELECIDO:<\/strong><\/span><\/p>\n<p><span style=\"color: #000000\"><strong>Para qualquer recurso \u00e9 obrigat\u00f3rio a utiliza\u00e7\u00e3o do formul\u00e1rio eletr\u00f4nico (preencher, inserir imagem da assinatura e enviar para o e-mail do programa.\u00a0 N\u00e3o ser\u00e3o aceitos recursos em formul\u00e1rios digitalizados, salvos em imagem ou alterados pelo candidato.\u00a0 Caso tenha dificuldades baixe a vers\u00e3o gratuita mais recente do Adobe Acrobat Reader e siga as instru\u00e7\u00f5es na dispon\u00edveis na p\u00e1gina inicial do processo seletivo.<\/strong><\/span><\/p>\n<p>&nbsp;<\/p>\n<p><span style=\"color: #000000\"><strong>ETAPA:\u00a0 COMISS\u00d5ES DE AVALIA\u00c7\u00c3O E COMISS\u00c3O DE RECURSOS &#8211; 29\/10\/2025 &#8211; previs\u00e3o at\u00e9 as 18 h<\/strong><br \/>\n<\/span><\/p>\n<p><span style=\"color: #008000\"><a href=\"http:\/\/uenf.br\/posgraduacao\/ciencias-naturais\/wp-content\/uploads\/sites\/4\/2025\/11\/Processo-Seletivo-PPGCN-2026.1-Comissoes-de-Etapas-e-Comissao-de-Recursos-1.pdf\"><span style=\"color: #008000\"><strong>Processo Seletivo PPGCN 2026.1 &#8211; Comiss\u00f5es de Etapas e Comiss\u00e3o de Recursos<\/strong><\/span><\/a><\/span><\/p>\n<p>&nbsp;<\/p>\n<p><span style=\"color: #000000\"><strong>ETAPA:\u00a0 DIVULGA\u00c7\u00c3O PRELIMINAR DAS INSCRI\u00c7\u00d5ES HOMOLOGADAS &#8211; 29\/10\/2025 &#8211; previs\u00e3o at\u00e9 as\u00a0 18:00 h<br \/>\n<\/strong><\/span><\/p>\n<p><span style=\"color: #008000\"><a href=\"http:\/\/uenf.br\/posgraduacao\/ciencias-naturais\/wp-content\/uploads\/sites\/4\/2025\/11\/Processo-Seletivo-PPGCN-2026.1-Homologacao-das-Inscricoes-RESULTADO-FINAL-1.pdf\"><span style=\"color: #008000\"><strong>Processo Seletivo PPGCN 2026.1 &#8211; Homologa\u00e7\u00e3o das Inscri\u00e7\u00f5es &#8211; RESULTADO FINAL<\/strong><\/span><\/a><\/span><\/p>\n<p><span style=\"color: #008000\"><strong><a style=\"color: #008000\" href=\"http:\/\/uenf.br\/posgraduacao\/ciencias-naturais\/wp-content\/uploads\/sites\/4\/2025\/10\/Processo-Seletivo-PPGCN-2026.1-Homologacao-das-Inscricoes-por-vagas-Resultado-Preliminar.pdf\">Processo Seletivo PPGCN 2026.1 &#8211; Homologa\u00e7\u00e3o das Inscri\u00e7\u00f5es por vagas &#8211; Resultado Preliminar<\/a><\/strong><\/span><\/p>\n<p>OBS.: O candidato cuja inscri\u00e7\u00e3o foi homologada com condicionante est\u00e1 apto a participar das etapas do Processo Seletivo, mas dever\u00e1 apresentar a comprova\u00e7\u00e3o da Cola\u00e7\u00e3o de Grau ou da Defesa de Disserta\u00e7\u00e3o\u00a0 at\u00e9 a data da matr\u00edcula, conforme itens 2.2.2.1.2.1 e 2.2.2.1.2.2 do Edital do Processo Seletivo do PPGCN 2026.1.<\/p>\n<p>&nbsp;<\/p>\n<p><span style=\"color: #000000\"><strong>ETAPA:\u00a0 HOMOLOGA\u00c7\u00c3O DAS INSCRI\u00c7\u00d5ES &#8211; RESULTADO FINAL &#8211; 04\/11\/2025 &#8211; previs\u00e3o at\u00e9 as\u00a0 18:00 h<\/strong><\/span><\/p>\n<p><strong><span style=\"color: #008000\"><a style=\"color: #008000\" href=\"http:\/\/uenf.br\/posgraduacao\/ciencias-naturais\/wp-content\/uploads\/sites\/4\/2025\/11\/Processo-Seletivo-PPGCN-2026.1-Homologacao-das-Inscricoes-RESULTADO-FINAL-2.pdf\">Processo Seletivo PPGCN 2026.1 &#8211; Homologa\u00e7\u00e3o das Inscri\u00e7\u00f5es &#8211; RESULTADO FINAL<\/a><\/span><\/strong><\/p>\n<p><strong><span style=\"color: #008000\"><a style=\"color: #008000\" href=\"http:\/\/uenf.br\/posgraduacao\/ciencias-naturais\/wp-content\/uploads\/sites\/4\/2025\/11\/Processo-Seletivo-PPGCN-2026.1-Homologacao-das-Inscricoes-por-vagas-RESULTADO-FINAL.pdf\">Processo Seletivo PPGCN 2026.1 &#8211; Homologa\u00e7\u00e3o das Inscri\u00e7\u00f5es por vagas &#8211; RESULTADO FINAL<\/a><\/span><\/strong><\/p>\n<p>&nbsp;<\/p>\n<p><span style=\"color: #000000\"><strong>ETAPA:\u00a0 DIVULGA\u00c7\u00c3O PRELIMINAR\u00a0 DA AVALIA\u00c7\u00c3O DE CURR\u00cdCULO VITAE E HIST\u00d3RICO ESCOLAR &#8211; 07\/11\/2025 &#8211; previs\u00e3o at\u00e9 as\u00a0 18:00 h<\/strong><\/span><\/p>\n<p><strong><span style=\"color: #008000\"><a style=\"color: #008000\" href=\"http:\/\/uenf.br\/posgraduacao\/ciencias-naturais\/wp-content\/uploads\/sites\/4\/2025\/11\/Processo-Seletivo-PPGCN-2026-1-Resultado-Preliminar-Avaliacao-de-Curriculo-e-Historico-Escolar.pdf\">Processo Seletivo PPGCN-2026-1-Resultado Preliminar-Avalia\u00e7\u00e3o de Curr\u00edculo e Hist\u00f3rico Escolar<\/a><\/span><\/strong><\/p>\n<p><strong>ATEN\u00c7\u00c3O: Na avalia\u00e7\u00e3o do CV hist\u00f3rico Escolar dos candidatos somente foram consideradas v\u00e1lidas as informa\u00e7\u00f5es devidamente registradas no Curr\u00edculo Lattes e acompanhadas dos respectivos comprovantes.\u00a0 N\u00e3o foram consideradas informa\u00e7\u00f5es n\u00e3o registradas no Lattes mesmo que tenha ocorrido o envio dos comprovantes.\u00a0 Tamb\u00e9m n\u00e3o foram consideradas informa\u00e7\u00f5es registradas no Lattes por\u00e9m desacompanhadas dos comprovantes.\u00a0 Em caso de recurso o candidato dever\u00e1 documentar o seu recurso com base no CV Lattes enviado na inscri\u00e7\u00e3o e tamb\u00e9m com base (item a item) nos comprovantes enviados e que levaram a atribui\u00e7\u00e3o da auto pontua\u00e7\u00e3o.\u00a0 N\u00e3o ser\u00e1 aceito a inser\u00e7\u00e3o de qualquer documento relacionado as comprova\u00e7\u00f5es n\u00e3o enviadas na data de inscri\u00e7\u00e3o.<\/strong><\/p>\n<p>&nbsp;<\/p>\n<p><span style=\"color: #000000\"><strong>ETAPA:\u00a0 RESULTADO FINAL\u00a0 DA AVALIA\u00c7\u00c3O DE CURR\u00cdCULO VITAE E HIST\u00d3RICO ESCOLAR &#8211; Dia 10\/11\/2025 &#8211; A partir das 18:00 h<\/strong><\/span><\/p>\n<p><strong><span style=\"color: #008000\"><a style=\"color: #008000\" href=\"http:\/\/uenf.br\/posgraduacao\/ciencias-naturais\/wp-content\/uploads\/sites\/4\/2025\/11\/Processo-Seletivo-PPGCN-2026-1-RESULTADO-FINAL-Avaliacao-de-Curricu.pdf\">Processo Seletivo PPGCN-2026-1-RESULTADO FINAL-Avalia\u00e7\u00e3o de Curr\u00edcu<\/a>lo e Hist\u00f3rico Escolar<\/span><\/strong><\/p>\n<p>&nbsp;<\/p>\n<p><strong>ETAPA: APLICA\u00c7\u00c3O DAS PROVAS DE CONHECIMENTOS<br \/>\n<\/strong><\/p>\n<ul>\n<li><strong>Prova de Conhecimentos Gerais \u2013 Dia 12\/11\/2025 <\/strong><strong>de 9:00 \u00e0s 12:00\u00a0<\/strong><\/li>\n<\/ul>\n<p><strong>Local: <span style=\"color: #ff0000\">Sala 106 do Pr\u00e9dio do CCT<\/span><\/strong><\/p>\n<p>Os candidatos dever\u00e3o Se apresentar com no m\u00ednimo 20 minutos de anteced\u00eancia antes do in\u00edcio\u00a0 da prova.<strong><br \/>\n<\/strong><\/p>\n<p>&nbsp;<\/p>\n<ul>\n<li><strong>Prova de L\u00edngua Estrangeira (Ingl\u00eas)\/Interpreta\u00e7\u00e3o de artigo cient\u00edfico \u2013 Dia 12\/11\/2025 de 14:00 \u00e0s 17:00\u00a0<\/strong><\/li>\n<\/ul>\n<p><strong>Local: <span style=\"color: #ff0000\">Sala 106 do Pr\u00e9dio do CCT<\/span><\/strong><\/p>\n<p>Os candidatos dever\u00e3o Se apresentar com no m\u00ednimo 20 minutos de anteced\u00eancia antes do in\u00edcio\u00a0 da prova.<\/p>\n<p><strong> Poder\u00e1 ser utilizado dicion\u00e1rio ingl\u00eas-ingl\u00eas.\u00a0 N\u00e3o ser\u00e1 permitida consulta a dicion\u00e1rios ingl\u00eas-portugu\u00eas ou a utiliza\u00e7\u00e3o de quaisquer meios digitais de consulta.<\/strong><\/p>\n<p>&nbsp;<\/p>\n<p><strong>ETAPA: DIVULGA\u00c7\u00c3O PRELIMINAR DOS RESULTADOS\u00a0 DAS PROVAS DE CONHECIMENTOS &#8211; <span style=\"color: #000000\">Dia 19\/11\/2025 &#8211; previsto para at\u00e9\u00a0 18:00 h<\/span><\/strong><\/p>\n<p><strong><span style=\"color: #008000\"><a style=\"color: #008000\" href=\"http:\/\/uenf.br\/posgraduacao\/ciencias-naturais\/wp-content\/uploads\/sites\/4\/2025\/11\/Edital-PPGCN-2026-1-Etapa-da-Prova-de-Conhecimentos-RESULTADO-PRELIMINAR-1.pdf\">Edital PPGCN-2026-1-Etapa da Prova de Conhecimentos &#8211; RESULTADO PRELIMINAR<\/a><\/span><\/strong><\/p>\n<p><strong>ETAPA: DIVULGA\u00c7\u00c3O DEFINITIVA DOS RESULTADOS\u00a0 DAS PROVAS DE CONHECIMENTOS &#8211; <span style=\"color: #000000\">Dia 25\/11\/2025 &#8211; previsto para at\u00e9\u00a0 15:00 h<\/span><\/strong><\/p>\n<p><a href=\"http:\/\/uenf.br\/posgraduacao\/ciencias-naturais\/wp-content\/uploads\/sites\/4\/2025\/11\/Edital-PPGCN-2026-1-Etapa-da-Prova-de-Conhecimentos-RESULTADO-FINAL-2.pdf\"><span style=\"color: #008000\"><strong>Edital PPGCN-2026-1-Etapa da Prova de Conhecimentos\u00a0 &#8211; RESULTADO FINAL<\/strong><\/span><\/a><\/p>\n<p>&nbsp;<\/p>\n<p><span style=\"color: #000000\"><strong>ETAPA:\u00a0 MESTRADO &#8211; ENTREVISTA <\/strong><\/span><\/p>\n<p><span style=\"color: #000000\"><strong>DIA: <span style=\"color: #008000\">26 e 27\/11\/2025<\/span><\/strong><\/span><\/p>\n<p><span style=\"color: #000000\"><strong>LOCAL: <span style=\"color: #008000\">Sala de Reuni\u00f5es da Dire\u00e7\u00e3o do CCT<\/span><\/strong><\/span><\/p>\n<p><strong><span style=\"color: #008000\"><a style=\"color: #008000\" href=\"http:\/\/uenf.br\/posgraduacao\/ciencias-naturais\/wp-content\/uploads\/sites\/4\/2025\/11\/PPGCN-2026-1-Cronograma-das-Entrevistas-Mestrado.pdf\">PPGCN-2026-1-Cronograma das Entrevistas &#8211; Mestrado<\/a><\/span><\/strong><\/p>\n<p>Os candidatos dever\u00e3o se apresentar, no m\u00ednimo, 15 minutos antes do in\u00edcio\u00a0 da entrevista<\/p>\n<p>&nbsp;<\/p>\n<p><span style=\"color: #000000\"><strong>ETAPA:\u00a0 DOUTORADO &#8211; ENTREVISTA\/PROJETO DE PESQUISA<\/strong><\/span><\/p>\n<p><span style=\"color: #000000\"><strong>DIA:\u00a0 <span style=\"color: #008000\">27\/11\/2025\u00a0<\/span><br \/>\nLOCAL: <span style=\"color: #008000\">Sala de Reuni\u00f5es da Dire\u00e7\u00e3o do CCT<\/span><br \/>\n<\/strong><\/span><\/p>\n<p><span style=\"color: #008000\"><strong><a style=\"color: #008000\" href=\"http:\/\/uenf.br\/posgraduacao\/ciencias-naturais\/wp-content\/uploads\/sites\/4\/2025\/11\/PPGCN-2026-1-Cronograma-das-Entrevistas-Projeto-de-Pesquisa-Doutorado.pdf\">PPGCN-2026-1-Cronograma das Entrevistas Projeto de Pesquisa &#8211; Doutorado<\/a><\/strong><\/span><\/p>\n<p>Os candidatos dever\u00e3o se apresentar, no m\u00ednimo, 15 minutos antes do in\u00edcio\u00a0 da entrevista<\/p>\n<p>&nbsp;<\/p>\n<p>&nbsp;<\/p>\n<p><span style=\"color: #000000\"><strong>ETAPA: DIVULGA\u00c7\u00c3O PRELIMINAR DOS RESULTADOS\u00a0 DAS <\/strong><strong>ENTREVISTAS DE MESTRADO E ENTREVISTAS DE DOUTORADO\/PROJETO DE PESQUISA (CANDIDATOS AO DOUTORADO) &#8211; Dia 28\/11\/2025 &#8211; previsto para \u00e0s 14:00 h)<\/strong><\/span><\/p>\n<p><span style=\"color: #008000\"><strong><a style=\"color: #008000\" href=\"http:\/\/uenf.br\/posgraduacao\/ciencias-naturais\/wp-content\/uploads\/sites\/4\/2025\/11\/Edital-PPGCN-2026-1-Entevistas-mestrado-Resultado-Preliminar-1.pdf\">Edital PPGCN-2026-1-Entevistas MESTRADO &#8211; Resultado Preliminar<\/a><\/strong><\/span><\/p>\n<p><strong><span style=\"color: #008000\"><a style=\"color: #008000\" href=\"http:\/\/uenf.br\/posgraduacao\/ciencias-naturais\/wp-content\/uploads\/sites\/4\/2025\/11\/Edital-PPGCN-2026-1-Entevistas_Defesa-de-Projeto-Doutorado-Resultado-Preliminar.pdf\">Edital PPGCN-2026-1-Entevistas_Defesa de Projeto &#8211; DOUTORADO &#8211; Resultado Preliminar<\/a><\/span><\/strong><\/p>\n<p>&nbsp;<\/p>\n<p><span style=\"color: #000000\"><strong>ETAPA: DIVULGA\u00c7\u00c3O DEFINITIVA DOS RESULTADOS\u00a0 DAS ENTREVISTAS\/PROJETO DE PESQUISA (CANDIDATOS AO DOUTORADO) -Dia 02\/12\/2025-previsto para at\u00e9 18:00 h)<\/strong><\/span><\/p>\n<p><span style=\"color: #008000\"><strong><a style=\"color: #008000\" href=\"http:\/\/uenf.br\/posgraduacao\/ciencias-naturais\/wp-content\/uploads\/sites\/4\/2025\/12\/Edital-PPGCN-2026-1-Entevistas-mestrado-RESULTADO-FINAL.pdf\">Edital PPGCN-2026-1-Entevistas mestrado &#8211; RESULTADO FINAL<\/a><\/strong><\/span><\/p>\n<p><a href=\"http:\/\/uenf.br\/posgraduacao\/ciencias-naturais\/wp-content\/uploads\/sites\/4\/2025\/12\/Edital-PPGCN-2026-1-Entevistas_Defesa-de-Projeto-Doutorado-RESULTADO-FINAL-.pdf\"><span style=\"color: #008000\"><strong>Edital PPGCN-2026-1-Entevistas_Defesa de Projeto &#8211; Doutorado &#8211; RESULTADO FINAL<\/strong><\/span><\/a><\/p>\n<p>&nbsp;<\/p>\n<p><span style=\"color: #000000\"><strong>ETAPA: DIVULGA\u00c7\u00c3O DO RESULTADO PRELIMINAR DO PROCESSO SELETIVO PPGCN-2026.1- Dia 02\/12\/2025\u00a0<\/strong><\/span><\/p>\n<p><span style=\"color: #008000\"> <a style=\"color: #008000\" href=\"http:\/\/uenf.br\/posgraduacao\/ciencias-naturais\/wp-content\/uploads\/sites\/4\/2025\/12\/Processo-Seletivo-PPGCN-2026-1-Resultado-preliminar-ordem-alfabetica.pdf\"><strong>Processo Seletivo PPGCN-2026-1-Resultado preliminar -ordem alfab\u00e9tica<\/strong><\/a><\/span><\/p>\n<p><a href=\"http:\/\/uenf.br\/posgraduacao\/ciencias-naturais\/wp-content\/uploads\/sites\/4\/2025\/12\/Processo-Seletivo-PPGCN-2026-1-Resultado-Preliminar-considerando-a-Media-Final.pdf\"><strong><span style=\"color: #008000\">Processo Seletivo PPGCN-2026-1- Resultado Preliminar considerando a M\u00e9dia Final<\/span><\/strong><\/a><\/p>\n<p>&nbsp;<\/p>\n<p><span style=\"color: #000000\"><strong>ETAPA: DIVULGA\u00c7\u00c3O DO\u00a0 RESULTADO FINAL DO PROCESSO SELETIVO PPGCN-2026.1 &#8211; Dia 05\/12\/2025 &#8211; previsto para at\u00e9 18:00 h<\/strong><\/span><\/p>\n<p><strong><span style=\"color: #008000\"><a style=\"color: #008000\" href=\"http:\/\/uenf.br\/posgraduacao\/ciencias-naturais\/wp-content\/uploads\/sites\/4\/2025\/12\/Processo-Seletivo-PPGCN-2026-1-RESULTADO-FINAL-ordem-alfabetica.pdf\">Processo Seletivo PPGCN-2026-1-RESULTADO FINAL\u00a0 POR <\/a>ORDEM ALFAB\u00c9TICA<\/span><\/strong><\/p>\n<p><a href=\"http:\/\/uenf.br\/posgraduacao\/ciencias-naturais\/wp-content\/uploads\/sites\/4\/2025\/12\/Processo-Seletivo-PPGCN-2026-1-RESULTADO-FINAL-POR-ORDEM-DE-CLASSIFICACAO.pdf\"><strong><span style=\"color: #008000\">Processo Seletivo PPGCN-2026-1-RESULTADO FINAL POR ORDEM DE CLASSIFICA\u00c7\u00c3O<\/span><\/strong><\/a><\/p>\n<p><strong><span style=\"color: #008000\"><a style=\"color: #008000\" href=\"http:\/\/uenf.br\/posgraduacao\/ciencias-naturais\/wp-content\/uploads\/sites\/4\/2025\/12\/Processo-Seletivo-PPGCN-2026.1-Resultado-Final-das-Etapas-por-vagas-2.pdf\">Processo Seletivo PPGCN 2026.1 &#8211; Resultado Final das Etapas por vagas<\/a><\/span><\/strong><\/p>\n","protected":false},"excerpt":{"rendered":"<p>Processo Seletivo PPGCN-2026-1-RESULTADO FINAL POR ORDEM DE CLASSIFICA\u00c7\u00c3OFORMUL\u00c1RIO GERAL DE RECURSOS\u00a0&#8211; SE NECESS\u00c1RIO, UTILIZE RESPEITANDO O EDITAL E O CRONOGRAMA&#8230;<\/p>\n","protected":false},"author":10,"featured_media":0,"parent":8282,"menu_order":0,"comment_status":"closed","ping_status":"closed","template":"","meta":{"footnotes":""},"class_list":["post-8338","page","type-page","status-publish","hentry"],"_links":{"self":[{"href":"https:\/\/uenf.br\/posgraduacao\/ciencias-naturais\/wp-json\/wp\/v2\/pages\/8338","targetHints":{"allow":["GET"]}}],"collection":[{"href":"https:\/\/uenf.br\/posgraduacao\/ciencias-naturais\/wp-json\/wp\/v2\/pages"}],"about":[{"href":"https:\/\/uenf.br\/posgraduacao\/ciencias-naturais\/wp-json\/wp\/v2\/types\/page"}],"author":[{"embeddable":true,"href":"https:\/\/uenf.br\/posgraduacao\/ciencias-naturais\/wp-json\/wp\/v2\/users\/10"}],"replies":[{"embeddable":true,"href":"https:\/\/uenf.br\/posgraduacao\/ciencias-naturais\/wp-json\/wp\/v2\/comments?post=8338"}],"version-history":[{"count":0,"href":"https:\/\/uenf.br\/posgraduacao\/ciencias-naturais\/wp-json\/wp\/v2\/pages\/8338\/revisions"}],"up":[{"embeddable":true,"href":"https:\/\/uenf.br\/posgraduacao\/ciencias-naturais\/wp-json\/wp\/v2\/pages\/8282"}],"wp:attachment":[{"href":"https:\/\/uenf.br\/posgraduacao\/ciencias-naturais\/wp-json\/wp\/v2\/media?parent=8338"}],"curies":[{"name":"wp","href":"https:\/\/api.w.org\/{rel}","templated":true}]}}