{"id":8519,"date":"2026-03-13T19:51:31","date_gmt":"2026-03-13T19:51:31","guid":{"rendered":"https:\/\/uenf.br\/posgraduacao\/ciencias-naturais\/?page_id=8519"},"modified":"2026-03-13T20:08:02","modified_gmt":"2026-03-13T20:08:02","slug":"edital-mestrado-e-doutorado-nota-10-faperj-2026-1","status":"publish","type":"page","link":"https:\/\/uenf.br\/posgraduacao\/ciencias-naturais\/editais-e-processos-seletivos\/processo-seletivo-mestrado-e-doutorado-nota-10-faperj\/edital-mestrado-e-doutorado-nota-10-faperj-2026-1\/","title":{"rendered":"Edital Mestrado e Doutorado Nota 10 &#8211; FAPERJ &#8211; 2026-1"},"content":{"rendered":"<p><a href=\"https:\/\/uenf.br\/posgraduacao\/ciencias-naturais\/wp-content\/uploads\/sites\/4\/2026\/03\/Edital_PPGCN.FAPERJ-NOTA-10.2026-1-SELECAO-DE-MESTRADO-E-DOUTORADO_Errata.pdf\">Edital_PPGCN.FAPERJ NOTA 10.2026-1 &#8211; SELE\u00c7\u00c3O DE MESTRADO E DOUTORADO<\/a><\/p>\n<p><span style=\"color: #000000\">Veja tamb\u00e9m: <a href=\"https:\/\/uenf.br\/posgraduacao\/ciencias-naturais\/wp-content\/uploads\/sites\/4\/2026\/03\/Edital_FAPERJ_No_04_2026_-Bolsa_Nota_10_Mestrado_e_Doutorado.pdf\">Edital_FAPERJ_N\u00ba_04_2026_-Bolsa_Nota_10_Mestrado_e_Doutorado<\/a><br \/>\n<\/span><\/p>\n<p>&nbsp;<\/p>\n<p><strong>Candidatos inscritos:<\/strong><br \/>\n<span style=\"color: #339966\"><strong>MESTRADO<\/strong><\/span><br \/>\nEduardo C\u00e9sar da Matta &#8211; 2025.1 &#8211; Ci\u00eancias Ambientais (orientador: Marcelo Silva Sthel)<\/p>\n<p><span style=\"color: #339966\"><strong>DOUTORADO<\/strong><\/span><br \/>\nDaniel da Silva Santos\u00a0 &#8211; 2023.1 &#8211;\u00a0 Ci\u00eancias Ambientais (orientador: Marcelo Gomes da Silva)<\/p>\n<p>Manuella Batista Machado Ferreira &#8211; 2023. 1 &#8211; Bio-Org\u00e2nica e Bio-inorg\u00e2nica (orientadora: Leda Mathias)<\/p>\n<p>Tayn\u00e1 de Oliveira Costa &#8211; 2024.1 &#8211; Bio-Org\u00e2nica e Bio-inorg\u00e2nica (Orientador: Murilo de Oliveira Souza)<\/p>\n<p>&nbsp;<\/p>\n<p><span style=\"color: #000000\"><strong>Comiss\u00e3o de sele\u00e7\u00e3o de candidaturas:<\/strong><\/span><\/p>\n<p><span style=\"color: #339966\"><strong>MESTRADO E DOUTORADO<\/strong><\/span><br \/>\n&#8211; Rodrigo Rodrigues de Oliveira<br \/>\n&#8211; Andr\u00e9 Oliveira Guimar\u00e3es<br \/>\n&#8211; Luis Guilherme Mansor Basso<\/p>\n<div><\/div>\n<p>&nbsp;<\/p>\n<p><span style=\"color: #000000\"><strong>Resultado do Processo de Sele\u00e7\u00e3o &#8211; candidatos classificados<br \/>\n<\/strong><\/span><\/p>\n<p><span style=\"color: #339966\"><strong>MESTRADO &#8211; 1 vaga<\/strong><\/span><\/p>\n<p>Eduardo Cesar da Matta &#8211; Nota = 8,1 (oito) &#8211; classificado &#8211; aprovado<\/p>\n<div><\/div>\n<div><span style=\"color: #339966\"><strong>DOUTORADO &#8211; 1 vaga<br \/>\n<\/strong><\/span><\/div>\n<p>Daniel da Silva Santos &#8211; Nota = 8.6 (oito v\u00edrgula seis) &#8211; classificado &#8211; aprovado<br \/>\nTayn\u00e1 de Oliveira Costa- Nota = 7,8 (sete v\u00edrgula oito) &#8211; classificada<br \/>\nManuella Batista Machado Ferreira &#8211; Nota = 7,3 (sete v\u00edrgula tr\u00eas) &#8211; classificada<\/p>\n","protected":false},"excerpt":{"rendered":"<p>Edital_PPGCN.FAPERJ NOTA 10.2026-1 &#8211; SELE\u00c7\u00c3O DE MESTRADO E DOUTORADO Veja tamb\u00e9m: Edital_FAPERJ_N\u00ba_04_2026_-Bolsa_Nota_10_Mestrado_e_Doutorado &nbsp; Candidatos inscritos: MESTRADO Eduardo C\u00e9sar da Matta&#8230;<\/p>\n","protected":false},"author":10,"featured_media":0,"parent":5645,"menu_order":0,"comment_status":"closed","ping_status":"closed","template":"","meta":{"footnotes":""},"class_list":["post-8519","page","type-page","status-publish","hentry"],"_links":{"self":[{"href":"https:\/\/uenf.br\/posgraduacao\/ciencias-naturais\/wp-json\/wp\/v2\/pages\/8519","targetHints":{"allow":["GET"]}}],"collection":[{"href":"https:\/\/uenf.br\/posgraduacao\/ciencias-naturais\/wp-json\/wp\/v2\/pages"}],"about":[{"href":"https:\/\/uenf.br\/posgraduacao\/ciencias-naturais\/wp-json\/wp\/v2\/types\/page"}],"author":[{"embeddable":true,"href":"https:\/\/uenf.br\/posgraduacao\/ciencias-naturais\/wp-json\/wp\/v2\/users\/10"}],"replies":[{"embeddable":true,"href":"https:\/\/uenf.br\/posgraduacao\/ciencias-naturais\/wp-json\/wp\/v2\/comments?post=8519"}],"version-history":[{"count":0,"href":"https:\/\/uenf.br\/posgraduacao\/ciencias-naturais\/wp-json\/wp\/v2\/pages\/8519\/revisions"}],"up":[{"embeddable":true,"href":"https:\/\/uenf.br\/posgraduacao\/ciencias-naturais\/wp-json\/wp\/v2\/pages\/5645"}],"wp:attachment":[{"href":"https:\/\/uenf.br\/posgraduacao\/ciencias-naturais\/wp-json\/wp\/v2\/media?parent=8519"}],"curies":[{"name":"wp","href":"https:\/\/api.w.org\/{rel}","templated":true}]}}