{"id":8548,"date":"2026-04-09T12:12:03","date_gmt":"2026-04-09T12:12:03","guid":{"rendered":"https:\/\/uenf.br\/posgraduacao\/ciencias-naturais\/?page_id=8548"},"modified":"2026-04-09T15:20:10","modified_gmt":"2026-04-09T15:20:10","slug":"processo-seletivo-2026-2","status":"publish","type":"page","link":"https:\/\/uenf.br\/posgraduacao\/ciencias-naturais\/mestrado-e-doutorado\/processo-seletivo-2026-2\/","title":{"rendered":"Processo Seletivo 2026.2"},"content":{"rendered":"<h2 align=\"center\"><span style=\"color: #000000\"><strong>PER\u00cdODO DE INSCRI\u00c7\u00d5ES:<\/strong><\/span><\/h2>\n<h2 align=\"center\"><span style=\"color: #000000\"><strong>\u00a0 de 09 de abril a 03 de maio de 2026<br \/>\n<\/strong><\/span><\/h2>\n<h2 style=\"text-align: center\"><span style=\"color: #ff0000\"><strong>(improrrog\u00e1vel)<\/strong><\/span><\/h2>\n<p><img loading=\"lazy\" decoding=\"async\" class=\"aligncenter wp-image-4267 size-full\" src=\"http:\/\/uenf.br\/posgraduacao\/ciencias-naturais\/wp-content\/uploads\/sites\/4\/2021\/12\/Imagem-acompanhamento-processo-seletivo.jpg\" alt=\"Etapas do Processo seletivo 202201\" width=\"495\" height=\"158\" srcset=\"https:\/\/uenf.br\/posgraduacao\/ciencias-naturais\/wp-content\/uploads\/sites\/4\/2021\/12\/Imagem-acompanhamento-processo-seletivo.jpg 495w, https:\/\/uenf.br\/posgraduacao\/ciencias-naturais\/wp-content\/uploads\/sites\/4\/2021\/12\/Imagem-acompanhamento-processo-seletivo-300x96.jpg 300w\" sizes=\"auto, (max-width: 495px) 100vw, 495px\" \/><\/p>\n<p style=\"text-align: center\"><span style=\"color: #3366ff\"><strong><a style=\"color: #3366ff\" href=\"http:\/\/uenf.br\/posgraduacao\/ciencias-naturais\/wp-content\/uploads\/sites\/4\/2026\/04\/Edital_de_Selecao_PPGCN-2026-2_assinado.pdf\">Edital de Sele\u00e7\u00e3o PPGCN 2026.2<\/a><\/strong><\/span><\/p>\n<p style=\"text-align: center\"><span style=\"color: #3366ff\"><strong><a style=\"color: #3366ff\" href=\"http:\/\/uenf.br\/posgraduacao\/ciencias-naturais\/wp-content\/uploads\/sites\/4\/2026\/04\/Anexos-1-a-6-Edital-de-Selecao-PPGCN-2026-2-1.pdf\">Anexos 1 a 6 &#8211; Edital de Sele\u00e7\u00e3o PPGCN 2026-2<\/a><\/strong><\/span><\/p>\n<p>&nbsp;<\/p>\n<p style=\"text-align: center\"><strong><span style=\"color: #ff0000\">ATEN\u00c7\u00c3O CANDIDATO!<\/span><\/strong><\/p>\n<p style=\"text-align: center\"><strong><span style=\"color: #ff0000\">VERIFIQUE SE VOC\u00ca ENVIOU TODA A DOCUMENTA\u00c7\u00c3O<\/span><\/strong><\/p>\n<p style=\"text-align: center\"><strong><span style=\"color: #ff0000\">(formul\u00e1rio, tabela de pontua\u00e7\u00e3o, diploma, hist\u00f3rico, Curr\u00edculo Lattes, documenta\u00e7\u00e3o comprobat\u00f3ria do curr\u00edculo e demais documentos solicitados no Edital)<\/span><\/strong><\/p>\n<p style=\"text-align: center\">Somente poder\u00e3o ser homologadas plenamente as inscri\u00e7\u00f5es que vierem acompanhadas de todos os documentos ou seus equivalentes previstos no item 2.2.2.<\/p>\n<p style=\"text-align: center\">Os formul\u00e1rios enviados devem manter a formata\u00e7\u00e3o original dos formul\u00e1rios eletr\u00f4nicos disponibilizados, n\u00e3o sendo permitido envio de formul\u00e1rios reeditados ou digitalizados.<\/p>\n<p>&nbsp;<\/p>\n<p><span style=\"color: #000000\"><strong>INSCRI\u00c7\u00d5ES EXCLUSIVAMENTE POR MEIO ELETR\u00d4NICO:\u00a0<\/strong> Os candidatos dever\u00e3o utilizar um e-mail GMAIL para envio dos documentos via formul\u00e1rio eletr\u00f4nico. \u00a0 Os candidatos que n\u00e3o possuam um e-mail do gmail\u00a0 devem criar uma conta.<\/span><\/p>\n<ul>\n<li><a href=\"https:\/\/docs.google.com\/forms\/d\/e\/1FAIpQLScAeIvto06lLsGcg5H00Bi9ACN4GUqDHtjlaqsdipXCcOVRYA\/viewform?usp=header\"><span style=\"color: #000000\"><span style=\"color: #008000\"><strong>ACESSE AQ<\/strong><strong>UI O FORMUL\u00c1RIO ELETR\u00d4NICO PARA ENVIO <\/strong><\/span><strong><span style=\"color: #008000\">DE INSCRI\u00c7\u00c3O<\/span><\/strong><\/span><\/a><\/li>\n<\/ul>\n<p><span style=\"color: #000000\"><strong>FORMUL\u00c1RIOS E MODELOS &#8211; <span style=\"color: #ff0000\">N\u00c3O SER\u00c3O ACEITOS FORMUL\u00c1RIOS QUE N\u00c3O SEJAM OS FORMUL\u00c1RIOS PARA PREENCHIMENTO ELETR\u00d4NICO DISPONIBILIZADOS<\/span>\u00a0 (O ENVIO DE FORMUL\u00c1RIOS COM CONVERS\u00d5ES DE\u00a0 TEXTO EM PDF E VICE-VERSA, FORMUL\u00c1RIOS DIGITALIZADOS E PREENCHIDOS A M\u00c3O, FORMUL\u00c1RIOS SALVO COMO IMAGEM OU QUALQUER OUTRA FORMA DE ALTERA\u00c7\u00c3O DO FORMUL\u00c1RIO PARA PREENCHIMENTO ELETR\u00d4NICO EM PDF TER\u00c3O COMO CONSEQU\u00caNCIA A <span style=\"color: #ff0000\">N\u00c3O HOMOLOGA\u00c7\u00c3O DA INSCRI\u00c7\u00c3O,<\/span><br \/>\n<\/strong><\/span><\/p>\n<p><span style=\"color: #000000\"><strong><span style=\"color: #ff0000\">ATEN\u00c7\u00c3O:<\/span>\u00a0 para utiliza\u00e7\u00e3o dos formul\u00e1rios pdf eletr\u00f4nicos recomenda-se a instala\u00e7\u00e3o da vers\u00e3o mais recente do <span style=\"color: #008000\"><a style=\"color: #008000\" href=\"https:\/\/get.adobe.com\/br\/reader\/\" target=\"_blank\" rel=\"noopener\">ADOBE ACROBAT READER DC<\/a>\u00a0<\/span> para o seu sistema operacional (dispon\u00edvel gratuitamente) .\u00a0 Se voc\u00ea est\u00e1 tendo problemas com a utiliza\u00e7\u00e3o da op\u00e7\u00e3o\u00a0 de formul\u00e1rio eletr\u00f4nico procure resolver antes no prazo final de inscri\u00e7\u00e3o.<br \/>\n<\/strong><\/span><\/p>\n<p><span style=\"color: #000000\"><strong><span style=\"color: #ff0000\">ATEN\u00c7\u00c3O:\u00a0<\/span> N\u00c3O UTILIZE OS FORMUL\u00c1RIOS ABERTOS EM SEUS NAVEGADORES &#8211; BAIXE O ARQUIVO PDF PARA PREENCHIMENTO ELETR\u00d4NICO, ABRA COM O APLICATIVO ADOBE READER, PREENCHA E SALVE EM PDF UTILIZANDO O NOME PARA O ARQUIVO CONFORME INDICADO NO EDITAL (N\u00c3O UTILIZE APLICATIVOS DE CONVERS\u00c3O).\u00a0 AP\u00d3S ESTAS A\u00c7\u00d5ES ANEXE OS ARQUIVOS QUANDO FOR PROCEDER A INSCRI\u00c7\u00c3O.<br \/>\n<\/strong><\/span><\/p>\n<p><span style=\"color: #000000\"><strong><a href=\"http:\/\/uenf.br\/posgraduacao\/ciencias-naturais\/wp-content\/uploads\/sites\/4\/2025\/06\/Formulario-1-inscricao-pdf-eletronico-1.pdf\"><span style=\"color: #008000\">FORMUL\u00c1RIO 1 &#8211; INSCRI\u00c7\u00c3O<\/span><\/a> <\/strong><\/span><br \/>\n<span style=\"color: #000000\">Preencher eletronicamente, assinar (este formul\u00e1rio aceita a inser\u00e7\u00e3o de arquivo de imagem para assinatura &#8211; arquivo png ou jpg com assinatura) e salvar em pdf nomeando o arquivo conforme instru\u00e7\u00f5es do edital de sele\u00e7\u00e3o <strong><span style=\"color: #ff0000\">(formul\u00e1rio-1-PPGCN-2026-2-nome completo)<\/span><\/strong> . N\u00e3o utilizar nenhum formul\u00e1rio alterado, digitalizado, salvo em imagem que n\u00e3o seja o formul\u00e1rio eletr\u00f4nico disponibilizado para inscri\u00e7\u00e3o &#8211; veja orienta\u00e7\u00f5es acima!!!<br \/>\n<\/span><\/p>\n<p><span style=\"color: #000000\"><strong><span style=\"color: #008000\">ANEXO 3 (CANDIDATOS AO MESTRADO) E ANEXO 4 (CANDIDATOS AO DOUTORADO)\u00a0<\/span> <\/strong><\/span><\/p>\n<p><span style=\"color: #000000\"><strong>Na avalia\u00e7\u00e3o ser\u00e1 observado o preenchimento da autoavalia\u00e7\u00e3o do candidato e a ordena\u00e7\u00e3o correta dos comprovantes de acordo com os itens 8.1.2.1 e 8.1.2.2.(mestrado) e 8.2.2.1 e 8.2.2.2 (doutorado) e somente ser\u00e3o considerados os itens que tenham sido comprovados e registrados no Curr\u00edculo Lattes ou Curr\u00edculo equivalente para candidatos estrangeiros.<br \/>\n<\/strong><\/span><\/p>\n<p><strong><span style=\"color: #008000\"><a style=\"color: #008000\" href=\"http:\/\/uenf.br\/posgraduacao\/ciencias-naturais\/wp-content\/uploads\/sites\/4\/2025\/05\/Anexo-3-Tabela-de-pontuacao-mestrado-2025-2.pdf\">Anexo-3-Tabela-de-pontuacao-mestrado-2026-2<\/a><\/span><\/strong><\/p>\n<p><span style=\"color: #000000\">Preencher eletronicamente e salvar em pdf nomeando o arquivo como<strong> <span style=\"color: #ff0000\">Anexo 3-PPGCN-2026-2-nome completo<\/span><\/strong> Proceder de acordo com as instru\u00e7\u00f5es dos itens 2.2.2.1.3 (documenta\u00e7\u00e3o 2) e 6.3.1 do edital.<\/span><\/p>\n<p><strong><span style=\"color: #339966\"><a style=\"color: #339966\" href=\"http:\/\/uenf.br\/posgraduacao\/ciencias-naturais\/wp-content\/uploads\/sites\/4\/2025\/05\/Anexo-4-Tabela-de-pontuacao-doutorado-2025-1-2-corrigido.pdf\">Anexo-4-Tabela-de-pontuacao-doutorado-2026-2<\/a><\/span><\/strong><\/p>\n<p><span style=\"color: #000000\">Preencher eletronicamente e salvar em pdf nomeando o arquivo como<span style=\"color: #ff0000\"><strong> Anexo 4-PPGCN-2026-2-nome completo<\/strong>.<\/span> Proceder de acordo com as instru\u00e7\u00f5es dos itens 2.2.2.1.3 (documenta\u00e7\u00e3o 2) e 6.3.1 do edital.<\/span><\/p>\n<p><a href=\"https:\/\/uenf.br\/posgraduacao\/ciencias-naturais\/mestrado-e-doutorado\/processo-seletivo-2026-1\/materiais-e-artigos-para-prova-de-conhecimentos-gerais\/\"><span style=\"color: #008000\"><strong>MATERIAIS E ARTIGOS PARA A PROVA DE CONHECIMENTOS GERAIS<\/strong><\/span><\/a><\/p>\n<p>Ser\u00e3o disponibilizados posteriormente<\/p>\n","protected":false},"excerpt":{"rendered":"<p>PER\u00cdODO DE INSCRI\u00c7\u00d5ES: \u00a0 de 09 de abril a 03 de maio de 2026 (improrrog\u00e1vel) Edital de Sele\u00e7\u00e3o PPGCN 2026.2&#8230;<\/p>\n","protected":false},"author":10,"featured_media":0,"parent":3379,"menu_order":78,"comment_status":"closed","ping_status":"closed","template":"","meta":{"footnotes":""},"class_list":["post-8548","page","type-page","status-publish","hentry"],"_links":{"self":[{"href":"https:\/\/uenf.br\/posgraduacao\/ciencias-naturais\/wp-json\/wp\/v2\/pages\/8548","targetHints":{"allow":["GET"]}}],"collection":[{"href":"https:\/\/uenf.br\/posgraduacao\/ciencias-naturais\/wp-json\/wp\/v2\/pages"}],"about":[{"href":"https:\/\/uenf.br\/posgraduacao\/ciencias-naturais\/wp-json\/wp\/v2\/types\/page"}],"author":[{"embeddable":true,"href":"https:\/\/uenf.br\/posgraduacao\/ciencias-naturais\/wp-json\/wp\/v2\/users\/10"}],"replies":[{"embeddable":true,"href":"https:\/\/uenf.br\/posgraduacao\/ciencias-naturais\/wp-json\/wp\/v2\/comments?post=8548"}],"version-history":[{"count":0,"href":"https:\/\/uenf.br\/posgraduacao\/ciencias-naturais\/wp-json\/wp\/v2\/pages\/8548\/revisions"}],"up":[{"embeddable":true,"href":"https:\/\/uenf.br\/posgraduacao\/ciencias-naturais\/wp-json\/wp\/v2\/pages\/3379"}],"wp:attachment":[{"href":"https:\/\/uenf.br\/posgraduacao\/ciencias-naturais\/wp-json\/wp\/v2\/media?parent=8548"}],"curies":[{"name":"wp","href":"https:\/\/api.w.org\/{rel}","templated":true}]}}