{"id":8578,"date":"2026-04-09T20:34:42","date_gmt":"2026-04-09T20:34:42","guid":{"rendered":"https:\/\/uenf.br\/posgraduacao\/ciencias-naturais\/?page_id=8578"},"modified":"2026-05-06T12:57:14","modified_gmt":"2026-05-06T12:57:14","slug":"etapas-do-processo-seletivo-2026-2","status":"publish","type":"page","link":"https:\/\/uenf.br\/posgraduacao\/ciencias-naturais\/mestrado-e-doutorado\/processo-seletivo-2026-2\/etapas-do-processo-seletivo-2026-2\/","title":{"rendered":"ETAPAS DO PROCESSO SELETIVO 2026.2"},"content":{"rendered":"<p><span style=\"color: #000000\"><strong><span style=\"color: #ff0000\"><a style=\"color: #ff0000\" href=\"https:\/\/uenf.br\/posgraduacao\/ciencias-naturais\/wp-content\/uploads\/sites\/4\/2023\/09\/Formulario-geral-para-solicitacao-de-recursos-em-pdf-eletronico.pdf\">FORMUL\u00c1RIO GERAL DE RECURSOS<\/a>\u00a0<\/span>&#8211; SE NECESS\u00c1RIO, UTILIZE RESPEITANDO O EDITAL E O CRONOGRAMA ESTABELECIDO:<\/strong><\/span><\/p>\n<p><span style=\"color: #000000\">Para qualquer recurso \u00e9 obrigat\u00f3rio a utiliza\u00e7\u00e3o do formul\u00e1rio eletr\u00f4nico (preencher, inserir imagem da assinatura e enviar para o e-mail do programa.\u00a0 N\u00e3o ser\u00e3o aceitos recursos em formul\u00e1rios digitalizados, salvos em imagem ou alterados pelo candidato.\u00a0 Caso tenha dificuldades baixe a vers\u00e3o gratuita mais recente do Adobe Acrobat Reader e siga as instru\u00e7\u00f5es na dispon\u00edveis na p\u00e1gina inicial do processo seletivo.<\/span><\/p>\n<p>&nbsp;<\/p>\n<p><strong><span style=\"color: #008000\"><a style=\"color: #008000\" href=\"https:\/\/uenf.br\/posgraduacao\/ciencias-naturais\/wp-content\/uploads\/sites\/4\/2026\/05\/COMISSOES-DE-ETAPAS-E-COMISSAO-DE-RECURSOS.pdf\">COMISS\u00d5ES DE ETAPAS E COMISS\u00c3O DE RECURSOS<\/a> <\/span><\/strong><\/p>\n<p>&nbsp;<\/p>\n<p><span style=\"color: #000000\"><strong>ETAPA:\u00a0 DIVULGA\u00c7\u00c3O PRELIMINAR DAS INSCRI\u00c7\u00d5ES HOMOLOGADAS<\/strong><\/span><\/p>\n<p><a href=\"https:\/\/uenf.br\/posgraduacao\/ciencias-naturais\/wp-content\/uploads\/sites\/4\/2026\/05\/Processo-Seletivo-PPGCN-2026.2-Homologacao-das-Inscricoes-RESULTADO-PRELIMINAR.pdf\"><span style=\"color: #008000\"><strong>Processo Seletivo PPGCN 2026.2 &#8211; Homologa\u00e7\u00e3o das Inscri\u00e7\u00f5es &#8211; RESULTADO PRELIMINAR.<\/strong><\/span><\/a><\/p>\n<p><a href=\"https:\/\/uenf.br\/posgraduacao\/ciencias-naturais\/wp-content\/uploads\/sites\/4\/2026\/05\/Processo-Seletivo-PPGCN-2026-2_Resultado-Preliminar-por-vaga.pdf\"><strong><span style=\"color: #008000\">Processo Seletivo PPGCN-2026-2_Resultado Preliminar por vaga<\/span><\/strong><\/a><\/p>\n<p>OBS.: O candidato cuja inscri\u00e7\u00e3o foi homologada com condicionante est\u00e1 apto a participar das etapas do Processo Seletivo, mas dever\u00e1 apresentar a comprova\u00e7\u00e3o da Cola\u00e7\u00e3o de Grau ou da Defesa de Disserta\u00e7\u00e3o\u00a0 at\u00e9 a data da matr\u00edcula, conforme itens 2.2.2.1.2.1 e 2.2.2.1.2.2 do Edital do Processo Seletivo do PPGCN 2026.2.<\/p>\n<p><span style=\"color: #000000\"><strong>ETAPA:\u00a0 HOMOLOGA\u00c7\u00c3O DAS INSCRI\u00c7\u00d5ES &#8211; RESULTADO FINAL &#8211; 08\/05\/2026 &#8211; previs\u00e3o at\u00e9 as\u00a0 18:00 h<\/strong><\/span><\/p>\n<p>&nbsp;<\/p>\n<p>&nbsp;<\/p>\n<p>&nbsp;<\/p>\n<p><span style=\"color: #000000\"><strong>ETAPA:\u00a0 DIVULGA\u00c7\u00c3O PRELIMINAR\u00a0 DA AVALIA\u00c7\u00c3O DE CURR\u00cdCULO VITAE E HIST\u00d3RICO ESCOLAR <\/strong><\/span><\/p>\n<p>&nbsp;<\/p>\n<p><span style=\"color: #000000\"><strong>ETAPA:\u00a0 RESULTADO FINAL\u00a0 DA AVALIA\u00c7\u00c3O DE CURR\u00cdCULO VITAE E HIST\u00d3RICO ESCOLAR\u00a0<\/strong><\/span><\/p>\n<p>&nbsp;<\/p>\n<p><strong>ETAPA: APLICA\u00c7\u00c3O DAS PROVAS DE CONHECIMENTOS<br \/>\n<\/strong><\/p>\n<ul>\n<li><strong>Prova de Conhecimentos Gerais\u00a0<\/strong><\/li>\n<\/ul>\n<p><strong>Local: <span style=\"color: #ff0000\">Sala 106 do Pr\u00e9dio do CCT<\/span><\/strong><\/p>\n<p>Os candidatos dever\u00e3o Se apresentar com no m\u00ednimo 20 minutos de anteced\u00eancia antes do in\u00edcio\u00a0 da prova.<strong><br \/>\n<\/strong><\/p>\n<p>&nbsp;<\/p>\n<ul>\n<li><strong>Prova de L\u00edngua Estrangeira (Ingl\u00eas)\/Interpreta\u00e7\u00e3o de artigo cient\u00edfico\u00a0\u00a0<\/strong><\/li>\n<\/ul>\n<p><strong>Local: <span style=\"color: #ff0000\">Sala 106 do Pr\u00e9dio do CCT<\/span><\/strong><\/p>\n<p>Os candidatos dever\u00e3o Se apresentar com no m\u00ednimo 20 minutos de anteced\u00eancia antes do in\u00edcio\u00a0 da prova.<\/p>\n<p><strong> Poder\u00e1 ser utilizado dicion\u00e1rio ingl\u00eas-ingl\u00eas.\u00a0 N\u00e3o ser\u00e1 permitida consulta a dicion\u00e1rios ingl\u00eas-portugu\u00eas ou a utiliza\u00e7\u00e3o de quaisquer meios digitais de consulta.<\/strong><\/p>\n<p>&nbsp;<\/p>\n<p><strong>ETAPA: DIVULGA\u00c7\u00c3O PRELIMINAR DOS RESULTADOS\u00a0 DAS PROVAS DE CONHECIMENTOS <\/strong><\/p>\n<p>&nbsp;<\/p>\n<p><strong>ETAPA: DIVULGA\u00c7\u00c3O DEFINITIVA DOS RESULTADOS\u00a0 DAS PROVAS DE CONHECIMENTOS\u00a0<\/strong><\/p>\n<p>&nbsp;<\/p>\n<p>&nbsp;<\/p>\n<p><span style=\"color: #000000\"><strong>ETAPA:\u00a0 MESTRADO &#8211; ENTREVISTA <\/strong><\/span><\/p>\n<p>&nbsp;<\/p>\n<p><span style=\"color: #000000\"><strong>ETAPA:\u00a0 DOUTORADO &#8211; ENTREVISTA\/PROJETO DE PESQUISA<\/strong><\/span><\/p>\n<p>&nbsp;<\/p>\n<p><span style=\"color: #000000\"><strong>ETAPA: DIVULGA\u00c7\u00c3O PRELIMINAR DOS RESULTADOS\u00a0 DAS <\/strong><strong>ENTREVISTAS DE MESTRADO E ENTREVISTAS DE DOUTORADO\/PROJETO DE PESQUISA (CANDIDATOS AO DOUTORADO) &#8211;\u00a0<\/strong><\/span><\/p>\n<p>&nbsp;<\/p>\n<p><span style=\"color: #000000\"><strong>ETAPA: DIVULGA\u00c7\u00c3O DEFINITIVA DOS RESULTADOS\u00a0 DAS ENTREVISTAS\/PROJETO DE PESQUISA (CANDIDATOS AO DOUTORADO) &#8211;<\/strong><\/span><\/p>\n<p><span style=\"color: #008000\">\u00a0<\/span><\/p>\n<p><span style=\"color: #000000\"><strong>ETAPA: DIVULGA\u00c7\u00c3O DO RESULTADO PRELIMINAR DO PROCESSO SELETIVO PPGCN-2026.2\u00a0<\/strong><\/span><\/p>\n<p>&nbsp;<\/p>\n<p><span style=\"color: #000000\"><strong>ETAPA: DIVULGA\u00c7\u00c3O DO\u00a0 RESULTADO FINAL DO PROCESSO SELETIVO PPGCN-2026.2\u00a0\u00a0<\/strong><\/span><\/p>\n<p>&nbsp;<\/p>\n","protected":false},"excerpt":{"rendered":"<p>FORMUL\u00c1RIO GERAL DE RECURSOS\u00a0&#8211; SE NECESS\u00c1RIO, UTILIZE RESPEITANDO O EDITAL E O CRONOGRAMA ESTABELECIDO: Para qualquer recurso \u00e9 obrigat\u00f3rio a&#8230;<\/p>\n","protected":false},"author":10,"featured_media":0,"parent":8548,"menu_order":0,"comment_status":"closed","ping_status":"closed","template":"","meta":{"footnotes":""},"class_list":["post-8578","page","type-page","status-publish","hentry"],"_links":{"self":[{"href":"https:\/\/uenf.br\/posgraduacao\/ciencias-naturais\/wp-json\/wp\/v2\/pages\/8578","targetHints":{"allow":["GET"]}}],"collection":[{"href":"https:\/\/uenf.br\/posgraduacao\/ciencias-naturais\/wp-json\/wp\/v2\/pages"}],"about":[{"href":"https:\/\/uenf.br\/posgraduacao\/ciencias-naturais\/wp-json\/wp\/v2\/types\/page"}],"author":[{"embeddable":true,"href":"https:\/\/uenf.br\/posgraduacao\/ciencias-naturais\/wp-json\/wp\/v2\/users\/10"}],"replies":[{"embeddable":true,"href":"https:\/\/uenf.br\/posgraduacao\/ciencias-naturais\/wp-json\/wp\/v2\/comments?post=8578"}],"version-history":[{"count":0,"href":"https:\/\/uenf.br\/posgraduacao\/ciencias-naturais\/wp-json\/wp\/v2\/pages\/8578\/revisions"}],"up":[{"embeddable":true,"href":"https:\/\/uenf.br\/posgraduacao\/ciencias-naturais\/wp-json\/wp\/v2\/pages\/8548"}],"wp:attachment":[{"href":"https:\/\/uenf.br\/posgraduacao\/ciencias-naturais\/wp-json\/wp\/v2\/media?parent=8578"}],"curies":[{"name":"wp","href":"https:\/\/api.w.org\/{rel}","templated":true}]}}