{"id":91,"date":"2014-07-31T15:41:48","date_gmt":"2014-07-31T15:41:48","guid":{"rendered":"http:\/\/uenf.br\/pos-graduacao\/ciencias-naturais\/?page_id=91"},"modified":"2025-09-02T15:02:06","modified_gmt":"2025-09-02T15:02:06","slug":"disciplinas","status":"publish","type":"page","link":"https:\/\/uenf.br\/posgraduacao\/ciencias-naturais\/informacoes-academicas\/disciplinas\/","title":{"rendered":"Estrutura curricular e disciplinas do mestrado e doutorado"},"content":{"rendered":"<p><strong>Mestrado<\/strong><br \/>\nO aluno ao entrar no mestrado em Ci\u00eancias Naturais deve realizar 25 cr\u00e9ditos sendo que cada cr\u00e9dito corresponde a 17 horas de aula e o curso \u00e9 semestral. As disciplinas consideradas obrigat\u00f3rias no programa s\u00e3o:<\/p>\n<p><strong>Mestrado<\/strong><\/p>\n<p>1- Disciplinas obrigat\u00f3rias:<br \/>\n<a href=\"https:\/\/sucupira.capes.gov.br\/sucupira\/public\/consultas\/coleta\/disciplina\/viewDisciplina.xhtml?popup=true&amp;id_disciplina=227144\">M\u00e9todo Cient\u00edfico e \u00e9tica na pesquisa<\/a>\u00a0\u2013 2 cr\u00e9ditos<\/p>\n<p><a href=\"https:\/\/sucupira.capes.gov.br\/sucupira\/public\/consultas\/coleta\/disciplina\/viewDisciplina.xhtml?popup=true&amp;id_disciplina=227180\">M\u00e9todos de Escrita e de Divulga\u00e7\u00e3o cient\u00edfica <\/a>&#8211; 2 cr\u00e9ditos<\/p>\n<p>Semin\u00e1rio I e II \u2013 1 cr\u00e9dito cada um.<br \/>\n2- L\u00edngua estrangeira \u2013 o aluno do mestrado dever\u00e1 realizar teste de profici\u00eancia em <strong>INGL\u00caS<\/strong> oferecido pelo pr\u00f3prio programa a cada 6 meses.<br \/>\n3-Deveres a serem cumpridos &#8211; realiza\u00e7\u00e3o de defesa de projeto de disserta\u00e7\u00e3o 1 ano ap\u00f3s entrada no curso e entrega de relat\u00f3rios semestrais avaliados por assessor interno do programa.<br \/>\n4- A defesa de disserta\u00e7\u00e3o deve ocorrer antes de completar 24 meses e para a entrega da vers\u00e3o final e obten\u00e7\u00e3o do diploma, o aluno deve ter submetido um artigo em revista cient\u00edfica.<\/p>\n<p><strong>Doutorado\u00a0<\/strong><\/p>\n<p>1- Disciplinas obrigat\u00f3rias:<br \/>\n<a href=\"https:\/\/sucupira.capes.gov.br\/sucupira\/public\/consultas\/coleta\/disciplina\/viewDisciplina.xhtml?popup=true&amp;id_disciplina=227144\">M\u00e9todo Cient\u00edfico e \u00e9tica na pesquisa<\/a>\u00a0\u2013 2 cr\u00e9ditos<\/p>\n<p><a href=\"https:\/\/sucupira.capes.gov.br\/sucupira\/public\/consultas\/coleta\/disciplina\/viewDisciplina.xhtml?popup=true&amp;id_disciplina=227180\">M\u00e9todos de Escrita e de Divulga\u00e7\u00e3o cient\u00edfica <\/a>&#8211; 2 cr\u00e9ditos<\/p>\n<p>Semin\u00e1rio I , II, III e IV\u2013 1 cr\u00e9dito cada um.<\/p>\n<p>2- L\u00edngua estrangeira \u2013 o aluno de doutorado dever\u00e1 realizar teste de profici\u00eancia em <strong>INGL\u00caS<\/strong> e em <strong>uma segunda l\u00edngua estrangeira<\/strong> a escolher.<\/p>\n<p>3-Deveres a serem cumpridos &#8211; realiza\u00e7\u00e3o de defesa de projeto de doutorado, 1 ano ap\u00f3s entrada no curso e entrega de relat\u00f3rios anuais avaliados por assessor interno do programa.<\/p>\n<p>4- Al\u00e9m disso, o aluno deve realizar um exame de qualifica\u00e7\u00e3o ap\u00f3s ter terminado todos os cr\u00e9ditos do curso. Este exame consiste na sugest\u00e3o de 3 temas relacionados com a tese (por\u00e9m, n\u00e3o id\u00eantico), onde a banca escolhida pelo colegiado do programa (3 pesquisadores), dever\u00e1 escolher um deles. Este tema \u00e9 apresentado ao doutorando, e ap\u00f3s 60 dias corridos, o mesmo deve apresentar um documento escrito e realizar uma apresenta\u00e7\u00e3o oral, seguida de argui\u00e7\u00e3o.<br \/>\n4- A defesa de tese deve ocorrer antes de completar 48 meses no programa e para solicitar a defesa, o doutorando tem que ter um artigo publicado em revista cient\u00edfica sobre o tema da mesma.<\/p>\n<p><a href=\"https:\/\/sucupira.capes.gov.br\/sucupira\/public\/consultas\/coleta\/disciplina\/listaDisciplina.xhtml\">OUTRAS DISCIPLINAS OFERECIDAS NO PROGRAMA E SUAS EMENTAS<\/a><\/p>\n<p>&nbsp;<\/p>\n<p>&nbsp;<\/p>\n","protected":false},"excerpt":{"rendered":"<p>Mestrado O aluno ao entrar no mestrado em Ci\u00eancias Naturais deve realizar 25 cr\u00e9ditos sendo que cada cr\u00e9dito corresponde a&#8230;<\/p>\n","protected":false},"author":10,"featured_media":0,"parent":1558,"menu_order":36,"comment_status":"closed","ping_status":"closed","template":"","meta":{"footnotes":""},"class_list":["post-91","page","type-page","status-publish","hentry"],"_links":{"self":[{"href":"https:\/\/uenf.br\/posgraduacao\/ciencias-naturais\/wp-json\/wp\/v2\/pages\/91","targetHints":{"allow":["GET"]}}],"collection":[{"href":"https:\/\/uenf.br\/posgraduacao\/ciencias-naturais\/wp-json\/wp\/v2\/pages"}],"about":[{"href":"https:\/\/uenf.br\/posgraduacao\/ciencias-naturais\/wp-json\/wp\/v2\/types\/page"}],"author":[{"embeddable":true,"href":"https:\/\/uenf.br\/posgraduacao\/ciencias-naturais\/wp-json\/wp\/v2\/users\/10"}],"replies":[{"embeddable":true,"href":"https:\/\/uenf.br\/posgraduacao\/ciencias-naturais\/wp-json\/wp\/v2\/comments?post=91"}],"version-history":[{"count":0,"href":"https:\/\/uenf.br\/posgraduacao\/ciencias-naturais\/wp-json\/wp\/v2\/pages\/91\/revisions"}],"up":[{"embeddable":true,"href":"https:\/\/uenf.br\/posgraduacao\/ciencias-naturais\/wp-json\/wp\/v2\/pages\/1558"}],"wp:attachment":[{"href":"https:\/\/uenf.br\/posgraduacao\/ciencias-naturais\/wp-json\/wp\/v2\/media?parent=91"}],"curies":[{"name":"wp","href":"https:\/\/api.w.org\/{rel}","templated":true}]}}