{"id":289,"date":"2026-04-29T22:32:39","date_gmt":"2026-04-30T01:32:39","guid":{"rendered":"https:\/\/uenf.br\/posgraduacao\/clima-e-energia\/?page_id=289"},"modified":"2026-05-02T05:57:23","modified_gmt":"2026-05-02T08:57:23","slug":"processo-seletivo-2026-2","status":"publish","type":"page","link":"https:\/\/uenf.br\/posgraduacao\/clima-e-energia\/processo-seletivo-2026-2\/","title":{"rendered":"Processo Seletivo 2026\/2"},"content":{"rendered":"\n<figure class=\"wp-block-image size-large\"><img loading=\"lazy\" decoding=\"async\" width=\"1024\" height=\"256\" src=\"https:\/\/uenf.br\/posgraduacao\/clima-e-energia\/wp-content\/uploads\/sites\/29\/2026\/04\/logo-PPGCE-1600-x-400-px-1024x256.png\" alt=\"\" class=\"wp-image-347\" srcset=\"https:\/\/uenf.br\/posgraduacao\/clima-e-energia\/wp-content\/uploads\/sites\/29\/2026\/04\/logo-PPGCE-1600-x-400-px-1024x256.png 1024w, https:\/\/uenf.br\/posgraduacao\/clima-e-energia\/wp-content\/uploads\/sites\/29\/2026\/04\/logo-PPGCE-1600-x-400-px-300x75.png 300w, https:\/\/uenf.br\/posgraduacao\/clima-e-energia\/wp-content\/uploads\/sites\/29\/2026\/04\/logo-PPGCE-1600-x-400-px-768x192.png 768w, https:\/\/uenf.br\/posgraduacao\/clima-e-energia\/wp-content\/uploads\/sites\/29\/2026\/04\/logo-PPGCE-1600-x-400-px-1536x384.png 1536w, https:\/\/uenf.br\/posgraduacao\/clima-e-energia\/wp-content\/uploads\/sites\/29\/2026\/04\/logo-PPGCE-1600-x-400-px-1200x300.png 1200w, https:\/\/uenf.br\/posgraduacao\/clima-e-energia\/wp-content\/uploads\/sites\/29\/2026\/04\/logo-PPGCE-1600-x-400-px-320x80.png 320w, https:\/\/uenf.br\/posgraduacao\/clima-e-energia\/wp-content\/uploads\/sites\/29\/2026\/04\/logo-PPGCE-1600-x-400-px.png 1600w\" sizes=\"auto, (max-width: 1024px) 100vw, 1024px\" \/><\/figure>\n\n\n\n<h5 class=\"wp-block-heading has-text-align-left has-normal-font-size\">Consulte o <mark style=\"background-color:#ffffff\" class=\"has-inline-color has-secundaria-color\"><strong>Edital do Processo Seletivo para o Mestrado do Programa de P\u00f3s-Gradua\u00e7\u00e3o em Clima e Energia (PPGC&amp;E)<\/strong><\/mark>, com ingresso no segundo semestre de 2026.<\/h5>\n\n\n\n<div class=\"wp-block-buttons is-content-justification-center is-layout-flex wp-container-core-buttons-is-layout-16018d1d wp-block-buttons-is-layout-flex\">\n<div class=\"wp-block-button\"><a class=\"wp-block-button__link wp-element-button\" href=\"https:\/\/uenf.br\/posgraduacao\/clima-e-energia\/wp-content\/uploads\/sites\/29\/2026\/05\/Edital_de_Selecao_PPGC26E_2026-2_assinado.pdf\"><strong><mark style=\"background-color:#1d3771;color:#ffffff\" class=\"has-inline-color\">ACESSE O EDITAL COMPLETO AQUI<\/mark><\/strong><\/a><\/div>\n<\/div>\n\n\n\n<ul class=\"wp-block-list\">\n<li class=\"has-normal-font-size\"><a href=\"https:\/\/uenf.br\/posgraduacao\/clima-e-energia\/wp-content\/uploads\/sites\/29\/2026\/04\/ANEXO-1-Relacao-de-vagas-por-linhas-de-pesquisa-orientador-e-tema.pdf\" data-type=\"attachment\" data-id=\"333\">ANEXO 1 &#8211; Rela\u00e7\u00e3o de vagas por linhas de pesquisa, orientador e tema<\/a><\/li>\n\n\n\n<li class=\"has-normal-font-size\"><a href=\"https:\/\/uenf.br\/posgraduacao\/clima-e-energia\/wp-content\/uploads\/sites\/29\/2026\/04\/ANEXO-2-Cronograma-do-processo-seletivo.pdf\" data-type=\"attachment\" data-id=\"334\">ANEXO 2 &#8211; Cronograma do processo seletivo<\/a><\/li>\n\n\n\n<li class=\"has-normal-font-size\"><a href=\"https:\/\/uenf.br\/posgraduacao\/clima-e-energia\/wp-content\/uploads\/sites\/29\/2026\/04\/ANEXO-3-Tabela-de-pontuacao-do-curriculo.docx\" data-type=\"attachment\" data-id=\"335\">ANEXO 3 &#8211; Tabela de pontua\u00e7\u00e3o do curr\u00edculo<\/a><\/li>\n\n\n\n<li class=\"has-normal-font-size\"><a href=\"https:\/\/uenf.br\/posgraduacao\/clima-e-energia\/wp-content\/uploads\/sites\/29\/2026\/04\/ANEXO-4-Pre-projeto-de-pesquisa.docx\" data-type=\"attachment\" data-id=\"336\">ANEXO 4 &#8211; Pr\u00e9-projeto de pesquisa<\/a><\/li>\n\n\n\n<li class=\"has-normal-font-size\"><a href=\"https:\/\/uenf.br\/posgraduacao\/clima-e-energia\/wp-content\/uploads\/sites\/29\/2026\/04\/ANEXO-5-Reserva-de-cotas.pdf\" data-type=\"attachment\" data-id=\"337\">ANEXO 5 &#8211; Reserva de cotas<\/a><\/li>\n<\/ul>\n\n\n\n<div style=\"height:23px\" aria-hidden=\"true\" class=\"wp-block-spacer\"><\/div>\n\n\n\n<p><strong><mark style=\"background-color:#2c5aa0;color:#ffffff\" class=\"has-inline-color\">INSCRI\u00c7\u00d5ES EXCLUSIVAMENTE POR FORMUL\u00c1RIO ELETR\u00d4NICO (Google Forms)<\/mark><\/strong><\/p>\n\n\n\n<p><mark style=\"background-color:#ffffff\" class=\"has-inline-color has-secundaria-color\">\ud83d\udc49 <strong><a href=\"https:\/\/forms.gle\/2oVTrQqNBbPyq4Xt6\">FA\u00c7A SUA INSCRI\u00c7\u00c3O AQUI<\/a><\/strong><\/mark>!<\/p>\n\n\n\n<p class=\"has-pequeno-font-size\"><strong><mark style=\"background-color:#ffffff\" class=\"has-inline-color has-destaque-color\">ATEN\u00c7\u00c3O, CANDIDATO! CONFIRA SE TODA A DOCUMENTA\u00c7\u00c3O FOI ENVIADA CORRETAMENTE.<\/mark><\/strong><\/p>\n\n\n\n<p class=\"has-pequeno-font-size\">\ud83d\udd14 Somente ser\u00e3o homologadas as inscri\u00e7\u00f5es acompanhadas de todos os documentos ou de seus equivalentes previstos no item 2.3 do Edital.<\/p>\n\n\n\n<p class=\"has-pequeno-font-size\">\ud83d\udd14N\u00e3o ser\u00e3o aceitos formul\u00e1rios diferentes dos disponibilizados para preenchimento eletr\u00f4nico. \u00c9 obrigat\u00f3rio manter a formata\u00e7\u00e3o original dos formul\u00e1rios fornecidos. Formul\u00e1rios digitalizados, preenchidos \u00e0 m\u00e3o, salvos como imagem ou modificados resultar\u00e3o na n\u00e3o homologa\u00e7\u00e3o da inscri\u00e7\u00e3o.<\/p>\n\n\n\n<div style=\"height:23px\" aria-hidden=\"true\" class=\"wp-block-spacer\"><\/div>\n\n\n\n<div class=\"wp-block-group is-layout-constrained wp-block-group-is-layout-constrained\">\n<p><strong>Formul\u00e1rios do Processo Seletivo:<\/strong><\/p>\n\n\n\n<ul class=\"wp-block-list\">\n<li><a href=\"https:\/\/uenf.br\/posgraduacao\/clima-e-energia\/wp-content\/uploads\/sites\/29\/2026\/05\/Formulario-carta-de-referencia.pdf\" data-type=\"attachment\" data-id=\"377\">Formul\u00e1rio carta de refer\u00eancia<\/a><\/li>\n\n\n\n<li><a href=\"https:\/\/uenf.br\/posgraduacao\/clima-e-energia\/wp-content\/uploads\/sites\/29\/2026\/05\/Reference-letter-form-English.pdf\" data-type=\"attachment\" data-id=\"379\">Reference letter form (English)<\/a><\/li>\n\n\n\n<li><a href=\"https:\/\/uenf.br\/posgraduacao\/clima-e-energia\/wp-content\/uploads\/sites\/29\/2026\/05\/Carta-de-liberacao-da-empresa-ou-instituicao.docx\" data-type=\"attachment\" data-id=\"381\">Carta de libera\u00e7\u00e3o da<\/a><a href=\"https:\/\/uenf.br\/posgraduacao\/clima-e-energia\/wp-content\/uploads\/sites\/29\/2026\/05\/Carta-de-liberacao-da-empresa-ou-instituicao.docx\" data-type=\"attachment\" data-id=\"400\"> <\/a><a href=\"https:\/\/uenf.br\/posgraduacao\/clima-e-energia\/wp-content\/uploads\/sites\/29\/2026\/05\/Carta-de-liberacao-da-empresa-ou-instituicao.docx\" data-type=\"attachment\" data-id=\"381\">empresa ou institui\u00e7\u00e3o<\/a><\/li>\n\n\n\n<li><a href=\"https:\/\/uenf.br\/posgraduacao\/clima-e-energia\/wp-content\/uploads\/sites\/29\/2026\/05\/Formulario-para-interposicao-de-recurso.docx\" data-type=\"attachment\" data-id=\"378\">Formul\u00e1rio para interposi\u00e7\u00e3o de recurso<\/a><\/li>\n<\/ul>\n\n\n\n<p class=\"has-pequeno-font-size\"><mark style=\"background-color:#ffffff\" class=\"has-inline-color has-secundaria-color\">\u26a0\ufe0f <strong>ATEN\u00c7\u00c3O<\/strong>! A carta de refer\u00eancia, em formato digital (PDF), dever\u00e1 ser enviada exclusivamente pela pessoa que a elaborou (autor da refer\u00eancia) ao e-mail ppgce@uenf.br, at\u00e9 29\/05\/2026, com o assunto: \u2018Carta de Refer\u00eancia_Sele\u00e7\u00e3o Mestrado 2026-2 \u2013 Nome-Completo-do(a)-Candidato(a)\u2019.<\/mark><\/p>\n<\/div>\n","protected":false},"excerpt":{"rendered":"<p>Consulte o Edital do Processo Seletivo para o Mestrado do Programa de P\u00f3s-Gradua\u00e7\u00e3o em Clima e Energia (PPGC&amp;E), com ingresso&#8230;<\/p>\n","protected":false},"author":65,"featured_media":0,"parent":0,"menu_order":7,"comment_status":"closed","ping_status":"closed","template":"","meta":{"footnotes":""},"class_list":["post-289","page","type-page","status-publish","hentry"],"_links":{"self":[{"href":"https:\/\/uenf.br\/posgraduacao\/clima-e-energia\/wp-json\/wp\/v2\/pages\/289","targetHints":{"allow":["GET"]}}],"collection":[{"href":"https:\/\/uenf.br\/posgraduacao\/clima-e-energia\/wp-json\/wp\/v2\/pages"}],"about":[{"href":"https:\/\/uenf.br\/posgraduacao\/clima-e-energia\/wp-json\/wp\/v2\/types\/page"}],"author":[{"embeddable":true,"href":"https:\/\/uenf.br\/posgraduacao\/clima-e-energia\/wp-json\/wp\/v2\/users\/65"}],"replies":[{"embeddable":true,"href":"https:\/\/uenf.br\/posgraduacao\/clima-e-energia\/wp-json\/wp\/v2\/comments?post=289"}],"version-history":[{"count":0,"href":"https:\/\/uenf.br\/posgraduacao\/clima-e-energia\/wp-json\/wp\/v2\/pages\/289\/revisions"}],"wp:attachment":[{"href":"https:\/\/uenf.br\/posgraduacao\/clima-e-energia\/wp-json\/wp\/v2\/media?parent=289"}],"curies":[{"name":"wp","href":"https:\/\/api.w.org\/{rel}","templated":true}]}}