{"id":48,"date":"2026-04-28T20:58:45","date_gmt":"2026-04-28T23:58:45","guid":{"rendered":"https:\/\/uenf.br\/posgraduacao\/clima-e-energia\/?page_id=48"},"modified":"2026-05-02T06:24:01","modified_gmt":"2026-05-02T09:24:01","slug":"comissao-coordenadora","status":"publish","type":"page","link":"https:\/\/uenf.br\/posgraduacao\/clima-e-energia\/comissao-coordenadora\/","title":{"rendered":"Comiss\u00e3o Coordenadora"},"content":{"rendered":"\n<p><mark style=\"background-color:#ffffff\" class=\"has-inline-color has-secundaria-color\">A Comiss\u00e3o Coordenadora \u00e9 respons\u00e1vel pela gest\u00e3o acad\u00eamica, pedag\u00f3gica e operacional do Programa. Conhe\u00e7a os membros da Comiss\u00e3o do PPGC&amp;E:<\/mark><\/p>\n\n\n\n<div class=\"wp-block-group is-layout-constrained wp-block-group-is-layout-constrained\">\n<div class=\"wp-block-group is-layout-constrained wp-block-group-is-layout-constrained\">\n<div class=\"wp-block-group is-layout-constrained wp-block-group-is-layout-constrained\">\n<h4 class=\"wp-block-heading\"><strong>Coordenadora:<\/strong><\/h4>\n\n\n\n<p><strong><mark>Profa. Dra. Eliane Barbosa Santos<\/mark><\/strong> <strong><mark>(LAMET\/UENF)<\/mark><\/strong> &#8211; Mandato: abril\/2026 a novembro\/2027<br><br><\/p>\n<\/div>\n<\/div>\n<\/div>\n\n\n\n<div class=\"wp-block-group is-layout-constrained wp-block-group-is-layout-constrained\">\n<div class=\"wp-block-group is-layout-constrained wp-block-group-is-layout-constrained\">\n<div class=\"wp-block-group is-layout-constrained wp-block-group-is-layout-constrained\">\n<h4 class=\"wp-block-heading\"><strong>Representantes dos Professores da UENF<\/strong><\/h4>\n\n\n\n<p><strong><mark>Prof. Dr. Frederico Muylaert Margem (LEPROD\/UENF)<\/mark><\/strong> &#8211; Mandato: abril\/2026 a mar\u00e7o\/2028<br><strong><mark>Prof. Dr. Jos\u00e9 Ricardo Siqueira (LAMET\/UENF)<\/mark><\/strong> &#8211; Mandato: abril\/2026 a mar\u00e7o\/2028<\/p>\n<\/div>\n\n\n\n<p><br><\/p>\n<\/div>\n<\/div>\n\n\n\n<div class=\"wp-block-group is-layout-constrained wp-block-group-is-layout-constrained\">\n<h4 class=\"wp-block-heading\"><strong>Representante da Linha de Pesquisa Avalia\u00e7\u00e3o e Remedia\u00e7\u00e3o de Impactos Ambientais<\/strong><\/h4>\n\n\n\n<p><strong><mark>Profa. Dra. Cibele Maria Stivanin Almeida (LCQUI\/UENF)<\/mark><\/strong> &#8211; Mandato: abril\/2026 a mar\u00e7o\/2028<\/p>\n\n\n\n<p><br><\/p>\n<\/div>\n\n\n\n<h4 class=\"wp-block-heading\"><strong>Representante da Linha de Pesquisa Eventos Meteorol\u00f3gicos Extremos<\/strong><\/h4>\n\n\n\n<p><strong><mark>Prof. Dr. Nivaldo Silveira Ferreira (LAMET\/UENF)<\/mark><\/strong> &#8211; Mandato: abril\/2026 a mar\u00e7o\/2028<\/p>\n\n\n\n<p><br><\/p>\n\n\n\n<h4 class=\"wp-block-heading\"><strong>Representante da Linha de Pesquisa Mudan\u00e7as Clim\u00e1ticas e Energias Renov\u00e1veis<\/strong><\/h4>\n\n\n\n<p><strong><mark>Prof. Dr. Matheus Ferreira de Barros (UFRJ\/Maca\u00e9)<\/mark><\/strong> &#8211; Mandato: abril\/2026 a mar\u00e7o\/2028<\/p>\n\n\n\n<p><br><\/p>\n\n\n\n<h4 class=\"wp-block-heading\"><strong>Representantes dos Discentes <\/strong><\/h4>\n\n\n\n<p><strong><mark><strong>Bruna de Paula Fernandes Freire (Titular)<\/strong><\/mark><\/strong> &#8211; Mandato: abril\/2026 a mar\u00e7o\/2027<\/p>\n\n\n\n<p><strong><mark><strong><strong>Maycon Gomes de Souza (Suplente)<\/strong><\/strong>&nbsp;&nbsp;<\/mark><\/strong>&#8211; <strong>\u2013 <\/strong>Mandato: abril\/2026 a mar\u00e7o\/2027<\/p>\n\n\n\n<p><br><\/p>\n\n\n\n<p class=\"has-text-align-right\"><strong><mark style=\"background-color:#2c5aa0;color:#ffffff\" class=\"has-inline-color\">D\u00favidas e informa\u00e7\u00f5es podem ser encaminhadas para o e-mail: ppgce@uenf.br<\/mark><\/strong><\/p>\n","protected":false},"excerpt":{"rendered":"<p>A Comiss\u00e3o Coordenadora \u00e9 respons\u00e1vel pela gest\u00e3o acad\u00eamica, pedag\u00f3gica e operacional do Programa. Conhe\u00e7a os membros da Comiss\u00e3o do PPGC&amp;E:&#8230;<\/p>\n","protected":false},"author":65,"featured_media":0,"parent":0,"menu_order":3,"comment_status":"closed","ping_status":"closed","template":"","meta":{"footnotes":""},"class_list":["post-48","page","type-page","status-publish","hentry"],"_links":{"self":[{"href":"https:\/\/uenf.br\/posgraduacao\/clima-e-energia\/wp-json\/wp\/v2\/pages\/48","targetHints":{"allow":["GET"]}}],"collection":[{"href":"https:\/\/uenf.br\/posgraduacao\/clima-e-energia\/wp-json\/wp\/v2\/pages"}],"about":[{"href":"https:\/\/uenf.br\/posgraduacao\/clima-e-energia\/wp-json\/wp\/v2\/types\/page"}],"author":[{"embeddable":true,"href":"https:\/\/uenf.br\/posgraduacao\/clima-e-energia\/wp-json\/wp\/v2\/users\/65"}],"replies":[{"embeddable":true,"href":"https:\/\/uenf.br\/posgraduacao\/clima-e-energia\/wp-json\/wp\/v2\/comments?post=48"}],"version-history":[{"count":0,"href":"https:\/\/uenf.br\/posgraduacao\/clima-e-energia\/wp-json\/wp\/v2\/pages\/48\/revisions"}],"wp:attachment":[{"href":"https:\/\/uenf.br\/posgraduacao\/clima-e-energia\/wp-json\/wp\/v2\/media?parent=48"}],"curies":[{"name":"wp","href":"https:\/\/api.w.org\/{rel}","templated":true}]}}