{"id":50,"date":"2026-04-28T21:00:44","date_gmt":"2026-04-29T00:00:44","guid":{"rendered":"https:\/\/uenf.br\/posgraduacao\/clima-e-energia\/?page_id=50"},"modified":"2026-05-02T06:21:30","modified_gmt":"2026-05-02T09:21:30","slug":"disciplinas-e-programas-analiticos","status":"publish","type":"page","link":"https:\/\/uenf.br\/posgraduacao\/clima-e-energia\/disciplinas-e-programas-analiticos\/","title":{"rendered":"Disciplinas e Programas Anal\u00edticos"},"content":{"rendered":"\n<p><strong>An\u00e1lise e Modelagem de Dados Ambientais \u2013 <a href=\"https:\/\/uenf.br\/posgraduacao\/clima-e-energia\/wp-content\/uploads\/sites\/29\/2026\/05\/PCE1701-Analise-e-Modelagem-de-Dados-Ambientais.pdf\" data-type=\"attachment\" data-id=\"416\">Programa Anal\u00edtico PCE1701<\/a><\/strong><\/p>\n\n\n\n<p><strong>Aplica\u00e7\u00f5es de Aprendizagem de M\u00e1quina em Dados Ambientais \u2013 <a href=\"https:\/\/uenf.br\/posgraduacao\/clima-e-energia\/wp-content\/uploads\/sites\/29\/2026\/05\/PCE1715-Aplicacoes-de-Aprendizagem-de-Maquina-em-Dados-Ambientais.pdf\" data-type=\"attachment\" data-id=\"430\">Programa Anal\u00edtico PCE1715<\/a><\/strong><\/p>\n\n\n\n<p><strong>Clima e Sa\u00fade \u00danica \u2013 <a href=\"https:\/\/uenf.br\/posgraduacao\/clima-e-energia\/wp-content\/uploads\/sites\/29\/2026\/05\/PCE1711-Clima-e-Saude-Unica.pdf\" data-type=\"attachment\" data-id=\"426\">Programa Anal\u00edtico PCE1711<\/a><\/strong><\/p>\n\n\n\n<p><strong>Clima, Energia e Sociedade \u2013 <a href=\"https:\/\/uenf.br\/posgraduacao\/clima-e-energia\/wp-content\/uploads\/sites\/29\/2026\/05\/PCE1708-Clima-Energia-e-Sociedade.pdf\" data-type=\"attachment\" data-id=\"423\">Programa Anal\u00edtico PCE1708<\/a><\/strong><\/p>\n\n\n\n<p><strong>Climatologia da Am\u00e9rica do Sul \u2013 <a href=\"https:\/\/uenf.br\/posgraduacao\/clima-e-energia\/wp-content\/uploads\/sites\/29\/2026\/05\/PCE1702-Climatologia-da-America-do-Sul.pdf\" data-type=\"attachment\" data-id=\"417\">Programa Anal\u00edtico PCE1702<\/a><\/strong><\/p>\n\n\n\n<p><strong>Din\u00e2mica da Atmosfera \u2013 <a href=\"https:\/\/uenf.br\/posgraduacao\/clima-e-energia\/wp-content\/uploads\/sites\/29\/2026\/05\/PCE1703-Dinamica-da-Atmosfera.pdf\" data-type=\"attachment\" data-id=\"418\">Programa Anal\u00edtico PCE1703<\/a><\/strong><\/p>\n\n\n\n<p><strong>F\u00edsica da Radia\u00e7\u00e3o e Aplica\u00e7\u00f5es \u2013 <a href=\"https:\/\/uenf.br\/posgraduacao\/clima-e-energia\/wp-content\/uploads\/sites\/29\/2026\/05\/PCE1709-Fisica-da-Radiacao-e-Aplicacoes.pdf\" data-type=\"attachment\" data-id=\"424\">Programa Anal\u00edtico PCE1709<\/a><\/strong><\/p>\n\n\n\n<p><strong>Fontes de Gera\u00e7\u00e3o de Energia \u2013 <a href=\"https:\/\/uenf.br\/posgraduacao\/clima-e-energia\/wp-content\/uploads\/sites\/29\/2026\/05\/PCE1704-Fontes-de-Geracao-de-Energia.pdf\" data-type=\"attachment\" data-id=\"419\">Programa Anal\u00edtico PCE1704<\/a><\/strong><\/p>\n\n\n\n<p><strong>Geomodelagem do Potencial Energ\u00e9tico e do Microclima Urbano \u2013 <a href=\"https:\/\/uenf.br\/posgraduacao\/clima-e-energia\/wp-content\/uploads\/sites\/29\/2026\/05\/PCE1712-Geomodelagem-do-Potencial-Energetico-e-do-Microclima-Urbano.pdf\" data-type=\"attachment\" data-id=\"427\">Programa Anal\u00edtico PCE1712<\/a><\/strong><\/p>\n\n\n\n<p><strong>M\u00e9todos Matem\u00e1ticos em Recursos H\u00eddricos \u2013 <a href=\"https:\/\/uenf.br\/posgraduacao\/clima-e-energia\/wp-content\/uploads\/sites\/29\/2026\/05\/PCE1705-Metodos-Matematicos-em-Recursos-Hidricos.pdf\" data-type=\"attachment\" data-id=\"420\">Programa Anal\u00edtico PCE1705<\/a><\/strong><\/p>\n\n\n\n<p><strong>Mudan\u00e7as Pol\u00edticas, Sociais e Econ\u00f4micas de Novas Fontes de Energia \u2013 <a href=\"https:\/\/uenf.br\/posgraduacao\/clima-e-energia\/wp-content\/uploads\/sites\/29\/2026\/05\/PCE1716-Mudancas-Politicas-Sociais-e-Economicas-de-Novas-Fontes-de-Energia.pdf\" data-type=\"attachment\" data-id=\"431\">Programa Anal\u00edtico PCE1716<\/a><\/strong><\/p>\n\n\n\n<p><strong>Pesquisa em Clima e Energia \u2013 <a href=\"https:\/\/uenf.br\/posgraduacao\/clima-e-energia\/wp-content\/uploads\/sites\/29\/2026\/05\/PCE1717-Pesquisa-em-Clima-e-Energia.pdf\" data-type=\"attachment\" data-id=\"432\">Programa Anal\u00edtico PCE1717<\/a><\/strong><\/p>\n\n\n\n<p><strong>Qu\u00edmica Ambiental \u2013 <a href=\"https:\/\/uenf.br\/posgraduacao\/clima-e-energia\/wp-content\/uploads\/sites\/29\/2026\/05\/PCE1710-Quimica-Ambiental.pdf\" data-type=\"attachment\" data-id=\"425\">Programa Anal\u00edtico PCE1710<\/a><\/strong><\/p>\n\n\n\n<p><strong>Remedia\u00e7\u00e3o de \u00c1reas Contaminadas com Petr\u00f3leo \u2013 <a href=\"https:\/\/uenf.br\/posgraduacao\/clima-e-energia\/wp-content\/uploads\/sites\/29\/2026\/05\/PCE1714-Remediacao-de-Areas-Contaminadas-com-Petroleo.pdf\" data-type=\"attachment\" data-id=\"429\">Programa Anal\u00edtico PCE1714<\/a><\/strong><\/p>\n\n\n\n<p><strong>Semin\u00e1rios em Clima e Energia I \u2013 <a href=\"https:\/\/uenf.br\/posgraduacao\/clima-e-energia\/wp-content\/uploads\/sites\/29\/2026\/05\/PCE1706-Seminarios-em-Clima-e-Energia-I.pdf\" data-type=\"attachment\" data-id=\"421\">Programa Anal\u00edtico PCE1706<\/a><\/strong><\/p>\n\n\n\n<p><strong>Semin\u00e1rios em Clima e Energia II \u2013 <a href=\"https:\/\/uenf.br\/posgraduacao\/clima-e-energia\/wp-content\/uploads\/sites\/29\/2026\/05\/PCE1707-Seminarios-em-Clima-e-Energia-II.pdf\" data-type=\"attachment\" data-id=\"422\">Programa Anal\u00edtico PCE1707<\/a><\/strong><\/p>\n\n\n\n<p><strong>Variabilidade e Mudan\u00e7as Clim\u00e1ticas \u2013 <a href=\"https:\/\/uenf.br\/posgraduacao\/clima-e-energia\/wp-content\/uploads\/sites\/29\/2026\/05\/PCE1713-Variabilidade-e-Mudancas-Climaticas.pdf\" data-type=\"attachment\" data-id=\"428\">Programa Anal\u00edtico PCE1713<\/a><\/strong><\/p>\n\n\n\n<p class=\"has-text-align-right\"><strong><mark style=\"background-color:#2c5aa0;color:#ffffff\" class=\"has-inline-color\">D\u00favidas e informa\u00e7\u00f5es podem ser encaminhadas para o e-mail: ppgce@uenf.br<\/mark><\/strong><\/p>\n","protected":false},"excerpt":{"rendered":"<p>An\u00e1lise e Modelagem de Dados Ambientais \u2013 Programa Anal\u00edtico PCE1701 Aplica\u00e7\u00f5es de Aprendizagem de M\u00e1quina em Dados Ambientais \u2013 Programa&#8230;<\/p>\n","protected":false},"author":65,"featured_media":0,"parent":0,"menu_order":4,"comment_status":"closed","ping_status":"closed","template":"","meta":{"footnotes":""},"class_list":["post-50","page","type-page","status-publish","hentry"],"_links":{"self":[{"href":"https:\/\/uenf.br\/posgraduacao\/clima-e-energia\/wp-json\/wp\/v2\/pages\/50","targetHints":{"allow":["GET"]}}],"collection":[{"href":"https:\/\/uenf.br\/posgraduacao\/clima-e-energia\/wp-json\/wp\/v2\/pages"}],"about":[{"href":"https:\/\/uenf.br\/posgraduacao\/clima-e-energia\/wp-json\/wp\/v2\/types\/page"}],"author":[{"embeddable":true,"href":"https:\/\/uenf.br\/posgraduacao\/clima-e-energia\/wp-json\/wp\/v2\/users\/65"}],"replies":[{"embeddable":true,"href":"https:\/\/uenf.br\/posgraduacao\/clima-e-energia\/wp-json\/wp\/v2\/comments?post=50"}],"version-history":[{"count":0,"href":"https:\/\/uenf.br\/posgraduacao\/clima-e-energia\/wp-json\/wp\/v2\/pages\/50\/revisions"}],"wp:attachment":[{"href":"https:\/\/uenf.br\/posgraduacao\/clima-e-energia\/wp-json\/wp\/v2\/media?parent=50"}],"curies":[{"name":"wp","href":"https:\/\/api.w.org\/{rel}","templated":true}]}}