{"id":52,"date":"2026-04-28T21:02:01","date_gmt":"2026-04-29T00:02:01","guid":{"rendered":"https:\/\/uenf.br\/posgraduacao\/clima-e-energia\/?page_id=52"},"modified":"2026-04-30T10:33:03","modified_gmt":"2026-04-30T13:33:03","slug":"exigencias-academicas","status":"publish","type":"page","link":"https:\/\/uenf.br\/posgraduacao\/clima-e-energia\/exigencias-academicas\/","title":{"rendered":"Informa\u00e7\u00f5es Acad\u00eamicas"},"content":{"rendered":"","protected":false},"excerpt":{"rendered":"","protected":false},"author":65,"featured_media":0,"parent":0,"menu_order":5,"comment_status":"closed","ping_status":"closed","template":"","meta":{"footnotes":""},"class_list":["post-52","page","type-page","status-publish","hentry"],"_links":{"self":[{"href":"https:\/\/uenf.br\/posgraduacao\/clima-e-energia\/wp-json\/wp\/v2\/pages\/52","targetHints":{"allow":["GET"]}}],"collection":[{"href":"https:\/\/uenf.br\/posgraduacao\/clima-e-energia\/wp-json\/wp\/v2\/pages"}],"about":[{"href":"https:\/\/uenf.br\/posgraduacao\/clima-e-energia\/wp-json\/wp\/v2\/types\/page"}],"author":[{"embeddable":true,"href":"https:\/\/uenf.br\/posgraduacao\/clima-e-energia\/wp-json\/wp\/v2\/users\/65"}],"replies":[{"embeddable":true,"href":"https:\/\/uenf.br\/posgraduacao\/clima-e-energia\/wp-json\/wp\/v2\/comments?post=52"}],"version-history":[{"count":0,"href":"https:\/\/uenf.br\/posgraduacao\/clima-e-energia\/wp-json\/wp\/v2\/pages\/52\/revisions"}],"wp:attachment":[{"href":"https:\/\/uenf.br\/posgraduacao\/clima-e-energia\/wp-json\/wp\/v2\/media?parent=52"}],"curies":[{"name":"wp","href":"https:\/\/api.w.org\/{rel}","templated":true}]}}