{"id":58,"date":"2026-04-28T21:03:10","date_gmt":"2026-04-29T00:03:10","guid":{"rendered":"https:\/\/uenf.br\/posgraduacao\/clima-e-energia\/?page_id=58"},"modified":"2026-04-28T22:17:25","modified_gmt":"2026-04-29T01:17:25","slug":"formularios-e-requerimentos","status":"publish","type":"page","link":"https:\/\/uenf.br\/posgraduacao\/clima-e-energia\/formularios-e-requerimentos\/","title":{"rendered":"Formul\u00e1rios e Requerimentos"},"content":{"rendered":"\n<div class=\"wp-block-group is-vertical is-layout-flex wp-container-core-group-is-layout-8cf370e7 wp-block-group-is-layout-flex\">\n<h5 class=\"wp-block-heading\"><\/h5>\n\n\n\n<p><strong><a href=\"https:\/\/uenf.br\/posgraduacao\/clima-e-energia\/wp-content\/uploads\/sites\/29\/2026\/04\/Requerimento-Homologacao-de-Defesa-PPGCE-2026.docx\" data-type=\"attachment\" data-id=\"81\">REQUERIMENTO PARA HOMOLOGA\u00c7\u00c3O DE DEFESA<\/a><\/strong><\/p>\n\n\n\n<p><a href=\"https:\/\/uenf.br\/posgraduacao\/clima-e-energia\/wp-content\/uploads\/sites\/29\/2026\/04\/Requerimento-de-Prorrogacao-de-Prazo-de-Defesa.docx\" data-type=\"attachment\" data-id=\"94\"><strong>REQUERIMENTO DE PRORROGA\u00c7\u00c3O DE PRAZO DE DEFESA<\/strong><\/a><\/p>\n\n\n\n<p><strong><a href=\"https:\/\/uenf.br\/posgraduacao\/clima-e-energia\/wp-content\/uploads\/sites\/29\/2026\/04\/Requerimento-para-Mudanca-de-Orientadora-PPGCE-2026.docx\" data-type=\"attachment\" data-id=\"82\">REQUERIMENTO PARA MUDAN\u00c7A DE ORIENTADOR(A)<\/a><\/strong><\/p>\n\n\n\n<p><strong><a href=\"https:\/\/uenf.br\/posgraduacao\/clima-e-energia\/wp-content\/uploads\/sites\/29\/2026\/04\/Requerimento-para-Inclusao-de-Coorientadora-PPGCE-2026.docx\" data-type=\"attachment\" data-id=\"83\">REQUERIMENTO PARA INCLUS\u00c3O DE COORIENTADOR(A)<\/a><\/strong><\/p>\n<\/div>\n\n\n\n<p><\/p>\n","protected":false},"excerpt":{"rendered":"<p>REQUERIMENTO PARA HOMOLOGA\u00c7\u00c3O DE DEFESA REQUERIMENTO DE PRORROGA\u00c7\u00c3O DE PRAZO DE DEFESA REQUERIMENTO PARA MUDAN\u00c7A DE ORIENTADOR(A) REQUERIMENTO PARA INCLUS\u00c3O&#8230;<\/p>\n","protected":false},"author":65,"featured_media":0,"parent":0,"menu_order":8,"comment_status":"closed","ping_status":"closed","template":"","meta":{"footnotes":""},"class_list":["post-58","page","type-page","status-publish","hentry"],"_links":{"self":[{"href":"https:\/\/uenf.br\/posgraduacao\/clima-e-energia\/wp-json\/wp\/v2\/pages\/58","targetHints":{"allow":["GET"]}}],"collection":[{"href":"https:\/\/uenf.br\/posgraduacao\/clima-e-energia\/wp-json\/wp\/v2\/pages"}],"about":[{"href":"https:\/\/uenf.br\/posgraduacao\/clima-e-energia\/wp-json\/wp\/v2\/types\/page"}],"author":[{"embeddable":true,"href":"https:\/\/uenf.br\/posgraduacao\/clima-e-energia\/wp-json\/wp\/v2\/users\/65"}],"replies":[{"embeddable":true,"href":"https:\/\/uenf.br\/posgraduacao\/clima-e-energia\/wp-json\/wp\/v2\/comments?post=58"}],"version-history":[{"count":0,"href":"https:\/\/uenf.br\/posgraduacao\/clima-e-energia\/wp-json\/wp\/v2\/pages\/58\/revisions"}],"wp:attachment":[{"href":"https:\/\/uenf.br\/posgraduacao\/clima-e-energia\/wp-json\/wp\/v2\/media?parent=58"}],"curies":[{"name":"wp","href":"https:\/\/api.w.org\/{rel}","templated":true}]}}