{"id":60,"date":"2026-04-28T21:04:04","date_gmt":"2026-04-29T00:04:04","guid":{"rendered":"https:\/\/uenf.br\/posgraduacao\/clima-e-energia\/?page_id=60"},"modified":"2026-04-30T16:58:07","modified_gmt":"2026-04-30T19:58:07","slug":"regimentos-normas-e-resolucoes","status":"publish","type":"page","link":"https:\/\/uenf.br\/posgraduacao\/clima-e-energia\/regimentos-normas-e-resolucoes\/","title":{"rendered":"Regimento e Normas"},"content":{"rendered":"\n<div class=\"wp-block-group is-vertical is-layout-flex wp-container-core-group-is-layout-8cf370e7 wp-block-group-is-layout-flex\">\n<div class=\"wp-block-group is-vertical is-layout-flex wp-container-core-group-is-layout-0abfb586 wp-block-group-is-layout-flex\">\n<div class=\"wp-block-group is-vertical is-layout-flex wp-container-core-group-is-layout-8cf370e7 wp-block-group-is-layout-flex\">\n<p class=\"has-text-align-left\"><a href=\"https:\/\/uenf.br\/posgraduacao\/clima-e-energia\/wp-content\/uploads\/sites\/29\/2026\/04\/Normas-do-PPGCE_Dez2025.pdf\" data-type=\"link\" data-id=\"https:\/\/uenf.br\/posgraduacao\/clima-e-energia\/wp-content\/uploads\/sites\/29\/2026\/04\/Normas-do-PPGCE_Dez2025.pdf\"><\/a><strong><strong><a href=\"https:\/\/uenf.br\/posgraduacao\/normas-gerais-da-pos-graduacao-stricto-sensu\/\" data-type=\"link\" data-id=\"https:\/\/uenf.br\/posgraduacao\/normas-gerais-da-pos-graduacao-stricto-sensu\/\"><\/a><a href=\"https:\/\/uenf.br\/posgraduacao\/regimento-camara-de-pesquisa-e-pos-graduacao\/\"><strong>Regimento C\u00e2mara de Pesquisa e P\u00f3s-Gradua\u00e7\u00e3o<br><\/strong><\/a><\/strong><\/strong><a href=\"https:\/\/uenf.br\/posgraduacao\/clima-e-energia\/wp-content\/uploads\/sites\/29\/2026\/04\/Normas-do-PPGCE_Dez2025.pdf\" data-type=\"link\" data-id=\"https:\/\/uenf.br\/posgraduacao\/clima-e-energia\/wp-content\/uploads\/sites\/29\/2026\/04\/Normas-do-PPGCE_Dez2025.pdf\"><\/a><strong><strong><a href=\"https:\/\/uenf.br\/posgraduacao\/normas-gerais-da-pos-graduacao-stricto-sensu\/\" data-type=\"link\" data-id=\"https:\/\/uenf.br\/posgraduacao\/normas-gerais-da-pos-graduacao-stricto-sensu\/\">Normas Gerais da P\u00f3s-Gradua\u00e7\u00e3o Stricto Sensu<\/a><\/strong><\/strong><\/p>\n\n\n\n<p class=\"has-text-align-left\"><a href=\"https:\/\/uenf.br\/posgraduacao\/clima-e-energia\/wp-content\/uploads\/sites\/29\/2026\/04\/Normas-do-PPGCE_Dez2025.pdf\" data-type=\"link\" data-id=\"https:\/\/uenf.br\/posgraduacao\/clima-e-energia\/wp-content\/uploads\/sites\/29\/2026\/04\/Normas-do-PPGCE_Dez2025.pdf\"><strong>Normas do Programa de P\u00f3s-Gradua\u00e7\u00e3o em Clima e Energia<br><\/strong><\/a><\/p>\n<\/div>\n<\/div>\n<\/div>\n\n\n\n<p><\/p>\n","protected":false},"excerpt":{"rendered":"<p>Regimento C\u00e2mara de Pesquisa e P\u00f3s-Gradua\u00e7\u00e3oNormas Gerais da P\u00f3s-Gradua\u00e7\u00e3o Stricto Sensu Normas do Programa de P\u00f3s-Gradua\u00e7\u00e3o em Clima e Energia<\/p>\n","protected":false},"author":65,"featured_media":0,"parent":0,"menu_order":9,"comment_status":"closed","ping_status":"closed","template":"","meta":{"footnotes":""},"class_list":["post-60","page","type-page","status-publish","hentry"],"_links":{"self":[{"href":"https:\/\/uenf.br\/posgraduacao\/clima-e-energia\/wp-json\/wp\/v2\/pages\/60","targetHints":{"allow":["GET"]}}],"collection":[{"href":"https:\/\/uenf.br\/posgraduacao\/clima-e-energia\/wp-json\/wp\/v2\/pages"}],"about":[{"href":"https:\/\/uenf.br\/posgraduacao\/clima-e-energia\/wp-json\/wp\/v2\/types\/page"}],"author":[{"embeddable":true,"href":"https:\/\/uenf.br\/posgraduacao\/clima-e-energia\/wp-json\/wp\/v2\/users\/65"}],"replies":[{"embeddable":true,"href":"https:\/\/uenf.br\/posgraduacao\/clima-e-energia\/wp-json\/wp\/v2\/comments?post=60"}],"version-history":[{"count":0,"href":"https:\/\/uenf.br\/posgraduacao\/clima-e-energia\/wp-json\/wp\/v2\/pages\/60\/revisions"}],"wp:attachment":[{"href":"https:\/\/uenf.br\/posgraduacao\/clima-e-energia\/wp-json\/wp\/v2\/media?parent=60"}],"curies":[{"name":"wp","href":"https:\/\/api.w.org\/{rel}","templated":true}]}}