{"id":1061,"date":"2015-09-16T13:21:40","date_gmt":"2015-09-16T13:21:40","guid":{"rendered":"http:\/\/uenf.br\/posgraduacao\/engenharia-civil\/?page_id=1061"},"modified":"2015-09-16T14:04:06","modified_gmt":"2015-09-16T14:04:06","slug":"dissertacoes-de-mestrado-2013-victor-alonso-vasquez-lugo","status":"publish","type":"page","link":"https:\/\/uenf.br\/posgraduacao\/engenharia-civil\/en\/dissertacoes-de-mestrado-2013-victor-alonso-vasquez-lugo\/","title":{"rendered":"Disserta\u00e7\u00f5es de Mestrado 2013 &#8211; V\u00cdCTOR ALONSO V\u00c1SQUEZ LUGO"},"content":{"rendered":"<p><strong>Resumo<\/strong><\/p>\n<p style=\"text-align: justify\">A t\u00e9cnica fotogrametria digital de curta dist\u00e2ncia (CRDP) \u00e9 utilizada como uma\u00a0ferramenta para a medi\u00e7\u00e3o de deslocamentos produzidos na superf\u00edcie do maci\u00e7o\u00a0rochoso, com a inten\u00e7\u00e3o de medir tens\u00f5es in-situ e m\u00f3dulo de deformabilidade do\u00a0maci\u00e7o.<\/p>\n<p style=\"text-align: justify\">O m\u00e9todo de Galybin consiste em induzir e registrar deslocamentos na superf\u00edcie\u00a0do maci\u00e7o, causados pela perfura\u00e7\u00e3o de um furo cil\u00edndrico e posteriormente pela\u00a0pressuriza\u00e7\u00e3o dele mesmo. A teoria de elasticidade, sob condi\u00e7\u00f5es de estado plano de\u00a0deforma\u00e7\u00f5es \u00e9 valida em muitos projetos de engenharia, e foi aplicada neste estudo.<br \/>\nPara a correta interpreta\u00e7\u00e3o das medi\u00e7\u00f5es em campo, foi necess\u00e1rio realizar uma\u00a0simula\u00e7\u00e3o num\u00e9rica de uma perfura\u00e7\u00e3o de 6 cm de di\u00e2metro e 45 cm de comprimento,\u00a0cujos deslocamentos foram utilizados para um retro-an\u00e1lise. Isto ajudou a identificar as\u00a0melhores zonas de registro dos deslocamentos na superf\u00edcie do maci\u00e7o para o c\u00e1lculo\u00a0de tens\u00f5es.<\/p>\n<p style=\"text-align: justify\">Realizaram-se ensaios em laborat\u00f3rio com a c\u00e2mera digital, para avaliar a\u00a0capacidade de medi\u00e7\u00e3o, ou seja, conhecer o erro cometido ao medir dist\u00e2ncias muito\u00a0pequenas; e tamb\u00e9m para estabelecer a melhor maneira de processamento das\u00a0fotografias digitais dentro do programa PhotoModeler.<\/p>\n<p style=\"text-align: justify\">Por \u00faltimo, foi conduzido um programa experimental em campo num maci\u00e7o de\u00a0granito duro, localizado no Morro de Itaoca, realizando-se tr\u00eas campanhas de ensaios\u00a0que totalizaram 5 perfura\u00e7\u00f5es, aonde se aplicou o m\u00e9todo e nova t\u00e9cnica de medi\u00e7\u00e3o.<\/p>\n<p style=\"text-align: justify\">Portanto, a pesquisa apresenta as ferramentas, an\u00e1lise, crit\u00e9rios e resultados da\u00a0incorpora\u00e7\u00e3o da t\u00e9cnica CRDP para a medi\u00e7\u00e3o de deslocamentos na superf\u00edcie do\u00a0maci\u00e7o, que permitam determinar as tens\u00f5es in-situ e o m\u00f3dulo de deformabilidade do\u00a0maci\u00e7o. Assim a utiliza\u00e7\u00e3o do CRDP em lugar dos dispositivos fixos que normalmente\u00a0se usam, tal como strain gage ou LVDT, resulta para o usu\u00e1rio uma pr\u00e1tica r\u00e1pida,\u00a0din\u00e2mica e livre de poss\u00edveis fatores de perturba\u00e7\u00e3o, como vibra\u00e7\u00f5es, poeira e \u00e1gua.<\/p>\n<p style=\"text-align: right\"><a href=\"http:\/\/uenf.br\/posgraduacao\/engenharia-civil\/wp-content\/uploads\/sites\/3\/2015\/09\/V\u00cdCTOR-ALONSO-V\u00c1SQUEZ-LUGO.compressed.pdf\">Download aqui.<\/a><\/p>\n","protected":false},"excerpt":{"rendered":"<p>Resumo A t\u00e9cnica fotogrametria digital de curta dist\u00e2ncia (CRDP) \u00e9 utilizada como uma\u00a0ferramenta para a medi\u00e7\u00e3o de deslocamentos produzidos na&#8230;<\/p>\n","protected":false},"author":8,"featured_media":0,"parent":0,"menu_order":0,"comment_status":"closed","ping_status":"closed","template":"","meta":{"footnotes":""},"class_list":["post-1061","page","type-page","status-publish","hentry"],"_links":{"self":[{"href":"https:\/\/uenf.br\/posgraduacao\/engenharia-civil\/en\/wp-json\/wp\/v2\/pages\/1061","targetHints":{"allow":["GET"]}}],"collection":[{"href":"https:\/\/uenf.br\/posgraduacao\/engenharia-civil\/en\/wp-json\/wp\/v2\/pages"}],"about":[{"href":"https:\/\/uenf.br\/posgraduacao\/engenharia-civil\/en\/wp-json\/wp\/v2\/types\/page"}],"author":[{"embeddable":true,"href":"https:\/\/uenf.br\/posgraduacao\/engenharia-civil\/en\/wp-json\/wp\/v2\/users\/8"}],"replies":[{"embeddable":true,"href":"https:\/\/uenf.br\/posgraduacao\/engenharia-civil\/en\/wp-json\/wp\/v2\/comments?post=1061"}],"version-history":[{"count":0,"href":"https:\/\/uenf.br\/posgraduacao\/engenharia-civil\/en\/wp-json\/wp\/v2\/pages\/1061\/revisions"}],"wp:attachment":[{"href":"https:\/\/uenf.br\/posgraduacao\/engenharia-civil\/en\/wp-json\/wp\/v2\/media?parent=1061"}],"curies":[{"name":"wp","href":"https:\/\/api.w.org\/{rel}","templated":true}]}}